{"id":11745,"date":"2024-03-07T17:03:00","date_gmt":"2024-03-07T16:03:00","guid":{"rendered":"https:\/\/luxinternational.com\/product\/odkurzacz-parowy-ecolux-neo\/"},"modified":"2025-06-26T11:13:54","modified_gmt":"2025-06-26T09:13:54","slug":"odkurzacz-parowy-ecolux-neo","status":"publish","type":"product","link":"https:\/\/luxinternational.com\/pl\/product\/odkurzacz-parowy-ecolux-neo\/","title":{"rendered":"Odkurzacz parowy Ecolux Neo"},"content":{"rendered":"<p><div class=\"fusion-fullwidth fullwidth-box fusion-builder-row-1 fusion-flex-container has-pattern-background has-mask-background nonhundred-percent-fullwidth non-hundred-percent-height-scrolling\" style=\"--awb-border-radius-top-left:0px;--awb-border-radius-top-right:0px;--awb-border-radius-bottom-right:0px;--awb-border-radius-bottom-left:0px;--awb-padding-right:0px;--awb-padding-left:0px;--awb-margin-top:30px;--awb-margin-top-medium:15px;--awb-flex-wrap:wrap;\" id=\"product-tabs\" ><div class=\"fusion-builder-row fusion-row fusion-flex-align-items-flex-start fusion-flex-content-wrap\" style=\"max-width:1372.8px;margin-left: calc(-4% \/ 2 );margin-right: calc(-4% \/ 2 );\"><div class=\"fusion-layout-column fusion_builder_column fusion-builder-column-0 fusion_builder_column_1_1 1_1 fusion-flex-column\" style=\"--awb-bg-size:cover;--awb-width-large:100%;--awb-margin-top-large:0px;--awb-spacing-right-large:1.92%;--awb-margin-bottom-large:20px;--awb-spacing-left-large:1.92%;--awb-width-medium:100%;--awb-order-medium:0;--awb-spacing-right-medium:1.92%;--awb-spacing-left-medium:1.92%;--awb-width-small:100%;--awb-order-small:0;--awb-spacing-right-small:1.92%;--awb-spacing-left-small:1.92%;\"><div class=\"fusion-column-wrapper fusion-column-has-shadow fusion-flex-justify-content-flex-start fusion-content-layout-column\"><div class=\"fusion-image-carousel fusion-image-carousel-fixed fusion-image-carousel-1 lightbox-enabled fusion-carousel-border\"><div class=\"awb-carousel awb-swiper awb-swiper-carousel awb-carousel--carousel awb-swiper-dots-position-bottom\" data-layout=\"carousel\" data-autoplay=\"no\" data-autoplayspeed=\"2500\" data-autoplaypause=\"no\" data-columns=\"5\" data-columnsmedium=\"1\" data-columnssmall=\"1\" data-itemmargin=\"10\" data-itemwidth=\"180\" data-touchscroll=\"no\" data-freemode=\"no\" data-imagesize=\"fixed\" data-scrollitems=\"0\" data-centeredslides=\"no\" data-rotationangle=\"50\" data-depth=\"100\" data-speed=\"500\" data-shadow=\"no\" data-pagination=\"bullets\" style=\"--awb-column-spacing:10px;--awb-border-width:1px;--awb-border-color:#e9eaee;\"><div class=\"swiper-wrapper awb-image-carousel-wrapper fusion-flex-align-items-center\"><div class=\"swiper-slide\"><div class=\"fusion-carousel-item-wrapper\"><div class=\"fusion-image-wrapper hover-type-none\"><a data-rel=\"iLightbox[image_carousel_1]\" data-title=\"95_pic2_o\" aria-label=\"95_pic2_o\" href=\"https:\/\/luxinternational.com\/wp-content\/uploads\/2024\/04\/95_pic2_o.png\" target=\"_self\"><img decoding=\"async\" width=\"320\" height=\"202\" src=\"data:image\/svg+xml,%3Csvg%20xmlns%3D%27http%3A%2F%2Fwww.w3.org%2F2000%2Fsvg%27%20width%3D%271007%27%20height%3D%27768%27%20viewBox%3D%270%200%201007%20768%27%3E%3Crect%20width%3D%271007%27%20height%3D%27768%27%20fill-opacity%3D%220%22%2F%3E%3C%2Fsvg%3E\" class=\"attachment-blog-medium size-blog-medium lazyload\" alt=\"\" data-orig-src=\"https:\/\/luxinternational.com\/wp-content\/uploads\/2024\/04\/95_pic2_o-320x202.png\" \/><\/a><\/div><\/div><\/div><div class=\"swiper-slide\"><div class=\"fusion-carousel-item-wrapper\"><div class=\"fusion-image-wrapper hover-type-none\"><a data-rel=\"iLightbox[image_carousel_1]\" data-title=\"95_pic3_o\" aria-label=\"95_pic3_o\" href=\"https:\/\/luxinternational.com\/wp-content\/uploads\/2024\/04\/95_pic3_o.jpeg\" target=\"_self\"><img decoding=\"async\" width=\"320\" height=\"202\" src=\"data:image\/svg+xml,%3Csvg%20xmlns%3D%27http%3A%2F%2Fwww.w3.org%2F2000%2Fsvg%27%20width%3D%271024%27%20height%3D%27632%27%20viewBox%3D%270%200%201024%20632%27%3E%3Crect%20width%3D%271024%27%20height%3D%27632%27%20fill-opacity%3D%220%22%2F%3E%3C%2Fsvg%3E\" class=\"attachment-blog-medium size-blog-medium lazyload\" alt=\"\" data-orig-src=\"https:\/\/luxinternational.com\/wp-content\/uploads\/2024\/04\/95_pic3_o-320x202.jpeg\" \/><\/a><\/div><\/div><\/div><div class=\"swiper-slide\"><div class=\"fusion-carousel-item-wrapper\"><div class=\"fusion-image-wrapper hover-type-none\"><a data-rel=\"iLightbox[image_carousel_1]\" data-title=\"95_pic4_o\" aria-label=\"95_pic4_o\" href=\"https:\/\/luxinternational.com\/wp-content\/uploads\/2024\/04\/95_pic4_o.jpeg\" target=\"_self\"><img decoding=\"async\" width=\"320\" height=\"202\" src=\"data:image\/svg+xml,%3Csvg%20xmlns%3D%27http%3A%2F%2Fwww.w3.org%2F2000%2Fsvg%27%20width%3D%271280%27%20height%3D%271920%27%20viewBox%3D%270%200%201280%201920%27%3E%3Crect%20width%3D%271280%27%20height%3D%271920%27%20fill-opacity%3D%220%22%2F%3E%3C%2Fsvg%3E\" class=\"attachment-blog-medium size-blog-medium lazyload\" alt=\"\" data-orig-src=\"https:\/\/luxinternational.com\/wp-content\/uploads\/2024\/04\/95_pic4_o-320x202.jpeg\" \/><\/a><\/div><\/div><\/div><div class=\"swiper-slide\"><div class=\"fusion-carousel-item-wrapper\"><div class=\"fusion-image-wrapper hover-type-none\"><a data-rel=\"iLightbox[image_carousel_1]\" data-title=\"95_pic6_o\" aria-label=\"95_pic6_o\" href=\"https:\/\/luxinternational.com\/wp-content\/uploads\/2024\/04\/95_pic6_o.jpeg\" target=\"_self\"><img decoding=\"async\" width=\"320\" height=\"202\" src=\"data:image\/svg+xml,%3Csvg%20xmlns%3D%27http%3A%2F%2Fwww.w3.org%2F2000%2Fsvg%27%20width%3D%271920%27%20height%3D%271251%27%20viewBox%3D%270%200%201920%201251%27%3E%3Crect%20width%3D%271920%27%20height%3D%271251%27%20fill-opacity%3D%220%22%2F%3E%3C%2Fsvg%3E\" class=\"attachment-blog-medium size-blog-medium lazyload\" alt=\"\" data-orig-src=\"https:\/\/luxinternational.com\/wp-content\/uploads\/2024\/04\/95_pic6_o-320x202.jpeg\" \/><\/a><\/div><\/div><\/div><div class=\"swiper-slide\"><div class=\"fusion-carousel-item-wrapper\"><div class=\"fusion-image-wrapper hover-type-none\"><a data-rel=\"iLightbox[image_carousel_1]\" data-title=\"95_pic7_o\" aria-label=\"95_pic7_o\" href=\"https:\/\/luxinternational.com\/wp-content\/uploads\/2024\/04\/95_pic7_o.jpeg\" target=\"_self\"><img decoding=\"async\" width=\"320\" height=\"202\" src=\"data:image\/svg+xml,%3Csvg%20xmlns%3D%27http%3A%2F%2Fwww.w3.org%2F2000%2Fsvg%27%20width%3D%271920%27%20height%3D%271280%27%20viewBox%3D%270%200%201920%201280%27%3E%3Crect%20width%3D%271920%27%20height%3D%271280%27%20fill-opacity%3D%220%22%2F%3E%3C%2Fsvg%3E\" class=\"attachment-blog-medium size-blog-medium lazyload\" alt=\"\" data-orig-src=\"https:\/\/luxinternational.com\/wp-content\/uploads\/2024\/04\/95_pic7_o-320x202.jpeg\" \/><\/a><\/div><\/div><\/div><div class=\"swiper-slide\"><div class=\"fusion-carousel-item-wrapper\"><div class=\"fusion-image-wrapper hover-type-none\"><a data-rel=\"iLightbox[image_carousel_1]\" data-title=\"95_pic10_o\" aria-label=\"95_pic10_o\" href=\"https:\/\/luxinternational.com\/wp-content\/uploads\/2024\/04\/95_pic10_o.jpeg\" target=\"_self\"><img decoding=\"async\" width=\"320\" height=\"202\" src=\"data:image\/svg+xml,%3Csvg%20xmlns%3D%27http%3A%2F%2Fwww.w3.org%2F2000%2Fsvg%27%20width%3D%271920%27%20height%3D%271286%27%20viewBox%3D%270%200%201920%201286%27%3E%3Crect%20width%3D%271920%27%20height%3D%271286%27%20fill-opacity%3D%220%22%2F%3E%3C%2Fsvg%3E\" class=\"attachment-blog-medium size-blog-medium lazyload\" alt=\"\" data-orig-src=\"https:\/\/luxinternational.com\/wp-content\/uploads\/2024\/04\/95_pic10_o-320x202.jpeg\" \/><\/a><\/div><\/div><\/div><div class=\"swiper-slide\"><div class=\"fusion-carousel-item-wrapper\"><div class=\"fusion-image-wrapper hover-type-none\"><a data-rel=\"iLightbox[image_carousel_1]\" data-title=\"95_pic11_o\" aria-label=\"95_pic11_o\" href=\"https:\/\/luxinternational.com\/wp-content\/uploads\/2024\/04\/95_pic11_o.jpeg\" target=\"_self\"><img decoding=\"async\" width=\"320\" height=\"202\" src=\"data:image\/svg+xml,%3Csvg%20xmlns%3D%27http%3A%2F%2Fwww.w3.org%2F2000%2Fsvg%27%20width%3D%271920%27%20height%3D%271280%27%20viewBox%3D%270%200%201920%201280%27%3E%3Crect%20width%3D%271920%27%20height%3D%271280%27%20fill-opacity%3D%220%22%2F%3E%3C%2Fsvg%3E\" class=\"attachment-blog-medium size-blog-medium lazyload\" alt=\"\" data-orig-src=\"https:\/\/luxinternational.com\/wp-content\/uploads\/2024\/04\/95_pic11_o-320x202.jpeg\" \/><\/a><\/div><\/div><\/div><div class=\"swiper-slide\"><div class=\"fusion-carousel-item-wrapper\"><div class=\"fusion-image-wrapper hover-type-none\"><a data-rel=\"iLightbox[image_carousel_1]\" data-title=\"95_pic14_o\" aria-label=\"95_pic14_o\" href=\"https:\/\/luxinternational.com\/wp-content\/uploads\/2024\/04\/95_pic14_o.jpeg\" target=\"_self\"><img decoding=\"async\" width=\"320\" height=\"202\" src=\"data:image\/svg+xml,%3Csvg%20xmlns%3D%27http%3A%2F%2Fwww.w3.org%2F2000%2Fsvg%27%20width%3D%271920%27%20height%3D%271280%27%20viewBox%3D%270%200%201920%201280%27%3E%3Crect%20width%3D%271920%27%20height%3D%271280%27%20fill-opacity%3D%220%22%2F%3E%3C%2Fsvg%3E\" class=\"attachment-blog-medium size-blog-medium lazyload\" alt=\"\" data-orig-src=\"https:\/\/luxinternational.com\/wp-content\/uploads\/2024\/04\/95_pic14_o-320x202.jpeg\" \/><\/a><\/div><\/div><\/div><\/div><div class=\"awb-swiper-button awb-swiper-button-prev\"><i class=\"awb-icon-angle-left\" aria-hidden=\"true\"><\/i><\/div><div class=\"awb-swiper-button awb-swiper-button-next\"><i class=\"awb-icon-angle-right\" aria-hidden=\"true\"><\/i><\/div><\/div><\/div><\/div><\/div><div class=\"fusion-layout-column fusion_builder_column fusion-builder-column-1 fusion_builder_column_1_1 1_1 fusion-flex-column\" style=\"--awb-bg-size:cover;--awb-width-large:100%;--awb-margin-top-large:0px;--awb-spacing-right-large:1.92%;--awb-margin-bottom-large:70px;--awb-spacing-left-large:1.92%;--awb-width-medium:100%;--awb-order-medium:0;--awb-spacing-right-medium:1.92%;--awb-spacing-left-medium:1.92%;--awb-width-small:100%;--awb-order-small:0;--awb-spacing-right-small:1.92%;--awb-spacing-left-small:1.92%;\" data-scroll-devices=\"small-visibility,medium-visibility,large-visibility\"><div class=\"fusion-column-wrapper fusion-column-has-shadow fusion-flex-justify-content-flex-start fusion-content-layout-column\"><div class=\"fusion-video fusion-youtube\" style=\"--awb-max-width:600px;--awb-max-height:360px;--awb-align-self:center;--awb-width:100%;\"><div class=\"video-shortcode\"><div class=\"fluid-width-video-wrapper\" style=\"padding-top:60%;\" > <div class=\"brlbs-cmpnt-container brlbs-cmpnt-content-blocker brlbs-cmpnt-with-individual-styles\" data-borlabs-cookie-content-blocker-id=\"youtube-content-blocker\" data-borlabs-cookie-content=\"PGlmcmFtZSB0aXRsZT0iWW91VHViZSB2aWRlbyBwbGF5ZXIgMSIgc3JjPSJodHRwczovL3d3dy55b3V0dWJlLW5vY29va2llLmNvbS9lbWJlZC9sZ1NJVllmQnlvTT93bW9kZT10cmFuc3BhcmVudCZhdXRvcGxheT0wIiB3aWR0aD0iNjAwIiBoZWlnaHQ9IjM2MCIgYWxsb3dmdWxsc2NyZWVuIGFsbG93PSJhdXRvcGxheTsgY2xpcGJvYXJkLXdyaXRlOyBlbmNyeXB0ZWQtbWVkaWE7IGd5cm9zY29wZTsgcGljdHVyZS1pbi1waWN0dXJlOyI+PC9pZnJhbWU+PHNjcmlwdCBkYXRhLWJvcmxhYnMtY29va2llLXNjcmlwdC1ibG9ja2VyLWlnbm9yZT4KKGZ1bmN0aW9uKCkgewogICAgY29uc3QgZnVzaW9uVmlkZW8gPSBkb2N1bWVudC5jdXJyZW50U2NyaXB0LmNsb3Nlc3QoJy5mdXNpb24tdmlkZW8nKTsKICAgIGlmICghZnVzaW9uVmlkZW8gfHwgdHlwZW9mIGpRdWVyeSA9PT0gJ3VuZGVmaW5lZCcpIHsKICAgICAgICByZXR1cm47CiAgICB9CiAgICAhalF1ZXJ5KGZ1c2lvblZpZGVvKS5wYXJlbnRzKCIuZnVzaW9uLW1vZGFsIikubGVuZ3RoICYmIDEgPT0galF1ZXJ5KGZ1c2lvblZpZGVvKS5kYXRhKCJhdXRvcGxheSIpICYmIGpRdWVyeShmdXNpb25WaWRlbykuaXMoIjp2aXNpYmxlIikgJiYgalF1ZXJ5KGZ1c2lvblZpZGVvKS5maW5kKCJpZnJhbWUiKS5lYWNoKChmdW5jdGlvbiAoKSB7CiAgICAgIGpRdWVyeSh0aGlzKS5oYXNDbGFzcygibGF6eWxvYWQiKSA\/IGpRdWVyeSh0aGlzKS5vbigibGF6eWxvYWRlZCIsIChmdW5jdGlvbiAoKSB7CiAgICAgICAgdGhpcy5jb250ZW50V2luZG93LmxvY2F0aW9uLnJlcGxhY2UoalF1ZXJ5KHRoaXMpLmF0dHIoImRhdGEtb3JpZy1zcmMiKS5yZXBsYWNlKCJhdXRvcGxheT0wIiwgImF1dG9wbGF5PTEiKSkKICAgICAgfSkpIDogalF1ZXJ5KHRoaXMpLmF0dHIoInNyYyIsIGpRdWVyeSh0aGlzKS5hdHRyKCJzcmMiKS5yZXBsYWNlKCJhdXRvcGxheT0wIiwgImF1dG9wbGF5PTEiKSkKICAgIH0pKQp9KSgpOwo8L3NjcmlwdD4=\"><div class=\"brlbs-cmpnt-cb-preset-c brlbs-cmpnt-cb-youtube\"> <div class=\"brlbs-cmpnt-cb-thumbnail\" style=\"background-image: url('https:\/\/luxinternational.com\/wp-content\/uploads\/borlabs-cookie\/1\/yt_lgSIVYfByoM_hqdefault.jpg')\"><\/div> <div class=\"brlbs-cmpnt-cb-main\"> <div class=\"brlbs-cmpnt-cb-play-button\"><\/div> <div class=\"brlbs-cmpnt-cb-content\"> <p class=\"brlbs-cmpnt-cb-description\">Aktualnie wy\u015bwietlana jest tre\u015b\u0107 zast\u0119pcza z <strong>YouTube<\/strong>. Aby uzyska\u0107 dost\u0119p do rzeczywistej tre\u015bci, kliknij poni\u017cszy przycisk. Pami\u0119taj, \u017ce spowoduje to udost\u0119pnienie danych zewn\u0119trznym operatorom.<\/p> <a class=\"brlbs-cmpnt-cb-provider-toggle\" href=\"#\" data-borlabs-cookie-show-provider-information role=\"button\">Wi\u0119cej informacji<\/a> <\/div> <div class=\"brlbs-cmpnt-cb-buttons\"> <a class=\"brlbs-cmpnt-cb-btn\" href=\"#\" data-borlabs-cookie-unblock role=\"button\">Odblokuj tre\u015b\u0107<\/a> <a class=\"brlbs-cmpnt-cb-btn\" href=\"#\" data-borlabs-cookie-accept-service role=\"button\" style=\"display: none\">Zaakceptuj wymagan\u0105 us\u0142ug\u0119 i odblokuj tre\u015bci<\/a> <\/div> <\/div> <\/div><\/div><\/div><\/div><\/div><\/div><\/div><div class=\"fusion-layout-column fusion_builder_column fusion-builder-column-2 fusion_builder_column_1_1 1_1 fusion-flex-column\" style=\"--awb-bg-size:cover;--awb-width-large:100%;--awb-margin-top-large:0px;--awb-spacing-right-large:1.92%;--awb-margin-bottom-large:20px;--awb-spacing-left-large:1.92%;--awb-width-medium:100%;--awb-order-medium:0;--awb-spacing-right-medium:1.92%;--awb-spacing-left-medium:1.92%;--awb-width-small:100%;--awb-order-small:0;--awb-spacing-right-small:1.92%;--awb-spacing-left-small:1.92%;\" data-scroll-devices=\"small-visibility,medium-visibility,large-visibility\"><div class=\"fusion-column-wrapper fusion-column-has-shadow fusion-flex-justify-content-flex-start fusion-content-layout-column\"><div class=\"fusion-tabs fusion-tabs-1 classic nav-is-justified horizontal-tabs icon-position-left mobile-mode-accordion\" style=\"--awb-title-border-radius-top-left:0px;--awb-title-border-radius-top-right:0px;--awb-title-border-radius-bottom-right:0px;--awb-title-border-radius-bottom-left:0px;--awb-alignment:start;--awb-inactive-color:var(--awb-custom_color_6);--awb-background-color:var(--awb-color1);--awb-border-color:var(--awb-custom_color_6);--awb-active-border-color:var(--awb-color5);\"><div class=\"nav\"><ul class=\"nav-tabs nav-justified\" role=\"tablist\"><li class=\"active\" role=\"presentation\"><a class=\"tab-link\" data-toggle=\"tab\" role=\"tab\" aria-controls=\"tab-6624b8e3cfa54bc7e94\" aria-selected=\"true\" id=\"fusion-tab-specyfikacja\" href=\"#tab-6624b8e3cfa54bc7e94\"><h4 class=\"fusion-tab-heading\">Specyfikacja<\/h4><\/a><\/li><li role=\"presentation\"><a class=\"tab-link\" data-toggle=\"tab\" role=\"tab\" aria-controls=\"tab-4e4465c31254699ed70\" aria-selected=\"false\" tabindex=\"-1\" id=\"fusion-tab-cechy\" href=\"#tab-4e4465c31254699ed70\"><h4 class=\"fusion-tab-heading\">Cechy<\/h4><\/a><\/li><li role=\"presentation\"><a class=\"tab-link\" data-toggle=\"tab\" role=\"tab\" aria-controls=\"tab-e0bd247c931146f5f96\" aria-selected=\"false\" tabindex=\"-1\" id=\"fusion-tab-certyfikatyinagrody\" href=\"#tab-e0bd247c931146f5f96\"><h4 class=\"fusion-tab-heading\">Certyfikaty i nagrody<\/h4><\/a><\/li><li role=\"presentation\"><a class=\"tab-link\" data-toggle=\"tab\" role=\"tab\" aria-controls=\"tab-596d3f4a6acdc82f1a3\" aria-selected=\"false\" tabindex=\"-1\" id=\"fusion-tab-wsparcie\" href=\"#tab-596d3f4a6acdc82f1a3\"><h4 class=\"fusion-tab-heading\">Wsparcie<\/h4><\/a><\/li><\/ul><\/div><div class=\"tab-content\"><div class=\"nav fusion-mobile-tab-nav\"><ul class=\"nav-tabs nav-justified\" role=\"tablist\"><li class=\"active\" role=\"presentation\"><a class=\"tab-link\" data-toggle=\"tab\" role=\"tab\" aria-controls=\"tab-6624b8e3cfa54bc7e94\" aria-selected=\"true\" id=\"mobile-fusion-tab-specyfikacja\" href=\"#tab-6624b8e3cfa54bc7e94\"><h4 class=\"fusion-tab-heading\">Specyfikacja<\/h4><\/a><\/li><\/ul><\/div><div class=\"tab-pane fade fusion-clearfix in active\" role=\"tabpanel\" tabindex=\"0\" aria-labelledby=\"fusion-tab-specyfikacja\" id=\"tab-6624b8e3cfa54bc7e94\">\n<table>\n<tbody>\n<tr>\n<td>Poziomy pary<\/td>\n<td>3<\/td>\n<\/tr>\n<tr>\n<td>Maksymalna moc grzewcza<\/td>\n<td>2200 W<\/td>\n<\/tr>\n<tr>\n<td>U\u017cyteczna pojemno\u015b\u0107 bojlera<\/td>\n<td>1,2 l<\/td>\n<\/tr>\n<tr>\n<td>Maksymalne ci\u015bnienie w bojlerze<\/td>\n<td>5 bar<\/td>\n<\/tr>\n<tr>\n<td>Materia\u0142 kot\u0142a<\/td>\n<td>Stal inox<\/td>\n<\/tr>\n<tr>\n<td>Akcesoria<\/td>\n<td>Rurki (2 sztuki)<\/td>\n<\/tr>\n<tr>\n<td><\/td>\n<td>W\u0105\u017c parowy<\/td>\n<\/tr>\n<tr>\n<td><\/td>\n<td>Dysza pod\u0142ogowa<\/td>\n<\/tr>\n<tr>\n<td><\/td>\n<td>Dysza diamentowa<\/td>\n<\/tr>\n<tr>\n<td><\/td>\n<td>Dysza spiczasta, prosta<\/td>\n<\/tr>\n<tr>\n<td><\/td>\n<td>Dysza spiczasta, zakrzywiona<\/td>\n<\/tr>\n<tr>\n<td><\/td>\n<td>Ma\u0142a szczotka nylonowa, prosta (2 szt.)<\/td>\n<\/tr>\n<tr>\n<td><\/td>\n<td>Ma\u0142a szczotka miedziana, prosta<\/td>\n<\/tr>\n<tr>\n<td><\/td>\n<td>Du\u017ca szczotka nylonowa<\/td>\n<\/tr>\n<tr>\n<td><\/td>\n<td>Du\u017ca szczotka z naturalnego w\u0142\u00f3kna<\/td>\n<\/tr>\n<tr>\n<td><\/td>\n<td>Nape\u0142nianie butelki<\/td>\n<\/tr>\n<tr>\n<td><\/td>\n<td>\u015arodek do czyszczenia dren\u00f3w<\/td>\n<\/tr>\n<tr>\n<td><\/td>\n<td>2 \u015bciereczki z mikrofibry do dyszy pod\u0142ogowej<\/td>\n<\/tr>\n<tr>\n<td><\/td>\n<td>2 \u015bciereczki z mikrofibry do dyszy diamentowej<\/td>\n<\/tr>\n<tr>\n<td>Wymiary jednostki g\u0142\u00f3wnej (wys. x szer. x g\u0142.)<\/td>\n<td>420 x 300 x 275 mm<\/td>\n<\/tr>\n<tr>\n<td>Waga przedmiotu<\/td>\n<td>5,4 kg<\/td>\n<\/tr>\n<tr>\n<td>Ilo\u015b\u0107 w opakowaniu<\/td>\n<td>1<\/td>\n<\/tr>\n<\/tbody>\n<\/table>\n<\/div><div class=\"nav fusion-mobile-tab-nav\"><ul class=\"nav-tabs nav-justified\" role=\"tablist\"><li role=\"presentation\"><a class=\"tab-link\" data-toggle=\"tab\" role=\"tab\" aria-controls=\"tab-4e4465c31254699ed70\" aria-selected=\"false\" tabindex=\"-1\" id=\"mobile-fusion-tab-cechy\" href=\"#tab-4e4465c31254699ed70\"><h4 class=\"fusion-tab-heading\">Cechy<\/h4><\/a><\/li><\/ul><\/div><div class=\"tab-pane fade fusion-clearfix\" role=\"tabpanel\" tabindex=\"0\" aria-labelledby=\"fusion-tab-cechy\" id=\"tab-4e4465c31254699ed70\"><strong>UNIKALNY HYBRYDOWY SYSTEM<\/strong> UZUPE\u0141NIANIA <strong>I SUCHA PARA<\/strong><br \/>\nNasz innowacyjny system uzupe\u0142niania umo\u017cliwia korzystanie z urz\u0105dzenia i dostarczanie suchej pary tak d\u0142ugo, jak chcesz, aby utrzyma\u0107 sw\u00f3j dom w pe\u0142ni higieniczny i czysty.<br \/>\nKorzy\u015bci p\u0142yn\u0105ce z suchej pary mo\u017cna zatem \u0142atwo zakwalifikowa\u0107 i okre\u015bli\u0107 ilo\u015bciowo.<\/p>\n<p><strong>SKUTECZNIE USUWA WIRUSY, BAKTERIE I PLE\u015a\u0143<\/strong><br \/>\nOdkurzacze parowe s\u0105 doskona\u0142ym rozwi\u0105zaniem dla dom\u00f3w z dzie\u0107mi i zwierz\u0119tami, kt\u00f3re mog\u0105 by\u0107 wra\u017cliwe na potencjalnie szkodliwe \u015brodki czyszcz\u0105ce. Ecolux Neo wymaga tylko wody, aby zapewni\u0107 dok\u0142adne czyszczenie, ograniczaj\u0105c potrzeb\u0119 stosowania toksycznych chemikali\u00f3w. <\/p>\n<p><strong>PRZETESTOWANE I CERTYFIKOWANE: BEZPIECZE\u0143STWO DLA TWOJEJ RODZINY<\/strong><br \/>\nEcolux Neo zosta\u0142 zaprojektowany z uwzgl\u0119dnieniem najnowszych standard\u00f3w bezpiecze\u0144stwa, aby chroni\u0107 Ci\u0119 w najlepszy mo\u017cliwy spos\u00f3b.<br \/>\nZ \u0142atwo\u015bci\u0105 usuwa r\u00f3wnie\u017c niebezpieczne mikroorgazmy. Spe\u0142niono wymagania testu Gui-Lab, kt\u00f3ry potwierdza wysok\u0105 skuteczno\u015b\u0107 czyszczenia przed bakteriami, ple\u015bni\u0105 i wirusami.<\/div><div class=\"nav fusion-mobile-tab-nav\"><ul class=\"nav-tabs nav-justified\" role=\"tablist\"><li role=\"presentation\"><a class=\"tab-link\" data-toggle=\"tab\" role=\"tab\" aria-controls=\"tab-e0bd247c931146f5f96\" aria-selected=\"false\" tabindex=\"-1\" id=\"mobile-fusion-tab-certyfikatyinagrody\" href=\"#tab-e0bd247c931146f5f96\"><h4 class=\"fusion-tab-heading\">Certyfikaty i nagrody<\/h4><\/a><\/li><\/ul><\/div><div class=\"tab-pane fade fusion-clearfix\" role=\"tabpanel\" tabindex=\"0\" aria-labelledby=\"fusion-tab-certyfikatyinagrody\" id=\"tab-e0bd247c931146f5f96\">\n<p><img decoding=\"async\" class=\"lazyload alignnone wp-image-4043 size-thumbnail\" src=\"data:image\/svg+xml,%3Csvg%20xmlns%3D%27http%3A%2F%2Fwww.w3.org%2F2000%2Fsvg%27%20width%3D%27150%27%20height%3D%27150%27%20viewBox%3D%270%200%20150%20150%27%3E%3Crect%20width%3D%27150%27%20height%3D%27150%27%20fill-opacity%3D%220%22%2F%3E%3C%2Fsvg%3E\" data-orig-src=\"https:\/\/luxinternational.com\/wp-content\/uploads\/2024\/03\/2073_pruefzeichen-mikroorganismen_560_en-150x150.jpg\" alt=\"\" width=\"150\" height=\"150\"><\/p>\n<p><strong>GUI TESTED HYGIENE<\/strong><br \/>\nSpe\u0142nione wymagania testu Gui-Lab. Potwierdza wysok\u0105 skuteczno\u015b\u0107 czyszczenia pod k\u0105tem bakterii, ple\u015bni, mikroorganizm\u00f3w i wirus\u00f3w.<\/p>\n<\/div><div class=\"nav fusion-mobile-tab-nav\"><ul class=\"nav-tabs nav-justified\" role=\"tablist\"><li role=\"presentation\"><a class=\"tab-link\" data-toggle=\"tab\" role=\"tab\" aria-controls=\"tab-596d3f4a6acdc82f1a3\" aria-selected=\"false\" tabindex=\"-1\" id=\"mobile-fusion-tab-wsparcie\" href=\"#tab-596d3f4a6acdc82f1a3\"><h4 class=\"fusion-tab-heading\">Wsparcie<\/h4><\/a><\/li><\/ul><\/div><div class=\"tab-pane fade fusion-clearfix\" role=\"tabpanel\" tabindex=\"0\" aria-labelledby=\"fusion-tab-wsparcie\" id=\"tab-596d3f4a6acdc82f1a3\"><a href=\"https:\/\/luxinternational.com\/wp-content\/uploads\/2024\/03\/en_ecolux_neo_manul_web.pdf\" target=\"_blank\" rel=\"noopener\">Instrukcja obs\u0142ugi produktu<\/a><br \/>\n<a href=\"https:\/\/luxinternational.com\/wp-content\/uploads\/2024\/03\/brochure_ecolux_neo_en_web.pdf\" target=\"_blank\" rel=\"noopener\">Broszura produktu<\/a><br \/>\n<a href=\"https:\/\/luxinternational.com\/wp-content\/uploads\/2024\/03\/2070_zertifikat-gui-lux-ecolux-neo-en-2020_04.pdf\" target=\"_blank\" rel=\"noopener\">Certyfikacja Gui<\/a><\/div><\/div><\/div><\/div><\/div><\/div><\/div><div class=\"fusion-fullwidth fullwidth-box fusion-builder-row-2 fusion-flex-container has-pattern-background has-mask-background nonhundred-percent-fullwidth non-hundred-percent-height-scrolling\" style=\"--awb-border-radius-top-left:0px;--awb-border-radius-top-right:0px;--awb-border-radius-bottom-right:0px;--awb-border-radius-bottom-left:0px;--awb-margin-top:0px;--awb-margin-bottom:70px;--awb-margin-top-medium:0px;--awb-margin-bottom-medium:50px;--awb-margin-top-small:0px;--awb-margin-bottom-small:15px;--awb-flex-wrap:wrap;\" ><div class=\"fusion-builder-row fusion-row fusion-flex-align-items-flex-start fusion-flex-content-wrap\" style=\"max-width:1372.8px;margin-left: calc(-4% \/ 2 );margin-right: calc(-4% \/ 2 );\"><div class=\"fusion-layout-column fusion_builder_column fusion-builder-column-3 fusion_builder_column_1_1 1_1 fusion-flex-column\" style=\"--awb-bg-size:cover;--awb-width-large:100%;--awb-margin-top-large:0px;--awb-spacing-right-large:1.92%;--awb-margin-bottom-large:0px;--awb-spacing-left-large:1.92%;--awb-width-medium:100%;--awb-order-medium:0;--awb-spacing-right-medium:1.92%;--awb-spacing-left-medium:1.92%;--awb-width-small:100%;--awb-order-small:0;--awb-spacing-right-small:1.92%;--awb-spacing-left-small:1.92%;\"><div class=\"fusion-column-wrapper fusion-column-has-shadow fusion-flex-justify-content-flex-start fusion-content-layout-column\"><div class=\"fusion-title title fusion-title-1 fusion-sep-none fusion-title-center fusion-title-text fusion-title-size-two\" style=\"--awb-text-color:var(--awb-custom_color_4);--awb-margin-top:0px;--awb-margin-bottom:60px;--awb-margin-top-small:0px;--awb-margin-right-small:0px;--awb-margin-bottom-small:40px;--awb-margin-left-small:0px;\"><h2 class=\"fusion-title-heading title-heading-center\" style=\"margin:0;text-transform:capitalize;\">akcesoria<\/h2><\/div><\/div><\/div><\/div><\/div><\/p>\n","protected":false},"excerpt":{"rendered":"","protected":false},"author":1,"featured_media":11747,"template":"","product-category":[148],"product-keyword":[],"class_list":["post-11745","product","type-product","status-publish","has-post-thumbnail","hentry","product-category-better-living"],"acf":[],"_links":{"self":[{"href":"https:\/\/luxinternational.com\/pl\/wp-json\/wp\/v2\/product\/11745","targetHints":{"allow":["GET"]}}],"collection":[{"href":"https:\/\/luxinternational.com\/pl\/wp-json\/wp\/v2\/product"}],"about":[{"href":"https:\/\/luxinternational.com\/pl\/wp-json\/wp\/v2\/types\/product"}],"author":[{"embeddable":true,"href":"https:\/\/luxinternational.com\/pl\/wp-json\/wp\/v2\/users\/1"}],"version-history":[{"count":10,"href":"https:\/\/luxinternational.com\/pl\/wp-json\/wp\/v2\/product\/11745\/revisions"}],"predecessor-version":[{"id":11825,"href":"https:\/\/luxinternational.com\/pl\/wp-json\/wp\/v2\/product\/11745\/revisions\/11825"}],"wp:featuredmedia":[{"embeddable":true,"href":"https:\/\/luxinternational.com\/pl\/wp-json\/wp\/v2\/media\/11747"}],"wp:attachment":[{"href":"https:\/\/luxinternational.com\/pl\/wp-json\/wp\/v2\/media?parent=11745"}],"wp:term":[{"taxonomy":"product-category","embeddable":true,"href":"https:\/\/luxinternational.com\/pl\/wp-json\/wp\/v2\/product-category?post=11745"},{"taxonomy":"product-keyword","embeddable":true,"href":"https:\/\/luxinternational.com\/pl\/wp-json\/wp\/v2\/product-keyword?post=11745"}],"curies":[{"name":"wp","href":"https:\/\/api.w.org\/{rel}","templated":true}]}}