{"id":11741,"date":"2024-03-26T19:42:42","date_gmt":"2024-03-26T18:42:42","guid":{"rendered":"https:\/\/luxinternational.com\/product\/poduszka-welity\/"},"modified":"2025-06-26T11:13:52","modified_gmt":"2025-06-26T09:13:52","slug":"poduszka-welity","status":"publish","type":"product","link":"https:\/\/luxinternational.com\/pl\/product\/poduszka-welity\/","title":{"rendered":"Poduszka Welity"},"content":{"rendered":"<div class=\"fusion-fullwidth fullwidth-box fusion-builder-row-1 fusion-flex-container has-pattern-background has-mask-background nonhundred-percent-fullwidth non-hundred-percent-height-scrolling\" style=\"--awb-border-radius-top-left:0px;--awb-border-radius-top-right:0px;--awb-border-radius-bottom-right:0px;--awb-border-radius-bottom-left:0px;--awb-padding-right:0px;--awb-padding-left:0px;--awb-margin-top:30px;--awb-margin-top-medium:15px;--awb-flex-wrap:wrap;\" id=\"product-tabs\" ><div class=\"fusion-builder-row fusion-row fusion-flex-align-items-flex-start fusion-flex-content-wrap\" style=\"max-width:1372.8px;margin-left: calc(-4% \/ 2 );margin-right: calc(-4% \/ 2 );\"><div class=\"fusion-layout-column fusion_builder_column fusion-builder-column-0 fusion_builder_column_1_1 1_1 fusion-flex-column\" style=\"--awb-bg-size:cover;--awb-width-large:100%;--awb-margin-top-large:0px;--awb-spacing-right-large:1.92%;--awb-margin-bottom-large:20px;--awb-spacing-left-large:1.92%;--awb-width-medium:100%;--awb-order-medium:0;--awb-spacing-right-medium:1.92%;--awb-spacing-left-medium:1.92%;--awb-width-small:100%;--awb-order-small:0;--awb-spacing-right-small:1.92%;--awb-spacing-left-small:1.92%;\" data-scroll-devices=\"small-visibility,medium-visibility,large-visibility\"><div class=\"fusion-column-wrapper fusion-column-has-shadow fusion-flex-justify-content-flex-start fusion-content-layout-column\"><div class=\"fusion-tabs fusion-tabs-1 classic nav-is-justified horizontal-tabs icon-position-left mobile-mode-accordion\" style=\"--awb-title-border-radius-top-left:0px;--awb-title-border-radius-top-right:0px;--awb-title-border-radius-bottom-right:0px;--awb-title-border-radius-bottom-left:0px;--awb-alignment:start;--awb-inactive-color:var(--awb-custom_color_6);--awb-background-color:var(--awb-color1);--awb-border-color:var(--awb-custom_color_6);--awb-active-border-color:var(--awb-color5);\"><div class=\"nav\"><ul class=\"nav-tabs nav-justified\" role=\"tablist\"><li class=\"active\" role=\"presentation\"><a class=\"tab-link\" data-toggle=\"tab\" role=\"tab\" aria-controls=\"tab-ac356671d71cdb0bf6e\" aria-selected=\"true\" id=\"fusion-tab-specyfikacja\" href=\"#tab-ac356671d71cdb0bf6e\"><h4 class=\"fusion-tab-heading\">Specyfikacja<\/h4><\/a><\/li><li role=\"presentation\"><a class=\"tab-link\" data-toggle=\"tab\" role=\"tab\" aria-controls=\"tab-ab0a956961a59952006\" aria-selected=\"false\" tabindex=\"-1\" id=\"fusion-tab-cechy\" href=\"#tab-ab0a956961a59952006\"><h4 class=\"fusion-tab-heading\">Cechy<\/h4><\/a><\/li><li role=\"presentation\"><a class=\"tab-link\" data-toggle=\"tab\" role=\"tab\" aria-controls=\"tab-6ea0f1fb7a295bf3405\" aria-selected=\"false\" tabindex=\"-1\" id=\"fusion-tab-certyfikatyinagrody\" href=\"#tab-6ea0f1fb7a295bf3405\"><h4 class=\"fusion-tab-heading\">Certyfikaty i nagrody<\/h4><\/a><\/li><li role=\"presentation\"><a class=\"tab-link\" data-toggle=\"tab\" role=\"tab\" aria-controls=\"tab-4e1fcc2d398f1e784fe\" aria-selected=\"false\" tabindex=\"-1\" id=\"fusion-tab-wsparcie\" href=\"#tab-4e1fcc2d398f1e784fe\"><h4 class=\"fusion-tab-heading\">Wsparcie<\/h4><\/a><\/li><\/ul><\/div><div class=\"tab-content\"><div class=\"nav fusion-mobile-tab-nav\"><ul class=\"nav-tabs nav-justified\" role=\"tablist\"><li class=\"active\" role=\"presentation\"><a class=\"tab-link\" data-toggle=\"tab\" role=\"tab\" aria-controls=\"tab-ac356671d71cdb0bf6e\" aria-selected=\"true\" id=\"mobile-fusion-tab-specyfikacja\" href=\"#tab-ac356671d71cdb0bf6e\"><h4 class=\"fusion-tab-heading\">Specyfikacja<\/h4><\/a><\/li><\/ul><\/div><div class=\"tab-pane fade fusion-clearfix in active\" role=\"tabpanel\" tabindex=\"0\" aria-labelledby=\"fusion-tab-specyfikacja\" id=\"tab-ac356671d71cdb0bf6e\">\n<table>\n<tbody>\n<tr>\n<td>Wymiary samej jednostki (wys. x g\u0142\u0119b.)<\/td>\n<td>610 x \u00d8 400 mm<\/td>\n<\/tr>\n<tr>\n<td>Waga<\/td>\n<td>11 kg<\/td>\n<\/tr>\n<tr>\n<td>Prze\u0142\u0105cznik zasilania<\/td>\n<td>Pokr\u0119t\u0142o<\/td>\n<\/tr>\n<tr>\n<td>Wy\u015bwietlacz<\/td>\n<td>Nie<\/td>\n<\/tr>\n<tr>\n<td>Obowi\u0105zuj\u0105ca powierzchnia<\/td>\n<td>65<sup>m2<\/sup><\/td>\n<\/tr>\n<tr>\n<td>CADR<\/td>\n<td>765<sup>m3\/h<\/sup><\/td>\n<\/tr>\n<tr>\n<td>Licznik cz\u0105stek<\/td>\n<td>Nie<\/td>\n<\/tr>\n<tr>\n<td>Tryb automatyczny<\/td>\n<td>Nie<\/td>\n<\/tr>\n<tr>\n<td>Timer wymiany filtra<\/td>\n<td>Nie<\/td>\n<\/tr>\n<tr>\n<td>UV-A LED<\/td>\n<td>Tak<\/td>\n<\/tr>\n<tr>\n<td>Ko\u0142a<\/td>\n<td>tylko jako akcesorium<\/td>\n<\/tr>\n<tr>\n<td>\u015aciereczka filtra wst\u0119pnego<\/td>\n<td>Czarny (szary i czerwony jako akcesoria)<\/td>\n<\/tr>\n<tr>\n<td>Cechy szczeg\u00f3lne<\/td>\n<td>UV-A LED<\/td>\n<\/tr>\n<\/tbody>\n<\/table>\n<\/div><div class=\"nav fusion-mobile-tab-nav\"><ul class=\"nav-tabs nav-justified\" role=\"tablist\"><li role=\"presentation\"><a class=\"tab-link\" data-toggle=\"tab\" role=\"tab\" aria-controls=\"tab-ab0a956961a59952006\" aria-selected=\"false\" tabindex=\"-1\" id=\"mobile-fusion-tab-cechy\" href=\"#tab-ab0a956961a59952006\"><h4 class=\"fusion-tab-heading\">Cechy<\/h4><\/a><\/li><\/ul><\/div><div class=\"tab-pane fade fusion-clearfix\" role=\"tabpanel\" tabindex=\"0\" aria-labelledby=\"fusion-tab-cechy\" id=\"tab-ab0a956961a59952006\">\n<p><strong>FILTR WST\u0118PNY<\/strong><br \/>\nFiltr wst\u0119pny usuwa du\u017ce cz\u0105steczki, takie jak w\u0142osy i w\u0142\u00f3kna. Mo\u017cna go my\u0107 i jest \u0142atwy w monta\u017cu. <\/p>\n<p><strong>HEPALUX<\/strong><br \/>\nTechnologia filtracji HEPALUX zapewnia wsp\u00f3\u0142czynnik filtracji 99,95%, a fotokatalityczne utlenianie za pomoc\u0105 diody UV-LED, kt\u00f3ra zwalcza bakterie i wirusy, zapewnia, \u017ce ka\u017cdy oddech jest zdrowy!<\/p>\n<p><strong>FILTR Z W\u0118GLEM<\/strong> AKTYWNYM<br \/>\nFiltr z w\u0119glem aktywnym redukuje gazy oraz naturalne i chemiczne zapachy, takie jak zapach tytoniu i \u017cywno\u015bci.<\/p>\n<p><strong>JONIZATOR<\/strong><br \/>\nJonizator uwalnia ujemnie na\u0142adowane jony, kt\u00f3re przywieraj\u0105 do dodatnio na\u0142adowanych szkodliwych cz\u0105stek. Dzi\u0119ki temu cz\u0105steczki brudu w powietrzu staj\u0105 si\u0119 ci\u0119\u017csze i opadaj\u0105 na pod\u0142og\u0119.<\/p>\n<\/div><div class=\"nav fusion-mobile-tab-nav\"><ul class=\"nav-tabs nav-justified\" role=\"tablist\"><li role=\"presentation\"><a class=\"tab-link\" data-toggle=\"tab\" role=\"tab\" aria-controls=\"tab-6ea0f1fb7a295bf3405\" aria-selected=\"false\" tabindex=\"-1\" id=\"mobile-fusion-tab-certyfikatyinagrody\" href=\"#tab-6ea0f1fb7a295bf3405\"><h4 class=\"fusion-tab-heading\">Certyfikaty i nagrody<\/h4><\/a><\/li><\/ul><\/div><div class=\"tab-pane fade fusion-clearfix\" role=\"tabpanel\" tabindex=\"0\" aria-labelledby=\"fusion-tab-certyfikatyinagrody\" id=\"tab-6ea0f1fb7a295bf3405\">\n<p><img decoding=\"async\" class=\"lazyload alignnone wp-image-3965\" src=\"data:image\/svg+xml,%3Csvg%20xmlns%3D%27http%3A%2F%2Fwww.w3.org%2F2000%2Fsvg%27%20width%3D%27155%27%20height%3D%27155%27%20viewBox%3D%270%200%20155%20155%27%3E%3Crect%20width%3D%27155%27%20height%3D%27155%27%20fill-opacity%3D%220%22%2F%3E%3C%2Fsvg%3E\" data-orig-src=\"https:\/\/luxinternational.com\/wp-content\/uploads\/2024\/03\/1786_gui_lab_label_effectively_reduces_bacterias_viruses_560_en.jpg\" alt=\"\" width=\"155\" height=\"155\"><\/p>\n<p><strong>CERTYFIKAT GUI<\/strong><br \/>\nSkutecznie redukuje bakterie, drobny py\u0142, ple\u015b\u0144, mikroorganizmy i wirusy w powietrzu w pomieszczeniach.<\/p>\n<\/div><div class=\"nav fusion-mobile-tab-nav\"><ul class=\"nav-tabs nav-justified\" role=\"tablist\"><li role=\"presentation\"><a class=\"tab-link\" data-toggle=\"tab\" role=\"tab\" aria-controls=\"tab-4e1fcc2d398f1e784fe\" aria-selected=\"false\" tabindex=\"-1\" id=\"mobile-fusion-tab-wsparcie\" href=\"#tab-4e1fcc2d398f1e784fe\"><h4 class=\"fusion-tab-heading\">Wsparcie<\/h4><\/a><\/li><\/ul><\/div><div class=\"tab-pane fade fusion-clearfix\" role=\"tabpanel\" tabindex=\"0\" aria-labelledby=\"fusion-tab-wsparcie\" id=\"tab-4e1fcc2d398f1e784fe\">\n<p><a href=\"https:\/\/luxinternational.com\/wp-content\/uploads\/2024\/03\/ag-s_sense-manual-eng-web.pdf\" target=\"_blank\" rel=\"noopener\">Instrukcja obs\u0142ugi produktu<\/a><br \/>\n<a href=\"https:\/\/luxinternational.com\/wp-content\/uploads\/2024\/03\/en_ags_-brochure_web.pdf\" target=\"_blank\" rel=\"noopener\">Broszura<\/a><br \/>\n<a href=\"https:\/\/luxinternational.com\/wp-content\/uploads\/2024\/03\/1813_en_ags_1799_zertifikat-gui-mo-2020_01_560.pdf\" target=\"_blank\" rel=\"noopener\">Certyfikat Gui<\/a><\/p>\n<\/div><\/div><\/div><\/div><\/div><\/div><\/div>\n","protected":false},"excerpt":{"rendered":"","protected":false},"author":1,"featured_media":11742,"template":"","product-category":[149],"product-keyword":[],"class_list":["post-11741","product","type-product","status-publish","has-post-thumbnail","hentry","product-category-good-sleep"],"acf":[],"_links":{"self":[{"href":"https:\/\/luxinternational.com\/pl\/wp-json\/wp\/v2\/product\/11741","targetHints":{"allow":["GET"]}}],"collection":[{"href":"https:\/\/luxinternational.com\/pl\/wp-json\/wp\/v2\/product"}],"about":[{"href":"https:\/\/luxinternational.com\/pl\/wp-json\/wp\/v2\/types\/product"}],"author":[{"embeddable":true,"href":"https:\/\/luxinternational.com\/pl\/wp-json\/wp\/v2\/users\/1"}],"version-history":[{"count":10,"href":"https:\/\/luxinternational.com\/pl\/wp-json\/wp\/v2\/product\/11741\/revisions"}],"predecessor-version":[{"id":11814,"href":"https:\/\/luxinternational.com\/pl\/wp-json\/wp\/v2\/product\/11741\/revisions\/11814"}],"wp:featuredmedia":[{"embeddable":true,"href":"https:\/\/luxinternational.com\/pl\/wp-json\/wp\/v2\/media\/11742"}],"wp:attachment":[{"href":"https:\/\/luxinternational.com\/pl\/wp-json\/wp\/v2\/media?parent=11741"}],"wp:term":[{"taxonomy":"product-category","embeddable":true,"href":"https:\/\/luxinternational.com\/pl\/wp-json\/wp\/v2\/product-category?post=11741"},{"taxonomy":"product-keyword","embeddable":true,"href":"https:\/\/luxinternational.com\/pl\/wp-json\/wp\/v2\/product-keyword?post=11741"}],"curies":[{"name":"wp","href":"https:\/\/api.w.org\/{rel}","templated":true}]}}