{"id":10776,"date":"2024-03-07T17:06:07","date_gmt":"2024-03-07T16:06:07","guid":{"rendered":"https:\/\/luxinternational.com\/product\/materac-welity\/"},"modified":"2026-03-05T13:31:51","modified_gmt":"2026-03-05T12:31:51","slug":"materac-welity","status":"publish","type":"product","link":"https:\/\/luxinternational.com\/pl\/product\/materac-welity\/","title":{"rendered":"Materac Welity"},"content":{"rendered":"<div class=\"fusion-fullwidth fullwidth-box fusion-builder-row-1 fusion-flex-container has-pattern-background has-mask-background nonhundred-percent-fullwidth non-hundred-percent-height-scrolling\" style=\"--awb-border-radius-top-left:0px;--awb-border-radius-top-right:0px;--awb-border-radius-bottom-right:0px;--awb-border-radius-bottom-left:0px;--awb-padding-right:0px;--awb-padding-left:0px;--awb-margin-top:30px;--awb-margin-top-medium:15px;--awb-flex-wrap:wrap;\" id=\"product-tabs\" ><div class=\"fusion-builder-row fusion-row fusion-flex-align-items-flex-start fusion-flex-content-wrap\" style=\"max-width:1372.8px;margin-left: calc(-4% \/ 2 );margin-right: calc(-4% \/ 2 );\"><div class=\"fusion-layout-column fusion_builder_column fusion-builder-column-0 fusion_builder_column_1_1 1_1 fusion-flex-column\" style=\"--awb-bg-size:cover;--awb-width-large:100%;--awb-margin-top-large:0px;--awb-spacing-right-large:1.92%;--awb-margin-bottom-large:20px;--awb-spacing-left-large:1.92%;--awb-width-medium:100%;--awb-order-medium:0;--awb-spacing-right-medium:1.92%;--awb-spacing-left-medium:1.92%;--awb-width-small:100%;--awb-order-small:0;--awb-spacing-right-small:1.92%;--awb-spacing-left-small:1.92%;\"><div class=\"fusion-column-wrapper fusion-column-has-shadow fusion-flex-justify-content-flex-start fusion-content-layout-column\"><div class=\"fusion-image-carousel fusion-image-carousel-fixed fusion-image-carousel-1 lightbox-enabled fusion-carousel-border\"><div class=\"awb-carousel awb-swiper awb-swiper-carousel awb-carousel--carousel awb-swiper-dots-position-bottom\" data-layout=\"carousel\" data-autoplay=\"no\" data-autoplayspeed=\"2500\" data-autoplaypause=\"no\" data-columns=\"5\" data-columnsmedium=\"1\" data-columnssmall=\"1\" data-itemmargin=\"10\" data-itemwidth=\"180\" data-touchscroll=\"no\" data-freemode=\"no\" data-imagesize=\"fixed\" data-scrollitems=\"0\" data-centeredslides=\"no\" data-rotationangle=\"50\" data-depth=\"100\" data-speed=\"500\" data-shadow=\"no\" data-pagination=\"bullets\" style=\"--awb-column-spacing:10px;--awb-border-width:1px;--awb-border-color:#e9eaee;\"><div class=\"swiper-wrapper awb-image-carousel-wrapper fusion-flex-align-items-center\"><div class=\"swiper-slide\"><div class=\"fusion-carousel-item-wrapper\"><div class=\"fusion-image-wrapper hover-type-none\"><a data-rel=\"iLightbox[image_carousel_1]\" data-title=\"236_pic2_o\" aria-label=\"236_pic2_o\" href=\"https:\/\/luxinternational.com\/wp-content\/uploads\/2024\/04\/236_pic2_o.jpeg\" target=\"_self\"><img decoding=\"async\" width=\"320\" height=\"202\" src=\"data:image\/svg+xml,%3Csvg%20xmlns%3D%27http%3A%2F%2Fwww.w3.org%2F2000%2Fsvg%27%20width%3D%271024%27%20height%3D%27576%27%20viewBox%3D%270%200%201024%20576%27%3E%3Crect%20width%3D%271024%27%20height%3D%27576%27%20fill-opacity%3D%220%22%2F%3E%3C%2Fsvg%3E\" class=\"attachment-blog-medium size-blog-medium lazyload\" alt=\"\" data-orig-src=\"https:\/\/luxinternational.com\/wp-content\/uploads\/2024\/04\/236_pic2_o-320x202.jpeg\" \/><\/a><\/div><\/div><\/div><div class=\"swiper-slide\"><div class=\"fusion-carousel-item-wrapper\"><div class=\"fusion-image-wrapper hover-type-none\"><a data-rel=\"iLightbox[image_carousel_1]\" data-title=\"236_pic3_o\" aria-label=\"236_pic3_o\" href=\"https:\/\/luxinternational.com\/wp-content\/uploads\/2024\/04\/236_pic3_o.jpeg\" target=\"_self\"><img decoding=\"async\" width=\"320\" height=\"202\" src=\"data:image\/svg+xml,%3Csvg%20xmlns%3D%27http%3A%2F%2Fwww.w3.org%2F2000%2Fsvg%27%20width%3D%271024%27%20height%3D%27576%27%20viewBox%3D%270%200%201024%20576%27%3E%3Crect%20width%3D%271024%27%20height%3D%27576%27%20fill-opacity%3D%220%22%2F%3E%3C%2Fsvg%3E\" class=\"attachment-blog-medium size-blog-medium lazyload\" alt=\"\" data-orig-src=\"https:\/\/luxinternational.com\/wp-content\/uploads\/2024\/04\/236_pic3_o-320x202.jpeg\" \/><\/a><\/div><\/div><\/div><div class=\"swiper-slide\"><div class=\"fusion-carousel-item-wrapper\"><div class=\"fusion-image-wrapper hover-type-none\"><a data-rel=\"iLightbox[image_carousel_1]\" data-title=\"236_pic4_o\" aria-label=\"236_pic4_o\" href=\"https:\/\/luxinternational.com\/wp-content\/uploads\/2024\/04\/236_pic4_o.jpeg\" target=\"_self\"><img decoding=\"async\" width=\"320\" height=\"202\" src=\"data:image\/svg+xml,%3Csvg%20xmlns%3D%27http%3A%2F%2Fwww.w3.org%2F2000%2Fsvg%27%20width%3D%271024%27%20height%3D%27576%27%20viewBox%3D%270%200%201024%20576%27%3E%3Crect%20width%3D%271024%27%20height%3D%27576%27%20fill-opacity%3D%220%22%2F%3E%3C%2Fsvg%3E\" class=\"attachment-blog-medium size-blog-medium lazyload\" alt=\"\" data-orig-src=\"https:\/\/luxinternational.com\/wp-content\/uploads\/2024\/04\/236_pic4_o-320x202.jpeg\" \/><\/a><\/div><\/div><\/div><div class=\"swiper-slide\"><div class=\"fusion-carousel-item-wrapper\"><div class=\"fusion-image-wrapper hover-type-none\"><a data-rel=\"iLightbox[image_carousel_1]\" data-title=\"236_pic5_o\" aria-label=\"236_pic5_o\" href=\"https:\/\/luxinternational.com\/wp-content\/uploads\/2024\/04\/236_pic5_o.jpeg\" target=\"_self\"><img decoding=\"async\" width=\"320\" height=\"202\" src=\"data:image\/svg+xml,%3Csvg%20xmlns%3D%27http%3A%2F%2Fwww.w3.org%2F2000%2Fsvg%27%20width%3D%271024%27%20height%3D%27576%27%20viewBox%3D%270%200%201024%20576%27%3E%3Crect%20width%3D%271024%27%20height%3D%27576%27%20fill-opacity%3D%220%22%2F%3E%3C%2Fsvg%3E\" class=\"attachment-blog-medium size-blog-medium lazyload\" alt=\"\" data-orig-src=\"https:\/\/luxinternational.com\/wp-content\/uploads\/2024\/04\/236_pic5_o-320x202.jpeg\" \/><\/a><\/div><\/div><\/div><div class=\"swiper-slide\"><div class=\"fusion-carousel-item-wrapper\"><div class=\"fusion-image-wrapper hover-type-none\"><a data-rel=\"iLightbox[image_carousel_1]\" data-title=\"236_pic6_o\" aria-label=\"236_pic6_o\" href=\"https:\/\/luxinternational.com\/wp-content\/uploads\/2024\/04\/236_pic6_o.jpeg\" target=\"_self\"><img decoding=\"async\" width=\"320\" height=\"202\" src=\"data:image\/svg+xml,%3Csvg%20xmlns%3D%27http%3A%2F%2Fwww.w3.org%2F2000%2Fsvg%27%20width%3D%271024%27%20height%3D%27576%27%20viewBox%3D%270%200%201024%20576%27%3E%3Crect%20width%3D%271024%27%20height%3D%27576%27%20fill-opacity%3D%220%22%2F%3E%3C%2Fsvg%3E\" class=\"attachment-blog-medium size-blog-medium lazyload\" alt=\"\" data-orig-src=\"https:\/\/luxinternational.com\/wp-content\/uploads\/2024\/04\/236_pic6_o-320x202.jpeg\" \/><\/a><\/div><\/div><\/div><div class=\"swiper-slide\"><div class=\"fusion-carousel-item-wrapper\"><div class=\"fusion-image-wrapper hover-type-none\"><a data-rel=\"iLightbox[image_carousel_1]\" data-title=\"236_pic7_o\" aria-label=\"236_pic7_o\" href=\"https:\/\/luxinternational.com\/wp-content\/uploads\/2024\/04\/236_pic7_o.jpeg\" target=\"_self\"><img decoding=\"async\" width=\"320\" height=\"202\" src=\"data:image\/svg+xml,%3Csvg%20xmlns%3D%27http%3A%2F%2Fwww.w3.org%2F2000%2Fsvg%27%20width%3D%271024%27%20height%3D%27576%27%20viewBox%3D%270%200%201024%20576%27%3E%3Crect%20width%3D%271024%27%20height%3D%27576%27%20fill-opacity%3D%220%22%2F%3E%3C%2Fsvg%3E\" class=\"attachment-blog-medium size-blog-medium lazyload\" alt=\"\" data-orig-src=\"https:\/\/luxinternational.com\/wp-content\/uploads\/2024\/04\/236_pic7_o-320x202.jpeg\" \/><\/a><\/div><\/div><\/div><div class=\"swiper-slide\"><div class=\"fusion-carousel-item-wrapper\"><div class=\"fusion-image-wrapper hover-type-none\"><a data-rel=\"iLightbox[image_carousel_1]\" data-title=\"372_pic2_n\" aria-label=\"372_pic2_n\" href=\"https:\/\/luxinternational.com\/wp-content\/uploads\/2024\/04\/372_pic2_n.jpeg\" target=\"_self\"><img decoding=\"async\" width=\"320\" height=\"202\" src=\"data:image\/svg+xml,%3Csvg%20xmlns%3D%27http%3A%2F%2Fwww.w3.org%2F2000%2Fsvg%27%20width%3D%271024%27%20height%3D%27576%27%20viewBox%3D%270%200%201024%20576%27%3E%3Crect%20width%3D%271024%27%20height%3D%27576%27%20fill-opacity%3D%220%22%2F%3E%3C%2Fsvg%3E\" class=\"attachment-blog-medium size-blog-medium lazyload\" alt=\"\" data-orig-src=\"https:\/\/luxinternational.com\/wp-content\/uploads\/2024\/04\/372_pic2_n-320x202.jpeg\" \/><\/a><\/div><\/div><\/div><\/div><div class=\"awb-swiper-button awb-swiper-button-prev\"><i class=\"awb-icon-angle-left\" aria-hidden=\"true\"><\/i><\/div><div class=\"awb-swiper-button awb-swiper-button-next\"><i class=\"awb-icon-angle-right\" aria-hidden=\"true\"><\/i><\/div><\/div><\/div><\/div><\/div><div class=\"fusion-layout-column fusion_builder_column fusion-builder-column-1 fusion_builder_column_1_1 1_1 fusion-flex-column\" style=\"--awb-bg-size:cover;--awb-width-large:100%;--awb-margin-top-large:0px;--awb-spacing-right-large:1.92%;--awb-margin-bottom-large:20px;--awb-spacing-left-large:1.92%;--awb-width-medium:100%;--awb-order-medium:0;--awb-spacing-right-medium:1.92%;--awb-spacing-left-medium:1.92%;--awb-width-small:100%;--awb-order-small:0;--awb-spacing-right-small:1.92%;--awb-spacing-left-small:1.92%;\" data-scroll-devices=\"small-visibility,medium-visibility,large-visibility\"><div class=\"fusion-column-wrapper fusion-column-has-shadow fusion-flex-justify-content-flex-start fusion-content-layout-column\"><div class=\"fusion-tabs fusion-tabs-1 classic nav-is-justified horizontal-tabs icon-position-left mobile-mode-accordion\" style=\"--awb-title-border-radius-top-left:0px;--awb-title-border-radius-top-right:0px;--awb-title-border-radius-bottom-right:0px;--awb-title-border-radius-bottom-left:0px;--awb-alignment:start;--awb-inactive-color:var(--awb-custom_color_6);--awb-background-color:var(--awb-color1);--awb-border-color:var(--awb-custom_color_6);--awb-active-border-color:var(--awb-color5);\"><div class=\"nav\"><ul class=\"nav-tabs nav-justified\" role=\"tablist\"><li class=\"active\" role=\"presentation\"><a class=\"tab-link\" data-toggle=\"tab\" role=\"tab\" aria-controls=\"tab-fac6efee8e396275e87\" aria-selected=\"true\" id=\"fusion-tab-specyfikacja\" href=\"#tab-fac6efee8e396275e87\"><h4 class=\"fusion-tab-heading\">Specyfikacja<\/h4><\/a><\/li><li role=\"presentation\"><a class=\"tab-link\" data-toggle=\"tab\" role=\"tab\" aria-controls=\"tab-11f1a268d7915fe54b0\" aria-selected=\"false\" tabindex=\"-1\" id=\"fusion-tab-cechy\" href=\"#tab-11f1a268d7915fe54b0\"><h4 class=\"fusion-tab-heading\">Cechy<\/h4><\/a><\/li><li role=\"presentation\"><a class=\"tab-link\" data-toggle=\"tab\" role=\"tab\" aria-controls=\"tab-d1f64dc85aa79c2ca3b\" aria-selected=\"false\" tabindex=\"-1\" id=\"fusion-tab-certyfikatyinagrody\" href=\"#tab-d1f64dc85aa79c2ca3b\"><h4 class=\"fusion-tab-heading\">Certyfikaty i nagrody<\/h4><\/a><\/li><\/ul><\/div><div class=\"tab-content\"><div class=\"nav fusion-mobile-tab-nav\"><ul class=\"nav-tabs nav-justified\" role=\"tablist\"><li class=\"active\" role=\"presentation\"><a class=\"tab-link\" data-toggle=\"tab\" role=\"tab\" aria-controls=\"tab-fac6efee8e396275e87\" aria-selected=\"true\" id=\"mobile-fusion-tab-specyfikacja\" href=\"#tab-fac6efee8e396275e87\"><h4 class=\"fusion-tab-heading\">Specyfikacja<\/h4><\/a><\/li><\/ul><\/div><div class=\"tab-pane fade fusion-clearfix in active\" role=\"tabpanel\" tabindex=\"0\" aria-labelledby=\"fusion-tab-specyfikacja\" id=\"tab-fac6efee8e396275e87\">\n<table>\n<tbody>\n<tr>\n<td>Warstwa lameli z 5 strefami<\/td>\n<td>17 cm<\/td>\n<\/tr>\n<tr>\n<td>Warstwa pianki Visco z pami\u0119ci\u0105 kszta\u0142tu<\/td>\n<td>3 cm<\/td>\n<\/tr>\n<tr>\n<td>Pokrywa 1 Struktura pokr\u0119t\u0142a Visco<\/td>\n<td>2,5 cm<\/td>\n<\/tr>\n<tr>\n<td>Ok\u0142adka 2 Outlast<\/td>\n<td>0,5 cm<\/td>\n<\/tr>\n<tr>\n<td>Kolory<\/td>\n<td>bia\u0142y \/ br\u0105zowy<\/td>\n<\/tr>\n<tr>\n<td>Gwarancja<\/td>\n<td>3 lata<\/td>\n<\/tr>\n<tr>\n<td>Wymiary (szer. x wys. x g\u0142.)<\/td>\n<td>80 x 200 x 23 cm<\/td>\n<\/tr>\n<tr>\n<td><\/td>\n<td>90 x 190 x 23 cm<\/td>\n<\/tr>\n<tr>\n<td><\/td>\n<td>100 x 190 x 23 cm<\/td>\n<\/tr>\n<tr>\n<td><\/td>\n<td>100 x 200 x 23 cm<\/td>\n<\/tr>\n<tr>\n<td><\/td>\n<td>120 x 200 x 23 cm<\/td>\n<\/tr>\n<tr>\n<td><\/td>\n<td>140 x 200 x 23 cm<\/td>\n<\/tr>\n<tr>\n<td>Ilo\u015b\u0107 w opakowaniu<\/td>\n<td>1<\/td>\n<\/tr>\n<\/tbody>\n<\/table>\n<\/div><div class=\"nav fusion-mobile-tab-nav\"><ul class=\"nav-tabs nav-justified\" role=\"tablist\"><li role=\"presentation\"><a class=\"tab-link\" data-toggle=\"tab\" role=\"tab\" aria-controls=\"tab-11f1a268d7915fe54b0\" aria-selected=\"false\" tabindex=\"-1\" id=\"mobile-fusion-tab-cechy\" href=\"#tab-11f1a268d7915fe54b0\"><h4 class=\"fusion-tab-heading\">Cechy<\/h4><\/a><\/li><\/ul><\/div><div class=\"tab-pane fade fusion-clearfix\" role=\"tabpanel\" tabindex=\"0\" aria-labelledby=\"fusion-tab-cechy\" id=\"tab-11f1a268d7915fe54b0\">\n<p><img decoding=\"async\" class=\"lazyload alignnone wp-image-4058 size-thumbnail\" src=\"https:\/\/luxinternational.com\/wp-content\/uploads\/2024\/03\/outlast-logo-150x150.jpg\" data-orig-src=\"https:\/\/luxinternational.com\/wp-content\/uploads\/2024\/03\/outlast-logo-150x150.jpg\" alt=\"\" width=\"150\" height=\"150\" srcset=\"data:image\/svg+xml,%3Csvg%20xmlns%3D%27http%3A%2F%2Fwww.w3.org%2F2000%2Fsvg%27%20width%3D%27150%27%20height%3D%27150%27%20viewBox%3D%270%200%20150%20150%27%3E%3Crect%20width%3D%27150%27%20height%3D%27150%27%20fill-opacity%3D%220%22%2F%3E%3C%2Fsvg%3E\" data-srcset=\"https:\/\/luxinternational.com\/wp-content\/uploads\/2024\/03\/outlast-logo-66x66.jpg 66w, https:\/\/luxinternational.com\/wp-content\/uploads\/2024\/03\/outlast-logo-150x150.jpg 150w, https:\/\/luxinternational.com\/wp-content\/uploads\/2024\/03\/outlast-logo-200x200.jpg 200w, https:\/\/luxinternational.com\/wp-content\/uploads\/2024\/03\/outlast-logo-300x300.jpg 300w, https:\/\/luxinternational.com\/wp-content\/uploads\/2024\/03\/outlast-logo-400x400.jpg 400w, https:\/\/luxinternational.com\/wp-content\/uploads\/2024\/03\/outlast-logo-600x600.jpg 600w, https:\/\/luxinternational.com\/wp-content\/uploads\/2024\/03\/outlast-logo-768x768.jpg 768w, https:\/\/luxinternational.com\/wp-content\/uploads\/2024\/03\/outlast-logo-800x800.jpg 800w, https:\/\/luxinternational.com\/wp-content\/uploads\/2024\/03\/outlast-logo-1024x1024.jpg 1024w, https:\/\/luxinternational.com\/wp-content\/uploads\/2024\/03\/outlast-logo.jpg 1200w\" data-sizes=\"auto\" data-orig-sizes=\"(max-width: 150px) 100vw, 150px\" \/><\/p>\n<p><strong>OUTLAST<\/strong><br \/>\nMateria\u0142 Outlast oferuje dobrze znan\u0105 termoregulacj\u0119, kt\u00f3ra wraz z pikowanym w\u0142\u00f3knem klimatycznym tworzy optymaln\u0105 r\u00f3wnowag\u0119 temperaturow\u0105 i reguluje wilgo\u0107 &#8211; w ko\u0144cu budzisz si\u0119 zregenerowany. Nie za gor\u0105co, nie za zimno &#8211; w sam raz. <\/p>\n<p><img decoding=\"async\" class=\"lazyload alignnone size-full wp-image-4054\" src=\"data:image\/svg+xml,%3Csvg%20xmlns%3D%27http%3A%2F%2Fwww.w3.org%2F2000%2Fsvg%27%20width%3D%27158%27%20height%3D%27114%27%20viewBox%3D%270%200%20158%20114%27%3E%3Crect%20width%3D%27158%27%20height%3D%27114%27%20fill-opacity%3D%220%22%2F%3E%3C%2Fsvg%3E\" data-orig-src=\"https:\/\/luxinternational.com\/wp-content\/uploads\/2024\/03\/knobbed.png\" alt=\"\" width=\"158\" height=\"114\"><\/p>\n<p><strong>EFEKT MASA\u017bU<\/strong><br \/>\nPokrowiec z pianki z pami\u0119ci\u0105 kszta\u0142tu materaca Welity wspomaga kr\u0105\u017cenie krwi. Proces ten regeneruje mikrokr\u0105\u017cenie w organizmie i pozostaje niezmienny przez ca\u0142y okres odpoczynku. <\/p>\n<p><img decoding=\"async\" class=\"lazyload alignnone wp-image-4055 size-thumbnail\" src=\"https:\/\/luxinternational.com\/wp-content\/uploads\/2024\/03\/mattress-150x150.png\" data-orig-src=\"https:\/\/luxinternational.com\/wp-content\/uploads\/2024\/03\/mattress-150x150.png\" alt=\"\" width=\"150\" height=\"150\" srcset=\"data:image\/svg+xml,%3Csvg%20xmlns%3D%27http%3A%2F%2Fwww.w3.org%2F2000%2Fsvg%27%20width%3D%27150%27%20height%3D%27150%27%20viewBox%3D%270%200%20150%20150%27%3E%3Crect%20width%3D%27150%27%20height%3D%27150%27%20fill-opacity%3D%220%22%2F%3E%3C%2Fsvg%3E\" data-srcset=\"https:\/\/luxinternational.com\/wp-content\/uploads\/2024\/03\/mattress-66x66.png 66w, https:\/\/luxinternational.com\/wp-content\/uploads\/2024\/03\/mattress-150x150.png 150w\" data-sizes=\"auto\" data-orig-sizes=\"(max-width: 150px) 100vw, 150px\" \/><\/p>\n<p><strong>4 MO\u017bLIWO\u015aCI UK\u0141ADANIA, 1 MATERAC<\/strong><br \/>\nMaterac, specjalnie opracowany przez zesp\u00f3\u0142 ekspert\u00f3w, mo\u017cna indywidualnie dostosowa\u0107 do czterech r\u00f3\u017cnych kombinacji materacy dzi\u0119ki odwracalnej podstawie i pokrowcowi. Te specjalne materia\u0142y, w po\u0142\u0105czeniu z wyj\u0105tkowym wykonaniem, tworz\u0105 niespotykane dot\u0105d wra\u017cenia podczas le\u017cenia. <\/p>\n<p><img decoding=\"async\" class=\"lazyload alignnone wp-image-4052 size-thumbnail\" src=\"https:\/\/luxinternational.com\/wp-content\/uploads\/2024\/03\/mg_0410-150x150.jpg\" data-orig-src=\"https:\/\/luxinternational.com\/wp-content\/uploads\/2024\/03\/mg_0410-150x150.jpg\" alt=\"\" width=\"150\" height=\"150\" srcset=\"data:image\/svg+xml,%3Csvg%20xmlns%3D%27http%3A%2F%2Fwww.w3.org%2F2000%2Fsvg%27%20width%3D%27150%27%20height%3D%27150%27%20viewBox%3D%270%200%20150%20150%27%3E%3Crect%20width%3D%27150%27%20height%3D%27150%27%20fill-opacity%3D%220%22%2F%3E%3C%2Fsvg%3E\" data-srcset=\"https:\/\/luxinternational.com\/wp-content\/uploads\/2024\/03\/mg_0410-66x66.jpg 66w, https:\/\/luxinternational.com\/wp-content\/uploads\/2024\/03\/mg_0410-150x150.jpg 150w\" data-sizes=\"auto\" data-orig-sizes=\"(max-width: 150px) 100vw, 150px\" \/><\/p>\n<p><strong>REGENERACYJNA<\/strong> WARSTWA <strong>LAMELKOWA<\/strong><br \/>\nNasza unikalna warstwa lamellowa wspiera ruch kr\u0119gos\u0142upa podczas snu i zapewnia optymalny relaks. Ponadto lamele wspomagaj\u0105 optymaln\u0105 wentylacj\u0119, zapewniaj\u0105c dobre samopoczucie podczas le\u017cenia. Naci\u0119cia pianki zosta\u0142y zaprojektowane tak, aby optymalnie wspiera\u0107 5 stref cia\u0142a. Sk\u0142ada si\u0119 z wysoce elastycznej i trwa\u0142ej pianki o wysokiej spr\u0119\u017cysto\u015bci. Jej dzia\u0142anie regeneracyjne wynika z zastosowania terapii Dorna. Progresywne 5-strefowe naci\u0119cia lamelkowe zapewniaj\u0105 optymaln\u0105 regeneracj\u0119 plec\u00f3w w ci\u0105gu nocy.     <\/p>\n<p><img decoding=\"async\" class=\"lazyload alignnone wp-image-4051 size-thumbnail\" src=\"https:\/\/luxinternational.com\/wp-content\/uploads\/2024\/03\/mg_0242_bycs-150x150.jpg\" data-orig-src=\"https:\/\/luxinternational.com\/wp-content\/uploads\/2024\/03\/mg_0242_bycs-150x150.jpg\" alt=\"\" width=\"150\" height=\"150\" srcset=\"data:image\/svg+xml,%3Csvg%20xmlns%3D%27http%3A%2F%2Fwww.w3.org%2F2000%2Fsvg%27%20width%3D%27150%27%20height%3D%27150%27%20viewBox%3D%270%200%20150%20150%27%3E%3Crect%20width%3D%27150%27%20height%3D%27150%27%20fill-opacity%3D%220%22%2F%3E%3C%2Fsvg%3E\" data-srcset=\"https:\/\/luxinternational.com\/wp-content\/uploads\/2024\/03\/mg_0242_bycs-66x66.jpg 66w, https:\/\/luxinternational.com\/wp-content\/uploads\/2024\/03\/mg_0242_bycs-150x150.jpg 150w\" data-sizes=\"auto\" data-orig-sizes=\"(max-width: 150px) 100vw, 150px\" \/><\/p>\n<p><strong>Zdejmowany pokrowiec<\/strong><br \/>\nPokrowce materaca Welity s\u0105 zdejmowane i mo\u017cna je podzieli\u0107 na 2 cz\u0119\u015bci, dzi\u0119ki czemu mo\u017cna je \u0142atwo pra\u0107 w maksymalnej temperaturze 60 stopni Celsjusza &#8211; dla zapewnienia trwa\u0142o\u015bci i higieny.<\/p>\n<p><img decoding=\"async\" class=\"lazyload alignnone wp-image-4056 size-thumbnail\" src=\"data:image\/svg+xml,%3Csvg%20xmlns%3D%27http%3A%2F%2Fwww.w3.org%2F2000%2Fsvg%27%20width%3D%27150%27%20height%3D%27123%27%20viewBox%3D%270%200%20150%20123%27%3E%3Crect%20width%3D%27150%27%20height%3D%27123%27%20fill-opacity%3D%220%22%2F%3E%3C%2Fsvg%3E\" data-orig-src=\"https:\/\/luxinternational.com\/wp-content\/uploads\/2024\/03\/memory-massage-150x123.png\" alt=\"\" width=\"150\" height=\"123\"><\/p>\n<p><strong>Pianka z pami\u0119ci\u0105<\/strong><br \/>\nDruga warstwa wykonana jest z wysokiej jako\u015bci pianki Visco z pami\u0119ci\u0105. Ta warstwa jest bardziej mi\u0119kka i zapewnia bardzo przyjemny komfort podczas le\u017cenia. Otwarte pory warstwy zapewniaj\u0105 najlepsz\u0105 cyrkulacj\u0119 powietrza, a dzi\u0119ki wysokiej elastyczno\u015bci punktowej pianki z pami\u0119ci\u0105 kszta\u0142tu idealnie dopasowuje si\u0119 do cia\u0142a u\u017cytkownika<\/p>\n<\/div><div class=\"nav fusion-mobile-tab-nav\"><ul class=\"nav-tabs nav-justified\" role=\"tablist\"><li role=\"presentation\"><a class=\"tab-link\" data-toggle=\"tab\" role=\"tab\" aria-controls=\"tab-d1f64dc85aa79c2ca3b\" aria-selected=\"false\" tabindex=\"-1\" id=\"mobile-fusion-tab-certyfikatyinagrody\" href=\"#tab-d1f64dc85aa79c2ca3b\"><h4 class=\"fusion-tab-heading\">Certyfikaty i nagrody<\/h4><\/a><\/li><\/ul><\/div><div class=\"tab-pane fade fusion-clearfix\" role=\"tabpanel\" tabindex=\"0\" aria-labelledby=\"fusion-tab-certyfikatyinagrody\" id=\"tab-d1f64dc85aa79c2ca3b\"><img decoding=\"async\" class=\"lazyload alignnone wp-image-4057 size-full\" src=\"https:\/\/luxinternational.com\/wp-content\/uploads\/2024\/03\/oeko-tex.png\" data-orig-src=\"https:\/\/luxinternational.com\/wp-content\/uploads\/2024\/03\/oeko-tex.png\" alt=\"\" width=\"312\" height=\"162\" srcset=\"data:image\/svg+xml,%3Csvg%20xmlns%3D%27http%3A%2F%2Fwww.w3.org%2F2000%2Fsvg%27%20width%3D%27312%27%20height%3D%27162%27%20viewBox%3D%270%200%20312%20162%27%3E%3Crect%20width%3D%27312%27%20height%3D%27162%27%20fill-opacity%3D%220%22%2F%3E%3C%2Fsvg%3E\" data-srcset=\"https:\/\/luxinternational.com\/wp-content\/uploads\/2024\/03\/oeko-tex-200x104.png 200w, https:\/\/luxinternational.com\/wp-content\/uploads\/2024\/03\/oeko-tex-300x156.png 300w, https:\/\/luxinternational.com\/wp-content\/uploads\/2024\/03\/oeko-tex.png 312w\" data-sizes=\"auto\" data-orig-sizes=\"(max-width: 312px) 100vw, 312px\" \/><\/p>\n<p><strong>\u00d6KOTEX 100<\/strong><br \/>\nTkanina u\u017cyta w naszym systemie Welity posiada certyfikat \u00d6KOTEX 100. Oznacza to, \u017ce zosta\u0142 on przetestowany pod k\u0105tem obecno\u015bci szkodliwych substancji, a zatem artyku\u0142 jest nieszkodliwy dla zdrowia ludzkiego.<\/div><\/div><\/div><\/div><\/div><\/div><\/div>\n","protected":false},"excerpt":{"rendered":"","protected":false},"author":1,"featured_media":10787,"template":"","product-category":[149],"product-keyword":[152],"class_list":["post-10776","product","type-product","status-publish","has-post-thumbnail","hentry","product-category-good-sleep","product-keyword-good-sleep"],"acf":[],"_links":{"self":[{"href":"https:\/\/luxinternational.com\/pl\/wp-json\/wp\/v2\/product\/10776","targetHints":{"allow":["GET"]}}],"collection":[{"href":"https:\/\/luxinternational.com\/pl\/wp-json\/wp\/v2\/product"}],"about":[{"href":"https:\/\/luxinternational.com\/pl\/wp-json\/wp\/v2\/types\/product"}],"author":[{"embeddable":true,"href":"https:\/\/luxinternational.com\/pl\/wp-json\/wp\/v2\/users\/1"}],"version-history":[{"count":9,"href":"https:\/\/luxinternational.com\/pl\/wp-json\/wp\/v2\/product\/10776\/revisions"}],"predecessor-version":[{"id":13628,"href":"https:\/\/luxinternational.com\/pl\/wp-json\/wp\/v2\/product\/10776\/revisions\/13628"}],"wp:featuredmedia":[{"embeddable":true,"href":"https:\/\/luxinternational.com\/pl\/wp-json\/wp\/v2\/media\/10787"}],"wp:attachment":[{"href":"https:\/\/luxinternational.com\/pl\/wp-json\/wp\/v2\/media?parent=10776"}],"wp:term":[{"taxonomy":"product-category","embeddable":true,"href":"https:\/\/luxinternational.com\/pl\/wp-json\/wp\/v2\/product-category?post=10776"},{"taxonomy":"product-keyword","embeddable":true,"href":"https:\/\/luxinternational.com\/pl\/wp-json\/wp\/v2\/product-keyword?post=10776"}],"curies":[{"name":"wp","href":"https:\/\/api.w.org\/{rel}","templated":true}]}}