{"id":10173,"date":"2024-03-04T17:43:44","date_gmt":"2024-03-04T16:43:44","guid":{"rendered":"https:\/\/luxinternational.com\/wsparcie\/faq\/"},"modified":"2025-06-26T11:07:56","modified_gmt":"2025-06-26T09:07:56","slug":"faq","status":"publish","type":"page","link":"https:\/\/luxinternational.com\/pl\/wsparcie\/faq\/","title":{"rendered":"FAQ"},"content":{"rendered":"<div class=\"fusion-fullwidth fullwidth-box fusion-builder-row-1 fusion-flex-container has-pattern-background has-mask-background nonhundred-percent-fullwidth non-hundred-percent-height-scrolling\" style=\"--awb-border-radius-top-left:0px;--awb-border-radius-top-right:0px;--awb-border-radius-bottom-right:0px;--awb-border-radius-bottom-left:0px;--awb-flex-wrap:wrap;\" ><div class=\"fusion-builder-row fusion-row fusion-flex-align-items-flex-start fusion-flex-content-wrap\" style=\"max-width:1372.8px;margin-left: calc(-4% \/ 2 );margin-right: calc(-4% \/ 2 );\"><div class=\"fusion-layout-column fusion_builder_column fusion-builder-column-0 fusion_builder_column_1_1 1_1 fusion-flex-column\" style=\"--awb-bg-size:cover;--awb-width-large:100%;--awb-margin-top-large:0px;--awb-spacing-right-large:1.92%;--awb-margin-bottom-large:20px;--awb-spacing-left-large:1.92%;--awb-width-medium:100%;--awb-order-medium:0;--awb-spacing-right-medium:1.92%;--awb-spacing-left-medium:1.92%;--awb-width-small:100%;--awb-order-small:0;--awb-spacing-right-small:1.92%;--awb-spacing-left-small:1.92%;\"><div class=\"fusion-column-wrapper fusion-column-has-shadow fusion-flex-justify-content-flex-start fusion-content-layout-column\"><div class=\"fusion-post-cards fusion-post-cards-1 fusion-grid-archive fusion-grid-columns-1 fusion-grid-flex-grow\" style=\"--awb-column-spacing:0px;--awb-dots-align:center;--awb-columns:1;--awb-active-filter-border-size:3px;--awb-filters-height:36px;--awb-columns-medium:100%;--awb-columns-small:100%;\" data-post-type-label=\"faqs\"><ul class=\"fusion-grid fusion-grid-1 fusion-flex-align-items-flex-start fusion-grid-posts-cards\"><li class=\"fusion-layout-column fusion_builder_column fusion-builder-column-1 fusion-flex-column post-card fusion-grid-column fusion-post-cards-grid-column\" style=\"--awb-padding-top:30px;--awb-bg-blend:overlay;--awb-bg-size:cover;--awb-flex-grow:0;--awb-flex-shrink:0;--awb-flex-grow-medium:0;--awb-flex-shrink-medium:0;--awb-flex-grow-small:0;--awb-flex-shrink-small:0;\" data-scroll-devices=\"small-visibility,medium-visibility,large-visibility\"><div class=\"fusion-column-wrapper fusion-column-has-shadow fusion-flex-justify-content-flex-start fusion-content-layout-column\"><div class=\"fusion-builder-row fusion-builder-row-inner fusion-row fusion-flex-align-items-flex-start fusion-flex-content-wrap\" style=\"--awb-flex-grow:0;--awb-flex-grow-medium:0;--awb-flex-grow-small:0;--awb-flex-shrink:0;--awb-flex-shrink-medium:0;--awb-flex-shrink-small:0;width:104% !important;max-width:104% !important;margin-left: calc(-4% \/ 2 );margin-right: calc(-4% \/ 2 );\"><div class=\"fusion-layout-column fusion_builder_column_inner fusion-builder-nested-column-0 fusion_builder_column_inner_1_4 1_4 fusion-flex-column\" style=\"--awb-bg-size:cover;--awb-width-large:25%;--awb-margin-top-large:0px;--awb-spacing-right-large:7.68%;--awb-margin-bottom-large:20px;--awb-spacing-left-large:7.68%;--awb-width-medium:25%;--awb-order-medium:0;--awb-spacing-right-medium:7.68%;--awb-spacing-left-medium:7.68%;--awb-width-small:100%;--awb-order-small:0;--awb-spacing-right-small:1.92%;--awb-spacing-left-small:1.92%;\"><div class=\"fusion-column-wrapper fusion-column-has-shadow fusion-flex-justify-content-flex-start fusion-content-layout-column\"><div class=\"fusion-classic-product-image-wrapper fusion-woo-product-image fusion-post-card-image fusion-post-card-image-1 has-aspect-ratio\" data-layout=\"static\" style=\"--awb-aspect-ratio:1 \/ 1;\"><div  class=\"fusion-image-wrapper\" aria-haspopup=\"true\">\n\t\t\t\t<img decoding=\"async\" width=\"260\" height=\"196\" src=\"https:\/\/luxinternational.com\/wp-content\/uploads\/2024\/03\/faq-other-questions.jpg\" class=\"attachment-full size-full lazyload wp-post-image\" alt=\"\" srcset=\"data:image\/svg+xml,%3Csvg%20xmlns%3D%27http%3A%2F%2Fwww.w3.org%2F2000%2Fsvg%27%20width%3D%27260%27%20height%3D%27196%27%20viewBox%3D%270%200%20260%20196%27%3E%3Crect%20width%3D%27260%27%20height%3D%27196%27%20fill-opacity%3D%220%22%2F%3E%3C%2Fsvg%3E\" data-orig-src=\"https:\/\/luxinternational.com\/wp-content\/uploads\/2024\/03\/faq-other-questions.jpg\" data-srcset=\"https:\/\/luxinternational.com\/wp-content\/uploads\/2024\/03\/faq-other-questions-200x151.jpg 200w, https:\/\/luxinternational.com\/wp-content\/uploads\/2024\/03\/faq-other-questions.jpg 260w\" data-sizes=\"auto\" \/><\/div>\n<\/div><\/div><\/div><div class=\"fusion-layout-column fusion_builder_column_inner fusion-builder-nested-column-1 fusion_builder_column_inner_3_4 3_4 fusion-flex-column\" style=\"--awb-bg-size:cover;--awb-width-large:75%;--awb-margin-top-large:0px;--awb-spacing-right-large:2.56%;--awb-margin-bottom-large:20px;--awb-spacing-left-large:2.56%;--awb-width-medium:75%;--awb-order-medium:0;--awb-spacing-right-medium:2.56%;--awb-spacing-left-medium:2.56%;--awb-width-small:100%;--awb-order-small:0;--awb-spacing-right-small:1.92%;--awb-spacing-left-small:1.92%;\" data-scroll-devices=\"small-visibility,medium-visibility,large-visibility\"><div class=\"fusion-column-wrapper fusion-column-has-shadow fusion-flex-justify-content-flex-start fusion-content-layout-column\"><div class=\"fusion-content-tb fusion-content-tb-1\" style=\"--awb-text-color:var(--awb-custom_color_4);--awb-text-transform:none;\"><div class=\"fusion-fullwidth fullwidth-box fusion-builder-row-1-1 fusion-flex-container has-pattern-background has-mask-background nonhundred-percent-fullwidth non-hundred-percent-height-scrolling\" style=\"--link_hover_color: var(--awb-custom_color_5);--awb-border-radius-top-left:0px;--awb-border-radius-top-right:0px;--awb-border-radius-bottom-right:0px;--awb-border-radius-bottom-left:0px;--awb-flex-wrap:wrap;\" ><div class=\"fusion-builder-row fusion-row fusion-flex-align-items-flex-start fusion-flex-content-wrap\" style=\"width:104% !important;max-width:104% !important;margin-left: calc(-4% \/ 2 );margin-right: calc(-4% \/ 2 );\"><div class=\"fusion-layout-column fusion_builder_column fusion-builder-column-2 fusion_builder_column_1_1 1_1 fusion-flex-column\" style=\"--awb-bg-size:cover;--awb-width-large:100%;--awb-flex-grow:0;--awb-flex-shrink:0;--awb-margin-top-large:0px;--awb-spacing-right-large:1.92%;--awb-margin-bottom-large:20px;--awb-spacing-left-large:1.92%;--awb-width-medium:100%;--awb-order-medium:0;--awb-flex-grow-medium:0;--awb-flex-shrink-medium:0;--awb-spacing-right-medium:1.92%;--awb-spacing-left-medium:1.92%;--awb-width-small:100%;--awb-order-small:0;--awb-flex-grow-small:0;--awb-flex-shrink-small:0;--awb-spacing-right-small:1.92%;--awb-spacing-left-small:1.92%;\"><div class=\"fusion-column-wrapper fusion-column-has-shadow fusion-flex-justify-content-flex-start fusion-content-layout-column\"><div class=\"accordian fusion-accordian\" style=\"--awb-border-size:1px;--awb-icon-size:16px;--awb-content-font-size:18px;--awb-icon-alignment:left;--awb-hover-color:var(--awb-color2);--awb-border-color:var(--awb-color3);--awb-background-color:var(--awb-color1);--awb-divider-color:var(--awb-color3);--awb-divider-hover-color:var(--awb-color3);--awb-icon-color:var(--awb-color5);--awb-title-color:var(--awb-custom_color_4);--awb-content-color:var(--awb-custom_color_4);--awb-icon-box-color:var(--awb-color5);--awb-toggle-hover-accent-color:var(--awb-color5);--awb-title-font-family:&quot;Lato&quot;;--awb-title-font-weight:var(--awb-typography1);--awb-title-font-style:normal;--awb-title-font-size:24px;--awb-title-text-transform:none;--awb-content-font-family:&quot;Lato&quot;;--awb-content-font-style:normal;--awb-content-font-weight:var(--awb-typography4);\"><div class=\"panel-group fusion-toggle-icon-unboxed\" id=\"accordion-11491-1\"><div class=\"fusion-panel panel-default panel-54a8718db62dbcc97 fusion-toggle-no-divider\"><div class=\"panel-heading\"><h3 class=\"panel-title toggle\" id=\"toggle_54a8718db62dbcc97\"><a aria-expanded=\"false\" aria-controls=\"54a8718db62dbcc97\" role=\"button\" data-toggle=\"collapse\" data-parent=\"#accordion-11491-1\" data-target=\"#54a8718db62dbcc97\" href=\"#54a8718db62dbcc97\"><span class=\"fusion-toggle-icon-wrapper\" aria-hidden=\"true\"><i class=\"fa-fusion-box active-icon fa-minus fas\" aria-hidden=\"true\"><\/i><i class=\"fa-fusion-box inactive-icon fa-plus fas\" aria-hidden=\"true\"><\/i><\/span><span class=\"fusion-toggle-heading\">Czym jest Lux ORIGINAL?<\/span><\/a><\/h3><\/div><div id=\"54a8718db62dbcc97\" class=\"panel-collapse collapse \" aria-labelledby=\"toggle_54a8718db62dbcc97\"><div class=\"panel-body toggle-content fusion-clearfix\">\n<p>Lux ORIGINAL to linia materia\u0142\u00f3w eksploatacyjnych Lux. Dla ka\u017cdego produktu Lux opracowa\u0142 wysokiej jako\u015bci pojemniki na kurz i filtry, aby zapewni\u0107 najwy\u017csz\u0105 filtracj\u0119 i wydajno\u015b\u0107. Worki na py\u0142 i filtry Lux ORIGINAL s\u0105 dost\u0119pne w ka\u017cdym <a href=\"https:\/\/luxinternational.com\/contact-us\/\">punkcie obs\u0142ugi klienta Lux<\/a> oraz w lokalnych sklepach internetowych Lux.<\/p>\n<\/div><\/div><\/div><div class=\"fusion-panel panel-default panel-01109b85fb054d214 fusion-toggle-no-divider\"><div class=\"panel-heading\"><h3 class=\"panel-title toggle\" id=\"toggle_01109b85fb054d214\"><a aria-expanded=\"false\" aria-controls=\"01109b85fb054d214\" role=\"button\" data-toggle=\"collapse\" data-parent=\"#accordion-11491-1\" data-target=\"#01109b85fb054d214\" href=\"#01109b85fb054d214\"><span class=\"fusion-toggle-icon-wrapper\" aria-hidden=\"true\"><i class=\"fa-fusion-box active-icon fa-minus fas\" aria-hidden=\"true\"><\/i><i class=\"fa-fusion-box inactive-icon fa-plus fas\" aria-hidden=\"true\"><\/i><\/span><span class=\"fusion-toggle-heading\">Gdzie mog\u0119 dosta\u0107 cz\u0119\u015bci zamienne do produkt\u00f3w Lux?<\/span><\/a><\/h3><\/div><div id=\"01109b85fb054d214\" class=\"panel-collapse collapse \" aria-labelledby=\"toggle_01109b85fb054d214\"><div class=\"panel-body toggle-content fusion-clearfix\">\n<p>Ze wzgl\u0119d\u00f3w bezpiecze\u0144stwa i gwarancji naprawy produkt\u00f3w Lux powinny by\u0107 wykonywane wy\u0142\u0105cznie przez przeszkolony personel serwisu Lux. Cz\u0119\u015bci zamienne nie s\u0105 dost\u0119pne dla os\u00f3b nieupowa\u017cnionych. Serwis Lux oferuje og\u00f3ln\u0105 kontrol\u0119 urz\u0105dzenia, a tak\u017ce profesjonaln\u0105 napraw\u0119 urz\u0105dzenia przy u\u017cyciu oryginalnych cz\u0119\u015bci zamiennych Lux.<\/p>\n<\/div><\/div><\/div><div class=\"fusion-panel panel-default panel-8278678de6ebb24bb fusion-toggle-no-divider\"><div class=\"panel-heading\"><h3 class=\"panel-title toggle\" id=\"toggle_8278678de6ebb24bb\"><a aria-expanded=\"false\" aria-controls=\"8278678de6ebb24bb\" role=\"button\" data-toggle=\"collapse\" data-parent=\"#accordion-11491-1\" data-target=\"#8278678de6ebb24bb\" href=\"#8278678de6ebb24bb\"><span class=\"fusion-toggle-icon-wrapper\" aria-hidden=\"true\"><i class=\"fa-fusion-box active-icon fa-minus fas\" aria-hidden=\"true\"><\/i><i class=\"fa-fusion-box inactive-icon fa-plus fas\" aria-hidden=\"true\"><\/i><\/span><span class=\"fusion-toggle-heading\">Jak skontaktowa\u0107 si\u0119 z przedstawicielem Lux?<\/span><\/a><\/h3><\/div><div id=\"8278678de6ebb24bb\" class=\"panel-collapse collapse \" aria-labelledby=\"toggle_8278678de6ebb24bb\"><div class=\"panel-body toggle-content fusion-clearfix\">\n<p>Mo\u017cesz poprosi\u0107 o spotkanie z przedstawicielem Lux, korzystaj\u0105c z formularza online lub dzwoni\u0105c pod lokalny numer telefonu obs\u0142ugi klienta.<\/p>\n<\/div><\/div><\/div><div class=\"fusion-panel panel-default panel-144d8cbb1785170c3 fusion-toggle-no-divider\"><div class=\"panel-heading\"><h3 class=\"panel-title toggle\" id=\"toggle_144d8cbb1785170c3\"><a aria-expanded=\"false\" aria-controls=\"144d8cbb1785170c3\" role=\"button\" data-toggle=\"collapse\" data-parent=\"#accordion-11491-1\" data-target=\"#144d8cbb1785170c3\" href=\"#144d8cbb1785170c3\"><span class=\"fusion-toggle-icon-wrapper\" aria-hidden=\"true\"><i class=\"fa-fusion-box active-icon fa-minus fas\" aria-hidden=\"true\"><\/i><i class=\"fa-fusion-box inactive-icon fa-plus fas\" aria-hidden=\"true\"><\/i><\/span><span class=\"fusion-toggle-heading\">Sk\u0105d mam wiedzie\u0107, czy odwiedzaj\u0105ca mnie osoba jest przedstawicielem Lux?<\/span><\/a><\/h3><\/div><div id=\"144d8cbb1785170c3\" class=\"panel-collapse collapse \" aria-labelledby=\"toggle_144d8cbb1785170c3\"><div class=\"panel-body toggle-content fusion-clearfix\">\n<p>Ka\u017cdy przedstawiciel Lux posiada identyfikator Lux, kt\u00f3ry z dum\u0105 mo\u017ce pokaza\u0107.<\/p>\n<\/div><\/div><\/div><\/div><\/div><\/div><\/div><\/div><\/div>\n<\/div><\/div><\/div><\/div><\/div><\/li>\n<\/ul><\/div><\/div><\/div><\/div><\/div>\n","protected":false},"excerpt":{"rendered":"","protected":false},"author":1,"featured_media":0,"parent":9831,"menu_order":0,"comment_status":"closed","ping_status":"closed","template":"100-width.php","meta":{"_acf_changed":false,"footnotes":""},"class_list":["post-10173","page","type-page","status-publish","hentry"],"acf":[],"_links":{"self":[{"href":"https:\/\/luxinternational.com\/pl\/wp-json\/wp\/v2\/pages\/10173","targetHints":{"allow":["GET"]}}],"collection":[{"href":"https:\/\/luxinternational.com\/pl\/wp-json\/wp\/v2\/pages"}],"about":[{"href":"https:\/\/luxinternational.com\/pl\/wp-json\/wp\/v2\/types\/page"}],"author":[{"embeddable":true,"href":"https:\/\/luxinternational.com\/pl\/wp-json\/wp\/v2\/users\/1"}],"replies":[{"embeddable":true,"href":"https:\/\/luxinternational.com\/pl\/wp-json\/wp\/v2\/comments?post=10173"}],"version-history":[{"count":1,"href":"https:\/\/luxinternational.com\/pl\/wp-json\/wp\/v2\/pages\/10173\/revisions"}],"predecessor-version":[{"id":10175,"href":"https:\/\/luxinternational.com\/pl\/wp-json\/wp\/v2\/pages\/10173\/revisions\/10175"}],"up":[{"embeddable":true,"href":"https:\/\/luxinternational.com\/pl\/wp-json\/wp\/v2\/pages\/9831"}],"wp:attachment":[{"href":"https:\/\/luxinternational.com\/pl\/wp-json\/wp\/v2\/media?parent=10173"}],"curies":[{"name":"wp","href":"https:\/\/api.w.org\/{rel}","templated":true}]}}