{"id":11749,"date":"2024-03-26T19:42:42","date_gmt":"2024-03-26T18:42:42","guid":{"rendered":"https:\/\/luxinternational.com\/product\/velvaerepute\/"},"modified":"2025-06-26T11:13:52","modified_gmt":"2025-06-26T09:13:52","slug":"velvaerepute","status":"publish","type":"product","link":"https:\/\/luxinternational.com\/no\/product\/velvaerepute\/","title":{"rendered":"Velv\u00e6repute"},"content":{"rendered":"<div class=\"fusion-fullwidth fullwidth-box fusion-builder-row-1 fusion-flex-container has-pattern-background has-mask-background nonhundred-percent-fullwidth non-hundred-percent-height-scrolling\" style=\"--awb-border-radius-top-left:0px;--awb-border-radius-top-right:0px;--awb-border-radius-bottom-right:0px;--awb-border-radius-bottom-left:0px;--awb-padding-right:0px;--awb-padding-left:0px;--awb-margin-top:30px;--awb-margin-top-medium:15px;--awb-flex-wrap:wrap;\" id=\"product-tabs\" ><div class=\"fusion-builder-row fusion-row fusion-flex-align-items-flex-start fusion-flex-content-wrap\" style=\"max-width:1372.8px;margin-left: calc(-4% \/ 2 );margin-right: calc(-4% \/ 2 );\"><div class=\"fusion-layout-column fusion_builder_column fusion-builder-column-0 fusion_builder_column_1_1 1_1 fusion-flex-column\" style=\"--awb-bg-size:cover;--awb-width-large:100%;--awb-margin-top-large:0px;--awb-spacing-right-large:1.92%;--awb-margin-bottom-large:20px;--awb-spacing-left-large:1.92%;--awb-width-medium:100%;--awb-order-medium:0;--awb-spacing-right-medium:1.92%;--awb-spacing-left-medium:1.92%;--awb-width-small:100%;--awb-order-small:0;--awb-spacing-right-small:1.92%;--awb-spacing-left-small:1.92%;\" data-scroll-devices=\"small-visibility,medium-visibility,large-visibility\"><div class=\"fusion-column-wrapper fusion-column-has-shadow fusion-flex-justify-content-flex-start fusion-content-layout-column\"><div class=\"fusion-tabs fusion-tabs-1 classic nav-is-justified horizontal-tabs icon-position-left mobile-mode-accordion\" style=\"--awb-title-border-radius-top-left:0px;--awb-title-border-radius-top-right:0px;--awb-title-border-radius-bottom-right:0px;--awb-title-border-radius-bottom-left:0px;--awb-alignment:start;--awb-inactive-color:var(--awb-custom_color_6);--awb-background-color:var(--awb-color1);--awb-border-color:var(--awb-custom_color_6);--awb-active-border-color:var(--awb-color5);\"><div class=\"nav\"><ul class=\"nav-tabs nav-justified\" role=\"tablist\"><li class=\"active\" role=\"presentation\"><a class=\"tab-link\" data-toggle=\"tab\" role=\"tab\" aria-controls=\"tab-47ab1999af73424ed6c\" aria-selected=\"true\" id=\"fusion-tab-spesifikasjon\" href=\"#tab-47ab1999af73424ed6c\"><h4 class=\"fusion-tab-heading\">Spesifikasjon<\/h4><\/a><\/li><li role=\"presentation\"><a class=\"tab-link\" data-toggle=\"tab\" role=\"tab\" aria-controls=\"tab-78d6a5e012ec1386dc8\" aria-selected=\"false\" tabindex=\"-1\" id=\"fusion-tab-funksjoner\" href=\"#tab-78d6a5e012ec1386dc8\"><h4 class=\"fusion-tab-heading\">Funksjoner<\/h4><\/a><\/li><li role=\"presentation\"><a class=\"tab-link\" data-toggle=\"tab\" role=\"tab\" aria-controls=\"tab-2562e7648a84709e2b3\" aria-selected=\"false\" tabindex=\"-1\" id=\"fusion-tab-sertifikaterogutmerkelser\" href=\"#tab-2562e7648a84709e2b3\"><h4 class=\"fusion-tab-heading\">Sertifikater og utmerkelser<\/h4><\/a><\/li><li role=\"presentation\"><a class=\"tab-link\" data-toggle=\"tab\" role=\"tab\" aria-controls=\"tab-6dd83c3a0d7e4c57fab\" aria-selected=\"false\" tabindex=\"-1\" id=\"fusion-tab-st\u00f8tte\" href=\"#tab-6dd83c3a0d7e4c57fab\"><h4 class=\"fusion-tab-heading\">St\u00f8tte<\/h4><\/a><\/li><\/ul><\/div><div class=\"tab-content\"><div class=\"nav fusion-mobile-tab-nav\"><ul class=\"nav-tabs nav-justified\" role=\"tablist\"><li class=\"active\" role=\"presentation\"><a class=\"tab-link\" data-toggle=\"tab\" role=\"tab\" aria-controls=\"tab-47ab1999af73424ed6c\" aria-selected=\"true\" id=\"mobile-fusion-tab-spesifikasjon\" href=\"#tab-47ab1999af73424ed6c\"><h4 class=\"fusion-tab-heading\">Spesifikasjon<\/h4><\/a><\/li><\/ul><\/div><div class=\"tab-pane fade fusion-clearfix in active\" role=\"tabpanel\" tabindex=\"0\" aria-labelledby=\"fusion-tab-spesifikasjon\" id=\"tab-47ab1999af73424ed6c\">\n<table>\n<tbody>\n<tr>\n<td>Dimensjon Kun enhet (H x D)<\/td>\n<td>610 x \u00d8 400 mm<\/td>\n<\/tr>\n<tr>\n<td>Vekt<\/td>\n<td>11 kg<\/td>\n<\/tr>\n<tr>\n<td>Str\u00f8mbryter<\/td>\n<td>Knott<\/td>\n<\/tr>\n<tr>\n<td>Visning<\/td>\n<td>Nei<\/td>\n<\/tr>\n<tr>\n<td>Gjeldende areal<\/td>\n<td>65<sup>m2<\/sup><\/td>\n<\/tr>\n<tr>\n<td>CADR<\/td>\n<td>765<sup>m3\/t<\/sup><\/td>\n<\/tr>\n<tr>\n<td>Partikkelteller<\/td>\n<td>Nei<\/td>\n<\/tr>\n<tr>\n<td>Automatisk modus<\/td>\n<td>Nei<\/td>\n<\/tr>\n<tr>\n<td>Timer for filterbytte<\/td>\n<td>Nei<\/td>\n<\/tr>\n<tr>\n<td>UV-A LED<\/td>\n<td>Ja<\/td>\n<\/tr>\n<tr>\n<td>Hjul<\/td>\n<td>kun som tilbeh\u00f8r<\/td>\n<\/tr>\n<tr>\n<td>Forfilterduk<\/td>\n<td>Svart (gr\u00e5 og r\u00f8d som tilbeh\u00f8r)<\/td>\n<\/tr>\n<tr>\n<td>Spesielle funksjoner<\/td>\n<td>UV-A LED<\/td>\n<\/tr>\n<\/tbody>\n<\/table>\n<\/div><div class=\"nav fusion-mobile-tab-nav\"><ul class=\"nav-tabs nav-justified\" role=\"tablist\"><li role=\"presentation\"><a class=\"tab-link\" data-toggle=\"tab\" role=\"tab\" aria-controls=\"tab-78d6a5e012ec1386dc8\" aria-selected=\"false\" tabindex=\"-1\" id=\"mobile-fusion-tab-funksjoner\" href=\"#tab-78d6a5e012ec1386dc8\"><h4 class=\"fusion-tab-heading\">Funksjoner<\/h4><\/a><\/li><\/ul><\/div><div class=\"tab-pane fade fusion-clearfix\" role=\"tabpanel\" tabindex=\"0\" aria-labelledby=\"fusion-tab-funksjoner\" id=\"tab-78d6a5e012ec1386dc8\">\n<p><strong>FORFILTER<\/strong><br \/>\nForfilteret fjerner store partikler som h\u00e5r og fibre. Det er vaskbart og enkelt \u00e5 montere. <\/p>\n<p><strong>HEPALUX<\/strong><br \/>\nHEPALUX-filtreringsteknologi sikrer en filtreringsgrad p\u00e5 99,95 %, og den fotokatalytiske oksidasjonen med UV-LED som bekjemper bakterier og virus, s\u00f8rger for at hvert \u00e5ndedrag du tar er sunt!<\/p>\n<p>AKTIVT <strong>KULLFILTER<\/strong><br \/>\nDet aktive kullfilteret reduserer gasser samt naturlige og kjemiske lukter som tobakks- og matlukt.<\/p>\n<p><strong>IONISATOR<\/strong><br \/>\nIonisatoren frigj\u00f8r negativt ladede ioner som fester seg til de positivt ladede skadelige partiklene. Dermed blir smusspartiklene i luften tyngre og faller ned p\u00e5 gulvet.<\/p>\n<\/div><div class=\"nav fusion-mobile-tab-nav\"><ul class=\"nav-tabs nav-justified\" role=\"tablist\"><li role=\"presentation\"><a class=\"tab-link\" data-toggle=\"tab\" role=\"tab\" aria-controls=\"tab-2562e7648a84709e2b3\" aria-selected=\"false\" tabindex=\"-1\" id=\"mobile-fusion-tab-sertifikaterogutmerkelser\" href=\"#tab-2562e7648a84709e2b3\"><h4 class=\"fusion-tab-heading\">Sertifikater og utmerkelser<\/h4><\/a><\/li><\/ul><\/div><div class=\"tab-pane fade fusion-clearfix\" role=\"tabpanel\" tabindex=\"0\" aria-labelledby=\"fusion-tab-sertifikaterogutmerkelser\" id=\"tab-2562e7648a84709e2b3\">\n<p><img decoding=\"async\" class=\"lazyload alignnone wp-image-3965\" src=\"data:image\/svg+xml,%3Csvg%20xmlns%3D%27http%3A%2F%2Fwww.w3.org%2F2000%2Fsvg%27%20width%3D%27155%27%20height%3D%27155%27%20viewBox%3D%270%200%20155%20155%27%3E%3Crect%20width%3D%27155%27%20height%3D%27155%27%20fill-opacity%3D%220%22%2F%3E%3C%2Fsvg%3E\" data-orig-src=\"https:\/\/luxinternational.com\/wp-content\/uploads\/2024\/03\/1786_gui_lab_label_effectively_reduces_bacterias_viruses_560_en.jpg\" alt=\"\" width=\"155\" height=\"155\"><\/p>\n<p><strong>GUI-SERTIFIKASJON<\/strong><br \/>\n<strong>Reduserer<\/strong> effektivt bakterier, finst\u00f8v, mugg, mikroorganismer og virus i inneluften.<\/p>\n<\/div><div class=\"nav fusion-mobile-tab-nav\"><ul class=\"nav-tabs nav-justified\" role=\"tablist\"><li role=\"presentation\"><a class=\"tab-link\" data-toggle=\"tab\" role=\"tab\" aria-controls=\"tab-6dd83c3a0d7e4c57fab\" aria-selected=\"false\" tabindex=\"-1\" id=\"mobile-fusion-tab-st\u00f8tte\" href=\"#tab-6dd83c3a0d7e4c57fab\"><h4 class=\"fusion-tab-heading\">St\u00f8tte<\/h4><\/a><\/li><\/ul><\/div><div class=\"tab-pane fade fusion-clearfix\" role=\"tabpanel\" tabindex=\"0\" aria-labelledby=\"fusion-tab-st\u00f8tte\" id=\"tab-6dd83c3a0d7e4c57fab\">\n<p><a href=\"https:\/\/luxinternational.com\/wp-content\/uploads\/2024\/03\/ag-s_sense-manual-eng-web.pdf\" target=\"_blank\" rel=\"noopener\">Produkth\u00e5ndbok<\/a><br \/>\n<a href=\"https:\/\/luxinternational.com\/wp-content\/uploads\/2024\/03\/en_ags_-brochure_web.pdf\" target=\"_blank\" rel=\"noopener\">Brosjyre<\/a><br \/>\n<a href=\"https:\/\/luxinternational.com\/wp-content\/uploads\/2024\/03\/1813_en_ags_1799_zertifikat-gui-mo-2020_01_560.pdf\" target=\"_blank\" rel=\"noopener\">Gui-sertifisering<\/a><\/p>\n<\/div><\/div><\/div><\/div><\/div><\/div><\/div>\n","protected":false},"excerpt":{"rendered":"","protected":false},"author":1,"featured_media":11751,"template":"","product-category":[149],"product-keyword":[],"class_list":["post-11749","product","type-product","status-publish","has-post-thumbnail","hentry","product-category-good-sleep"],"acf":[],"_links":{"self":[{"href":"https:\/\/luxinternational.com\/no\/wp-json\/wp\/v2\/product\/11749","targetHints":{"allow":["GET"]}}],"collection":[{"href":"https:\/\/luxinternational.com\/no\/wp-json\/wp\/v2\/product"}],"about":[{"href":"https:\/\/luxinternational.com\/no\/wp-json\/wp\/v2\/types\/product"}],"author":[{"embeddable":true,"href":"https:\/\/luxinternational.com\/no\/wp-json\/wp\/v2\/users\/1"}],"version-history":[{"count":8,"href":"https:\/\/luxinternational.com\/no\/wp-json\/wp\/v2\/product\/11749\/revisions"}],"predecessor-version":[{"id":11815,"href":"https:\/\/luxinternational.com\/no\/wp-json\/wp\/v2\/product\/11749\/revisions\/11815"}],"wp:featuredmedia":[{"embeddable":true,"href":"https:\/\/luxinternational.com\/no\/wp-json\/wp\/v2\/media\/11751"}],"wp:attachment":[{"href":"https:\/\/luxinternational.com\/no\/wp-json\/wp\/v2\/media?parent=11749"}],"wp:term":[{"taxonomy":"product-category","embeddable":true,"href":"https:\/\/luxinternational.com\/no\/wp-json\/wp\/v2\/product-category?post=11749"},{"taxonomy":"product-keyword","embeddable":true,"href":"https:\/\/luxinternational.com\/no\/wp-json\/wp\/v2\/product-keyword?post=11749"}],"curies":[{"name":"wp","href":"https:\/\/api.w.org\/{rel}","templated":true}]}}