{"id":10796,"date":"2024-03-07T17:06:07","date_gmt":"2024-03-07T16:06:07","guid":{"rendered":"https:\/\/luxinternational.com\/product\/welity-madrass\/"},"modified":"2026-03-05T13:31:51","modified_gmt":"2026-03-05T12:31:51","slug":"welity-madrass","status":"publish","type":"product","link":"https:\/\/luxinternational.com\/no\/product\/welity-madrass\/","title":{"rendered":"Welity-madrass"},"content":{"rendered":"<div class=\"fusion-fullwidth fullwidth-box fusion-builder-row-1 fusion-flex-container has-pattern-background has-mask-background nonhundred-percent-fullwidth non-hundred-percent-height-scrolling\" style=\"--awb-border-radius-top-left:0px;--awb-border-radius-top-right:0px;--awb-border-radius-bottom-right:0px;--awb-border-radius-bottom-left:0px;--awb-padding-right:0px;--awb-padding-left:0px;--awb-margin-top:30px;--awb-margin-top-medium:15px;--awb-flex-wrap:wrap;\" id=\"product-tabs\" ><div class=\"fusion-builder-row fusion-row fusion-flex-align-items-flex-start fusion-flex-content-wrap\" style=\"max-width:1372.8px;margin-left: calc(-4% \/ 2 );margin-right: calc(-4% \/ 2 );\"><div class=\"fusion-layout-column fusion_builder_column fusion-builder-column-0 fusion_builder_column_1_1 1_1 fusion-flex-column\" style=\"--awb-bg-size:cover;--awb-width-large:100%;--awb-margin-top-large:0px;--awb-spacing-right-large:1.92%;--awb-margin-bottom-large:20px;--awb-spacing-left-large:1.92%;--awb-width-medium:100%;--awb-order-medium:0;--awb-spacing-right-medium:1.92%;--awb-spacing-left-medium:1.92%;--awb-width-small:100%;--awb-order-small:0;--awb-spacing-right-small:1.92%;--awb-spacing-left-small:1.92%;\"><div class=\"fusion-column-wrapper fusion-column-has-shadow fusion-flex-justify-content-flex-start fusion-content-layout-column\"><div class=\"fusion-image-carousel fusion-image-carousel-fixed fusion-image-carousel-1 lightbox-enabled fusion-carousel-border\"><div class=\"awb-carousel awb-swiper awb-swiper-carousel awb-carousel--carousel awb-swiper-dots-position-bottom\" data-layout=\"carousel\" data-autoplay=\"no\" data-autoplayspeed=\"2500\" data-autoplaypause=\"no\" data-columns=\"5\" data-columnsmedium=\"1\" data-columnssmall=\"1\" data-itemmargin=\"10\" data-itemwidth=\"180\" data-touchscroll=\"no\" data-freemode=\"no\" data-imagesize=\"fixed\" data-scrollitems=\"0\" data-centeredslides=\"no\" data-rotationangle=\"50\" data-depth=\"100\" data-speed=\"500\" data-shadow=\"no\" data-pagination=\"bullets\" style=\"--awb-column-spacing:10px;--awb-border-width:1px;--awb-border-color:#e9eaee;\"><div class=\"swiper-wrapper awb-image-carousel-wrapper fusion-flex-align-items-center\"><div class=\"swiper-slide\"><div class=\"fusion-carousel-item-wrapper\"><div class=\"fusion-image-wrapper hover-type-none\"><a data-rel=\"iLightbox[image_carousel_1]\" data-title=\"236_pic2_o\" aria-label=\"236_pic2_o\" href=\"https:\/\/luxinternational.com\/wp-content\/uploads\/2024\/04\/236_pic2_o.jpeg\" target=\"_self\"><img decoding=\"async\" width=\"320\" height=\"202\" src=\"data:image\/svg+xml,%3Csvg%20xmlns%3D%27http%3A%2F%2Fwww.w3.org%2F2000%2Fsvg%27%20width%3D%271024%27%20height%3D%27576%27%20viewBox%3D%270%200%201024%20576%27%3E%3Crect%20width%3D%271024%27%20height%3D%27576%27%20fill-opacity%3D%220%22%2F%3E%3C%2Fsvg%3E\" class=\"attachment-blog-medium size-blog-medium lazyload\" alt=\"\" data-orig-src=\"https:\/\/luxinternational.com\/wp-content\/uploads\/2024\/04\/236_pic2_o-320x202.jpeg\" \/><\/a><\/div><\/div><\/div><div class=\"swiper-slide\"><div class=\"fusion-carousel-item-wrapper\"><div class=\"fusion-image-wrapper hover-type-none\"><a data-rel=\"iLightbox[image_carousel_1]\" data-title=\"236_pic3_o\" aria-label=\"236_pic3_o\" href=\"https:\/\/luxinternational.com\/wp-content\/uploads\/2024\/04\/236_pic3_o.jpeg\" target=\"_self\"><img decoding=\"async\" width=\"320\" height=\"202\" src=\"data:image\/svg+xml,%3Csvg%20xmlns%3D%27http%3A%2F%2Fwww.w3.org%2F2000%2Fsvg%27%20width%3D%271024%27%20height%3D%27576%27%20viewBox%3D%270%200%201024%20576%27%3E%3Crect%20width%3D%271024%27%20height%3D%27576%27%20fill-opacity%3D%220%22%2F%3E%3C%2Fsvg%3E\" class=\"attachment-blog-medium size-blog-medium lazyload\" alt=\"\" data-orig-src=\"https:\/\/luxinternational.com\/wp-content\/uploads\/2024\/04\/236_pic3_o-320x202.jpeg\" \/><\/a><\/div><\/div><\/div><div class=\"swiper-slide\"><div class=\"fusion-carousel-item-wrapper\"><div class=\"fusion-image-wrapper hover-type-none\"><a data-rel=\"iLightbox[image_carousel_1]\" data-title=\"236_pic4_o\" aria-label=\"236_pic4_o\" href=\"https:\/\/luxinternational.com\/wp-content\/uploads\/2024\/04\/236_pic4_o.jpeg\" target=\"_self\"><img decoding=\"async\" width=\"320\" height=\"202\" src=\"data:image\/svg+xml,%3Csvg%20xmlns%3D%27http%3A%2F%2Fwww.w3.org%2F2000%2Fsvg%27%20width%3D%271024%27%20height%3D%27576%27%20viewBox%3D%270%200%201024%20576%27%3E%3Crect%20width%3D%271024%27%20height%3D%27576%27%20fill-opacity%3D%220%22%2F%3E%3C%2Fsvg%3E\" class=\"attachment-blog-medium size-blog-medium lazyload\" alt=\"\" data-orig-src=\"https:\/\/luxinternational.com\/wp-content\/uploads\/2024\/04\/236_pic4_o-320x202.jpeg\" \/><\/a><\/div><\/div><\/div><div class=\"swiper-slide\"><div class=\"fusion-carousel-item-wrapper\"><div class=\"fusion-image-wrapper hover-type-none\"><a data-rel=\"iLightbox[image_carousel_1]\" data-title=\"236_pic5_o\" aria-label=\"236_pic5_o\" href=\"https:\/\/luxinternational.com\/wp-content\/uploads\/2024\/04\/236_pic5_o.jpeg\" target=\"_self\"><img decoding=\"async\" width=\"320\" height=\"202\" src=\"data:image\/svg+xml,%3Csvg%20xmlns%3D%27http%3A%2F%2Fwww.w3.org%2F2000%2Fsvg%27%20width%3D%271024%27%20height%3D%27576%27%20viewBox%3D%270%200%201024%20576%27%3E%3Crect%20width%3D%271024%27%20height%3D%27576%27%20fill-opacity%3D%220%22%2F%3E%3C%2Fsvg%3E\" class=\"attachment-blog-medium size-blog-medium lazyload\" alt=\"\" data-orig-src=\"https:\/\/luxinternational.com\/wp-content\/uploads\/2024\/04\/236_pic5_o-320x202.jpeg\" \/><\/a><\/div><\/div><\/div><div class=\"swiper-slide\"><div class=\"fusion-carousel-item-wrapper\"><div class=\"fusion-image-wrapper hover-type-none\"><a data-rel=\"iLightbox[image_carousel_1]\" data-title=\"236_pic6_o\" aria-label=\"236_pic6_o\" href=\"https:\/\/luxinternational.com\/wp-content\/uploads\/2024\/04\/236_pic6_o.jpeg\" target=\"_self\"><img decoding=\"async\" width=\"320\" height=\"202\" src=\"data:image\/svg+xml,%3Csvg%20xmlns%3D%27http%3A%2F%2Fwww.w3.org%2F2000%2Fsvg%27%20width%3D%271024%27%20height%3D%27576%27%20viewBox%3D%270%200%201024%20576%27%3E%3Crect%20width%3D%271024%27%20height%3D%27576%27%20fill-opacity%3D%220%22%2F%3E%3C%2Fsvg%3E\" class=\"attachment-blog-medium size-blog-medium lazyload\" alt=\"\" data-orig-src=\"https:\/\/luxinternational.com\/wp-content\/uploads\/2024\/04\/236_pic6_o-320x202.jpeg\" \/><\/a><\/div><\/div><\/div><div class=\"swiper-slide\"><div class=\"fusion-carousel-item-wrapper\"><div class=\"fusion-image-wrapper hover-type-none\"><a data-rel=\"iLightbox[image_carousel_1]\" data-title=\"236_pic7_o\" aria-label=\"236_pic7_o\" href=\"https:\/\/luxinternational.com\/wp-content\/uploads\/2024\/04\/236_pic7_o.jpeg\" target=\"_self\"><img decoding=\"async\" width=\"320\" height=\"202\" src=\"data:image\/svg+xml,%3Csvg%20xmlns%3D%27http%3A%2F%2Fwww.w3.org%2F2000%2Fsvg%27%20width%3D%271024%27%20height%3D%27576%27%20viewBox%3D%270%200%201024%20576%27%3E%3Crect%20width%3D%271024%27%20height%3D%27576%27%20fill-opacity%3D%220%22%2F%3E%3C%2Fsvg%3E\" class=\"attachment-blog-medium size-blog-medium lazyload\" alt=\"\" data-orig-src=\"https:\/\/luxinternational.com\/wp-content\/uploads\/2024\/04\/236_pic7_o-320x202.jpeg\" \/><\/a><\/div><\/div><\/div><div class=\"swiper-slide\"><div class=\"fusion-carousel-item-wrapper\"><div class=\"fusion-image-wrapper hover-type-none\"><a data-rel=\"iLightbox[image_carousel_1]\" data-title=\"372_pic2_n\" aria-label=\"372_pic2_n\" href=\"https:\/\/luxinternational.com\/wp-content\/uploads\/2024\/04\/372_pic2_n.jpeg\" target=\"_self\"><img decoding=\"async\" width=\"320\" height=\"202\" src=\"data:image\/svg+xml,%3Csvg%20xmlns%3D%27http%3A%2F%2Fwww.w3.org%2F2000%2Fsvg%27%20width%3D%271024%27%20height%3D%27576%27%20viewBox%3D%270%200%201024%20576%27%3E%3Crect%20width%3D%271024%27%20height%3D%27576%27%20fill-opacity%3D%220%22%2F%3E%3C%2Fsvg%3E\" class=\"attachment-blog-medium size-blog-medium lazyload\" alt=\"\" data-orig-src=\"https:\/\/luxinternational.com\/wp-content\/uploads\/2024\/04\/372_pic2_n-320x202.jpeg\" \/><\/a><\/div><\/div><\/div><\/div><div class=\"awb-swiper-button awb-swiper-button-prev\"><i class=\"awb-icon-angle-left\" aria-hidden=\"true\"><\/i><\/div><div class=\"awb-swiper-button awb-swiper-button-next\"><i class=\"awb-icon-angle-right\" aria-hidden=\"true\"><\/i><\/div><\/div><\/div><\/div><\/div><div class=\"fusion-layout-column fusion_builder_column fusion-builder-column-1 fusion_builder_column_1_1 1_1 fusion-flex-column\" style=\"--awb-bg-size:cover;--awb-width-large:100%;--awb-margin-top-large:0px;--awb-spacing-right-large:1.92%;--awb-margin-bottom-large:20px;--awb-spacing-left-large:1.92%;--awb-width-medium:100%;--awb-order-medium:0;--awb-spacing-right-medium:1.92%;--awb-spacing-left-medium:1.92%;--awb-width-small:100%;--awb-order-small:0;--awb-spacing-right-small:1.92%;--awb-spacing-left-small:1.92%;\" data-scroll-devices=\"small-visibility,medium-visibility,large-visibility\"><div class=\"fusion-column-wrapper fusion-column-has-shadow fusion-flex-justify-content-flex-start fusion-content-layout-column\"><div class=\"fusion-tabs fusion-tabs-1 classic nav-is-justified horizontal-tabs icon-position-left mobile-mode-accordion\" style=\"--awb-title-border-radius-top-left:0px;--awb-title-border-radius-top-right:0px;--awb-title-border-radius-bottom-right:0px;--awb-title-border-radius-bottom-left:0px;--awb-alignment:start;--awb-inactive-color:var(--awb-custom_color_6);--awb-background-color:var(--awb-color1);--awb-border-color:var(--awb-custom_color_6);--awb-active-border-color:var(--awb-color5);\"><div class=\"nav\"><ul class=\"nav-tabs nav-justified\" role=\"tablist\"><li class=\"active\" role=\"presentation\"><a class=\"tab-link\" data-toggle=\"tab\" role=\"tab\" aria-controls=\"tab-4c022d68de8e58a7656\" aria-selected=\"true\" id=\"fusion-tab-spesifikasjon\" href=\"#tab-4c022d68de8e58a7656\"><h4 class=\"fusion-tab-heading\">Spesifikasjon<\/h4><\/a><\/li><li role=\"presentation\"><a class=\"tab-link\" data-toggle=\"tab\" role=\"tab\" aria-controls=\"tab-3c0e77a64693dce50d3\" aria-selected=\"false\" tabindex=\"-1\" id=\"fusion-tab-funksjoner\" href=\"#tab-3c0e77a64693dce50d3\"><h4 class=\"fusion-tab-heading\">Funksjoner<\/h4><\/a><\/li><li role=\"presentation\"><a class=\"tab-link\" data-toggle=\"tab\" role=\"tab\" aria-controls=\"tab-f07534ad849f10a88b3\" aria-selected=\"false\" tabindex=\"-1\" id=\"fusion-tab-sertifikaterogutmerkelser\" href=\"#tab-f07534ad849f10a88b3\"><h4 class=\"fusion-tab-heading\">Sertifikater og utmerkelser<\/h4><\/a><\/li><\/ul><\/div><div class=\"tab-content\"><div class=\"nav fusion-mobile-tab-nav\"><ul class=\"nav-tabs nav-justified\" role=\"tablist\"><li class=\"active\" role=\"presentation\"><a class=\"tab-link\" data-toggle=\"tab\" role=\"tab\" aria-controls=\"tab-4c022d68de8e58a7656\" aria-selected=\"true\" id=\"mobile-fusion-tab-spesifikasjon\" href=\"#tab-4c022d68de8e58a7656\"><h4 class=\"fusion-tab-heading\">Spesifikasjon<\/h4><\/a><\/li><\/ul><\/div><div class=\"tab-pane fade fusion-clearfix in active\" role=\"tabpanel\" tabindex=\"0\" aria-labelledby=\"fusion-tab-spesifikasjon\" id=\"tab-4c022d68de8e58a7656\">\n<table>\n<tbody>\n<tr>\n<td>Lag av lameller med 5 soner<\/td>\n<td>17 cm<\/td>\n<\/tr>\n<tr>\n<td>Lag av visko memory-skum<\/td>\n<td>3 cm<\/td>\n<\/tr>\n<tr>\n<td>Deksel 1 Viskoknottstruktur<\/td>\n<td>2,5 cm<\/td>\n<\/tr>\n<tr>\n<td>Cover 2 Outlast<\/td>\n<td>0,5 cm<\/td>\n<\/tr>\n<tr>\n<td>Farger<\/td>\n<td>hvit \/ brun<\/td>\n<\/tr>\n<tr>\n<td>Garanti<\/td>\n<td>3 \u00e5r<\/td>\n<\/tr>\n<tr>\n<td>Dimensjoner (B x H x D)<\/td>\n<td>80 x 200 x 23 cm<\/td>\n<\/tr>\n<tr>\n<td><\/td>\n<td>90 x 190 x 23 cm<\/td>\n<\/tr>\n<tr>\n<td><\/td>\n<td>100 x 190 x 23 cm<\/td>\n<\/tr>\n<tr>\n<td><\/td>\n<td>100 x 200 x 23 cm<\/td>\n<\/tr>\n<tr>\n<td><\/td>\n<td>120 x 200 x 23 cm<\/td>\n<\/tr>\n<tr>\n<td><\/td>\n<td>140 x 200 x 23 cm<\/td>\n<\/tr>\n<tr>\n<td>Antall\/pakke<\/td>\n<td>1<\/td>\n<\/tr>\n<\/tbody>\n<\/table>\n<\/div><div class=\"nav fusion-mobile-tab-nav\"><ul class=\"nav-tabs nav-justified\" role=\"tablist\"><li role=\"presentation\"><a class=\"tab-link\" data-toggle=\"tab\" role=\"tab\" aria-controls=\"tab-3c0e77a64693dce50d3\" aria-selected=\"false\" tabindex=\"-1\" id=\"mobile-fusion-tab-funksjoner\" href=\"#tab-3c0e77a64693dce50d3\"><h4 class=\"fusion-tab-heading\">Funksjoner<\/h4><\/a><\/li><\/ul><\/div><div class=\"tab-pane fade fusion-clearfix\" role=\"tabpanel\" tabindex=\"0\" aria-labelledby=\"fusion-tab-funksjoner\" id=\"tab-3c0e77a64693dce50d3\">\n<p><img decoding=\"async\" class=\"lazyload alignnone wp-image-4058 size-thumbnail\" src=\"https:\/\/luxinternational.com\/wp-content\/uploads\/2024\/03\/outlast-logo-150x150.jpg\" data-orig-src=\"https:\/\/luxinternational.com\/wp-content\/uploads\/2024\/03\/outlast-logo-150x150.jpg\" alt=\"\" width=\"150\" height=\"150\" srcset=\"data:image\/svg+xml,%3Csvg%20xmlns%3D%27http%3A%2F%2Fwww.w3.org%2F2000%2Fsvg%27%20width%3D%27150%27%20height%3D%27150%27%20viewBox%3D%270%200%20150%20150%27%3E%3Crect%20width%3D%27150%27%20height%3D%27150%27%20fill-opacity%3D%220%22%2F%3E%3C%2Fsvg%3E\" data-srcset=\"https:\/\/luxinternational.com\/wp-content\/uploads\/2024\/03\/outlast-logo-66x66.jpg 66w, https:\/\/luxinternational.com\/wp-content\/uploads\/2024\/03\/outlast-logo-150x150.jpg 150w, https:\/\/luxinternational.com\/wp-content\/uploads\/2024\/03\/outlast-logo-200x200.jpg 200w, https:\/\/luxinternational.com\/wp-content\/uploads\/2024\/03\/outlast-logo-300x300.jpg 300w, https:\/\/luxinternational.com\/wp-content\/uploads\/2024\/03\/outlast-logo-400x400.jpg 400w, https:\/\/luxinternational.com\/wp-content\/uploads\/2024\/03\/outlast-logo-600x600.jpg 600w, https:\/\/luxinternational.com\/wp-content\/uploads\/2024\/03\/outlast-logo-768x768.jpg 768w, https:\/\/luxinternational.com\/wp-content\/uploads\/2024\/03\/outlast-logo-800x800.jpg 800w, https:\/\/luxinternational.com\/wp-content\/uploads\/2024\/03\/outlast-logo-1024x1024.jpg 1024w, https:\/\/luxinternational.com\/wp-content\/uploads\/2024\/03\/outlast-logo.jpg 1200w\" data-sizes=\"auto\" data-orig-sizes=\"(max-width: 150px) 100vw, 150px\" \/><\/p>\n<p><strong>OUTLAST<\/strong><br \/>\nOutlast-materialet tilbyr den velkjente termoreguleringen, som sammen med den vatterte klimafiberen skaper en optimal temperaturbalanse og regulerer fuktighet &#8211; til slutt v\u00e5kner du opp restituert. Ikke for varmt, ikke for kaldt &#8211; akkurat passe. <\/p>\n<p><img decoding=\"async\" class=\"lazyload alignnone size-full wp-image-4054\" src=\"data:image\/svg+xml,%3Csvg%20xmlns%3D%27http%3A%2F%2Fwww.w3.org%2F2000%2Fsvg%27%20width%3D%27158%27%20height%3D%27114%27%20viewBox%3D%270%200%20158%20114%27%3E%3Crect%20width%3D%27158%27%20height%3D%27114%27%20fill-opacity%3D%220%22%2F%3E%3C%2Fsvg%3E\" data-orig-src=\"https:\/\/luxinternational.com\/wp-content\/uploads\/2024\/03\/knobbed.png\" alt=\"\" width=\"158\" height=\"114\"><\/p>\n<p><strong>MASSASJEEFFEKT<\/strong><br \/>\nDet fordypede minneskumtrekket p\u00e5 Welity-madrassen st\u00f8tter blodsirkulasjonen. Prosessen regenererer mikrosirkulasjonen i kroppen og holder seg konstant gjennom hele hvilefasen. <\/p>\n<p><img decoding=\"async\" class=\"lazyload alignnone wp-image-4055 size-thumbnail\" src=\"https:\/\/luxinternational.com\/wp-content\/uploads\/2024\/03\/mattress-150x150.png\" data-orig-src=\"https:\/\/luxinternational.com\/wp-content\/uploads\/2024\/03\/mattress-150x150.png\" alt=\"\" width=\"150\" height=\"150\" srcset=\"data:image\/svg+xml,%3Csvg%20xmlns%3D%27http%3A%2F%2Fwww.w3.org%2F2000%2Fsvg%27%20width%3D%27150%27%20height%3D%27150%27%20viewBox%3D%270%200%20150%20150%27%3E%3Crect%20width%3D%27150%27%20height%3D%27150%27%20fill-opacity%3D%220%22%2F%3E%3C%2Fsvg%3E\" data-srcset=\"https:\/\/luxinternational.com\/wp-content\/uploads\/2024\/03\/mattress-66x66.png 66w, https:\/\/luxinternational.com\/wp-content\/uploads\/2024\/03\/mattress-150x150.png 150w\" data-sizes=\"auto\" data-orig-sizes=\"(max-width: 150px) 100vw, 150px\" \/><\/p>\n<p><strong>4 LEGGEMULIGHETER, 1 MATRESS<\/strong><br \/>\nMadrassen, som er spesialutviklet av et team av eksperter, kan tilpasses individuelt til fire forskjellige madrasskombinasjoner takket v\u00e6re en vendbar bunn og trekk. Disse spesielle materialene, kombinert med det unike h\u00e5ndverket, skaper en enest\u00e5ende liggef\u00f8lelse. <\/p>\n<p><img decoding=\"async\" class=\"lazyload alignnone wp-image-4052 size-thumbnail\" src=\"https:\/\/luxinternational.com\/wp-content\/uploads\/2024\/03\/mg_0410-150x150.jpg\" data-orig-src=\"https:\/\/luxinternational.com\/wp-content\/uploads\/2024\/03\/mg_0410-150x150.jpg\" alt=\"\" width=\"150\" height=\"150\" srcset=\"data:image\/svg+xml,%3Csvg%20xmlns%3D%27http%3A%2F%2Fwww.w3.org%2F2000%2Fsvg%27%20width%3D%27150%27%20height%3D%27150%27%20viewBox%3D%270%200%20150%20150%27%3E%3Crect%20width%3D%27150%27%20height%3D%27150%27%20fill-opacity%3D%220%22%2F%3E%3C%2Fsvg%3E\" data-srcset=\"https:\/\/luxinternational.com\/wp-content\/uploads\/2024\/03\/mg_0410-66x66.jpg 66w, https:\/\/luxinternational.com\/wp-content\/uploads\/2024\/03\/mg_0410-150x150.jpg 150w\" data-sizes=\"auto\" data-orig-sizes=\"(max-width: 150px) 100vw, 150px\" \/><\/p>\n<p><strong>REGENERERENDE LAMELLAE<\/strong><br \/>\nV\u00e5rt unike lamellag st\u00f8tter ryggens bevegelse under s\u00f8vn og s\u00f8rger for optimal avslapning. I tillegg bidrar lamellene til optimal ventilasjon for en god liggef\u00f8lelse. Skumutskj\u00e6ringene er utformet for \u00e5 gi optimal st\u00f8tte til de 5 kroppssonene. Den best\u00e5r av sv\u00e6rt elastisk og slitesterkt skum med h\u00f8y elastisitet. Den regenererende effekten skyldes avledningen fra Dorn-terapi. De progressive 5-soners lamellutskj\u00e6ringene s\u00f8rger for optimal regenerering av ryggen over natten.     <\/p>\n<p><img decoding=\"async\" class=\"lazyload alignnone wp-image-4051 size-thumbnail\" src=\"https:\/\/luxinternational.com\/wp-content\/uploads\/2024\/03\/mg_0242_bycs-150x150.jpg\" data-orig-src=\"https:\/\/luxinternational.com\/wp-content\/uploads\/2024\/03\/mg_0242_bycs-150x150.jpg\" alt=\"\" width=\"150\" height=\"150\" srcset=\"data:image\/svg+xml,%3Csvg%20xmlns%3D%27http%3A%2F%2Fwww.w3.org%2F2000%2Fsvg%27%20width%3D%27150%27%20height%3D%27150%27%20viewBox%3D%270%200%20150%20150%27%3E%3Crect%20width%3D%27150%27%20height%3D%27150%27%20fill-opacity%3D%220%22%2F%3E%3C%2Fsvg%3E\" data-srcset=\"https:\/\/luxinternational.com\/wp-content\/uploads\/2024\/03\/mg_0242_bycs-66x66.jpg 66w, https:\/\/luxinternational.com\/wp-content\/uploads\/2024\/03\/mg_0242_bycs-150x150.jpg 150w\" data-sizes=\"auto\" data-orig-sizes=\"(max-width: 150px) 100vw, 150px\" \/><\/p>\n<p><strong>AVTAKBART<\/strong> TREKK<br \/>\nTrekket p\u00e5 Welity-madrassen er avtakbart og kan deles i to halvdeler, slik at det enkelt kan vaskes ved maks. 60 grader Celsius &#8211; for lang levetid og god hygiene.<\/p>\n<p><img decoding=\"async\" class=\"lazyload alignnone wp-image-4056 size-thumbnail\" src=\"data:image\/svg+xml,%3Csvg%20xmlns%3D%27http%3A%2F%2Fwww.w3.org%2F2000%2Fsvg%27%20width%3D%27150%27%20height%3D%27123%27%20viewBox%3D%270%200%20150%20123%27%3E%3Crect%20width%3D%27150%27%20height%3D%27123%27%20fill-opacity%3D%220%22%2F%3E%3C%2Fsvg%3E\" data-orig-src=\"https:\/\/luxinternational.com\/wp-content\/uploads\/2024\/03\/memory-massage-150x123.png\" alt=\"\" width=\"150\" height=\"123\"><\/p>\n<p><strong>Minneskum<\/strong><br \/>\nDet andre laget er laget av Visco-minneskum av h\u00f8y kvalitet. Dette laget er det mykere av de to og gir en sv\u00e6rt behagelig liggekomfort. De \u00e5pne porene i laget gir den beste luftsirkulasjonen, og takket v\u00e6re minneskummets h\u00f8ye trykkpunktselastisitet tilpasser det seg perfekt til kroppen din.<\/p>\n<\/div><div class=\"nav fusion-mobile-tab-nav\"><ul class=\"nav-tabs nav-justified\" role=\"tablist\"><li role=\"presentation\"><a class=\"tab-link\" data-toggle=\"tab\" role=\"tab\" aria-controls=\"tab-f07534ad849f10a88b3\" aria-selected=\"false\" tabindex=\"-1\" id=\"mobile-fusion-tab-sertifikaterogutmerkelser\" href=\"#tab-f07534ad849f10a88b3\"><h4 class=\"fusion-tab-heading\">Sertifikater og utmerkelser<\/h4><\/a><\/li><\/ul><\/div><div class=\"tab-pane fade fusion-clearfix\" role=\"tabpanel\" tabindex=\"0\" aria-labelledby=\"fusion-tab-sertifikaterogutmerkelser\" id=\"tab-f07534ad849f10a88b3\"><img decoding=\"async\" class=\"lazyload alignnone wp-image-4057 size-full\" src=\"https:\/\/luxinternational.com\/wp-content\/uploads\/2024\/03\/oeko-tex.png\" data-orig-src=\"https:\/\/luxinternational.com\/wp-content\/uploads\/2024\/03\/oeko-tex.png\" alt=\"\" width=\"312\" height=\"162\" srcset=\"data:image\/svg+xml,%3Csvg%20xmlns%3D%27http%3A%2F%2Fwww.w3.org%2F2000%2Fsvg%27%20width%3D%27312%27%20height%3D%27162%27%20viewBox%3D%270%200%20312%20162%27%3E%3Crect%20width%3D%27312%27%20height%3D%27162%27%20fill-opacity%3D%220%22%2F%3E%3C%2Fsvg%3E\" data-srcset=\"https:\/\/luxinternational.com\/wp-content\/uploads\/2024\/03\/oeko-tex-200x104.png 200w, https:\/\/luxinternational.com\/wp-content\/uploads\/2024\/03\/oeko-tex-300x156.png 300w, https:\/\/luxinternational.com\/wp-content\/uploads\/2024\/03\/oeko-tex.png 312w\" data-sizes=\"auto\" data-orig-sizes=\"(max-width: 312px) 100vw, 312px\" \/><\/p>\n<p><strong>\u00d6KOTEX 100<\/strong><br \/>\nStoffet som brukes i Welity-sovesystemet v\u00e5rt er sertifisert med \u00d6KOTEX 100-merket. Dette betyr at det er testet for skadelige stoffer, og at produktet derfor er ufarlig for menneskers helse.<\/div><\/div><\/div><\/div><\/div><\/div><\/div>\n","protected":false},"excerpt":{"rendered":"","protected":false},"author":1,"featured_media":10804,"template":"","product-category":[149],"product-keyword":[152],"class_list":["post-10796","product","type-product","status-publish","has-post-thumbnail","hentry","product-category-good-sleep","product-keyword-good-sleep"],"acf":[],"_links":{"self":[{"href":"https:\/\/luxinternational.com\/no\/wp-json\/wp\/v2\/product\/10796","targetHints":{"allow":["GET"]}}],"collection":[{"href":"https:\/\/luxinternational.com\/no\/wp-json\/wp\/v2\/product"}],"about":[{"href":"https:\/\/luxinternational.com\/no\/wp-json\/wp\/v2\/types\/product"}],"author":[{"embeddable":true,"href":"https:\/\/luxinternational.com\/no\/wp-json\/wp\/v2\/users\/1"}],"version-history":[{"count":7,"href":"https:\/\/luxinternational.com\/no\/wp-json\/wp\/v2\/product\/10796\/revisions"}],"predecessor-version":[{"id":13629,"href":"https:\/\/luxinternational.com\/no\/wp-json\/wp\/v2\/product\/10796\/revisions\/13629"}],"wp:featuredmedia":[{"embeddable":true,"href":"https:\/\/luxinternational.com\/no\/wp-json\/wp\/v2\/media\/10804"}],"wp:attachment":[{"href":"https:\/\/luxinternational.com\/no\/wp-json\/wp\/v2\/media?parent=10796"}],"wp:term":[{"taxonomy":"product-category","embeddable":true,"href":"https:\/\/luxinternational.com\/no\/wp-json\/wp\/v2\/product-category?post=10796"},{"taxonomy":"product-keyword","embeddable":true,"href":"https:\/\/luxinternational.com\/no\/wp-json\/wp\/v2\/product-keyword?post=10796"}],"curies":[{"name":"wp","href":"https:\/\/api.w.org\/{rel}","templated":true}]}}