{"id":11009,"date":"2024-03-07T17:06:07","date_gmt":"2024-03-07T16:06:07","guid":{"rendered":"https:\/\/luxinternational.com\/product\/materasso-welity\/"},"modified":"2026-03-05T13:31:51","modified_gmt":"2026-03-05T12:31:51","slug":"materasso-welity","status":"publish","type":"product","link":"https:\/\/luxinternational.com\/it\/product\/materasso-welity\/","title":{"rendered":"Materasso Welity"},"content":{"rendered":"<div class=\"fusion-fullwidth fullwidth-box fusion-builder-row-1 fusion-flex-container has-pattern-background has-mask-background nonhundred-percent-fullwidth non-hundred-percent-height-scrolling\" style=\"--awb-border-radius-top-left:0px;--awb-border-radius-top-right:0px;--awb-border-radius-bottom-right:0px;--awb-border-radius-bottom-left:0px;--awb-padding-right:0px;--awb-padding-left:0px;--awb-margin-top:30px;--awb-margin-top-medium:15px;--awb-flex-wrap:wrap;\" id=\"product-tabs\" ><div class=\"fusion-builder-row fusion-row fusion-flex-align-items-flex-start fusion-flex-content-wrap\" style=\"max-width:1372.8px;margin-left: calc(-4% \/ 2 );margin-right: calc(-4% \/ 2 );\"><div class=\"fusion-layout-column fusion_builder_column fusion-builder-column-0 fusion_builder_column_1_1 1_1 fusion-flex-column\" style=\"--awb-bg-size:cover;--awb-width-large:100%;--awb-margin-top-large:0px;--awb-spacing-right-large:1.92%;--awb-margin-bottom-large:20px;--awb-spacing-left-large:1.92%;--awb-width-medium:100%;--awb-order-medium:0;--awb-spacing-right-medium:1.92%;--awb-spacing-left-medium:1.92%;--awb-width-small:100%;--awb-order-small:0;--awb-spacing-right-small:1.92%;--awb-spacing-left-small:1.92%;\"><div class=\"fusion-column-wrapper fusion-column-has-shadow fusion-flex-justify-content-flex-start fusion-content-layout-column\"><div class=\"fusion-image-carousel fusion-image-carousel-fixed fusion-image-carousel-1 lightbox-enabled fusion-carousel-border\"><div class=\"awb-carousel awb-swiper awb-swiper-carousel awb-carousel--carousel awb-swiper-dots-position-bottom\" data-layout=\"carousel\" data-autoplay=\"no\" data-autoplayspeed=\"2500\" data-autoplaypause=\"no\" data-columns=\"5\" data-columnsmedium=\"1\" data-columnssmall=\"1\" data-itemmargin=\"10\" data-itemwidth=\"180\" data-touchscroll=\"no\" data-freemode=\"no\" data-imagesize=\"fixed\" data-scrollitems=\"0\" data-centeredslides=\"no\" data-rotationangle=\"50\" data-depth=\"100\" data-speed=\"500\" data-shadow=\"no\" data-pagination=\"bullets\" style=\"--awb-column-spacing:10px;--awb-border-width:1px;--awb-border-color:#e9eaee;\"><div class=\"swiper-wrapper awb-image-carousel-wrapper fusion-flex-align-items-center\"><div class=\"swiper-slide\"><div class=\"fusion-carousel-item-wrapper\"><div class=\"fusion-image-wrapper hover-type-none\"><a data-rel=\"iLightbox[image_carousel_1]\" data-title=\"236_pic2_o\" aria-label=\"236_pic2_o\" href=\"https:\/\/luxinternational.com\/wp-content\/uploads\/2024\/04\/236_pic2_o.jpeg\" target=\"_self\"><img decoding=\"async\" width=\"320\" height=\"202\" src=\"data:image\/svg+xml,%3Csvg%20xmlns%3D%27http%3A%2F%2Fwww.w3.org%2F2000%2Fsvg%27%20width%3D%271024%27%20height%3D%27576%27%20viewBox%3D%270%200%201024%20576%27%3E%3Crect%20width%3D%271024%27%20height%3D%27576%27%20fill-opacity%3D%220%22%2F%3E%3C%2Fsvg%3E\" class=\"attachment-blog-medium size-blog-medium lazyload\" alt=\"\" data-orig-src=\"https:\/\/luxinternational.com\/wp-content\/uploads\/2024\/04\/236_pic2_o-320x202.jpeg\" \/><\/a><\/div><\/div><\/div><div class=\"swiper-slide\"><div class=\"fusion-carousel-item-wrapper\"><div class=\"fusion-image-wrapper hover-type-none\"><a data-rel=\"iLightbox[image_carousel_1]\" data-title=\"236_pic3_o\" aria-label=\"236_pic3_o\" href=\"https:\/\/luxinternational.com\/wp-content\/uploads\/2024\/04\/236_pic3_o.jpeg\" target=\"_self\"><img decoding=\"async\" width=\"320\" height=\"202\" src=\"data:image\/svg+xml,%3Csvg%20xmlns%3D%27http%3A%2F%2Fwww.w3.org%2F2000%2Fsvg%27%20width%3D%271024%27%20height%3D%27576%27%20viewBox%3D%270%200%201024%20576%27%3E%3Crect%20width%3D%271024%27%20height%3D%27576%27%20fill-opacity%3D%220%22%2F%3E%3C%2Fsvg%3E\" class=\"attachment-blog-medium size-blog-medium lazyload\" alt=\"\" data-orig-src=\"https:\/\/luxinternational.com\/wp-content\/uploads\/2024\/04\/236_pic3_o-320x202.jpeg\" \/><\/a><\/div><\/div><\/div><div class=\"swiper-slide\"><div class=\"fusion-carousel-item-wrapper\"><div class=\"fusion-image-wrapper hover-type-none\"><a data-rel=\"iLightbox[image_carousel_1]\" data-title=\"236_pic4_o\" aria-label=\"236_pic4_o\" href=\"https:\/\/luxinternational.com\/wp-content\/uploads\/2024\/04\/236_pic4_o.jpeg\" target=\"_self\"><img decoding=\"async\" width=\"320\" height=\"202\" src=\"data:image\/svg+xml,%3Csvg%20xmlns%3D%27http%3A%2F%2Fwww.w3.org%2F2000%2Fsvg%27%20width%3D%271024%27%20height%3D%27576%27%20viewBox%3D%270%200%201024%20576%27%3E%3Crect%20width%3D%271024%27%20height%3D%27576%27%20fill-opacity%3D%220%22%2F%3E%3C%2Fsvg%3E\" class=\"attachment-blog-medium size-blog-medium lazyload\" alt=\"\" data-orig-src=\"https:\/\/luxinternational.com\/wp-content\/uploads\/2024\/04\/236_pic4_o-320x202.jpeg\" \/><\/a><\/div><\/div><\/div><div class=\"swiper-slide\"><div class=\"fusion-carousel-item-wrapper\"><div class=\"fusion-image-wrapper hover-type-none\"><a data-rel=\"iLightbox[image_carousel_1]\" data-title=\"236_pic5_o\" aria-label=\"236_pic5_o\" href=\"https:\/\/luxinternational.com\/wp-content\/uploads\/2024\/04\/236_pic5_o.jpeg\" target=\"_self\"><img decoding=\"async\" width=\"320\" height=\"202\" src=\"data:image\/svg+xml,%3Csvg%20xmlns%3D%27http%3A%2F%2Fwww.w3.org%2F2000%2Fsvg%27%20width%3D%271024%27%20height%3D%27576%27%20viewBox%3D%270%200%201024%20576%27%3E%3Crect%20width%3D%271024%27%20height%3D%27576%27%20fill-opacity%3D%220%22%2F%3E%3C%2Fsvg%3E\" class=\"attachment-blog-medium size-blog-medium lazyload\" alt=\"\" data-orig-src=\"https:\/\/luxinternational.com\/wp-content\/uploads\/2024\/04\/236_pic5_o-320x202.jpeg\" \/><\/a><\/div><\/div><\/div><div class=\"swiper-slide\"><div class=\"fusion-carousel-item-wrapper\"><div class=\"fusion-image-wrapper hover-type-none\"><a data-rel=\"iLightbox[image_carousel_1]\" data-title=\"236_pic6_o\" aria-label=\"236_pic6_o\" href=\"https:\/\/luxinternational.com\/wp-content\/uploads\/2024\/04\/236_pic6_o.jpeg\" target=\"_self\"><img decoding=\"async\" width=\"320\" height=\"202\" src=\"data:image\/svg+xml,%3Csvg%20xmlns%3D%27http%3A%2F%2Fwww.w3.org%2F2000%2Fsvg%27%20width%3D%271024%27%20height%3D%27576%27%20viewBox%3D%270%200%201024%20576%27%3E%3Crect%20width%3D%271024%27%20height%3D%27576%27%20fill-opacity%3D%220%22%2F%3E%3C%2Fsvg%3E\" class=\"attachment-blog-medium size-blog-medium lazyload\" alt=\"\" data-orig-src=\"https:\/\/luxinternational.com\/wp-content\/uploads\/2024\/04\/236_pic6_o-320x202.jpeg\" \/><\/a><\/div><\/div><\/div><div class=\"swiper-slide\"><div class=\"fusion-carousel-item-wrapper\"><div class=\"fusion-image-wrapper hover-type-none\"><a data-rel=\"iLightbox[image_carousel_1]\" data-title=\"236_pic7_o\" aria-label=\"236_pic7_o\" href=\"https:\/\/luxinternational.com\/wp-content\/uploads\/2024\/04\/236_pic7_o.jpeg\" target=\"_self\"><img decoding=\"async\" width=\"320\" height=\"202\" src=\"data:image\/svg+xml,%3Csvg%20xmlns%3D%27http%3A%2F%2Fwww.w3.org%2F2000%2Fsvg%27%20width%3D%271024%27%20height%3D%27576%27%20viewBox%3D%270%200%201024%20576%27%3E%3Crect%20width%3D%271024%27%20height%3D%27576%27%20fill-opacity%3D%220%22%2F%3E%3C%2Fsvg%3E\" class=\"attachment-blog-medium size-blog-medium lazyload\" alt=\"\" data-orig-src=\"https:\/\/luxinternational.com\/wp-content\/uploads\/2024\/04\/236_pic7_o-320x202.jpeg\" \/><\/a><\/div><\/div><\/div><div class=\"swiper-slide\"><div class=\"fusion-carousel-item-wrapper\"><div class=\"fusion-image-wrapper hover-type-none\"><a data-rel=\"iLightbox[image_carousel_1]\" data-title=\"372_pic2_n\" aria-label=\"372_pic2_n\" href=\"https:\/\/luxinternational.com\/wp-content\/uploads\/2024\/04\/372_pic2_n.jpeg\" target=\"_self\"><img decoding=\"async\" width=\"320\" height=\"202\" src=\"data:image\/svg+xml,%3Csvg%20xmlns%3D%27http%3A%2F%2Fwww.w3.org%2F2000%2Fsvg%27%20width%3D%271024%27%20height%3D%27576%27%20viewBox%3D%270%200%201024%20576%27%3E%3Crect%20width%3D%271024%27%20height%3D%27576%27%20fill-opacity%3D%220%22%2F%3E%3C%2Fsvg%3E\" class=\"attachment-blog-medium size-blog-medium lazyload\" alt=\"\" data-orig-src=\"https:\/\/luxinternational.com\/wp-content\/uploads\/2024\/04\/372_pic2_n-320x202.jpeg\" \/><\/a><\/div><\/div><\/div><\/div><div class=\"awb-swiper-button awb-swiper-button-prev\"><i class=\"awb-icon-angle-left\" aria-hidden=\"true\"><\/i><\/div><div class=\"awb-swiper-button awb-swiper-button-next\"><i class=\"awb-icon-angle-right\" aria-hidden=\"true\"><\/i><\/div><\/div><\/div><\/div><\/div><div class=\"fusion-layout-column fusion_builder_column fusion-builder-column-1 fusion_builder_column_1_1 1_1 fusion-flex-column\" style=\"--awb-bg-size:cover;--awb-width-large:100%;--awb-margin-top-large:0px;--awb-spacing-right-large:1.92%;--awb-margin-bottom-large:20px;--awb-spacing-left-large:1.92%;--awb-width-medium:100%;--awb-order-medium:0;--awb-spacing-right-medium:1.92%;--awb-spacing-left-medium:1.92%;--awb-width-small:100%;--awb-order-small:0;--awb-spacing-right-small:1.92%;--awb-spacing-left-small:1.92%;\" data-scroll-devices=\"small-visibility,medium-visibility,large-visibility\"><div class=\"fusion-column-wrapper fusion-column-has-shadow fusion-flex-justify-content-flex-start fusion-content-layout-column\"><div class=\"fusion-tabs fusion-tabs-1 classic nav-is-justified horizontal-tabs icon-position-left mobile-mode-accordion\" style=\"--awb-title-border-radius-top-left:0px;--awb-title-border-radius-top-right:0px;--awb-title-border-radius-bottom-right:0px;--awb-title-border-radius-bottom-left:0px;--awb-alignment:start;--awb-inactive-color:var(--awb-custom_color_6);--awb-background-color:var(--awb-color1);--awb-border-color:var(--awb-custom_color_6);--awb-active-border-color:var(--awb-color5);\"><div class=\"nav\"><ul class=\"nav-tabs nav-justified\" role=\"tablist\"><li class=\"active\" role=\"presentation\"><a class=\"tab-link\" data-toggle=\"tab\" role=\"tab\" aria-controls=\"tab-df86e882c461fb83692\" aria-selected=\"true\" id=\"fusion-tab-specifiche\" href=\"#tab-df86e882c461fb83692\"><h4 class=\"fusion-tab-heading\">Specifiche<\/h4><\/a><\/li><li role=\"presentation\"><a class=\"tab-link\" data-toggle=\"tab\" role=\"tab\" aria-controls=\"tab-73d2873afff1116cd7e\" aria-selected=\"false\" tabindex=\"-1\" id=\"fusion-tab-caratteristiche\" href=\"#tab-73d2873afff1116cd7e\"><h4 class=\"fusion-tab-heading\">Caratteristiche<\/h4><\/a><\/li><li role=\"presentation\"><a class=\"tab-link\" data-toggle=\"tab\" role=\"tab\" aria-controls=\"tab-dc360d5afb155533aaf\" aria-selected=\"false\" tabindex=\"-1\" id=\"fusion-tab-certificatiepremi\" href=\"#tab-dc360d5afb155533aaf\"><h4 class=\"fusion-tab-heading\">Certificati e premi<\/h4><\/a><\/li><\/ul><\/div><div class=\"tab-content\"><div class=\"nav fusion-mobile-tab-nav\"><ul class=\"nav-tabs nav-justified\" role=\"tablist\"><li class=\"active\" role=\"presentation\"><a class=\"tab-link\" data-toggle=\"tab\" role=\"tab\" aria-controls=\"tab-df86e882c461fb83692\" aria-selected=\"true\" id=\"mobile-fusion-tab-specifiche\" href=\"#tab-df86e882c461fb83692\"><h4 class=\"fusion-tab-heading\">Specifiche<\/h4><\/a><\/li><\/ul><\/div><div class=\"tab-pane fade fusion-clearfix in active\" role=\"tabpanel\" tabindex=\"0\" aria-labelledby=\"fusion-tab-specifiche\" id=\"tab-df86e882c461fb83692\">\n<table>\n<tbody>\n<tr>\n<td>Strato di lamelle a 5 zone<\/td>\n<td>17 cm<\/td>\n<\/tr>\n<tr>\n<td>Strato in visco memory foam<\/td>\n<td>3 cm<\/td>\n<\/tr>\n<tr>\n<td>Coperchio 1 Struttura in visco knob<\/td>\n<td>2,5 cm<\/td>\n<\/tr>\n<tr>\n<td>Copertina 2 Outlast<\/td>\n<td>0,5 cm<\/td>\n<\/tr>\n<tr>\n<td>I colori<\/td>\n<td>bianco \/ marrone<\/td>\n<\/tr>\n<tr>\n<td>Garanzia<\/td>\n<td>3 anni<\/td>\n<\/tr>\n<tr>\n<td>Dimensioni (L x A x P)<\/td>\n<td>80 x 200 x 23 cm<\/td>\n<\/tr>\n<tr>\n<td><\/td>\n<td>90 x 190 x 23 cm<\/td>\n<\/tr>\n<tr>\n<td><\/td>\n<td>100 x 190 x 23 cm<\/td>\n<\/tr>\n<tr>\n<td><\/td>\n<td>100 x 200 x 23 cm<\/td>\n<\/tr>\n<tr>\n<td><\/td>\n<td>120 x 200 x 23 cm<\/td>\n<\/tr>\n<tr>\n<td><\/td>\n<td>140 x 200 x 23 cm<\/td>\n<\/tr>\n<tr>\n<td>Quantit\u00e0\/confezione<\/td>\n<td>1<\/td>\n<\/tr>\n<\/tbody>\n<\/table>\n<\/div><div class=\"nav fusion-mobile-tab-nav\"><ul class=\"nav-tabs nav-justified\" role=\"tablist\"><li role=\"presentation\"><a class=\"tab-link\" data-toggle=\"tab\" role=\"tab\" aria-controls=\"tab-73d2873afff1116cd7e\" aria-selected=\"false\" tabindex=\"-1\" id=\"mobile-fusion-tab-caratteristiche\" href=\"#tab-73d2873afff1116cd7e\"><h4 class=\"fusion-tab-heading\">Caratteristiche<\/h4><\/a><\/li><\/ul><\/div><div class=\"tab-pane fade fusion-clearfix\" role=\"tabpanel\" tabindex=\"0\" aria-labelledby=\"fusion-tab-caratteristiche\" id=\"tab-73d2873afff1116cd7e\">\n<p><img decoding=\"async\" class=\"lazyload alignnone wp-image-4058 size-thumbnail\" src=\"https:\/\/luxinternational.com\/wp-content\/uploads\/2024\/03\/outlast-logo-150x150.jpg\" data-orig-src=\"https:\/\/luxinternational.com\/wp-content\/uploads\/2024\/03\/outlast-logo-150x150.jpg\" alt=\"\" width=\"150\" height=\"150\" srcset=\"data:image\/svg+xml,%3Csvg%20xmlns%3D%27http%3A%2F%2Fwww.w3.org%2F2000%2Fsvg%27%20width%3D%27150%27%20height%3D%27150%27%20viewBox%3D%270%200%20150%20150%27%3E%3Crect%20width%3D%27150%27%20height%3D%27150%27%20fill-opacity%3D%220%22%2F%3E%3C%2Fsvg%3E\" data-srcset=\"https:\/\/luxinternational.com\/wp-content\/uploads\/2024\/03\/outlast-logo-66x66.jpg 66w, https:\/\/luxinternational.com\/wp-content\/uploads\/2024\/03\/outlast-logo-150x150.jpg 150w, https:\/\/luxinternational.com\/wp-content\/uploads\/2024\/03\/outlast-logo-200x200.jpg 200w, https:\/\/luxinternational.com\/wp-content\/uploads\/2024\/03\/outlast-logo-300x300.jpg 300w, https:\/\/luxinternational.com\/wp-content\/uploads\/2024\/03\/outlast-logo-400x400.jpg 400w, https:\/\/luxinternational.com\/wp-content\/uploads\/2024\/03\/outlast-logo-600x600.jpg 600w, https:\/\/luxinternational.com\/wp-content\/uploads\/2024\/03\/outlast-logo-768x768.jpg 768w, https:\/\/luxinternational.com\/wp-content\/uploads\/2024\/03\/outlast-logo-800x800.jpg 800w, https:\/\/luxinternational.com\/wp-content\/uploads\/2024\/03\/outlast-logo-1024x1024.jpg 1024w, https:\/\/luxinternational.com\/wp-content\/uploads\/2024\/03\/outlast-logo.jpg 1200w\" data-sizes=\"auto\" data-orig-sizes=\"(max-width: 150px) 100vw, 150px\" \/><\/p>\n<p><strong>OUTLAST<\/strong><br \/>\nIl materiale Outlast offre la ben nota termoregolazione che, insieme alla fibra climatica trapuntata, crea un equilibrio termico ottimale e regola l&#8217;umidit\u00e0: alla fine ti svegli riposato. N\u00e9 troppo caldo, n\u00e9 troppo freddo: il giusto equilibrio. <\/p>\n<p><img decoding=\"async\" class=\"lazyload alignnone size-full wp-image-4054\" src=\"data:image\/svg+xml,%3Csvg%20xmlns%3D%27http%3A%2F%2Fwww.w3.org%2F2000%2Fsvg%27%20width%3D%27158%27%20height%3D%27114%27%20viewBox%3D%270%200%20158%20114%27%3E%3Crect%20width%3D%27158%27%20height%3D%27114%27%20fill-opacity%3D%220%22%2F%3E%3C%2Fsvg%3E\" data-orig-src=\"https:\/\/luxinternational.com\/wp-content\/uploads\/2024\/03\/knobbed.png\" alt=\"\" width=\"158\" height=\"114\"><\/p>\n<p><strong>EFFETTO MASSAGGIO<\/strong><br \/>\nIl rivestimento in memory foam a fossette del materasso Welity favorisce la circolazione sanguigna. Il processo rigenera la microcircolazione del corpo e rimane costante durante la fase di riposo. <\/p>\n<p><img decoding=\"async\" class=\"lazyload alignnone wp-image-4055 size-thumbnail\" src=\"https:\/\/luxinternational.com\/wp-content\/uploads\/2024\/03\/mattress-150x150.png\" data-orig-src=\"https:\/\/luxinternational.com\/wp-content\/uploads\/2024\/03\/mattress-150x150.png\" alt=\"\" width=\"150\" height=\"150\" srcset=\"data:image\/svg+xml,%3Csvg%20xmlns%3D%27http%3A%2F%2Fwww.w3.org%2F2000%2Fsvg%27%20width%3D%27150%27%20height%3D%27150%27%20viewBox%3D%270%200%20150%20150%27%3E%3Crect%20width%3D%27150%27%20height%3D%27150%27%20fill-opacity%3D%220%22%2F%3E%3C%2Fsvg%3E\" data-srcset=\"https:\/\/luxinternational.com\/wp-content\/uploads\/2024\/03\/mattress-66x66.png 66w, https:\/\/luxinternational.com\/wp-content\/uploads\/2024\/03\/mattress-150x150.png 150w\" data-sizes=\"auto\" data-orig-sizes=\"(max-width: 150px) 100vw, 150px\" \/><\/p>\n<p><strong>4 POSSIBILIT\u00c0 DI POSA, 1 MATERASSO<\/strong><br \/>\nIl materasso, appositamente sviluppato da un team di esperti, pu\u00f2 essere adattato individualmente a quattro diverse combinazioni di materassi grazie alla base e al rivestimento reversibili. Questi materiali speciali, uniti alla lavorazione unica, creano una sensazione di riposo senza precedenti. <\/p>\n<p><img decoding=\"async\" class=\"lazyload alignnone wp-image-4052 size-thumbnail\" src=\"https:\/\/luxinternational.com\/wp-content\/uploads\/2024\/03\/mg_0410-150x150.jpg\" data-orig-src=\"https:\/\/luxinternational.com\/wp-content\/uploads\/2024\/03\/mg_0410-150x150.jpg\" alt=\"\" width=\"150\" height=\"150\" srcset=\"data:image\/svg+xml,%3Csvg%20xmlns%3D%27http%3A%2F%2Fwww.w3.org%2F2000%2Fsvg%27%20width%3D%27150%27%20height%3D%27150%27%20viewBox%3D%270%200%20150%20150%27%3E%3Crect%20width%3D%27150%27%20height%3D%27150%27%20fill-opacity%3D%220%22%2F%3E%3C%2Fsvg%3E\" data-srcset=\"https:\/\/luxinternational.com\/wp-content\/uploads\/2024\/03\/mg_0410-66x66.jpg 66w, https:\/\/luxinternational.com\/wp-content\/uploads\/2024\/03\/mg_0410-150x150.jpg 150w\" data-sizes=\"auto\" data-orig-sizes=\"(max-width: 150px) 100vw, 150px\" \/><\/p>\n<p><strong>LAMELLE REGENERATIVE<\/strong><br \/>\nIl nostro esclusivo strato lamellare supporta il movimento della colonna vertebrale durante il sonno e garantisce un rilassamento ottimale. Inoltre, le lamelle favoriscono una ventilazione ottimale per una buona sensazione di riposo. I tagli della schiuma sono stati progettati per sostenere in modo ottimale le 5 zone del corpo. \u00c8 costituito da una schiuma ad alta resilienza, altamente elastica e resistente. Il suo effetto rigenerante \u00e8 dovuto alla derivazione dalla terapia Dorn. I tagli progressivi delle lamelle a 5 zone garantiscono una rigenerazione ottimale della schiena durante la notte.     <\/p>\n<p><img decoding=\"async\" class=\"lazyload alignnone wp-image-4051 size-thumbnail\" src=\"https:\/\/luxinternational.com\/wp-content\/uploads\/2024\/03\/mg_0242_bycs-150x150.jpg\" data-orig-src=\"https:\/\/luxinternational.com\/wp-content\/uploads\/2024\/03\/mg_0242_bycs-150x150.jpg\" alt=\"\" width=\"150\" height=\"150\" srcset=\"data:image\/svg+xml,%3Csvg%20xmlns%3D%27http%3A%2F%2Fwww.w3.org%2F2000%2Fsvg%27%20width%3D%27150%27%20height%3D%27150%27%20viewBox%3D%270%200%20150%20150%27%3E%3Crect%20width%3D%27150%27%20height%3D%27150%27%20fill-opacity%3D%220%22%2F%3E%3C%2Fsvg%3E\" data-srcset=\"https:\/\/luxinternational.com\/wp-content\/uploads\/2024\/03\/mg_0242_bycs-66x66.jpg 66w, https:\/\/luxinternational.com\/wp-content\/uploads\/2024\/03\/mg_0242_bycs-150x150.jpg 150w\" data-sizes=\"auto\" data-orig-sizes=\"(max-width: 150px) 100vw, 150px\" \/><\/p>\n<p><strong>COPERTURA REMOVIBILE<\/strong><br \/>\nLa fodera del materasso Welity \u00e8 sfoderabile e pu\u00f2 essere divisa in due met\u00e0 in modo da poter essere facilmente lavata a una temperatura massima di 60 gradi Celsius &#8211; per una maggiore durata e igiene.<\/p>\n<p><img decoding=\"async\" class=\"lazyload alignnone wp-image-4056 size-thumbnail\" src=\"data:image\/svg+xml,%3Csvg%20xmlns%3D%27http%3A%2F%2Fwww.w3.org%2F2000%2Fsvg%27%20width%3D%27150%27%20height%3D%27123%27%20viewBox%3D%270%200%20150%20123%27%3E%3Crect%20width%3D%27150%27%20height%3D%27123%27%20fill-opacity%3D%220%22%2F%3E%3C%2Fsvg%3E\" data-orig-src=\"https:\/\/luxinternational.com\/wp-content\/uploads\/2024\/03\/memory-massage-150x123.png\" alt=\"\" width=\"150\" height=\"123\"><\/p>\n<p><strong>Memory foam<\/strong><br \/>\nL&#8217;altro strato \u00e8 realizzato in Visco memory foam di alta qualit\u00e0. Questo strato \u00e8 il pi\u00f9 morbido dei due e offre un comfort molto piacevole durante il riposo. I pori aperti dello strato garantiscono la migliore circolazione dell&#8217;aria e grazie all&#8217;elevata elasticit\u00e0 dei punti di pressione del memory foam si adatta perfettamente al tuo corpo.<\/p>\n<\/div><div class=\"nav fusion-mobile-tab-nav\"><ul class=\"nav-tabs nav-justified\" role=\"tablist\"><li role=\"presentation\"><a class=\"tab-link\" data-toggle=\"tab\" role=\"tab\" aria-controls=\"tab-dc360d5afb155533aaf\" aria-selected=\"false\" tabindex=\"-1\" id=\"mobile-fusion-tab-certificatiepremi\" href=\"#tab-dc360d5afb155533aaf\"><h4 class=\"fusion-tab-heading\">Certificati e premi<\/h4><\/a><\/li><\/ul><\/div><div class=\"tab-pane fade fusion-clearfix\" role=\"tabpanel\" tabindex=\"0\" aria-labelledby=\"fusion-tab-certificatiepremi\" id=\"tab-dc360d5afb155533aaf\"><img decoding=\"async\" class=\"lazyload alignnone wp-image-4057 size-full\" src=\"https:\/\/luxinternational.com\/wp-content\/uploads\/2024\/03\/oeko-tex.png\" data-orig-src=\"https:\/\/luxinternational.com\/wp-content\/uploads\/2024\/03\/oeko-tex.png\" alt=\"\" width=\"312\" height=\"162\" srcset=\"data:image\/svg+xml,%3Csvg%20xmlns%3D%27http%3A%2F%2Fwww.w3.org%2F2000%2Fsvg%27%20width%3D%27312%27%20height%3D%27162%27%20viewBox%3D%270%200%20312%20162%27%3E%3Crect%20width%3D%27312%27%20height%3D%27162%27%20fill-opacity%3D%220%22%2F%3E%3C%2Fsvg%3E\" data-srcset=\"https:\/\/luxinternational.com\/wp-content\/uploads\/2024\/03\/oeko-tex-200x104.png 200w, https:\/\/luxinternational.com\/wp-content\/uploads\/2024\/03\/oeko-tex-300x156.png 300w, https:\/\/luxinternational.com\/wp-content\/uploads\/2024\/03\/oeko-tex.png 312w\" data-sizes=\"auto\" data-orig-sizes=\"(max-width: 312px) 100vw, 312px\" \/><\/p>\n<p><strong>\u00d6KOTEX 100<\/strong><br \/>\nIl tessuto utilizzato nel nostro sistema letto Welity \u00e8 certificato dal sigillo \u00d6KOTEX 100. Questo significa che \u00e8 stato testato per le sostanze nocive e che quindi \u00e8 innocuo per la salute umana. Ci\u00f2 significa che \u00e8 stato testato per verificare l&#8217;assenza di sostanze nocive e che quindi l&#8217;articolo \u00e8 innocuo per la salute umana.<\/div><\/div><\/div><\/div><\/div><\/div><\/div>\n","protected":false},"excerpt":{"rendered":"","protected":false},"author":1,"featured_media":11017,"template":"","product-category":[149],"product-keyword":[152],"class_list":["post-11009","product","type-product","status-publish","has-post-thumbnail","hentry","product-category-good-sleep","product-keyword-good-sleep"],"acf":[],"_links":{"self":[{"href":"https:\/\/luxinternational.com\/it\/wp-json\/wp\/v2\/product\/11009","targetHints":{"allow":["GET"]}}],"collection":[{"href":"https:\/\/luxinternational.com\/it\/wp-json\/wp\/v2\/product"}],"about":[{"href":"https:\/\/luxinternational.com\/it\/wp-json\/wp\/v2\/types\/product"}],"author":[{"embeddable":true,"href":"https:\/\/luxinternational.com\/it\/wp-json\/wp\/v2\/users\/1"}],"version-history":[{"count":5,"href":"https:\/\/luxinternational.com\/it\/wp-json\/wp\/v2\/product\/11009\/revisions"}],"predecessor-version":[{"id":13630,"href":"https:\/\/luxinternational.com\/it\/wp-json\/wp\/v2\/product\/11009\/revisions\/13630"}],"wp:featuredmedia":[{"embeddable":true,"href":"https:\/\/luxinternational.com\/it\/wp-json\/wp\/v2\/media\/11017"}],"wp:attachment":[{"href":"https:\/\/luxinternational.com\/it\/wp-json\/wp\/v2\/media?parent=11009"}],"wp:term":[{"taxonomy":"product-category","embeddable":true,"href":"https:\/\/luxinternational.com\/it\/wp-json\/wp\/v2\/product-category?post=11009"},{"taxonomy":"product-keyword","embeddable":true,"href":"https:\/\/luxinternational.com\/it\/wp-json\/wp\/v2\/product-keyword?post=11009"}],"curies":[{"name":"wp","href":"https:\/\/api.w.org\/{rel}","templated":true}]}}