{"id":7860,"date":"2025-05-09T10:33:00","date_gmt":"2025-05-09T08:33:00","guid":{"rendered":"https:\/\/luxinternational.com\/?post_type=product&#038;p=7860"},"modified":"2025-09-10T14:46:18","modified_gmt":"2025-09-10T12:46:18","slug":"novolux","status":"publish","type":"product","link":"https:\/\/luxinternational.com\/hu\/product\/novolux\/","title":{"rendered":"NOVOLUX"},"content":{"rendered":"<p><div class=\"fusion-fullwidth fullwidth-box fusion-builder-row-1 fusion-flex-container has-pattern-background has-mask-background nonhundred-percent-fullwidth non-hundred-percent-height-scrolling\" style=\"--awb-border-radius-top-left:0px;--awb-border-radius-top-right:0px;--awb-border-radius-bottom-right:0px;--awb-border-radius-bottom-left:0px;--awb-padding-right:0px;--awb-padding-left:0px;--awb-margin-top:30px;--awb-margin-top-medium:15px;--awb-flex-wrap:wrap;\" id=\"product-tabs\" ><div class=\"fusion-builder-row fusion-row fusion-flex-align-items-flex-start fusion-flex-content-wrap\" style=\"max-width:1372.8px;margin-left: calc(-4% \/ 2 );margin-right: calc(-4% \/ 2 );\"><div class=\"fusion-layout-column fusion_builder_column fusion-builder-column-0 fusion_builder_column_1_1 1_1 fusion-flex-column\" style=\"--awb-bg-size:cover;--awb-width-large:100%;--awb-margin-top-large:0px;--awb-spacing-right-large:1.92%;--awb-margin-bottom-large:20px;--awb-spacing-left-large:1.92%;--awb-width-medium:100%;--awb-order-medium:0;--awb-spacing-right-medium:1.92%;--awb-spacing-left-medium:1.92%;--awb-width-small:100%;--awb-order-small:0;--awb-spacing-right-small:1.92%;--awb-spacing-left-small:1.92%;\"><div class=\"fusion-column-wrapper fusion-column-has-shadow fusion-flex-justify-content-flex-start fusion-content-layout-column\"><div class=\"fusion-image-carousel fusion-image-carousel-fixed fusion-image-carousel-1 lightbox-enabled fusion-carousel-border\"><div class=\"awb-carousel awb-swiper awb-swiper-carousel awb-carousel--carousel awb-swiper-dots-position-bottom\" data-layout=\"carousel\" data-autoplay=\"no\" data-autoplayspeed=\"2500\" data-autoplaypause=\"no\" data-columns=\"5\" data-columnsmedium=\"1\" data-columnssmall=\"1\" data-itemmargin=\"10\" data-itemwidth=\"180\" data-touchscroll=\"no\" data-freemode=\"no\" data-imagesize=\"fixed\" data-scrollitems=\"0\" data-centeredslides=\"no\" data-rotationangle=\"50\" data-depth=\"100\" data-speed=\"500\" data-shadow=\"no\" data-pagination=\"bullets\" style=\"--awb-column-spacing:10px;--awb-border-width:1px;--awb-border-color:#e9eaee;\"><div class=\"swiper-wrapper awb-image-carousel-wrapper fusion-flex-align-items-center\"><div class=\"swiper-slide\"><div class=\"fusion-carousel-item-wrapper\"><div class=\"fusion-image-wrapper hover-type-none\"><a data-rel=\"iLightbox[image_carousel_1]\" data-caption=\"\" href=\"https:\/\/luxinternational.com\/wp-content\/uploads\/2024\/03\/86_pic2_o.jpeg\" target=\"_self\"><\/a><\/div><\/div><\/div><div class=\"swiper-slide\"><div class=\"fusion-carousel-item-wrapper\"><div class=\"fusion-image-wrapper hover-type-none\"><a data-rel=\"iLightbox[image_carousel_1]\" data-caption=\"\" href=\"https:\/\/luxinternational.com\/wp-content\/uploads\/2024\/03\/86_pic3_o.jpeg\" target=\"_self\"><\/a><\/div><\/div><\/div><div class=\"swiper-slide\"><div class=\"fusion-carousel-item-wrapper\"><div class=\"fusion-image-wrapper hover-type-none\"><a data-rel=\"iLightbox[image_carousel_1]\" data-caption=\"\" href=\"https:\/\/luxinternational.com\/wp-content\/uploads\/2024\/03\/86_pic4_o.jpeg\" target=\"_self\"><\/a><\/div><\/div><\/div><div class=\"swiper-slide\"><div class=\"fusion-carousel-item-wrapper\"><div class=\"fusion-image-wrapper hover-type-none\"><a data-rel=\"iLightbox[image_carousel_1]\" data-caption=\"\" href=\"https:\/\/luxinternational.com\/wp-content\/uploads\/2024\/03\/86_pic5_o.jpeg\" target=\"_self\"><\/a><\/div><\/div><\/div><\/div><div class=\"awb-swiper-button awb-swiper-button-prev\"><i class=\"awb-icon-angle-left\" aria-hidden=\"true\"><\/i><\/div><div class=\"awb-swiper-button awb-swiper-button-next\"><i class=\"awb-icon-angle-right\" aria-hidden=\"true\"><\/i><\/div><\/div><\/div><\/div><\/div><div class=\"fusion-layout-column fusion_builder_column fusion-builder-column-1 fusion_builder_column_1_1 1_1 fusion-flex-column\" style=\"--awb-bg-size:cover;--awb-width-large:100%;--awb-margin-top-large:0px;--awb-spacing-right-large:1.92%;--awb-margin-bottom-large:70px;--awb-spacing-left-large:1.92%;--awb-width-medium:100%;--awb-order-medium:0;--awb-spacing-right-medium:1.92%;--awb-spacing-left-medium:1.92%;--awb-width-small:100%;--awb-order-small:0;--awb-spacing-right-small:1.92%;--awb-spacing-left-small:1.92%;\" data-scroll-devices=\"small-visibility,medium-visibility,large-visibility\"><div class=\"fusion-column-wrapper fusion-column-has-shadow fusion-flex-justify-content-flex-start fusion-content-layout-column\"><div class=\"fusion-video fusion-youtube\" style=\"--awb-max-width:600px;--awb-max-height:360px;--awb-align-self:center;--awb-width:100%;\"><div class=\"video-shortcode\"><div class=\"fluid-width-video-wrapper\" style=\"padding-top:60%;\" > <div class=\"brlbs-cmpnt-container brlbs-cmpnt-content-blocker brlbs-cmpnt-with-individual-styles\" data-borlabs-cookie-content-blocker-id=\"youtube-content-blocker\" data-borlabs-cookie-content=\"PGlmcmFtZSB0aXRsZT0iWW91VHViZSB2aWRlbyBwbGF5ZXIgMSIgc3JjPSJodHRwczovL3d3dy55b3V0dWJlLW5vY29va2llLmNvbS9lbWJlZC9FVUh3SVBmQmphWT93bW9kZT10cmFuc3BhcmVudCZhdXRvcGxheT0wIiB3aWR0aD0iNjAwIiBoZWlnaHQ9IjM2MCIgYWxsb3dmdWxsc2NyZWVuIGFsbG93PSJhdXRvcGxheTsgY2xpcGJvYXJkLXdyaXRlOyBlbmNyeXB0ZWQtbWVkaWE7IGd5cm9zY29wZTsgcGljdHVyZS1pbi1waWN0dXJlOyI+PC9pZnJhbWU+PHNjcmlwdCBkYXRhLWJvcmxhYnMtY29va2llLXNjcmlwdC1ibG9ja2VyLWlnbm9yZT4KKGZ1bmN0aW9uKCkgewogICAgY29uc3QgZnVzaW9uVmlkZW8gPSBkb2N1bWVudC5jdXJyZW50U2NyaXB0LmNsb3Nlc3QoJy5mdXNpb24tdmlkZW8nKTsKICAgIGlmICghZnVzaW9uVmlkZW8gfHwgdHlwZW9mIGpRdWVyeSA9PT0gJ3VuZGVmaW5lZCcpIHsKICAgICAgICByZXR1cm47CiAgICB9CiAgICAhalF1ZXJ5KGZ1c2lvblZpZGVvKS5wYXJlbnRzKCIuZnVzaW9uLW1vZGFsIikubGVuZ3RoICYmIDEgPT0galF1ZXJ5KGZ1c2lvblZpZGVvKS5kYXRhKCJhdXRvcGxheSIpICYmIGpRdWVyeShmdXNpb25WaWRlbykuaXMoIjp2aXNpYmxlIikgJiYgalF1ZXJ5KGZ1c2lvblZpZGVvKS5maW5kKCJpZnJhbWUiKS5lYWNoKChmdW5jdGlvbiAoKSB7CiAgICAgIGpRdWVyeSh0aGlzKS5oYXNDbGFzcygibGF6eWxvYWQiKSA\/IGpRdWVyeSh0aGlzKS5vbigibGF6eWxvYWRlZCIsIChmdW5jdGlvbiAoKSB7CiAgICAgICAgdGhpcy5jb250ZW50V2luZG93LmxvY2F0aW9uLnJlcGxhY2UoalF1ZXJ5KHRoaXMpLmF0dHIoImRhdGEtb3JpZy1zcmMiKS5yZXBsYWNlKCJhdXRvcGxheT0wIiwgImF1dG9wbGF5PTEiKSkKICAgICAgfSkpIDogalF1ZXJ5KHRoaXMpLmF0dHIoInNyYyIsIGpRdWVyeSh0aGlzKS5hdHRyKCJzcmMiKS5yZXBsYWNlKCJhdXRvcGxheT0wIiwgImF1dG9wbGF5PTEiKSkKICAgIH0pKQp9KSgpOwo8L3NjcmlwdD4=\"><div class=\"brlbs-cmpnt-cb-preset-c brlbs-cmpnt-cb-youtube\"> <div class=\"brlbs-cmpnt-cb-thumbnail\" style=\"background-image: url('https:\/\/luxinternational.com\/wp-content\/uploads\/borlabs-cookie\/1\/yt_EUHwIPfBjaY_hqdefault.jpg')\"><\/div> <div class=\"brlbs-cmpnt-cb-main\"> <div class=\"brlbs-cmpnt-cb-play-button\"><\/div> <div class=\"brlbs-cmpnt-cb-content\"> <p class=\"brlbs-cmpnt-cb-description\">You are currently viewing a placeholder content from <strong>YouTube<\/strong>. To access the actual content, click the button below. Please note that doing so will share data with third-party providers.<\/p> <a class=\"brlbs-cmpnt-cb-provider-toggle\" href=\"#\" data-borlabs-cookie-show-provider-information role=\"button\">More Information<\/a> <\/div> <div class=\"brlbs-cmpnt-cb-buttons\"> <a class=\"brlbs-cmpnt-cb-btn\" href=\"#\" data-borlabs-cookie-unblock role=\"button\">Unblock content<\/a> <a class=\"brlbs-cmpnt-cb-btn\" href=\"#\" data-borlabs-cookie-accept-service role=\"button\" style=\"display: inherit\">Accept required service and unblock content<\/a> <\/div> <\/div> <\/div><\/div><\/div><\/div><\/div><\/div><\/div><div class=\"fusion-layout-column fusion_builder_column fusion-builder-column-2 fusion_builder_column_1_1 1_1 fusion-flex-column\" style=\"--awb-bg-size:cover;--awb-width-large:100%;--awb-margin-top-large:0px;--awb-spacing-right-large:1.92%;--awb-margin-bottom-large:20px;--awb-spacing-left-large:1.92%;--awb-width-medium:100%;--awb-order-medium:0;--awb-spacing-right-medium:1.92%;--awb-spacing-left-medium:1.92%;--awb-width-small:100%;--awb-order-small:0;--awb-spacing-right-small:1.92%;--awb-margin-bottom-small:0px;--awb-spacing-left-small:1.92%;\" data-scroll-devices=\"small-visibility,medium-visibility,large-visibility\"><div class=\"fusion-column-wrapper fusion-column-has-shadow fusion-flex-justify-content-flex-start fusion-content-layout-column\"><div class=\"fusion-tabs fusion-tabs-1 classic nav-is-justified horizontal-tabs icon-position-left mobile-mode-accordion\" style=\"--awb-title-border-radius-top-left:0px;--awb-title-border-radius-top-right:0px;--awb-title-border-radius-bottom-right:0px;--awb-title-border-radius-bottom-left:0px;--awb-alignment:start;--awb-inactive-color:var(--awb-custom_color_6);--awb-background-color:var(--awb-color1);--awb-border-color:var(--awb-custom_color_6);--awb-active-border-color:var(--awb-color5);\"><div class=\"nav\"><ul class=\"nav-tabs nav-justified\" role=\"tablist\"><li class=\"active\" role=\"presentation\"><a class=\"tab-link\" data-toggle=\"tab\" role=\"tab\" aria-controls=\"tab-3477d0aee10f3a1287b\" aria-selected=\"true\" id=\"fusion-tab-specifik\u00e1ci\u00f3\" href=\"#tab-3477d0aee10f3a1287b\"><h4 class=\"fusion-tab-heading\">Specifik\u00e1ci\u00f3<\/h4><\/a><\/li><li role=\"presentation\"><a class=\"tab-link\" data-toggle=\"tab\" role=\"tab\" aria-controls=\"tab-6ad1e5b7c772399d80f\" aria-selected=\"false\" tabindex=\"-1\" id=\"fusion-tab-jellemz\u0151k\" href=\"#tab-6ad1e5b7c772399d80f\"><h4 class=\"fusion-tab-heading\">Jellemz\u0151k<\/h4><\/a><\/li><li role=\"presentation\"><a class=\"tab-link\" data-toggle=\"tab\" role=\"tab\" aria-controls=\"tab-58864de35372e4db2c3\" aria-selected=\"false\" tabindex=\"-1\" id=\"fusion-tab-tan\u00fas\u00edtv\u00e1nyok\u00e9sd\u00edjak\" href=\"#tab-58864de35372e4db2c3\"><h4 class=\"fusion-tab-heading\">Tan\u00fas\u00edtv\u00e1nyok \u00e9s d\u00edjak<\/h4><\/a><\/li><li role=\"presentation\"><a class=\"tab-link\" data-toggle=\"tab\" role=\"tab\" aria-controls=\"tab-1e60223ad5438f7f515\" aria-selected=\"false\" tabindex=\"-1\" id=\"fusion-tab-t\u00e1mogat\u00e1s\" href=\"#tab-1e60223ad5438f7f515\"><h4 class=\"fusion-tab-heading\">T\u00e1mogat\u00e1s<\/h4><\/a><\/li><\/ul><\/div><div class=\"tab-content\"><div class=\"nav fusion-mobile-tab-nav\"><ul class=\"nav-tabs nav-justified\" role=\"tablist\"><li class=\"active\" role=\"presentation\"><a class=\"tab-link\" data-toggle=\"tab\" role=\"tab\" aria-controls=\"tab-3477d0aee10f3a1287b\" aria-selected=\"true\" id=\"mobile-fusion-tab-specifik\u00e1ci\u00f3\" href=\"#tab-3477d0aee10f3a1287b\"><h4 class=\"fusion-tab-heading\">Specifik\u00e1ci\u00f3<\/h4><\/a><\/li><\/ul><\/div><div class=\"tab-pane fade fusion-clearfix in active\" role=\"tabpanel\" tabindex=\"0\" aria-labelledby=\"fusion-tab-specifik\u00e1ci\u00f3\" id=\"tab-3477d0aee10f3a1287b\">\n<table>\n<tbody>\n<tr>\n<td>Szoba m\u00e9rete<\/td>\n<td>14<sup>m2<\/sup><\/td>\n<\/tr>\n<tr>\n<td>Maxim\u00e1lis l\u00e9g\u00e1raml\u00e1s<\/td>\n<td>34-175<sup>m3\/h<\/sup><\/td>\n<\/tr>\n<tr>\n<td>Sz\u0171r\u0151csere kijelz\u0151<\/td>\n<td>Igen<\/td>\n<\/tr>\n<tr>\n<td>Sz\u0171r\u0151 t\u00edpusa<\/td>\n<td>Moshat\u00f3 el\u0151sz\u0171r\u0151<\/td>\n<\/tr>\n<tr>\n<td><\/td>\n<td>HEPA sz\u0171r\u0151<\/td>\n<\/tr>\n<tr>\n<td><\/td>\n<td>Sz\u00e9nsz\u0171r\u0151<\/td>\n<\/tr>\n<tr>\n<td>Leveg\u0151tisztas\u00e1g-\u00e9rz\u00e9kel\u0151<\/td>\n<td>Nem<\/td>\n<\/tr>\n<tr>\n<td>Tiszt\u00edt\u00f3 rendszer<\/td>\n<td>5 szakasz<\/td>\n<\/tr>\n<tr>\n<td>Technol\u00f3gia<\/td>\n<td>UV LED f\u00e9ny<\/td>\n<\/tr>\n<tr>\n<td><\/td>\n<td>Ioniz\u00e1tor<\/td>\n<\/tr>\n<tr>\n<td>Energiafogyaszt\u00e1s<\/td>\n<td>5W, 8W, 22W<\/td>\n<\/tr>\n<tr>\n<td>Sebess\u00e9gi szintek<\/td>\n<td>3<\/td>\n<\/tr>\n<tr>\n<td>M\u0171k\u00f6d\u00e9si m\u00f3dok<\/td>\n<td>K\u00e9zi<\/td>\n<\/tr>\n<tr>\n<td>Leveg\u0151 kimenet<\/td>\n<td>Top<\/td>\n<\/tr>\n<tr>\n<td>L\u00e9gbe\u00f6ml\u0151ny\u00edl\u00e1s<\/td>\n<td>Alul<\/td>\n<\/tr>\n<tr>\n<td>Jellemz\u0151k<\/td>\n<td>&#8211;<\/td>\n<\/tr>\n<tr>\n<td>T\u00e1vir\u00e1ny\u00edt\u00f3<\/td>\n<td>Nem<\/td>\n<\/tr>\n<tr>\n<td>Sz\u00ednes<\/td>\n<td>Cser\u00e9lhet\u0151 bor\u00edt\u00e1sok: sz\u00fcrke, fekete, piros<\/td>\n<\/tr>\n<tr>\n<td>T\u00e9tel m\u00e9retei<\/td>\n<td>476 x 254 mm<\/td>\n<\/tr>\n<tr>\n<td>T\u00e9tel s\u00falya<\/td>\n<td>4,2 kg<\/td>\n<\/tr>\n<tr>\n<td>Mennyis\u00e9g\/csomag<\/td>\n<td>1<\/td>\n<\/tr>\n<\/tbody>\n<\/table>\n<\/div><div class=\"nav fusion-mobile-tab-nav\"><ul class=\"nav-tabs nav-justified\" role=\"tablist\"><li role=\"presentation\"><a class=\"tab-link\" data-toggle=\"tab\" role=\"tab\" aria-controls=\"tab-6ad1e5b7c772399d80f\" aria-selected=\"false\" tabindex=\"-1\" id=\"mobile-fusion-tab-jellemz\u0151k\" href=\"#tab-6ad1e5b7c772399d80f\"><h4 class=\"fusion-tab-heading\">Jellemz\u0151k<\/h4><\/a><\/li><\/ul><\/div><div class=\"tab-pane fade fusion-clearfix\" role=\"tabpanel\" tabindex=\"0\" aria-labelledby=\"fusion-tab-jellemz\u0151k\" id=\"tab-6ad1e5b7c772399d80f\"><strong>PREFILTER<\/strong><br \/>\nA moshat\u00f3 PRE FILTER elt\u00e1vol\u00edtja a legnagyobb r\u00e9szecsk\u00e9ket, p\u00e9ld\u00e1ul a hajsz\u00e1lakat, sz\u00e1lakat, porszemcs\u00e9ket.<\/p>\n<p><strong>HEPA SZ\u0170R\u0150<\/strong><br \/>\nA HEPA SZ\u0170R\u0150 99,95%-os hat\u00e9konys\u00e1ggal t\u00e1vol\u00edtja el a leveg\u0151b\u0151l a 0,3 mikron m\u00e9ret\u0171 r\u00e9szecsk\u00e9ket, p\u00e9ld\u00e1ul a polleneket, a pen\u00e9szsp\u00f3r\u00e1kat \u00e9s a port.<\/p>\n<p><strong>SZ\u00c9NSZ\u0170R\u0150<\/strong><br \/>\nA CARBON FILTER elt\u00e1vol\u00edtja a szerves \u00e9s k\u00e9miai h\u00e1ztart\u00e1si szagokat &#8211; p\u00e9ld\u00e1ul a doh\u00e1ny- \u00e9s \u00e9telszagokat -, valamint a h\u00e1ztart\u00e1si tiszt\u00edt\u00f3szerekb\u0151l, fest\u00e9kekb\u0151l, old\u00f3szerekb\u0151l, sz\u0151nyegekb\u0151l, b\u00fatorokb\u00f3l \u00e9s m\u00e1s, vegyi anyagokat tartalmaz\u00f3 anyagokb\u00f3l sz\u00e1rmaz\u00f3 g\u00e1zokat.<\/p>\n<p><strong>UV LED<\/strong><br \/>\nAz UV LED f\u00e9nynek k\u00f6sz\u00f6nhet\u0151en, amely aktiv\u00e1lja a tit\u00e1noxid r\u00e9teget, ez a sz\u0171r\u00e9si fokozat cs\u00f6kkenti a bakt\u00e9riumokat \u00e9s v\u00edrusokat.<\/p>\n<p><strong>IONIZER<\/strong><br \/>\nAz IONIZER negat\u00edv ionokkal t\u00f6lti fel a r\u00e9szecsk\u00e9ket, \u00edgy azok \u00f6sszecsom\u00f3sodnak, \u00e9s k\u00f6nnyebben elt\u00e1vol\u00edthat\u00f3k a leveg\u0151b\u0151l vagy a fel\u00fcletr\u0151l, ahov\u00e1 esnek.<\/div><div class=\"nav fusion-mobile-tab-nav\"><ul class=\"nav-tabs nav-justified\" role=\"tablist\"><li role=\"presentation\"><a class=\"tab-link\" data-toggle=\"tab\" role=\"tab\" aria-controls=\"tab-58864de35372e4db2c3\" aria-selected=\"false\" tabindex=\"-1\" id=\"mobile-fusion-tab-tan\u00fas\u00edtv\u00e1nyok\u00e9sd\u00edjak\" href=\"#tab-58864de35372e4db2c3\"><h4 class=\"fusion-tab-heading\">Tan\u00fas\u00edtv\u00e1nyok \u00e9s d\u00edjak<\/h4><\/a><\/li><\/ul><\/div><div class=\"tab-pane fade fusion-clearfix\" role=\"tabpanel\" tabindex=\"0\" aria-labelledby=\"fusion-tab-tan\u00fas\u00edtv\u00e1nyok\u00e9sd\u00edjak\" id=\"tab-58864de35372e4db2c3\"><img decoding=\"async\" class=\"lazyload alignnone wp-image-3965\" src=\"data:image\/svg+xml,%3Csvg%20xmlns%3D%27http%3A%2F%2Fwww.w3.org%2F2000%2Fsvg%27%20width%3D%27155%27%20height%3D%27155%27%20viewBox%3D%270%200%20155%20155%27%3E%3Crect%20width%3D%27155%27%20height%3D%27155%27%20fill-opacity%3D%220%22%2F%3E%3C%2Fsvg%3E\" data-orig-src=\"https:\/\/luxinternational.com\/wp-content\/uploads\/2024\/03\/1786_gui_lab_label_effectively_reduces_bacterias_viruses_560_en.jpg\" alt=\"\" width=\"155\" height=\"155\" \/><\/p>\n<p><strong>GUI TAN\u00daS\u00cdT\u00c1S<\/strong><br \/>\nHat\u00e9konyan cs\u00f6kkenti a finom port, a bakt\u00e9riumokat, a pen\u00e9szgomb\u00e1t \u00e9s a v\u00edrusokat a belt\u00e9ri leveg\u0151ben.<\/div><div class=\"nav fusion-mobile-tab-nav\"><ul class=\"nav-tabs nav-justified\" role=\"tablist\"><li role=\"presentation\"><a class=\"tab-link\" data-toggle=\"tab\" role=\"tab\" aria-controls=\"tab-1e60223ad5438f7f515\" aria-selected=\"false\" tabindex=\"-1\" id=\"mobile-fusion-tab-t\u00e1mogat\u00e1s\" href=\"#tab-1e60223ad5438f7f515\"><h4 class=\"fusion-tab-heading\">T\u00e1mogat\u00e1s<\/h4><\/a><\/li><\/ul><\/div><div class=\"tab-pane fade fusion-clearfix\" role=\"tabpanel\" tabindex=\"0\" aria-labelledby=\"fusion-tab-t\u00e1mogat\u00e1s\" id=\"tab-1e60223ad5438f7f515\"><a href=\"https:\/\/luxinternational.com\/wp-content\/uploads\/2024\/03\/en_aeroguard_mini_manual_web.pdf\" target=\"_blank\" rel=\"noopener\">Term\u00e9k k\u00e9zik\u00f6nyv<\/a><br \/>\n<a href=\"https:\/\/luxinternational.com\/wp-content\/uploads\/2024\/03\/en_agmini_brochure_web.pdf\" target=\"_blank\" rel=\"noopener\">Bros\u00fara<\/a><br \/>\n<a href=\"https:\/\/luxinternational.com\/wp-content\/uploads\/2024\/03\/1807_en_lux-aeroguard_1778_zertifikat-gui-2020_03.pdf\" target=\"_blank\" rel=\"noopener\">Gui tan\u00fas\u00edt\u00e1s<\/a><br \/>\n<a href=\"https:\/\/luxinternational.com\/wp-content\/uploads\/2024\/03\/88_file2_aeroguard_mini_ebook_2016_en.pdf\" target=\"_blank\" rel=\"noopener\">eBook<\/a><\/div><\/div><\/div><\/div><\/div><\/div><\/div><div class=\"fusion-fullwidth fullwidth-box fusion-builder-row-2 fusion-flex-container has-pattern-background has-mask-background nonhundred-percent-fullwidth non-hundred-percent-height-scrolling\" style=\"--awb-border-radius-top-left:0px;--awb-border-radius-top-right:0px;--awb-border-radius-bottom-right:0px;--awb-border-radius-bottom-left:0px;--awb-margin-top:0px;--awb-margin-bottom:70px;--awb-margin-top-medium:0px;--awb-margin-bottom-medium:50px;--awb-margin-top-small:0px;--awb-margin-bottom-small:15px;--awb-flex-wrap:wrap;\" ><div class=\"fusion-builder-row fusion-row fusion-flex-align-items-flex-start fusion-flex-content-wrap\" style=\"max-width:1372.8px;margin-left: calc(-4% \/ 2 );margin-right: calc(-4% \/ 2 );\"><div class=\"fusion-layout-column fusion_builder_column fusion-builder-column-3 fusion_builder_column_1_1 1_1 fusion-flex-column\" style=\"--awb-bg-size:cover;--awb-width-large:100%;--awb-margin-top-large:0px;--awb-spacing-right-large:1.92%;--awb-margin-bottom-large:0px;--awb-spacing-left-large:1.92%;--awb-width-medium:100%;--awb-order-medium:0;--awb-spacing-right-medium:1.92%;--awb-spacing-left-medium:1.92%;--awb-width-small:100%;--awb-order-small:0;--awb-spacing-right-small:1.92%;--awb-spacing-left-small:1.92%;\"><div class=\"fusion-column-wrapper fusion-column-has-shadow fusion-flex-justify-content-flex-start fusion-content-layout-column\"><div class=\"fusion-title title fusion-title-1 fusion-sep-none fusion-title-center fusion-title-text fusion-title-size-two\" style=\"--awb-text-color:var(--awb-custom_color_4);--awb-margin-top:0px;--awb-margin-bottom:60px;--awb-margin-top-small:0px;--awb-margin-right-small:0px;--awb-margin-bottom-small:40px;--awb-margin-left-small:0px;\"><h2 class=\"fusion-title-heading title-heading-center\" style=\"margin:0;text-transform:capitalize;\">kieg\u00e9sz\u00edt\u0151k<\/h2><\/div><\/div><\/div><\/div><\/div><\/p>\n","protected":false},"excerpt":{"rendered":"","protected":false},"author":1,"featured_media":7868,"template":"","product-category":[45],"product-keyword":[52,47,53,49,51,48],"class_list":["post-7860","product","type-product","status-publish","has-post-thumbnail","hentry","product-category-clean-air","product-keyword-air-pollution-solutions","product-keyword-decrease-your-asthma-symptoms","product-keyword-eliminate-unpleasant-odours","product-keyword-forget-cold-flu","product-keyword-get-rid-of-dust","product-keyword-sleep-well"],"acf":[],"_links":{"self":[{"href":"https:\/\/luxinternational.com\/hu\/wp-json\/wp\/v2\/product\/7860","targetHints":{"allow":["GET"]}}],"collection":[{"href":"https:\/\/luxinternational.com\/hu\/wp-json\/wp\/v2\/product"}],"about":[{"href":"https:\/\/luxinternational.com\/hu\/wp-json\/wp\/v2\/types\/product"}],"author":[{"embeddable":true,"href":"https:\/\/luxinternational.com\/hu\/wp-json\/wp\/v2\/users\/1"}],"version-history":[{"count":2,"href":"https:\/\/luxinternational.com\/hu\/wp-json\/wp\/v2\/product\/7860\/revisions"}],"predecessor-version":[{"id":8063,"href":"https:\/\/luxinternational.com\/hu\/wp-json\/wp\/v2\/product\/7860\/revisions\/8063"}],"wp:featuredmedia":[{"embeddable":true,"href":"https:\/\/luxinternational.com\/hu\/wp-json\/wp\/v2\/media\/7868"}],"wp:attachment":[{"href":"https:\/\/luxinternational.com\/hu\/wp-json\/wp\/v2\/media?parent=7860"}],"wp:term":[{"taxonomy":"product-category","embeddable":true,"href":"https:\/\/luxinternational.com\/hu\/wp-json\/wp\/v2\/product-category?post=7860"},{"taxonomy":"product-keyword","embeddable":true,"href":"https:\/\/luxinternational.com\/hu\/wp-json\/wp\/v2\/product-keyword?post=7860"}],"curies":[{"name":"wp","href":"https:\/\/api.w.org\/{rel}","templated":true}]}}