{"id":7381,"date":"2024-08-15T09:29:17","date_gmt":"2024-08-15T07:29:17","guid":{"rendered":"https:\/\/luxinternational.com\/product\/evolux-max\/"},"modified":"2025-05-19T18:51:15","modified_gmt":"2025-05-19T16:51:15","slug":"evolux-max","status":"publish","type":"product","link":"https:\/\/luxinternational.com\/hu\/product\/evolux-max\/","title":{"rendered":"EVOLUX MAX"},"content":{"rendered":"<div class=\"fusion-fullwidth fullwidth-box fusion-builder-row-1 fusion-flex-container has-pattern-background has-mask-background nonhundred-percent-fullwidth non-hundred-percent-height-scrolling\" style=\"--awb-border-radius-top-left:0px;--awb-border-radius-top-right:0px;--awb-border-radius-bottom-right:0px;--awb-border-radius-bottom-left:0px;--awb-flex-wrap:wrap;\" ><div class=\"fusion-builder-row fusion-row fusion-flex-align-items-flex-start fusion-flex-content-wrap\" style=\"max-width:1372.8px;margin-left: calc(-4% \/ 2 );margin-right: calc(-4% \/ 2 );\"><div class=\"fusion-layout-column fusion_builder_column fusion-builder-column-0 fusion_builder_column_1_1 1_1 fusion-flex-column\" style=\"--awb-bg-size:cover;--awb-width-large:100%;--awb-margin-top-large:0px;--awb-spacing-right-large:1.92%;--awb-margin-bottom-large:20px;--awb-spacing-left-large:1.92%;--awb-width-medium:100%;--awb-order-medium:0;--awb-spacing-right-medium:1.92%;--awb-spacing-left-medium:1.92%;--awb-width-small:100%;--awb-order-small:0;--awb-spacing-right-small:1.92%;--awb-spacing-left-small:1.92%;\"><div class=\"fusion-column-wrapper fusion-column-has-shadow fusion-flex-justify-content-flex-start fusion-content-layout-column\"><div style=\"text-align:center;\"><a class=\"fusion-button button-flat fusion-button-default-size button-default fusion-button-default button-1 fusion-button-default-span fusion-button-default-type\" target=\"_self\" href=\"https:\/\/evolux-max.luxinternational.ag\/\" rel=\"noopener\"><span class=\"fusion-button-text awb-button__text awb-button__text--default\">TO EVOLUX MAX<\/span><\/a><\/div><\/div><\/div><\/div><\/div>\n","protected":false},"excerpt":{"rendered":"<p>INNOVAT\u00cdV TISZT\u00cdT\u00d3RENDSZER<\/p>\n","protected":false},"author":2,"featured_media":7412,"template":"","product-category":[44],"product-keyword":[],"class_list":["post-7381","product","type-product","status-publish","has-post-thumbnail","hentry","product-category-clean-home"],"acf":[],"_links":{"self":[{"href":"https:\/\/luxinternational.com\/hu\/wp-json\/wp\/v2\/product\/7381","targetHints":{"allow":["GET"]}}],"collection":[{"href":"https:\/\/luxinternational.com\/hu\/wp-json\/wp\/v2\/product"}],"about":[{"href":"https:\/\/luxinternational.com\/hu\/wp-json\/wp\/v2\/types\/product"}],"author":[{"embeddable":true,"href":"https:\/\/luxinternational.com\/hu\/wp-json\/wp\/v2\/users\/2"}],"version-history":[{"count":1,"href":"https:\/\/luxinternational.com\/hu\/wp-json\/wp\/v2\/product\/7381\/revisions"}],"predecessor-version":[{"id":7984,"href":"https:\/\/luxinternational.com\/hu\/wp-json\/wp\/v2\/product\/7381\/revisions\/7984"}],"wp:featuredmedia":[{"embeddable":true,"href":"https:\/\/luxinternational.com\/hu\/wp-json\/wp\/v2\/media\/7412"}],"wp:attachment":[{"href":"https:\/\/luxinternational.com\/hu\/wp-json\/wp\/v2\/media?parent=7381"}],"wp:term":[{"taxonomy":"product-category","embeddable":true,"href":"https:\/\/luxinternational.com\/hu\/wp-json\/wp\/v2\/product-category?post=7381"},{"taxonomy":"product-keyword","embeddable":true,"href":"https:\/\/luxinternational.com\/hu\/wp-json\/wp\/v2\/product-keyword?post=7381"}],"curies":[{"name":"wp","href":"https:\/\/api.w.org\/{rel}","templated":true}]}}