{"id":6092,"date":"2024-03-07T17:03:00","date_gmt":"2024-03-07T16:03:00","guid":{"rendered":"https:\/\/luxinternational.com\/product\/ecolux-neo-goztisztito\/"},"modified":"2025-06-26T10:36:51","modified_gmt":"2025-06-26T08:36:51","slug":"ecolux-neo-goztisztito","status":"publish","type":"product","link":"https:\/\/luxinternational.com\/hu\/product\/ecolux-neo-goztisztito\/","title":{"rendered":"Ecolux Neo g\u0151ztiszt\u00edt\u00f3"},"content":{"rendered":"<p><div class=\"fusion-fullwidth fullwidth-box fusion-builder-row-1 fusion-flex-container has-pattern-background has-mask-background nonhundred-percent-fullwidth non-hundred-percent-height-scrolling\" style=\"--awb-border-radius-top-left:0px;--awb-border-radius-top-right:0px;--awb-border-radius-bottom-right:0px;--awb-border-radius-bottom-left:0px;--awb-padding-right:0px;--awb-padding-left:0px;--awb-margin-top:30px;--awb-margin-top-medium:15px;--awb-flex-wrap:wrap;\" id=\"product-tabs\" ><div class=\"fusion-builder-row fusion-row fusion-flex-align-items-flex-start fusion-flex-content-wrap\" style=\"max-width:1372.8px;margin-left: calc(-4% \/ 2 );margin-right: calc(-4% \/ 2 );\"><div class=\"fusion-layout-column fusion_builder_column fusion-builder-column-0 fusion_builder_column_1_1 1_1 fusion-flex-column\" style=\"--awb-bg-size:cover;--awb-width-large:100%;--awb-margin-top-large:0px;--awb-spacing-right-large:1.92%;--awb-margin-bottom-large:20px;--awb-spacing-left-large:1.92%;--awb-width-medium:100%;--awb-order-medium:0;--awb-spacing-right-medium:1.92%;--awb-spacing-left-medium:1.92%;--awb-width-small:100%;--awb-order-small:0;--awb-spacing-right-small:1.92%;--awb-spacing-left-small:1.92%;\"><div class=\"fusion-column-wrapper fusion-column-has-shadow fusion-flex-justify-content-flex-start fusion-content-layout-column\"><div class=\"fusion-image-carousel fusion-image-carousel-fixed fusion-image-carousel-1 lightbox-enabled fusion-carousel-border\"><div class=\"awb-carousel awb-swiper awb-swiper-carousel awb-carousel--carousel awb-swiper-dots-position-bottom\" data-layout=\"carousel\" data-autoplay=\"no\" data-autoplayspeed=\"2500\" data-autoplaypause=\"no\" data-columns=\"5\" data-columnsmedium=\"1\" data-columnssmall=\"1\" data-itemmargin=\"10\" data-itemwidth=\"180\" data-touchscroll=\"no\" data-freemode=\"no\" data-imagesize=\"fixed\" data-scrollitems=\"0\" data-centeredslides=\"no\" data-rotationangle=\"50\" data-depth=\"100\" data-speed=\"500\" data-shadow=\"no\" data-pagination=\"bullets\" style=\"--awb-column-spacing:10px;--awb-border-width:1px;--awb-border-color:#e9eaee;\"><div class=\"swiper-wrapper awb-image-carousel-wrapper fusion-flex-align-items-center\"><div class=\"swiper-slide\"><div class=\"fusion-carousel-item-wrapper\"><div class=\"fusion-image-wrapper hover-type-none\"><a data-rel=\"iLightbox[image_carousel_1]\" data-title=\"95_pic2_o\" aria-label=\"95_pic2_o\" href=\"https:\/\/luxinternational.com\/wp-content\/uploads\/2024\/04\/95_pic2_o.png\" target=\"_self\"><img decoding=\"async\" width=\"320\" height=\"202\" src=\"data:image\/svg+xml,%3Csvg%20xmlns%3D%27http%3A%2F%2Fwww.w3.org%2F2000%2Fsvg%27%20width%3D%271007%27%20height%3D%27768%27%20viewBox%3D%270%200%201007%20768%27%3E%3Crect%20width%3D%271007%27%20height%3D%27768%27%20fill-opacity%3D%220%22%2F%3E%3C%2Fsvg%3E\" class=\"attachment-blog-medium size-blog-medium lazyload\" alt=\"\" data-orig-src=\"https:\/\/luxinternational.com\/wp-content\/uploads\/2024\/04\/95_pic2_o-320x202.png\" \/><\/a><\/div><\/div><\/div><div class=\"swiper-slide\"><div class=\"fusion-carousel-item-wrapper\"><div class=\"fusion-image-wrapper hover-type-none\"><a data-rel=\"iLightbox[image_carousel_1]\" data-title=\"95_pic3_o\" aria-label=\"95_pic3_o\" href=\"https:\/\/luxinternational.com\/wp-content\/uploads\/2024\/04\/95_pic3_o.jpeg\" target=\"_self\"><img decoding=\"async\" width=\"320\" height=\"202\" src=\"data:image\/svg+xml,%3Csvg%20xmlns%3D%27http%3A%2F%2Fwww.w3.org%2F2000%2Fsvg%27%20width%3D%271024%27%20height%3D%27632%27%20viewBox%3D%270%200%201024%20632%27%3E%3Crect%20width%3D%271024%27%20height%3D%27632%27%20fill-opacity%3D%220%22%2F%3E%3C%2Fsvg%3E\" class=\"attachment-blog-medium size-blog-medium lazyload\" alt=\"\" data-orig-src=\"https:\/\/luxinternational.com\/wp-content\/uploads\/2024\/04\/95_pic3_o-320x202.jpeg\" \/><\/a><\/div><\/div><\/div><div class=\"swiper-slide\"><div class=\"fusion-carousel-item-wrapper\"><div class=\"fusion-image-wrapper hover-type-none\"><a data-rel=\"iLightbox[image_carousel_1]\" data-title=\"95_pic4_o\" aria-label=\"95_pic4_o\" href=\"https:\/\/luxinternational.com\/wp-content\/uploads\/2024\/04\/95_pic4_o.jpeg\" target=\"_self\"><img decoding=\"async\" width=\"320\" height=\"202\" src=\"data:image\/svg+xml,%3Csvg%20xmlns%3D%27http%3A%2F%2Fwww.w3.org%2F2000%2Fsvg%27%20width%3D%271280%27%20height%3D%271920%27%20viewBox%3D%270%200%201280%201920%27%3E%3Crect%20width%3D%271280%27%20height%3D%271920%27%20fill-opacity%3D%220%22%2F%3E%3C%2Fsvg%3E\" class=\"attachment-blog-medium size-blog-medium lazyload\" alt=\"\" data-orig-src=\"https:\/\/luxinternational.com\/wp-content\/uploads\/2024\/04\/95_pic4_o-320x202.jpeg\" \/><\/a><\/div><\/div><\/div><div class=\"swiper-slide\"><div class=\"fusion-carousel-item-wrapper\"><div class=\"fusion-image-wrapper hover-type-none\"><a data-rel=\"iLightbox[image_carousel_1]\" data-title=\"95_pic6_o\" aria-label=\"95_pic6_o\" href=\"https:\/\/luxinternational.com\/wp-content\/uploads\/2024\/04\/95_pic6_o.jpeg\" target=\"_self\"><img decoding=\"async\" width=\"320\" height=\"202\" src=\"data:image\/svg+xml,%3Csvg%20xmlns%3D%27http%3A%2F%2Fwww.w3.org%2F2000%2Fsvg%27%20width%3D%271920%27%20height%3D%271251%27%20viewBox%3D%270%200%201920%201251%27%3E%3Crect%20width%3D%271920%27%20height%3D%271251%27%20fill-opacity%3D%220%22%2F%3E%3C%2Fsvg%3E\" class=\"attachment-blog-medium size-blog-medium lazyload\" alt=\"\" data-orig-src=\"https:\/\/luxinternational.com\/wp-content\/uploads\/2024\/04\/95_pic6_o-320x202.jpeg\" \/><\/a><\/div><\/div><\/div><div class=\"swiper-slide\"><div class=\"fusion-carousel-item-wrapper\"><div class=\"fusion-image-wrapper hover-type-none\"><a data-rel=\"iLightbox[image_carousel_1]\" data-title=\"95_pic7_o\" aria-label=\"95_pic7_o\" href=\"https:\/\/luxinternational.com\/wp-content\/uploads\/2024\/04\/95_pic7_o.jpeg\" target=\"_self\"><img decoding=\"async\" width=\"320\" height=\"202\" src=\"data:image\/svg+xml,%3Csvg%20xmlns%3D%27http%3A%2F%2Fwww.w3.org%2F2000%2Fsvg%27%20width%3D%271920%27%20height%3D%271280%27%20viewBox%3D%270%200%201920%201280%27%3E%3Crect%20width%3D%271920%27%20height%3D%271280%27%20fill-opacity%3D%220%22%2F%3E%3C%2Fsvg%3E\" class=\"attachment-blog-medium size-blog-medium lazyload\" alt=\"\" data-orig-src=\"https:\/\/luxinternational.com\/wp-content\/uploads\/2024\/04\/95_pic7_o-320x202.jpeg\" \/><\/a><\/div><\/div><\/div><div class=\"swiper-slide\"><div class=\"fusion-carousel-item-wrapper\"><div class=\"fusion-image-wrapper hover-type-none\"><a data-rel=\"iLightbox[image_carousel_1]\" data-title=\"95_pic10_o\" aria-label=\"95_pic10_o\" href=\"https:\/\/luxinternational.com\/wp-content\/uploads\/2024\/04\/95_pic10_o.jpeg\" target=\"_self\"><img decoding=\"async\" width=\"320\" height=\"202\" src=\"data:image\/svg+xml,%3Csvg%20xmlns%3D%27http%3A%2F%2Fwww.w3.org%2F2000%2Fsvg%27%20width%3D%271920%27%20height%3D%271286%27%20viewBox%3D%270%200%201920%201286%27%3E%3Crect%20width%3D%271920%27%20height%3D%271286%27%20fill-opacity%3D%220%22%2F%3E%3C%2Fsvg%3E\" class=\"attachment-blog-medium size-blog-medium lazyload\" alt=\"\" data-orig-src=\"https:\/\/luxinternational.com\/wp-content\/uploads\/2024\/04\/95_pic10_o-320x202.jpeg\" \/><\/a><\/div><\/div><\/div><div class=\"swiper-slide\"><div class=\"fusion-carousel-item-wrapper\"><div class=\"fusion-image-wrapper hover-type-none\"><a data-rel=\"iLightbox[image_carousel_1]\" data-title=\"95_pic11_o\" aria-label=\"95_pic11_o\" href=\"https:\/\/luxinternational.com\/wp-content\/uploads\/2024\/04\/95_pic11_o.jpeg\" target=\"_self\"><img decoding=\"async\" width=\"320\" height=\"202\" src=\"data:image\/svg+xml,%3Csvg%20xmlns%3D%27http%3A%2F%2Fwww.w3.org%2F2000%2Fsvg%27%20width%3D%271920%27%20height%3D%271280%27%20viewBox%3D%270%200%201920%201280%27%3E%3Crect%20width%3D%271920%27%20height%3D%271280%27%20fill-opacity%3D%220%22%2F%3E%3C%2Fsvg%3E\" class=\"attachment-blog-medium size-blog-medium lazyload\" alt=\"\" data-orig-src=\"https:\/\/luxinternational.com\/wp-content\/uploads\/2024\/04\/95_pic11_o-320x202.jpeg\" \/><\/a><\/div><\/div><\/div><div class=\"swiper-slide\"><div class=\"fusion-carousel-item-wrapper\"><div class=\"fusion-image-wrapper hover-type-none\"><a data-rel=\"iLightbox[image_carousel_1]\" data-title=\"95_pic14_o\" aria-label=\"95_pic14_o\" href=\"https:\/\/luxinternational.com\/wp-content\/uploads\/2024\/04\/95_pic14_o.jpeg\" target=\"_self\"><img decoding=\"async\" width=\"320\" height=\"202\" src=\"data:image\/svg+xml,%3Csvg%20xmlns%3D%27http%3A%2F%2Fwww.w3.org%2F2000%2Fsvg%27%20width%3D%271920%27%20height%3D%271280%27%20viewBox%3D%270%200%201920%201280%27%3E%3Crect%20width%3D%271920%27%20height%3D%271280%27%20fill-opacity%3D%220%22%2F%3E%3C%2Fsvg%3E\" class=\"attachment-blog-medium size-blog-medium lazyload\" alt=\"\" data-orig-src=\"https:\/\/luxinternational.com\/wp-content\/uploads\/2024\/04\/95_pic14_o-320x202.jpeg\" \/><\/a><\/div><\/div><\/div><\/div><div class=\"awb-swiper-button awb-swiper-button-prev\"><i class=\"awb-icon-angle-left\" aria-hidden=\"true\"><\/i><\/div><div class=\"awb-swiper-button awb-swiper-button-next\"><i class=\"awb-icon-angle-right\" aria-hidden=\"true\"><\/i><\/div><\/div><\/div><\/div><\/div><div class=\"fusion-layout-column fusion_builder_column fusion-builder-column-1 fusion_builder_column_1_1 1_1 fusion-flex-column\" style=\"--awb-bg-size:cover;--awb-width-large:100%;--awb-margin-top-large:0px;--awb-spacing-right-large:1.92%;--awb-margin-bottom-large:70px;--awb-spacing-left-large:1.92%;--awb-width-medium:100%;--awb-order-medium:0;--awb-spacing-right-medium:1.92%;--awb-spacing-left-medium:1.92%;--awb-width-small:100%;--awb-order-small:0;--awb-spacing-right-small:1.92%;--awb-spacing-left-small:1.92%;\" data-scroll-devices=\"small-visibility,medium-visibility,large-visibility\"><div class=\"fusion-column-wrapper fusion-column-has-shadow fusion-flex-justify-content-flex-start fusion-content-layout-column\"><div class=\"fusion-video fusion-youtube\" style=\"--awb-max-width:600px;--awb-max-height:360px;--awb-align-self:center;--awb-width:100%;\"><div class=\"video-shortcode\"><div class=\"fluid-width-video-wrapper\" style=\"padding-top:60%;\" > <div class=\"brlbs-cmpnt-container brlbs-cmpnt-content-blocker brlbs-cmpnt-with-individual-styles\" data-borlabs-cookie-content-blocker-id=\"youtube-content-blocker\" data-borlabs-cookie-content=\"PGlmcmFtZSB0aXRsZT0iWW91VHViZSB2aWRlbyBwbGF5ZXIgMSIgc3JjPSJodHRwczovL3d3dy55b3V0dWJlLW5vY29va2llLmNvbS9lbWJlZC9sZ1NJVllmQnlvTT93bW9kZT10cmFuc3BhcmVudCZhdXRvcGxheT0wIiB3aWR0aD0iNjAwIiBoZWlnaHQ9IjM2MCIgYWxsb3dmdWxsc2NyZWVuIGFsbG93PSJhdXRvcGxheTsgY2xpcGJvYXJkLXdyaXRlOyBlbmNyeXB0ZWQtbWVkaWE7IGd5cm9zY29wZTsgcGljdHVyZS1pbi1waWN0dXJlOyI+PC9pZnJhbWU+PHNjcmlwdCBkYXRhLWJvcmxhYnMtY29va2llLXNjcmlwdC1ibG9ja2VyLWlnbm9yZT4KKGZ1bmN0aW9uKCkgewogICAgY29uc3QgZnVzaW9uVmlkZW8gPSBkb2N1bWVudC5jdXJyZW50U2NyaXB0LmNsb3Nlc3QoJy5mdXNpb24tdmlkZW8nKTsKICAgIGlmICghZnVzaW9uVmlkZW8gfHwgdHlwZW9mIGpRdWVyeSA9PT0gJ3VuZGVmaW5lZCcpIHsKICAgICAgICByZXR1cm47CiAgICB9CiAgICAhalF1ZXJ5KGZ1c2lvblZpZGVvKS5wYXJlbnRzKCIuZnVzaW9uLW1vZGFsIikubGVuZ3RoICYmIDEgPT0galF1ZXJ5KGZ1c2lvblZpZGVvKS5kYXRhKCJhdXRvcGxheSIpICYmIGpRdWVyeShmdXNpb25WaWRlbykuaXMoIjp2aXNpYmxlIikgJiYgalF1ZXJ5KGZ1c2lvblZpZGVvKS5maW5kKCJpZnJhbWUiKS5lYWNoKChmdW5jdGlvbiAoKSB7CiAgICAgIGpRdWVyeSh0aGlzKS5oYXNDbGFzcygibGF6eWxvYWQiKSA\/IGpRdWVyeSh0aGlzKS5vbigibGF6eWxvYWRlZCIsIChmdW5jdGlvbiAoKSB7CiAgICAgICAgdGhpcy5jb250ZW50V2luZG93LmxvY2F0aW9uLnJlcGxhY2UoalF1ZXJ5KHRoaXMpLmF0dHIoImRhdGEtb3JpZy1zcmMiKS5yZXBsYWNlKCJhdXRvcGxheT0wIiwgImF1dG9wbGF5PTEiKSkKICAgICAgfSkpIDogalF1ZXJ5KHRoaXMpLmF0dHIoInNyYyIsIGpRdWVyeSh0aGlzKS5hdHRyKCJzcmMiKS5yZXBsYWNlKCJhdXRvcGxheT0wIiwgImF1dG9wbGF5PTEiKSkKICAgIH0pKQp9KSgpOwo8L3NjcmlwdD4=\"><div class=\"brlbs-cmpnt-cb-preset-c brlbs-cmpnt-cb-youtube\"> <div class=\"brlbs-cmpnt-cb-thumbnail\" style=\"background-image: url('https:\/\/luxinternational.com\/wp-content\/uploads\/borlabs-cookie\/1\/yt_lgSIVYfByoM_hqdefault.jpg')\"><\/div> <div class=\"brlbs-cmpnt-cb-main\"> <div class=\"brlbs-cmpnt-cb-play-button\"><\/div> <div class=\"brlbs-cmpnt-cb-content\"> <p class=\"brlbs-cmpnt-cb-description\">You are currently viewing a placeholder content from <strong>YouTube<\/strong>. To access the actual content, click the button below. Please note that doing so will share data with third-party providers.<\/p> <a class=\"brlbs-cmpnt-cb-provider-toggle\" href=\"#\" data-borlabs-cookie-show-provider-information role=\"button\">More Information<\/a> <\/div> <div class=\"brlbs-cmpnt-cb-buttons\"> <a class=\"brlbs-cmpnt-cb-btn\" href=\"#\" data-borlabs-cookie-unblock role=\"button\">Unblock content<\/a> <a class=\"brlbs-cmpnt-cb-btn\" href=\"#\" data-borlabs-cookie-accept-service role=\"button\" style=\"display: inherit\">Accept required service and unblock content<\/a> <\/div> <\/div> <\/div><\/div><\/div><\/div><\/div><\/div><\/div><div class=\"fusion-layout-column fusion_builder_column fusion-builder-column-2 fusion_builder_column_1_1 1_1 fusion-flex-column\" style=\"--awb-bg-size:cover;--awb-width-large:100%;--awb-margin-top-large:0px;--awb-spacing-right-large:1.92%;--awb-margin-bottom-large:20px;--awb-spacing-left-large:1.92%;--awb-width-medium:100%;--awb-order-medium:0;--awb-spacing-right-medium:1.92%;--awb-spacing-left-medium:1.92%;--awb-width-small:100%;--awb-order-small:0;--awb-spacing-right-small:1.92%;--awb-spacing-left-small:1.92%;\" data-scroll-devices=\"small-visibility,medium-visibility,large-visibility\"><div class=\"fusion-column-wrapper fusion-column-has-shadow fusion-flex-justify-content-flex-start fusion-content-layout-column\"><div class=\"fusion-tabs fusion-tabs-1 classic nav-is-justified horizontal-tabs icon-position-left mobile-mode-accordion\" style=\"--awb-title-border-radius-top-left:0px;--awb-title-border-radius-top-right:0px;--awb-title-border-radius-bottom-right:0px;--awb-title-border-radius-bottom-left:0px;--awb-alignment:start;--awb-inactive-color:var(--awb-custom_color_6);--awb-background-color:var(--awb-color1);--awb-border-color:var(--awb-custom_color_6);--awb-active-border-color:var(--awb-color5);\"><div class=\"nav\"><ul class=\"nav-tabs nav-justified\" role=\"tablist\"><li class=\"active\" role=\"presentation\"><a class=\"tab-link\" data-toggle=\"tab\" role=\"tab\" aria-controls=\"tab-b987a2ba64b5c5191a6\" aria-selected=\"true\" id=\"fusion-tab-specifik\u00e1ci\u00f3\" href=\"#tab-b987a2ba64b5c5191a6\"><h4 class=\"fusion-tab-heading\">Specifik\u00e1ci\u00f3<\/h4><\/a><\/li><li role=\"presentation\"><a class=\"tab-link\" data-toggle=\"tab\" role=\"tab\" aria-controls=\"tab-b60fd633c2ad4a3da5e\" aria-selected=\"false\" tabindex=\"-1\" id=\"fusion-tab-jellemz\u0151k\" href=\"#tab-b60fd633c2ad4a3da5e\"><h4 class=\"fusion-tab-heading\">Jellemz\u0151k<\/h4><\/a><\/li><li role=\"presentation\"><a class=\"tab-link\" data-toggle=\"tab\" role=\"tab\" aria-controls=\"tab-e1e68bb7ec1af369dd2\" aria-selected=\"false\" tabindex=\"-1\" id=\"fusion-tab-tan\u00fas\u00edtv\u00e1nyok\u00e9sd\u00edjak\" href=\"#tab-e1e68bb7ec1af369dd2\"><h4 class=\"fusion-tab-heading\">Tan\u00fas\u00edtv\u00e1nyok \u00e9s d\u00edjak<\/h4><\/a><\/li><li role=\"presentation\"><a class=\"tab-link\" data-toggle=\"tab\" role=\"tab\" aria-controls=\"tab-953a3034bfc57c2b1d9\" aria-selected=\"false\" tabindex=\"-1\" id=\"fusion-tab-t\u00e1mogat\u00e1s\" href=\"#tab-953a3034bfc57c2b1d9\"><h4 class=\"fusion-tab-heading\">T\u00e1mogat\u00e1s<\/h4><\/a><\/li><\/ul><\/div><div class=\"tab-content\"><div class=\"nav fusion-mobile-tab-nav\"><ul class=\"nav-tabs nav-justified\" role=\"tablist\"><li class=\"active\" role=\"presentation\"><a class=\"tab-link\" data-toggle=\"tab\" role=\"tab\" aria-controls=\"tab-b987a2ba64b5c5191a6\" aria-selected=\"true\" id=\"mobile-fusion-tab-specifik\u00e1ci\u00f3\" href=\"#tab-b987a2ba64b5c5191a6\"><h4 class=\"fusion-tab-heading\">Specifik\u00e1ci\u00f3<\/h4><\/a><\/li><\/ul><\/div><div class=\"tab-pane fade fusion-clearfix in active\" role=\"tabpanel\" tabindex=\"0\" aria-labelledby=\"fusion-tab-specifik\u00e1ci\u00f3\" id=\"tab-b987a2ba64b5c5191a6\">\n<table>\n<tbody>\n<tr>\n<td>G\u0151zszintek<\/td>\n<td>3<\/td>\n<\/tr>\n<tr>\n<td>Maxim\u00e1lis f\u0171t\u00e9si teljes\u00edtm\u00e9ny<\/td>\n<td>2200 W<\/td>\n<\/tr>\n<tr>\n<td>Kihaszn\u00e1lhat\u00f3 kaz\u00e1nkapacit\u00e1s<\/td>\n<td>1,2 l<\/td>\n<\/tr>\n<tr>\n<td>Maxim\u00e1lis nyom\u00e1s a kaz\u00e1nban<\/td>\n<td>5 bar<\/td>\n<\/tr>\n<tr>\n<td>Kaz\u00e1n anyaga<\/td>\n<td>Inox ac\u00e9l<\/td>\n<\/tr>\n<tr>\n<td>Tartoz\u00e9kok<\/td>\n<td>Tubusok (2 db)<\/td>\n<\/tr>\n<tr>\n<td><\/td>\n<td>G\u0151zt\u00f6ml\u0151<\/td>\n<\/tr>\n<tr>\n<td><\/td>\n<td>Padl\u00f3f\u00fav\u00f3ka<\/td>\n<\/tr>\n<tr>\n<td><\/td>\n<td>Gy\u00e9m\u00e1nt f\u00fav\u00f3ka<\/td>\n<\/tr>\n<tr>\n<td><\/td>\n<td>hegyes f\u00fav\u00f3ka, egyenes<\/td>\n<\/tr>\n<tr>\n<td><\/td>\n<td>hegyes f\u00fav\u00f3ka, \u00edvelt<\/td>\n<\/tr>\n<tr>\n<td><\/td>\n<td>Kis nejlonkefe, egyenes (2 db)<\/td>\n<\/tr>\n<tr>\n<td><\/td>\n<td>Kis r\u00e9zkefe, egyenes<\/td>\n<\/tr>\n<tr>\n<td><\/td>\n<td>Nagy nejlonkefe<\/td>\n<\/tr>\n<tr>\n<td><\/td>\n<td>Nagy term\u00e9szetes sz\u00e1las kefe<\/td>\n<\/tr>\n<tr>\n<td><\/td>\n<td>T\u00f6lt\u0151 palack<\/td>\n<\/tr>\n<tr>\n<td><\/td>\n<td>Lefoly\u00f3tiszt\u00edt\u00f3<\/td>\n<\/tr>\n<tr>\n<td><\/td>\n<td>2 mikrosz\u00e1las kend\u0151 a padl\u00f3f\u00fav\u00f3k\u00e1hoz<\/td>\n<\/tr>\n<tr>\n<td><\/td>\n<td>2 mikrosz\u00e1las kend\u0151 a gy\u00e9m\u00e1nt f\u00fav\u00f3k\u00e1hoz<\/td>\n<\/tr>\n<tr>\n<td>M\u00e9retek f\u0151egys\u00e9g (magass\u00e1g x sz\u00e9less\u00e9g x m\u00e9lys\u00e9g)<\/td>\n<td>420 x 300 x 275 mm<\/td>\n<\/tr>\n<tr>\n<td>T\u00e9tel s\u00falya<\/td>\n<td>5,4 kg<\/td>\n<\/tr>\n<tr>\n<td>Mennyis\u00e9g\/csomag<\/td>\n<td>1<\/td>\n<\/tr>\n<\/tbody>\n<\/table>\n<\/div><div class=\"nav fusion-mobile-tab-nav\"><ul class=\"nav-tabs nav-justified\" role=\"tablist\"><li role=\"presentation\"><a class=\"tab-link\" data-toggle=\"tab\" role=\"tab\" aria-controls=\"tab-b60fd633c2ad4a3da5e\" aria-selected=\"false\" tabindex=\"-1\" id=\"mobile-fusion-tab-jellemz\u0151k\" href=\"#tab-b60fd633c2ad4a3da5e\"><h4 class=\"fusion-tab-heading\">Jellemz\u0151k<\/h4><\/a><\/li><\/ul><\/div><div class=\"tab-pane fade fusion-clearfix\" role=\"tabpanel\" tabindex=\"0\" aria-labelledby=\"fusion-tab-jellemz\u0151k\" id=\"tab-b60fd633c2ad4a3da5e\"><strong>EGYED\u00dcL\u00d6NB\u00d6Z\u0150 HYBRID UT\u00c1NT\u00d6LT\u0150 RENDSZER \u00c9S SZ\u00c1R\u00cdTOTT G\u0150Z<\/strong><br \/>\nInnovat\u00edv ut\u00e1nt\u00f6lt\u0151 rendszer\u00fcnk lehet\u0151v\u00e9 teszi, hogy a g\u00e9pet addig haszn\u00e1lja, \u00e9s addig adjon sz\u00e1raz g\u0151zt, am\u00edg csak k\u00edv\u00e1nja, hogy otthona teljesen higi\u00e9nikus \u00e9s tiszta maradjon.<br \/>\nA sz\u00e1raz g\u0151z el\u0151nyei ez\u00e9rt k\u00f6nnyen min\u0151s\u00edthet\u0151k \u00e9s sz\u00e1mszer\u0171s\u00edthet\u0151k.<\/p>\n<p><strong>HAT\u00c9KONYAN Elt\u00e1vol\u00edtja a V\u00cdRUSOKAT, BAKTERI\u00c1KAT \u00c9S A SZ\u00c9PET<\/strong><br \/>\nA csak g\u0151zzel m\u0171k\u00f6d\u0151 g\u0151ztiszt\u00edt\u00f3k kiv\u00e1l\u00f3an alkalmasak olyan otthonok sz\u00e1m\u00e1ra, ahol gyermekek \u00e9s h\u00e1zi\u00e1llatok \u00e9lnek, akik \u00e9rz\u00e9kenyek lehetnek a potenci\u00e1lisan k\u00e1ros tiszt\u00edt\u00f3szerekre. Az Ecolux Neo alapos tiszt\u00edt\u00e1shoz csak v\u00edzre van sz\u00fcks\u00e9g, \u00edgy nem kell m\u00e9rgez\u0151 vegyszereket haszn\u00e1lni.<\/p>\n<p><strong>TESZTELT \u00c9S TAN\u00daS\u00cdTOTT:<\/strong><br \/>\n Az Ecolux Neo a leg\u00fajabb biztons\u00e1gi szabv\u00e1nyok figyelembev\u00e9tel\u00e9vel k\u00e9sz\u00fclt, hogy a lehet\u0151 legjobban megv\u00e9dje <strong>\u00d6nt<\/strong>.<br \/>\nA vesz\u00e9lyes mikroorgazmust is k\u00f6nnyen elt\u00e1vol\u00edtja. A Gui-Lab teszt k\u00f6vetelm\u00e9nyei teljes\u00fcltek, ami meger\u0151s\u00edti a bakt\u00e9riumok, pen\u00e9szgomb\u00e1k \u00e9s v\u00edrusok elleni magas tiszt\u00edt\u00e1si teljes\u00edtm\u00e9nyt.<\/div><div class=\"nav fusion-mobile-tab-nav\"><ul class=\"nav-tabs nav-justified\" role=\"tablist\"><li role=\"presentation\"><a class=\"tab-link\" data-toggle=\"tab\" role=\"tab\" aria-controls=\"tab-e1e68bb7ec1af369dd2\" aria-selected=\"false\" tabindex=\"-1\" id=\"mobile-fusion-tab-tan\u00fas\u00edtv\u00e1nyok\u00e9sd\u00edjak\" href=\"#tab-e1e68bb7ec1af369dd2\"><h4 class=\"fusion-tab-heading\">Tan\u00fas\u00edtv\u00e1nyok \u00e9s d\u00edjak<\/h4><\/a><\/li><\/ul><\/div><div class=\"tab-pane fade fusion-clearfix\" role=\"tabpanel\" tabindex=\"0\" aria-labelledby=\"fusion-tab-tan\u00fas\u00edtv\u00e1nyok\u00e9sd\u00edjak\" id=\"tab-e1e68bb7ec1af369dd2\">\n<p><img decoding=\"async\" class=\"lazyload alignnone wp-image-4043 size-thumbnail\" src=\"data:image\/svg+xml,%3Csvg%20xmlns%3D%27http%3A%2F%2Fwww.w3.org%2F2000%2Fsvg%27%20width%3D%27150%27%20height%3D%27150%27%20viewBox%3D%270%200%20150%20150%27%3E%3Crect%20width%3D%27150%27%20height%3D%27150%27%20fill-opacity%3D%220%22%2F%3E%3C%2Fsvg%3E\" data-orig-src=\"https:\/\/luxinternational.com\/wp-content\/uploads\/2024\/03\/2073_pruefzeichen-mikroorganismen_560_en-150x150.jpg\" alt=\"\" width=\"150\" height=\"150\"><\/p>\n<p><strong>GUI TESTED HYGIENE<\/strong><br \/>\nA Gui-Lab teszt k\u00f6vetelm\u00e9nyei teljes\u00fcltek. Meger\u0151s\u00edti a bakt\u00e9riumok, pen\u00e9szgomb\u00e1k, mikroorganizmusok \u00e9s v\u00edrusok elleni magas tiszt\u00edt\u00e1si teljes\u00edtm\u00e9nyt.<\/p>\n<\/div><div class=\"nav fusion-mobile-tab-nav\"><ul class=\"nav-tabs nav-justified\" role=\"tablist\"><li role=\"presentation\"><a class=\"tab-link\" data-toggle=\"tab\" role=\"tab\" aria-controls=\"tab-953a3034bfc57c2b1d9\" aria-selected=\"false\" tabindex=\"-1\" id=\"mobile-fusion-tab-t\u00e1mogat\u00e1s\" href=\"#tab-953a3034bfc57c2b1d9\"><h4 class=\"fusion-tab-heading\">T\u00e1mogat\u00e1s<\/h4><\/a><\/li><\/ul><\/div><div class=\"tab-pane fade fusion-clearfix\" role=\"tabpanel\" tabindex=\"0\" aria-labelledby=\"fusion-tab-t\u00e1mogat\u00e1s\" id=\"tab-953a3034bfc57c2b1d9\"><a href=\"https:\/\/luxinternational.com\/wp-content\/uploads\/2024\/03\/en_ecolux_neo_manul_web.pdf\" target=\"_blank\" rel=\"noopener\">Term\u00e9k k\u00e9zik\u00f6nyv<\/a><br \/>\n<a href=\"https:\/\/luxinternational.com\/wp-content\/uploads\/2024\/03\/brochure_ecolux_neo_en_web.pdf\" target=\"_blank\" rel=\"noopener\">Term\u00e9k bros\u00fara<\/a><br \/>\n<a href=\"https:\/\/luxinternational.com\/wp-content\/uploads\/2024\/03\/2070_zertifikat-gui-lux-ecolux-neo-en-2020_04.pdf\" target=\"_blank\" rel=\"noopener\">Gui tan\u00fas\u00edt\u00e1s<\/a><\/div><\/div><\/div><\/div><\/div><\/div><\/div><div class=\"fusion-fullwidth fullwidth-box fusion-builder-row-2 fusion-flex-container has-pattern-background has-mask-background nonhundred-percent-fullwidth non-hundred-percent-height-scrolling\" style=\"--awb-border-radius-top-left:0px;--awb-border-radius-top-right:0px;--awb-border-radius-bottom-right:0px;--awb-border-radius-bottom-left:0px;--awb-margin-top:0px;--awb-margin-bottom:70px;--awb-margin-top-medium:0px;--awb-margin-bottom-medium:50px;--awb-margin-top-small:0px;--awb-margin-bottom-small:15px;--awb-flex-wrap:wrap;\" ><div class=\"fusion-builder-row fusion-row fusion-flex-align-items-flex-start fusion-flex-content-wrap\" style=\"max-width:1372.8px;margin-left: calc(-4% \/ 2 );margin-right: calc(-4% \/ 2 );\"><div class=\"fusion-layout-column fusion_builder_column fusion-builder-column-3 fusion_builder_column_1_1 1_1 fusion-flex-column\" style=\"--awb-bg-size:cover;--awb-width-large:100%;--awb-margin-top-large:0px;--awb-spacing-right-large:1.92%;--awb-margin-bottom-large:0px;--awb-spacing-left-large:1.92%;--awb-width-medium:100%;--awb-order-medium:0;--awb-spacing-right-medium:1.92%;--awb-spacing-left-medium:1.92%;--awb-width-small:100%;--awb-order-small:0;--awb-spacing-right-small:1.92%;--awb-spacing-left-small:1.92%;\"><div class=\"fusion-column-wrapper fusion-column-has-shadow fusion-flex-justify-content-flex-start fusion-content-layout-column\"><div class=\"fusion-title title fusion-title-1 fusion-sep-none fusion-title-center fusion-title-text fusion-title-size-two\" style=\"--awb-text-color:var(--awb-custom_color_4);--awb-margin-top:0px;--awb-margin-bottom:60px;--awb-margin-top-small:0px;--awb-margin-right-small:0px;--awb-margin-bottom-small:40px;--awb-margin-left-small:0px;\"><h2 class=\"fusion-title-heading title-heading-center\" style=\"margin:0;text-transform:capitalize;\">kieg\u00e9sz\u00edt\u0151k<\/h2><\/div><\/div><\/div><\/div><\/div><\/p>\n","protected":false},"excerpt":{"rendered":"","protected":false},"author":1,"featured_media":5249,"template":"","product-category":[148],"product-keyword":[],"class_list":["post-6092","product","type-product","status-publish","has-post-thumbnail","hentry","product-category-better-living"],"acf":[],"_links":{"self":[{"href":"https:\/\/luxinternational.com\/hu\/wp-json\/wp\/v2\/product\/6092","targetHints":{"allow":["GET"]}}],"collection":[{"href":"https:\/\/luxinternational.com\/hu\/wp-json\/wp\/v2\/product"}],"about":[{"href":"https:\/\/luxinternational.com\/hu\/wp-json\/wp\/v2\/types\/product"}],"author":[{"embeddable":true,"href":"https:\/\/luxinternational.com\/hu\/wp-json\/wp\/v2\/users\/1"}],"version-history":[{"count":11,"href":"https:\/\/luxinternational.com\/hu\/wp-json\/wp\/v2\/product\/6092\/revisions"}],"predecessor-version":[{"id":8902,"href":"https:\/\/luxinternational.com\/hu\/wp-json\/wp\/v2\/product\/6092\/revisions\/8902"}],"wp:featuredmedia":[{"embeddable":true,"href":"https:\/\/luxinternational.com\/hu\/wp-json\/wp\/v2\/media\/5249"}],"wp:attachment":[{"href":"https:\/\/luxinternational.com\/hu\/wp-json\/wp\/v2\/media?parent=6092"}],"wp:term":[{"taxonomy":"product-category","embeddable":true,"href":"https:\/\/luxinternational.com\/hu\/wp-json\/wp\/v2\/product-category?post=6092"},{"taxonomy":"product-keyword","embeddable":true,"href":"https:\/\/luxinternational.com\/hu\/wp-json\/wp\/v2\/product-keyword?post=6092"}],"curies":[{"name":"wp","href":"https:\/\/api.w.org\/{rel}","templated":true}]}}