{"id":6085,"date":"2024-03-07T17:06:07","date_gmt":"2024-03-07T16:06:07","guid":{"rendered":"https:\/\/luxinternational.com\/product\/vilagos-matrac\/"},"modified":"2026-03-05T13:31:51","modified_gmt":"2026-03-05T12:31:51","slug":"vilagos-matrac","status":"publish","type":"product","link":"https:\/\/luxinternational.com\/hu\/product\/vilagos-matrac\/","title":{"rendered":"Vil\u00e1gos matrac"},"content":{"rendered":"<div class=\"fusion-fullwidth fullwidth-box fusion-builder-row-1 fusion-flex-container has-pattern-background has-mask-background nonhundred-percent-fullwidth non-hundred-percent-height-scrolling\" style=\"--awb-border-radius-top-left:0px;--awb-border-radius-top-right:0px;--awb-border-radius-bottom-right:0px;--awb-border-radius-bottom-left:0px;--awb-padding-right:0px;--awb-padding-left:0px;--awb-margin-top:30px;--awb-margin-top-medium:15px;--awb-flex-wrap:wrap;\" id=\"product-tabs\" ><div class=\"fusion-builder-row fusion-row fusion-flex-align-items-flex-start fusion-flex-content-wrap\" style=\"max-width:1372.8px;margin-left: calc(-4% \/ 2 );margin-right: calc(-4% \/ 2 );\"><div class=\"fusion-layout-column fusion_builder_column fusion-builder-column-0 fusion_builder_column_1_1 1_1 fusion-flex-column\" style=\"--awb-bg-size:cover;--awb-width-large:100%;--awb-margin-top-large:0px;--awb-spacing-right-large:1.92%;--awb-margin-bottom-large:20px;--awb-spacing-left-large:1.92%;--awb-width-medium:100%;--awb-order-medium:0;--awb-spacing-right-medium:1.92%;--awb-spacing-left-medium:1.92%;--awb-width-small:100%;--awb-order-small:0;--awb-spacing-right-small:1.92%;--awb-spacing-left-small:1.92%;\"><div class=\"fusion-column-wrapper fusion-column-has-shadow fusion-flex-justify-content-flex-start fusion-content-layout-column\"><div class=\"fusion-image-carousel fusion-image-carousel-fixed fusion-image-carousel-1 lightbox-enabled fusion-carousel-border\"><div class=\"awb-carousel awb-swiper awb-swiper-carousel awb-carousel--carousel awb-swiper-dots-position-bottom\" data-layout=\"carousel\" data-autoplay=\"no\" data-autoplayspeed=\"2500\" data-autoplaypause=\"no\" data-columns=\"5\" data-columnsmedium=\"1\" data-columnssmall=\"1\" data-itemmargin=\"10\" data-itemwidth=\"180\" data-touchscroll=\"no\" data-freemode=\"no\" data-imagesize=\"fixed\" data-scrollitems=\"0\" data-centeredslides=\"no\" data-rotationangle=\"50\" data-depth=\"100\" data-speed=\"500\" data-shadow=\"no\" data-pagination=\"bullets\" style=\"--awb-column-spacing:10px;--awb-border-width:1px;--awb-border-color:#e9eaee;\"><div class=\"swiper-wrapper awb-image-carousel-wrapper fusion-flex-align-items-center\"><div class=\"swiper-slide\"><div class=\"fusion-carousel-item-wrapper\"><div class=\"fusion-image-wrapper hover-type-none\"><a data-rel=\"iLightbox[image_carousel_1]\" data-title=\"236_pic2_o\" aria-label=\"236_pic2_o\" href=\"https:\/\/luxinternational.com\/wp-content\/uploads\/2024\/04\/236_pic2_o.jpeg\" target=\"_self\"><img decoding=\"async\" width=\"320\" height=\"202\" src=\"data:image\/svg+xml,%3Csvg%20xmlns%3D%27http%3A%2F%2Fwww.w3.org%2F2000%2Fsvg%27%20width%3D%271024%27%20height%3D%27576%27%20viewBox%3D%270%200%201024%20576%27%3E%3Crect%20width%3D%271024%27%20height%3D%27576%27%20fill-opacity%3D%220%22%2F%3E%3C%2Fsvg%3E\" class=\"attachment-blog-medium size-blog-medium lazyload\" alt=\"\" data-orig-src=\"https:\/\/luxinternational.com\/wp-content\/uploads\/2024\/04\/236_pic2_o-320x202.jpeg\" \/><\/a><\/div><\/div><\/div><div class=\"swiper-slide\"><div class=\"fusion-carousel-item-wrapper\"><div class=\"fusion-image-wrapper hover-type-none\"><a data-rel=\"iLightbox[image_carousel_1]\" data-title=\"236_pic3_o\" aria-label=\"236_pic3_o\" href=\"https:\/\/luxinternational.com\/wp-content\/uploads\/2024\/04\/236_pic3_o.jpeg\" target=\"_self\"><img decoding=\"async\" width=\"320\" height=\"202\" src=\"data:image\/svg+xml,%3Csvg%20xmlns%3D%27http%3A%2F%2Fwww.w3.org%2F2000%2Fsvg%27%20width%3D%271024%27%20height%3D%27576%27%20viewBox%3D%270%200%201024%20576%27%3E%3Crect%20width%3D%271024%27%20height%3D%27576%27%20fill-opacity%3D%220%22%2F%3E%3C%2Fsvg%3E\" class=\"attachment-blog-medium size-blog-medium lazyload\" alt=\"\" data-orig-src=\"https:\/\/luxinternational.com\/wp-content\/uploads\/2024\/04\/236_pic3_o-320x202.jpeg\" \/><\/a><\/div><\/div><\/div><div class=\"swiper-slide\"><div class=\"fusion-carousel-item-wrapper\"><div class=\"fusion-image-wrapper hover-type-none\"><a data-rel=\"iLightbox[image_carousel_1]\" data-title=\"236_pic4_o\" aria-label=\"236_pic4_o\" href=\"https:\/\/luxinternational.com\/wp-content\/uploads\/2024\/04\/236_pic4_o.jpeg\" target=\"_self\"><img decoding=\"async\" width=\"320\" height=\"202\" src=\"data:image\/svg+xml,%3Csvg%20xmlns%3D%27http%3A%2F%2Fwww.w3.org%2F2000%2Fsvg%27%20width%3D%271024%27%20height%3D%27576%27%20viewBox%3D%270%200%201024%20576%27%3E%3Crect%20width%3D%271024%27%20height%3D%27576%27%20fill-opacity%3D%220%22%2F%3E%3C%2Fsvg%3E\" class=\"attachment-blog-medium size-blog-medium lazyload\" alt=\"\" data-orig-src=\"https:\/\/luxinternational.com\/wp-content\/uploads\/2024\/04\/236_pic4_o-320x202.jpeg\" \/><\/a><\/div><\/div><\/div><div class=\"swiper-slide\"><div class=\"fusion-carousel-item-wrapper\"><div class=\"fusion-image-wrapper hover-type-none\"><a data-rel=\"iLightbox[image_carousel_1]\" data-title=\"236_pic5_o\" aria-label=\"236_pic5_o\" href=\"https:\/\/luxinternational.com\/wp-content\/uploads\/2024\/04\/236_pic5_o.jpeg\" target=\"_self\"><img decoding=\"async\" width=\"320\" height=\"202\" src=\"data:image\/svg+xml,%3Csvg%20xmlns%3D%27http%3A%2F%2Fwww.w3.org%2F2000%2Fsvg%27%20width%3D%271024%27%20height%3D%27576%27%20viewBox%3D%270%200%201024%20576%27%3E%3Crect%20width%3D%271024%27%20height%3D%27576%27%20fill-opacity%3D%220%22%2F%3E%3C%2Fsvg%3E\" class=\"attachment-blog-medium size-blog-medium lazyload\" alt=\"\" data-orig-src=\"https:\/\/luxinternational.com\/wp-content\/uploads\/2024\/04\/236_pic5_o-320x202.jpeg\" \/><\/a><\/div><\/div><\/div><div class=\"swiper-slide\"><div class=\"fusion-carousel-item-wrapper\"><div class=\"fusion-image-wrapper hover-type-none\"><a data-rel=\"iLightbox[image_carousel_1]\" data-title=\"236_pic6_o\" aria-label=\"236_pic6_o\" href=\"https:\/\/luxinternational.com\/wp-content\/uploads\/2024\/04\/236_pic6_o.jpeg\" target=\"_self\"><img decoding=\"async\" width=\"320\" height=\"202\" src=\"data:image\/svg+xml,%3Csvg%20xmlns%3D%27http%3A%2F%2Fwww.w3.org%2F2000%2Fsvg%27%20width%3D%271024%27%20height%3D%27576%27%20viewBox%3D%270%200%201024%20576%27%3E%3Crect%20width%3D%271024%27%20height%3D%27576%27%20fill-opacity%3D%220%22%2F%3E%3C%2Fsvg%3E\" class=\"attachment-blog-medium size-blog-medium lazyload\" alt=\"\" data-orig-src=\"https:\/\/luxinternational.com\/wp-content\/uploads\/2024\/04\/236_pic6_o-320x202.jpeg\" \/><\/a><\/div><\/div><\/div><div class=\"swiper-slide\"><div class=\"fusion-carousel-item-wrapper\"><div class=\"fusion-image-wrapper hover-type-none\"><a data-rel=\"iLightbox[image_carousel_1]\" data-title=\"236_pic7_o\" aria-label=\"236_pic7_o\" href=\"https:\/\/luxinternational.com\/wp-content\/uploads\/2024\/04\/236_pic7_o.jpeg\" target=\"_self\"><img decoding=\"async\" width=\"320\" height=\"202\" src=\"data:image\/svg+xml,%3Csvg%20xmlns%3D%27http%3A%2F%2Fwww.w3.org%2F2000%2Fsvg%27%20width%3D%271024%27%20height%3D%27576%27%20viewBox%3D%270%200%201024%20576%27%3E%3Crect%20width%3D%271024%27%20height%3D%27576%27%20fill-opacity%3D%220%22%2F%3E%3C%2Fsvg%3E\" class=\"attachment-blog-medium size-blog-medium lazyload\" alt=\"\" data-orig-src=\"https:\/\/luxinternational.com\/wp-content\/uploads\/2024\/04\/236_pic7_o-320x202.jpeg\" \/><\/a><\/div><\/div><\/div><div class=\"swiper-slide\"><div class=\"fusion-carousel-item-wrapper\"><div class=\"fusion-image-wrapper hover-type-none\"><a data-rel=\"iLightbox[image_carousel_1]\" data-title=\"372_pic2_n\" aria-label=\"372_pic2_n\" href=\"https:\/\/luxinternational.com\/wp-content\/uploads\/2024\/04\/372_pic2_n.jpeg\" target=\"_self\"><img decoding=\"async\" width=\"320\" height=\"202\" src=\"data:image\/svg+xml,%3Csvg%20xmlns%3D%27http%3A%2F%2Fwww.w3.org%2F2000%2Fsvg%27%20width%3D%271024%27%20height%3D%27576%27%20viewBox%3D%270%200%201024%20576%27%3E%3Crect%20width%3D%271024%27%20height%3D%27576%27%20fill-opacity%3D%220%22%2F%3E%3C%2Fsvg%3E\" class=\"attachment-blog-medium size-blog-medium lazyload\" alt=\"\" data-orig-src=\"https:\/\/luxinternational.com\/wp-content\/uploads\/2024\/04\/372_pic2_n-320x202.jpeg\" \/><\/a><\/div><\/div><\/div><\/div><div class=\"awb-swiper-button awb-swiper-button-prev\"><i class=\"awb-icon-angle-left\" aria-hidden=\"true\"><\/i><\/div><div class=\"awb-swiper-button awb-swiper-button-next\"><i class=\"awb-icon-angle-right\" aria-hidden=\"true\"><\/i><\/div><\/div><\/div><\/div><\/div><div class=\"fusion-layout-column fusion_builder_column fusion-builder-column-1 fusion_builder_column_1_1 1_1 fusion-flex-column\" style=\"--awb-bg-size:cover;--awb-width-large:100%;--awb-margin-top-large:0px;--awb-spacing-right-large:1.92%;--awb-margin-bottom-large:20px;--awb-spacing-left-large:1.92%;--awb-width-medium:100%;--awb-order-medium:0;--awb-spacing-right-medium:1.92%;--awb-spacing-left-medium:1.92%;--awb-width-small:100%;--awb-order-small:0;--awb-spacing-right-small:1.92%;--awb-spacing-left-small:1.92%;\" data-scroll-devices=\"small-visibility,medium-visibility,large-visibility\"><div class=\"fusion-column-wrapper fusion-column-has-shadow fusion-flex-justify-content-flex-start fusion-content-layout-column\"><div class=\"fusion-tabs fusion-tabs-1 classic nav-is-justified horizontal-tabs icon-position-left mobile-mode-accordion\" style=\"--awb-title-border-radius-top-left:0px;--awb-title-border-radius-top-right:0px;--awb-title-border-radius-bottom-right:0px;--awb-title-border-radius-bottom-left:0px;--awb-alignment:start;--awb-inactive-color:var(--awb-custom_color_6);--awb-background-color:var(--awb-color1);--awb-border-color:var(--awb-custom_color_6);--awb-active-border-color:var(--awb-color5);\"><div class=\"nav\"><ul class=\"nav-tabs nav-justified\" role=\"tablist\"><li class=\"active\" role=\"presentation\"><a class=\"tab-link\" data-toggle=\"tab\" role=\"tab\" aria-controls=\"tab-77730db99ecff985fb6\" aria-selected=\"true\" id=\"fusion-tab-specifik\u00e1ci\u00f3\" href=\"#tab-77730db99ecff985fb6\"><h4 class=\"fusion-tab-heading\">Specifik\u00e1ci\u00f3<\/h4><\/a><\/li><li role=\"presentation\"><a class=\"tab-link\" data-toggle=\"tab\" role=\"tab\" aria-controls=\"tab-bb6862dbc442e0afb32\" aria-selected=\"false\" tabindex=\"-1\" id=\"fusion-tab-jellemz\u0151k\" href=\"#tab-bb6862dbc442e0afb32\"><h4 class=\"fusion-tab-heading\">Jellemz\u0151k<\/h4><\/a><\/li><li role=\"presentation\"><a class=\"tab-link\" data-toggle=\"tab\" role=\"tab\" aria-controls=\"tab-87bc4fb85c699a4329a\" aria-selected=\"false\" tabindex=\"-1\" id=\"fusion-tab-tan\u00fas\u00edtv\u00e1nyok\u00e9sd\u00edjak\" href=\"#tab-87bc4fb85c699a4329a\"><h4 class=\"fusion-tab-heading\">Tan\u00fas\u00edtv\u00e1nyok \u00e9s d\u00edjak<\/h4><\/a><\/li><\/ul><\/div><div class=\"tab-content\"><div class=\"nav fusion-mobile-tab-nav\"><ul class=\"nav-tabs nav-justified\" role=\"tablist\"><li class=\"active\" role=\"presentation\"><a class=\"tab-link\" data-toggle=\"tab\" role=\"tab\" aria-controls=\"tab-77730db99ecff985fb6\" aria-selected=\"true\" id=\"mobile-fusion-tab-specifik\u00e1ci\u00f3\" href=\"#tab-77730db99ecff985fb6\"><h4 class=\"fusion-tab-heading\">Specifik\u00e1ci\u00f3<\/h4><\/a><\/li><\/ul><\/div><div class=\"tab-pane fade fusion-clearfix in active\" role=\"tabpanel\" tabindex=\"0\" aria-labelledby=\"fusion-tab-specifik\u00e1ci\u00f3\" id=\"tab-77730db99ecff985fb6\">\n<table>\n<tbody>\n<tr>\n<td>5 z\u00f3n\u00e1s lamellar\u00e9teg<\/td>\n<td>17 cm<\/td>\n<\/tr>\n<tr>\n<td>Visco mem\u00f3riahab r\u00e9teg<\/td>\n<td>3 cm<\/td>\n<\/tr>\n<tr>\n<td>Fed\u00e9l 1 Visco gombszerkezet<\/td>\n<td>2,5 cm<\/td>\n<\/tr>\n<tr>\n<td>Cover 2 Outlast<\/td>\n<td>0,5 cm<\/td>\n<\/tr>\n<tr>\n<td>Sz\u00ednek<\/td>\n<td>feh\u00e9r \/ barna<\/td>\n<\/tr>\n<tr>\n<td>Garancia<\/td>\n<td>3 \u00e9v<\/td>\n<\/tr>\n<tr>\n<td>M\u00e9retek (sz\u00e9less\u00e9g x magass\u00e1g x m\u00e9lys\u00e9g)<\/td>\n<td>80 x 200 x 23 cm<\/td>\n<\/tr>\n<tr>\n<td><\/td>\n<td>90 x 190 x 23 cm<\/td>\n<\/tr>\n<tr>\n<td><\/td>\n<td>100 x 190 x 23 cm<\/td>\n<\/tr>\n<tr>\n<td><\/td>\n<td>100 x 200 x 23 cm<\/td>\n<\/tr>\n<tr>\n<td><\/td>\n<td>120 x 200 x 23 cm<\/td>\n<\/tr>\n<tr>\n<td><\/td>\n<td>140 x 200 x 23 cm<\/td>\n<\/tr>\n<tr>\n<td>Mennyis\u00e9g\/csomag<\/td>\n<td>1<\/td>\n<\/tr>\n<\/tbody>\n<\/table>\n<\/div><div class=\"nav fusion-mobile-tab-nav\"><ul class=\"nav-tabs nav-justified\" role=\"tablist\"><li role=\"presentation\"><a class=\"tab-link\" data-toggle=\"tab\" role=\"tab\" aria-controls=\"tab-bb6862dbc442e0afb32\" aria-selected=\"false\" tabindex=\"-1\" id=\"mobile-fusion-tab-jellemz\u0151k\" href=\"#tab-bb6862dbc442e0afb32\"><h4 class=\"fusion-tab-heading\">Jellemz\u0151k<\/h4><\/a><\/li><\/ul><\/div><div class=\"tab-pane fade fusion-clearfix\" role=\"tabpanel\" tabindex=\"0\" aria-labelledby=\"fusion-tab-jellemz\u0151k\" id=\"tab-bb6862dbc442e0afb32\">\n<p><img decoding=\"async\" class=\"lazyload alignnone wp-image-4058 size-thumbnail\" src=\"https:\/\/luxinternational.com\/wp-content\/uploads\/2024\/03\/outlast-logo-150x150.jpg\" data-orig-src=\"https:\/\/luxinternational.com\/wp-content\/uploads\/2024\/03\/outlast-logo-150x150.jpg\" alt=\"\" width=\"150\" height=\"150\" srcset=\"data:image\/svg+xml,%3Csvg%20xmlns%3D%27http%3A%2F%2Fwww.w3.org%2F2000%2Fsvg%27%20width%3D%27150%27%20height%3D%27150%27%20viewBox%3D%270%200%20150%20150%27%3E%3Crect%20width%3D%27150%27%20height%3D%27150%27%20fill-opacity%3D%220%22%2F%3E%3C%2Fsvg%3E\" data-srcset=\"https:\/\/luxinternational.com\/wp-content\/uploads\/2024\/03\/outlast-logo-66x66.jpg 66w, https:\/\/luxinternational.com\/wp-content\/uploads\/2024\/03\/outlast-logo-150x150.jpg 150w, https:\/\/luxinternational.com\/wp-content\/uploads\/2024\/03\/outlast-logo-200x200.jpg 200w, https:\/\/luxinternational.com\/wp-content\/uploads\/2024\/03\/outlast-logo-300x300.jpg 300w, https:\/\/luxinternational.com\/wp-content\/uploads\/2024\/03\/outlast-logo-400x400.jpg 400w, https:\/\/luxinternational.com\/wp-content\/uploads\/2024\/03\/outlast-logo-600x600.jpg 600w, https:\/\/luxinternational.com\/wp-content\/uploads\/2024\/03\/outlast-logo-768x768.jpg 768w, https:\/\/luxinternational.com\/wp-content\/uploads\/2024\/03\/outlast-logo-800x800.jpg 800w, https:\/\/luxinternational.com\/wp-content\/uploads\/2024\/03\/outlast-logo-1024x1024.jpg 1024w, https:\/\/luxinternational.com\/wp-content\/uploads\/2024\/03\/outlast-logo.jpg 1200w\" data-sizes=\"auto\" data-orig-sizes=\"(max-width: 150px) 100vw, 150px\" \/><\/p>\n<p><strong>OUTLAST<\/strong><br \/>\nAz Outlast anyag a j\u00f3l ismert h\u0151szab\u00e1lyoz\u00e1st k\u00edn\u00e1lja, amely a steppelt kl\u00edmasz\u00e1llal egy\u00fctt optim\u00e1lis h\u0151m\u00e9rs\u00e9kleti egyens\u00falyt teremt \u00e9s szab\u00e1lyozza a nedvess\u00e9get &#8211; v\u00e9g\u00fcl regener\u00e1ltan \u00e9bredsz. Nem t\u00fal meleg, nem t\u00fal hideg &#8211; \u00e9ppen megfelel\u0151. <\/p>\n<p><img decoding=\"async\" class=\"lazyload alignnone size-full wp-image-4054\" src=\"data:image\/svg+xml,%3Csvg%20xmlns%3D%27http%3A%2F%2Fwww.w3.org%2F2000%2Fsvg%27%20width%3D%27158%27%20height%3D%27114%27%20viewBox%3D%270%200%20158%20114%27%3E%3Crect%20width%3D%27158%27%20height%3D%27114%27%20fill-opacity%3D%220%22%2F%3E%3C%2Fsvg%3E\" data-orig-src=\"https:\/\/luxinternational.com\/wp-content\/uploads\/2024\/03\/knobbed.png\" alt=\"\" width=\"158\" height=\"114\"><\/p>\n<p><strong>MASS\u00c1ZS HAT\u00c1S<\/strong><br \/>\nA Welity matrac g\u00f6dr\u00f6s mem\u00f3riahabos huzata t\u00e1mogatja a v\u00e9rkering\u00e9st. A folyamat regener\u00e1lja a test mikrocirkul\u00e1ci\u00f3j\u00e1t, \u00e9s a pihen\u00e9si f\u00e1zis alatt is \u00e1lland\u00f3 marad. <\/p>\n<p><img decoding=\"async\" class=\"lazyload alignnone wp-image-4055 size-thumbnail\" src=\"https:\/\/luxinternational.com\/wp-content\/uploads\/2024\/03\/mattress-150x150.png\" data-orig-src=\"https:\/\/luxinternational.com\/wp-content\/uploads\/2024\/03\/mattress-150x150.png\" alt=\"\" width=\"150\" height=\"150\" srcset=\"data:image\/svg+xml,%3Csvg%20xmlns%3D%27http%3A%2F%2Fwww.w3.org%2F2000%2Fsvg%27%20width%3D%27150%27%20height%3D%27150%27%20viewBox%3D%270%200%20150%20150%27%3E%3Crect%20width%3D%27150%27%20height%3D%27150%27%20fill-opacity%3D%220%22%2F%3E%3C%2Fsvg%3E\" data-srcset=\"https:\/\/luxinternational.com\/wp-content\/uploads\/2024\/03\/mattress-66x66.png 66w, https:\/\/luxinternational.com\/wp-content\/uploads\/2024\/03\/mattress-150x150.png 150w\" data-sizes=\"auto\" data-orig-sizes=\"(max-width: 150px) 100vw, 150px\" \/><\/p>\n<p><strong>4 FEKV\u00c9SI LEHET\u0150S\u00c9G, 1 MATRACS<\/strong><br \/>\nA szak\u00e9rt\u0151i csapat \u00e1ltal speci\u00e1lisan kifejlesztett matrac a megford\u00edthat\u00f3 alapnak \u00e9s huzatnak k\u00f6sz\u00f6nhet\u0151en n\u00e9gy k\u00fcl\u00f6nb\u00f6z\u0151 matrac kombin\u00e1ci\u00f3hoz igaz\u00edthat\u00f3. Ezek a k\u00fcl\u00f6nleges anyagok az egyedi kivitelez\u00e9ssel kombin\u00e1lva p\u00e9ld\u00e1tlan fekv\u00e9si \u00e9rzetet teremtenek. <\/p>\n<p><img decoding=\"async\" class=\"lazyload alignnone wp-image-4052 size-thumbnail\" src=\"https:\/\/luxinternational.com\/wp-content\/uploads\/2024\/03\/mg_0410-150x150.jpg\" data-orig-src=\"https:\/\/luxinternational.com\/wp-content\/uploads\/2024\/03\/mg_0410-150x150.jpg\" alt=\"\" width=\"150\" height=\"150\" srcset=\"data:image\/svg+xml,%3Csvg%20xmlns%3D%27http%3A%2F%2Fwww.w3.org%2F2000%2Fsvg%27%20width%3D%27150%27%20height%3D%27150%27%20viewBox%3D%270%200%20150%20150%27%3E%3Crect%20width%3D%27150%27%20height%3D%27150%27%20fill-opacity%3D%220%22%2F%3E%3C%2Fsvg%3E\" data-srcset=\"https:\/\/luxinternational.com\/wp-content\/uploads\/2024\/03\/mg_0410-66x66.jpg 66w, https:\/\/luxinternational.com\/wp-content\/uploads\/2024\/03\/mg_0410-150x150.jpg 150w\" data-sizes=\"auto\" data-orig-sizes=\"(max-width: 150px) 100vw, 150px\" \/><\/p>\n<p><strong>REGENERAT\u00cdV LAMELLAE<\/strong><br \/>\nEgyed\u00fcl\u00e1ll\u00f3 lamell\u00e1s r\u00e9teg\u00fcnk t\u00e1mogatja a gerinc mozg\u00e1s\u00e1t alv\u00e1s k\u00f6zben, \u00e9s optim\u00e1lis pihen\u00e9st biztos\u00edt. Emellett a lamell\u00e1k seg\u00edtik az optim\u00e1lis szell\u0151z\u00e9st a j\u00f3 fekv\u00e9s\u00e9rzet \u00e9rdek\u00e9ben. A habkiv\u00e1g\u00e1sokat \u00fagy tervezt\u00fck, hogy optim\u00e1lisan t\u00e1mogass\u00e1k az 5 testz\u00f3n\u00e1t. Rendk\u00edv\u00fcl rugalmas \u00e9s tart\u00f3s, nagy rugalmass\u00e1g\u00fa habb\u00f3l \u00e1ll. Regener\u00e1l\u00f3 hat\u00e1sa a Dorn ter\u00e1pi\u00e1b\u00f3l val\u00f3 levezet\u00e9snek k\u00f6sz\u00f6nhet\u0151. A progressz\u00edv 5 z\u00f3n\u00e1s lamellav\u00e1g\u00e1sok biztos\u00edtj\u00e1k a h\u00e1t optim\u00e1lis regener\u00e1l\u00f3d\u00e1s\u00e1t egyik napr\u00f3l a m\u00e1sikra.     <\/p>\n<p><img decoding=\"async\" class=\"lazyload alignnone wp-image-4051 size-thumbnail\" src=\"https:\/\/luxinternational.com\/wp-content\/uploads\/2024\/03\/mg_0242_bycs-150x150.jpg\" data-orig-src=\"https:\/\/luxinternational.com\/wp-content\/uploads\/2024\/03\/mg_0242_bycs-150x150.jpg\" alt=\"\" width=\"150\" height=\"150\" srcset=\"data:image\/svg+xml,%3Csvg%20xmlns%3D%27http%3A%2F%2Fwww.w3.org%2F2000%2Fsvg%27%20width%3D%27150%27%20height%3D%27150%27%20viewBox%3D%270%200%20150%20150%27%3E%3Crect%20width%3D%27150%27%20height%3D%27150%27%20fill-opacity%3D%220%22%2F%3E%3C%2Fsvg%3E\" data-srcset=\"https:\/\/luxinternational.com\/wp-content\/uploads\/2024\/03\/mg_0242_bycs-66x66.jpg 66w, https:\/\/luxinternational.com\/wp-content\/uploads\/2024\/03\/mg_0242_bycs-150x150.jpg 150w\" data-sizes=\"auto\" data-orig-sizes=\"(max-width: 150px) 100vw, 150px\" \/><\/p>\n<p><strong>KIVONHAT\u00d3 BOR\u00cdT\u00d3<\/strong><br \/>\nA Welity matrac huzata levehet\u0151 \u00e9s 2 r\u00e9szre oszthat\u00f3, \u00edgy k\u00f6nnyen moshat\u00f3 60 Celsius-fokos maxim\u00e1lis h\u0151m\u00e9rs\u00e9kleten &#8211; a hossz\u00fa \u00e9lettartam \u00e9s a higi\u00e9nia \u00e9rdek\u00e9ben.<\/p>\n<p><img decoding=\"async\" class=\"lazyload alignnone wp-image-4056 size-thumbnail\" src=\"data:image\/svg+xml,%3Csvg%20xmlns%3D%27http%3A%2F%2Fwww.w3.org%2F2000%2Fsvg%27%20width%3D%27150%27%20height%3D%27123%27%20viewBox%3D%270%200%20150%20123%27%3E%3Crect%20width%3D%27150%27%20height%3D%27123%27%20fill-opacity%3D%220%22%2F%3E%3C%2Fsvg%3E\" data-orig-src=\"https:\/\/luxinternational.com\/wp-content\/uploads\/2024\/03\/memory-massage-150x123.png\" alt=\"\" width=\"150\" height=\"123\"><\/p>\n<p><strong>Mem\u00f3riahab<\/strong><br \/>\nA m\u00e1sik r\u00e9teg kiv\u00e1l\u00f3 min\u0151s\u00e9g\u0171 visco mem\u00f3riahabb\u00f3l k\u00e9sz\u00fcl. Ez a r\u00e9teg a puh\u00e1bb a kett\u0151 k\u00f6z\u00fcl, \u00e9s nagyon kellemes k\u00e9nyelmet biztos\u00edt fekv\u00e9s k\u00f6zben. A r\u00e9teg nyitott p\u00f3rusai biztos\u00edtj\u00e1k a legjobb l\u00e9g\u00e1raml\u00e1st, \u00e9s a mem\u00f3riahab nagy nyom\u00e1spontrugalmass\u00e1g\u00e1nak k\u00f6sz\u00f6nhet\u0151en t\u00f6k\u00e9letesen alkalmazkodik a testhez.<\/p>\n<\/div><div class=\"nav fusion-mobile-tab-nav\"><ul class=\"nav-tabs nav-justified\" role=\"tablist\"><li role=\"presentation\"><a class=\"tab-link\" data-toggle=\"tab\" role=\"tab\" aria-controls=\"tab-87bc4fb85c699a4329a\" aria-selected=\"false\" tabindex=\"-1\" id=\"mobile-fusion-tab-tan\u00fas\u00edtv\u00e1nyok\u00e9sd\u00edjak\" href=\"#tab-87bc4fb85c699a4329a\"><h4 class=\"fusion-tab-heading\">Tan\u00fas\u00edtv\u00e1nyok \u00e9s d\u00edjak<\/h4><\/a><\/li><\/ul><\/div><div class=\"tab-pane fade fusion-clearfix\" role=\"tabpanel\" tabindex=\"0\" aria-labelledby=\"fusion-tab-tan\u00fas\u00edtv\u00e1nyok\u00e9sd\u00edjak\" id=\"tab-87bc4fb85c699a4329a\"><img decoding=\"async\" class=\"lazyload alignnone wp-image-4057 size-full\" src=\"https:\/\/luxinternational.com\/wp-content\/uploads\/2024\/03\/oeko-tex.png\" data-orig-src=\"https:\/\/luxinternational.com\/wp-content\/uploads\/2024\/03\/oeko-tex.png\" alt=\"\" width=\"312\" height=\"162\" srcset=\"data:image\/svg+xml,%3Csvg%20xmlns%3D%27http%3A%2F%2Fwww.w3.org%2F2000%2Fsvg%27%20width%3D%27312%27%20height%3D%27162%27%20viewBox%3D%270%200%20312%20162%27%3E%3Crect%20width%3D%27312%27%20height%3D%27162%27%20fill-opacity%3D%220%22%2F%3E%3C%2Fsvg%3E\" data-srcset=\"https:\/\/luxinternational.com\/wp-content\/uploads\/2024\/03\/oeko-tex-200x104.png 200w, https:\/\/luxinternational.com\/wp-content\/uploads\/2024\/03\/oeko-tex-300x156.png 300w, https:\/\/luxinternational.com\/wp-content\/uploads\/2024\/03\/oeko-tex.png 312w\" data-sizes=\"auto\" data-orig-sizes=\"(max-width: 312px) 100vw, 312px\" \/><\/p>\n<p><strong>\u00d6KOTEX 100<\/strong><br \/>\nA Welity alv\u00f3rendszer\u00fcnkben haszn\u00e1lt sz\u00f6vet az \u00d6KOTEX 100 pecs\u00e9t \u00e1ltal tan\u00fas\u00edtott. Ez azt jelenti, hogy k\u00e1ros anyagokat vizsg\u00e1ltak bel\u0151le, \u00e9s a cikk ez\u00e9rt \u00e1rtalmatlan az emberi eg\u00e9szs\u00e9gre.<\/div><\/div><\/div><\/div><\/div><\/div><\/div>\n","protected":false},"excerpt":{"rendered":"","protected":false},"author":1,"featured_media":5250,"template":"","product-category":[149],"product-keyword":[152],"class_list":["post-6085","product","type-product","status-publish","has-post-thumbnail","hentry","product-category-good-sleep","product-keyword-good-sleep"],"acf":[],"_links":{"self":[{"href":"https:\/\/luxinternational.com\/hu\/wp-json\/wp\/v2\/product\/6085","targetHints":{"allow":["GET"]}}],"collection":[{"href":"https:\/\/luxinternational.com\/hu\/wp-json\/wp\/v2\/product"}],"about":[{"href":"https:\/\/luxinternational.com\/hu\/wp-json\/wp\/v2\/types\/product"}],"author":[{"embeddable":true,"href":"https:\/\/luxinternational.com\/hu\/wp-json\/wp\/v2\/users\/1"}],"version-history":[{"count":4,"href":"https:\/\/luxinternational.com\/hu\/wp-json\/wp\/v2\/product\/6085\/revisions"}],"predecessor-version":[{"id":13631,"href":"https:\/\/luxinternational.com\/hu\/wp-json\/wp\/v2\/product\/6085\/revisions\/13631"}],"wp:featuredmedia":[{"embeddable":true,"href":"https:\/\/luxinternational.com\/hu\/wp-json\/wp\/v2\/media\/5250"}],"wp:attachment":[{"href":"https:\/\/luxinternational.com\/hu\/wp-json\/wp\/v2\/media?parent=6085"}],"wp:term":[{"taxonomy":"product-category","embeddable":true,"href":"https:\/\/luxinternational.com\/hu\/wp-json\/wp\/v2\/product-category?post=6085"},{"taxonomy":"product-keyword","embeddable":true,"href":"https:\/\/luxinternational.com\/hu\/wp-json\/wp\/v2\/product-keyword?post=6085"}],"curies":[{"name":"wp","href":"https:\/\/api.w.org\/{rel}","templated":true}]}}