{"id":6031,"date":"2024-03-26T19:42:42","date_gmt":"2024-03-26T18:42:42","guid":{"rendered":"https:\/\/luxinternational.com\/product\/welity-parna\/"},"modified":"2025-06-26T10:36:37","modified_gmt":"2025-06-26T08:36:37","slug":"welity-parna","status":"publish","type":"product","link":"https:\/\/luxinternational.com\/hu\/product\/welity-parna\/","title":{"rendered":"Welity p\u00e1rna"},"content":{"rendered":"<div class=\"fusion-fullwidth fullwidth-box fusion-builder-row-1 fusion-flex-container has-pattern-background has-mask-background nonhundred-percent-fullwidth non-hundred-percent-height-scrolling\" style=\"--awb-border-radius-top-left:0px;--awb-border-radius-top-right:0px;--awb-border-radius-bottom-right:0px;--awb-border-radius-bottom-left:0px;--awb-padding-right:0px;--awb-padding-left:0px;--awb-margin-top:30px;--awb-margin-top-medium:15px;--awb-flex-wrap:wrap;\" id=\"product-tabs\" ><div class=\"fusion-builder-row fusion-row fusion-flex-align-items-flex-start fusion-flex-content-wrap\" style=\"max-width:1372.8px;margin-left: calc(-4% \/ 2 );margin-right: calc(-4% \/ 2 );\"><div class=\"fusion-layout-column fusion_builder_column fusion-builder-column-0 fusion_builder_column_1_1 1_1 fusion-flex-column\" style=\"--awb-bg-size:cover;--awb-width-large:100%;--awb-margin-top-large:0px;--awb-spacing-right-large:1.92%;--awb-margin-bottom-large:20px;--awb-spacing-left-large:1.92%;--awb-width-medium:100%;--awb-order-medium:0;--awb-spacing-right-medium:1.92%;--awb-spacing-left-medium:1.92%;--awb-width-small:100%;--awb-order-small:0;--awb-spacing-right-small:1.92%;--awb-spacing-left-small:1.92%;\" data-scroll-devices=\"small-visibility,medium-visibility,large-visibility\"><div class=\"fusion-column-wrapper fusion-column-has-shadow fusion-flex-justify-content-flex-start fusion-content-layout-column\"><div class=\"fusion-tabs fusion-tabs-1 classic nav-is-justified horizontal-tabs icon-position-left mobile-mode-accordion\" style=\"--awb-title-border-radius-top-left:0px;--awb-title-border-radius-top-right:0px;--awb-title-border-radius-bottom-right:0px;--awb-title-border-radius-bottom-left:0px;--awb-alignment:start;--awb-inactive-color:var(--awb-custom_color_6);--awb-background-color:var(--awb-color1);--awb-border-color:var(--awb-custom_color_6);--awb-active-border-color:var(--awb-color5);\"><div class=\"nav\"><ul class=\"nav-tabs nav-justified\" role=\"tablist\"><li class=\"active\" role=\"presentation\"><a class=\"tab-link\" data-toggle=\"tab\" role=\"tab\" aria-controls=\"tab-2b9ba3e1b58d10dc00b\" aria-selected=\"true\" id=\"fusion-tab-specifik\u00e1ci\u00f3\" href=\"#tab-2b9ba3e1b58d10dc00b\"><h4 class=\"fusion-tab-heading\">Specifik\u00e1ci\u00f3<\/h4><\/a><\/li><li role=\"presentation\"><a class=\"tab-link\" data-toggle=\"tab\" role=\"tab\" aria-controls=\"tab-982b0c494b6752bf197\" aria-selected=\"false\" tabindex=\"-1\" id=\"fusion-tab-jellemz\u0151k\" href=\"#tab-982b0c494b6752bf197\"><h4 class=\"fusion-tab-heading\">Jellemz\u0151k<\/h4><\/a><\/li><li role=\"presentation\"><a class=\"tab-link\" data-toggle=\"tab\" role=\"tab\" aria-controls=\"tab-556a23f4de48cc2d9e9\" aria-selected=\"false\" tabindex=\"-1\" id=\"fusion-tab-tan\u00fas\u00edtv\u00e1nyok\u00e9sd\u00edjak\" href=\"#tab-556a23f4de48cc2d9e9\"><h4 class=\"fusion-tab-heading\">Tan\u00fas\u00edtv\u00e1nyok \u00e9s d\u00edjak<\/h4><\/a><\/li><li role=\"presentation\"><a class=\"tab-link\" data-toggle=\"tab\" role=\"tab\" aria-controls=\"tab-90c21754bd5eda03bae\" aria-selected=\"false\" tabindex=\"-1\" id=\"fusion-tab-t\u00e1mogat\u00e1s\" href=\"#tab-90c21754bd5eda03bae\"><h4 class=\"fusion-tab-heading\">T\u00e1mogat\u00e1s<\/h4><\/a><\/li><\/ul><\/div><div class=\"tab-content\"><div class=\"nav fusion-mobile-tab-nav\"><ul class=\"nav-tabs nav-justified\" role=\"tablist\"><li class=\"active\" role=\"presentation\"><a class=\"tab-link\" data-toggle=\"tab\" role=\"tab\" aria-controls=\"tab-2b9ba3e1b58d10dc00b\" aria-selected=\"true\" id=\"mobile-fusion-tab-specifik\u00e1ci\u00f3\" href=\"#tab-2b9ba3e1b58d10dc00b\"><h4 class=\"fusion-tab-heading\">Specifik\u00e1ci\u00f3<\/h4><\/a><\/li><\/ul><\/div><div class=\"tab-pane fade fusion-clearfix in active\" role=\"tabpanel\" tabindex=\"0\" aria-labelledby=\"fusion-tab-specifik\u00e1ci\u00f3\" id=\"tab-2b9ba3e1b58d10dc00b\">\n<table>\n<tbody>\n<tr>\n<td>M\u00e9ret Csak egys\u00e9g (H x D)<\/td>\n<td>610 x \u00d8 400 mm<\/td>\n<\/tr>\n<tr>\n<td>S\u00faly<\/td>\n<td>11 kg<\/td>\n<\/tr>\n<tr>\n<td>T\u00e1pkapcsol\u00f3<\/td>\n<td>Gomb<\/td>\n<\/tr>\n<tr>\n<td>Megjelen\u00edt\u00e9s<\/td>\n<td>Nincs<\/td>\n<\/tr>\n<tr>\n<td>Alkalmazhat\u00f3 ter\u00fclet<\/td>\n<td>65<sup>m2<\/sup><\/td>\n<\/tr>\n<tr>\n<td>CADR<\/td>\n<td>765<sup>m3\/h<\/sup><\/td>\n<\/tr>\n<tr>\n<td>R\u00e9szecskesz\u00e1ml\u00e1l\u00f3<\/td>\n<td>Nincs<\/td>\n<\/tr>\n<tr>\n<td>Automatikus \u00fczemm\u00f3d<\/td>\n<td>Nincs<\/td>\n<\/tr>\n<tr>\n<td>Sz\u0171r\u0151csere id\u0151z\u00edt\u0151<\/td>\n<td>Nincs<\/td>\n<\/tr>\n<tr>\n<td>UV-A LED<\/td>\n<td>Igen<\/td>\n<\/tr>\n<tr>\n<td>Kerekek<\/td>\n<td>csak tartoz\u00e9kk\u00e9nt<\/td>\n<\/tr>\n<tr>\n<td>El\u0151sz\u0171r\u0151 sz\u00f6vet<\/td>\n<td>Fekete (sz\u00fcrke \u00e9s piros mint tartoz\u00e9k)<\/td>\n<\/tr>\n<tr>\n<td>K\u00fcl\u00f6nleges jellemz\u0151k<\/td>\n<td>UV-A LED<\/td>\n<\/tr>\n<\/tbody>\n<\/table>\n<\/div><div class=\"nav fusion-mobile-tab-nav\"><ul class=\"nav-tabs nav-justified\" role=\"tablist\"><li role=\"presentation\"><a class=\"tab-link\" data-toggle=\"tab\" role=\"tab\" aria-controls=\"tab-982b0c494b6752bf197\" aria-selected=\"false\" tabindex=\"-1\" id=\"mobile-fusion-tab-jellemz\u0151k\" href=\"#tab-982b0c494b6752bf197\"><h4 class=\"fusion-tab-heading\">Jellemz\u0151k<\/h4><\/a><\/li><\/ul><\/div><div class=\"tab-pane fade fusion-clearfix\" role=\"tabpanel\" tabindex=\"0\" aria-labelledby=\"fusion-tab-jellemz\u0151k\" id=\"tab-982b0c494b6752bf197\">\n<p><strong>EL\u0150SZ\u0170R\u0150<\/strong><br \/>\nAz el\u0151sz\u0171r\u0151 elt\u00e1vol\u00edtja a nagy r\u00e9szecsk\u00e9ket, p\u00e9ld\u00e1ul a hajsz\u00e1lakat \u00e9s a sz\u00e1lakat. Moshat\u00f3 \u00e9s k\u00f6nnyen felszerelhet\u0151.<\/p>\n<p><strong>HEPALUX<\/strong><br \/>\nA HEPALUX sz\u0171r\u00e9si technol\u00f3gia 99,95%-os sz\u0171r\u00e9si ar\u00e1nyt biztos\u00edt, a bakt\u00e9riumok \u00e9s v\u00edrusok ellen k\u00fczd\u0151 UV-LED-vel ell\u00e1tott fotokatalitikus oxid\u00e1ci\u00f3 pedig biztos\u00edtja, hogy minden l\u00e9legzetv\u00e9tel eg\u00e9szs\u00e9ges legyen!<\/p>\n<p><strong>AKT\u00cdVSZ\u00c9NSZ\u0170R\u0150<\/strong><br \/>\nAz akt\u00edvsz\u00e9nsz\u0171r\u0151 cs\u00f6kkenti a g\u00e1zokat, valamint a term\u00e9szetes \u00e9s k\u00e9miai szagokat, p\u00e9ld\u00e1ul a doh\u00e1ny- \u00e9s \u00e9telszagokat.<\/p>\n<p><strong>IONIZER<\/strong><br \/>\nAz ioniz\u00e1tor negat\u00edv t\u00f6lt\u00e9s\u0171 ionokat szabad\u00edt fel, amelyek megtapadnak a pozit\u00edv t\u00f6lt\u00e9s\u0171 k\u00e1ros r\u00e9szecsk\u00e9ken. \u00cdgy a leveg\u0151ben l\u00e9v\u0151 szennyez\u0151d\u00e9s r\u00e9szecsk\u00e9k nehezebb\u00e9 v\u00e1lnak \u00e9s a padl\u00f3ra esnek.<\/p>\n<\/div><div class=\"nav fusion-mobile-tab-nav\"><ul class=\"nav-tabs nav-justified\" role=\"tablist\"><li role=\"presentation\"><a class=\"tab-link\" data-toggle=\"tab\" role=\"tab\" aria-controls=\"tab-556a23f4de48cc2d9e9\" aria-selected=\"false\" tabindex=\"-1\" id=\"mobile-fusion-tab-tan\u00fas\u00edtv\u00e1nyok\u00e9sd\u00edjak\" href=\"#tab-556a23f4de48cc2d9e9\"><h4 class=\"fusion-tab-heading\">Tan\u00fas\u00edtv\u00e1nyok \u00e9s d\u00edjak<\/h4><\/a><\/li><\/ul><\/div><div class=\"tab-pane fade fusion-clearfix\" role=\"tabpanel\" tabindex=\"0\" aria-labelledby=\"fusion-tab-tan\u00fas\u00edtv\u00e1nyok\u00e9sd\u00edjak\" id=\"tab-556a23f4de48cc2d9e9\">\n<p><img decoding=\"async\" class=\"lazyload alignnone wp-image-3965\" src=\"data:image\/svg+xml,%3Csvg%20xmlns%3D%27http%3A%2F%2Fwww.w3.org%2F2000%2Fsvg%27%20width%3D%27155%27%20height%3D%27155%27%20viewBox%3D%270%200%20155%20155%27%3E%3Crect%20width%3D%27155%27%20height%3D%27155%27%20fill-opacity%3D%220%22%2F%3E%3C%2Fsvg%3E\" data-orig-src=\"https:\/\/luxinternational.com\/wp-content\/uploads\/2024\/03\/1786_gui_lab_label_effectively_reduces_bacterias_viruses_560_en.jpg\" alt=\"\" width=\"155\" height=\"155\"><\/p>\n<p><strong>GUI TAN\u00daS\u00cdT\u00c1S<\/strong><br \/>\nHat\u00e9konyan cs\u00f6kkenti a bakt\u00e9riumok, a por, a pen\u00e9sz, a mikrorganizmus \u00e9s a v\u00edrusok jelenl\u00e9t\u00e9t a belt\u00e9ri leveg\u0151ben.<\/p>\n<\/div><div class=\"nav fusion-mobile-tab-nav\"><ul class=\"nav-tabs nav-justified\" role=\"tablist\"><li role=\"presentation\"><a class=\"tab-link\" data-toggle=\"tab\" role=\"tab\" aria-controls=\"tab-90c21754bd5eda03bae\" aria-selected=\"false\" tabindex=\"-1\" id=\"mobile-fusion-tab-t\u00e1mogat\u00e1s\" href=\"#tab-90c21754bd5eda03bae\"><h4 class=\"fusion-tab-heading\">T\u00e1mogat\u00e1s<\/h4><\/a><\/li><\/ul><\/div><div class=\"tab-pane fade fusion-clearfix\" role=\"tabpanel\" tabindex=\"0\" aria-labelledby=\"fusion-tab-t\u00e1mogat\u00e1s\" id=\"tab-90c21754bd5eda03bae\">\n<p><a href=\"https:\/\/luxinternational.com\/wp-content\/uploads\/2024\/03\/ag-s_sense-manual-eng-web.pdf\" target=\"_blank\" rel=\"noopener\">Term\u00e9k k\u00e9zik\u00f6nyv<\/a><br \/>\n<a href=\"https:\/\/luxinternational.com\/wp-content\/uploads\/2024\/03\/en_ags_-brochure_web.pdf\" target=\"_blank\" rel=\"noopener\">Bros\u00fara<\/a><br \/>\n<a href=\"https:\/\/luxinternational.com\/wp-content\/uploads\/2024\/03\/1813_en_ags_1799_zertifikat-gui-mo-2020_01_560.pdf\" target=\"_blank\" rel=\"noopener\">Gui tan\u00fas\u00edt\u00e1s<\/a><\/p>\n<\/div><\/div><\/div><\/div><\/div><\/div><\/div>\n","protected":false},"excerpt":{"rendered":"","protected":false},"author":1,"featured_media":5420,"template":"","product-category":[149],"product-keyword":[],"class_list":["post-6031","product","type-product","status-publish","has-post-thumbnail","hentry","product-category-good-sleep"],"acf":[],"_links":{"self":[{"href":"https:\/\/luxinternational.com\/hu\/wp-json\/wp\/v2\/product\/6031","targetHints":{"allow":["GET"]}}],"collection":[{"href":"https:\/\/luxinternational.com\/hu\/wp-json\/wp\/v2\/product"}],"about":[{"href":"https:\/\/luxinternational.com\/hu\/wp-json\/wp\/v2\/types\/product"}],"author":[{"embeddable":true,"href":"https:\/\/luxinternational.com\/hu\/wp-json\/wp\/v2\/users\/1"}],"version-history":[{"count":2,"href":"https:\/\/luxinternational.com\/hu\/wp-json\/wp\/v2\/product\/6031\/revisions"}],"predecessor-version":[{"id":8841,"href":"https:\/\/luxinternational.com\/hu\/wp-json\/wp\/v2\/product\/6031\/revisions\/8841"}],"wp:featuredmedia":[{"embeddable":true,"href":"https:\/\/luxinternational.com\/hu\/wp-json\/wp\/v2\/media\/5420"}],"wp:attachment":[{"href":"https:\/\/luxinternational.com\/hu\/wp-json\/wp\/v2\/media?parent=6031"}],"wp:term":[{"taxonomy":"product-category","embeddable":true,"href":"https:\/\/luxinternational.com\/hu\/wp-json\/wp\/v2\/product-category?post=6031"},{"taxonomy":"product-keyword","embeddable":true,"href":"https:\/\/luxinternational.com\/hu\/wp-json\/wp\/v2\/product-keyword?post=6031"}],"curies":[{"name":"wp","href":"https:\/\/api.w.org\/{rel}","templated":true}]}}