{"id":7774,"date":"2025-06-09T16:26:47","date_gmt":"2025-06-09T14:26:47","guid":{"rendered":"https:\/\/luxinternational.com\/?page_id=7774"},"modified":"2025-06-09T16:33:43","modified_gmt":"2025-06-09T14:33:43","slug":"karrier","status":"publish","type":"page","link":"https:\/\/luxinternational.com\/hu\/karrier\/","title":{"rendered":"Karrier"},"content":{"rendered":"<p><div class=\"fusion-fullwidth fullwidth-box fusion-builder-row-1 fusion-flex-container has-pattern-background has-mask-background nonhundred-percent-fullwidth non-hundred-percent-height-scrolling\" style=\"--awb-border-radius-top-left:0px;--awb-border-radius-top-right:0px;--awb-border-radius-bottom-right:0px;--awb-border-radius-bottom-left:0px;--awb-margin-top:10px;--awb-flex-wrap:wrap;\" ><div class=\"fusion-builder-row fusion-row fusion-flex-align-items-center fusion-flex-justify-content-center fusion-flex-content-wrap\" style=\"max-width:1372.8px;margin-left: calc(-4% \/ 2 );margin-right: calc(-4% \/ 2 );\"><div class=\"fusion-layout-column fusion_builder_column fusion-builder-column-0 fusion_builder_column_1_1 1_1 fusion-flex-column\" style=\"--awb-bg-size:cover;--awb-width-large:100%;--awb-margin-top-large:0px;--awb-spacing-right-large:1.92%;--awb-margin-bottom-large:0px;--awb-spacing-left-large:1.92%;--awb-width-medium:100%;--awb-order-medium:0;--awb-spacing-right-medium:1.92%;--awb-spacing-left-medium:1.92%;--awb-width-small:100%;--awb-order-small:0;--awb-spacing-right-small:1.92%;--awb-spacing-left-small:1.92%;\" data-scroll-devices=\"small-visibility,medium-visibility,large-visibility\"><div class=\"fusion-column-wrapper fusion-column-has-shadow fusion-flex-justify-content-flex-start fusion-content-layout-column\"><div class=\"fusion-title title fusion-title-1 fusion-sep-none fusion-title-center fusion-title-text fusion-title-size-two\" style=\"--awb-margin-top-small:0px;--awb-margin-right-small:0px;--awb-margin-bottom-small:20px;--awb-margin-left-small:0px;\"><h2 class=\"fusion-title-heading title-heading-center\" style=\"margin:0;\">L\u00e9gy a Lux International csapat\u00e1nak tagja &#8211; mert az eg\u00e9szs\u00e9ges \u00e9let c\u00e9llal kezd\u0151dik.<\/h2><\/div><div class=\"fusion-text fusion-text-1\"><p>A Lux Internationaln\u00e1l hisz\u00fcnk abban, hogy az eg\u00e9szs\u00e9ges \u00e9let sokkal t\u00f6bbr\u0151l sz\u00f3l, mint tiszta leveg\u0151 \u00e9s tiszta v\u00edz. Hanem arr\u00f3l, hogy v\u00e1ltoz\u00e1st hozzunk, egy\u00fctt fejl\u0151dj\u00fcnk \u00e9s \u00e9rtelmes karriert teremts\u00fcnk. <\/p>\n<p>K\u00f6zel <strong>125<\/strong>\u00e9ve adunk lehet\u0151s\u00e9get az embereknek vil\u00e1gszerte innovat\u00edv technol\u00f3gi\u00e1kkal. Ami igaz\u00e1n megk\u00fcl\u00f6nb\u00f6ztet benn\u00fcnket a csapatunk &#8211; egy dinamikus, nemzetk\u00f6zi k\u00f6z\u00f6ss\u00e9g, amelynek l\u00fcktet\u0151 Lux-sz\u00edve van: szenved\u00e9lyes, elk\u00f6telezett \u00e9s egy k\u00f6z\u00f6s j\u00f6v\u0151k\u00e9p \u00e1ltal egyes\u00edtett. <\/p>\n<p>Ak\u00e1r az \u00e9rt\u00e9kes\u00edt\u00e9s, a technol\u00f3gia, az \u00fcgyf\u00e9l\u00e9lm\u00e9ny vagy a nemzetk\u00f6zi \u00fczleti \u00e9let a szenved\u00e9lye, a Lux teret k\u00edn\u00e1l a kibontakoz\u00e1shoz. T\u00f6bb mint 30 orsz\u00e1gban k\u00edn\u00e1lunk lehet\u0151s\u00e9geket, rugalmas munkamodelleket \u00e9s egy olyan v\u00e1llalati kult\u00far\u00e1t, amely a tiszteletre \u00e9s a szem\u00e9lyes fejl\u0151d\u00e9sre \u00e9p\u00fcl, \u00edgy a n\u00e1lunk megtett \u00fat valami igaz\u00e1n teljes \u00e9rt\u00e9k\u0171 dolog kezdete lehet. <\/p>\n<p><strong>Alig v\u00e1rjuk, hogy \u00fcdv\u00f6z\u00f6lhess\u00fck a csapatban. L\u00e9gy r\u00e9szese valami nagyobbnak. L\u00e9gy a Lux r\u00e9sze.  <\/strong><\/p>\n<\/div><\/div><\/div><\/div><\/div><div class=\"fusion-fullwidth fullwidth-box fusion-builder-row-2 fusion-flex-container has-pattern-background has-mask-background nonhundred-percent-fullwidth non-hundred-percent-height-scrolling\" style=\"--awb-border-radius-top-left:0px;--awb-border-radius-top-right:0px;--awb-border-radius-bottom-right:0px;--awb-border-radius-bottom-left:0px;--awb-flex-wrap:wrap;\" ><div class=\"fusion-builder-row fusion-row fusion-flex-align-items-flex-start fusion-flex-justify-content-center fusion-flex-content-wrap\" style=\"max-width:1372.8px;margin-left: calc(-4% \/ 2 );margin-right: calc(-4% \/ 2 );\"><div class=\"fusion-layout-column fusion_builder_column fusion-builder-column-1 fusion_builder_column_1_3 1_3 fusion-flex-column fusion-flex-align-self-stretch fusion-animated\" style=\"--awb-padding-top:60px;--awb-padding-right:60px;--awb-padding-bottom:60px;--awb-padding-left:60px;--awb-padding-top-medium:40px;--awb-padding-right-medium:40px;--awb-padding-bottom-medium:40px;--awb-padding-left-medium:40px;--awb-padding-top-small:30px;--awb-padding-right-small:30px;--awb-padding-bottom-small:30px;--awb-padding-left-small:30px;--awb-overflow:hidden;--awb-bg-color:var(--awb-color1);--awb-bg-color-hover:var(--awb-color1);--awb-bg-size:cover;--awb-box-shadow:2px 2px 40px 0px hsla(var(--awb-color8-h),var(--awb-color8-s),var(--awb-color8-l),calc(var(--awb-color8-a) - 90%));;--awb-border-radius:0px 0px 0px 25px;--awb-width-large:33.333333333333%;--awb-margin-top-large:0px;--awb-spacing-right-large:5.76%;--awb-margin-bottom-large:-100px;--awb-spacing-left-large:5.76%;--awb-width-medium:50%;--awb-order-medium:0;--awb-spacing-right-medium:3.84%;--awb-spacing-left-medium:3.84%;--awb-width-small:100%;--awb-order-small:0;--awb-spacing-right-small:1.92%;--awb-margin-bottom-small:40px;--awb-spacing-left-small:1.92%;--awb-animation-color:var(--awb-custom_color_6);\" data-animationType=\"revealInRight\" data-animationDuration=\"1.5\" data-animationDelay=\"0.5\" data-animationOffset=\"top-into-view\" data-scroll-devices=\"small-visibility,medium-visibility,large-visibility\"><div class=\"fusion-column-wrapper fusion-column-has-shadow fusion-flex-justify-content-space-between fusion-content-layout-column\"><i class=\"fb-icon-element-1 fb-icon-element fontawesome-icon fa-users fas circle-yes\" style=\"--awb-iconcolor:var(--awb-color5);--awb-circlecolor:var(--awb-color1);--awb-circlecolor-hover:var(--awb-color5);--awb-circlebordercolor:hsla(var(--awb-color5-h),var(--awb-color5-s),var(--awb-color5-l),calc(var(--awb-color5-a) - 50%));--awb-circlebordercolor-hover:hsla(var(--awb-color5-h),var(--awb-color5-s),var(--awb-color5-l),calc(var(--awb-color5-a) - 50%));--awb-circlebordersize:5px;--awb-font-size:38px;--awb-width:96px;--awb-height:96px;--awb-line-height:86px;--awb-align-self:center;--awb-margin-top:0px;--awb-margin-right:0px;--awb-margin-bottom:25px;--awb-margin-left:0px;\"><\/i><div class=\"fusion-title title fusion-title-2 fusion-sep-none fusion-title-center fusion-title-text fusion-title-size-three\" style=\"--awb-margin-bottom:25px;--awb-margin-top-small:10px;--awb-margin-right-small:0px;--awb-margin-bottom-small:10px;--awb-margin-left-small:0px;\"><h3 class=\"fusion-title-heading title-heading-center\" style=\"margin:0;text-transform:uppercase;\">ingyenes konzult\u00e1ci\u00f3<\/h3><\/div><div class=\"fusion-text fusion-text-2 fusion-text-no-margin\" style=\"--awb-content-alignment:center;--awb-text-color:var(--awb-custom_color_4);--awb-margin-bottom:35px;\"><p>Konzult\u00e1ljon vel\u00fcnk, \u00e9s mi szem\u00e9lyre szabjuk k\u00f6rnyezet\u00e9t.<\/p>\n<\/div><div style=\"text-align:center;\"><a class=\"fusion-button button-flat fusion-button-default-size button-default fusion-button-default button-1 fusion-button-default-span fusion-button-default-type awb-b-icon-pos-left\" style=\"--button_text_transform:uppercase;\" target=\"_self\" data-hover=\"icon_position\" href=\"https:\/\/luxinternational.com\/hu\/ugyfelszolgalat\/ingyenes-konzultacio\/\"><i class=\"fa-arrow-right fas awb-button__icon awb-button__icon--default button-icon-left\" aria-hidden=\"true\"><\/i><i class=\"fa-arrow-right fas awb-button__icon awb-button__icon--default button-icon-left\" aria-hidden=\"true\"><\/i><span class=\"fusion-button-text awb-button__text awb-button__text--default\">jelentkezzen ingyenes bemutat\u00f3nkra<\/span><\/a><\/div><\/div><\/div><div class=\"fusion-layout-column fusion_builder_column fusion-builder-column-2 fusion_builder_column_1_3 1_3 fusion-flex-column fusion-flex-align-self-stretch fusion-animated\" style=\"--awb-padding-top:60px;--awb-padding-right:60px;--awb-padding-bottom:60px;--awb-padding-left:60px;--awb-padding-top-medium:40px;--awb-padding-right-medium:40px;--awb-padding-bottom-medium:40px;--awb-padding-left-medium:40px;--awb-padding-top-small:30px;--awb-padding-right-small:30px;--awb-padding-bottom-small:30px;--awb-padding-left-small:30px;--awb-overflow:hidden;--awb-bg-color:var(--awb-color1);--awb-bg-color-hover:var(--awb-color1);--awb-bg-size:cover;--awb-box-shadow:2px 2px 40px 0px hsla(var(--awb-color8-h),var(--awb-color8-s),var(--awb-color8-l),calc(var(--awb-color8-a) - 90%));;--awb-border-radius:0px 0px 0px 25px;--awb-width-large:33.333333333333%;--awb-margin-top-large:0px;--awb-spacing-right-large:5.76%;--awb-margin-bottom-large:-100px;--awb-spacing-left-large:5.76%;--awb-width-medium:50%;--awb-order-medium:0;--awb-spacing-right-medium:3.84%;--awb-spacing-left-medium:3.84%;--awb-width-small:100%;--awb-order-small:0;--awb-spacing-right-small:1.92%;--awb-spacing-left-small:1.92%;--awb-animation-color:var(--awb-custom_color_6);\" data-animationType=\"revealInRight\" data-animationDuration=\"1.5\" data-animationDelay=\"0.5\" data-animationOffset=\"top-into-view\" data-scroll-devices=\"small-visibility,medium-visibility,large-visibility\"><div class=\"fusion-column-wrapper fusion-column-has-shadow fusion-flex-justify-content-space-between fusion-content-layout-column\"><i class=\"fb-icon-element-2 fb-icon-element fontawesome-icon fa-tools fas circle-yes\" style=\"--awb-iconcolor:var(--awb-color5);--awb-circlecolor:var(--awb-color1);--awb-circlecolor-hover:var(--awb-color5);--awb-circlebordercolor:hsla(var(--awb-color5-h),var(--awb-color5-s),var(--awb-color5-l),calc(var(--awb-color5-a) - 50%));--awb-circlebordercolor-hover:hsla(var(--awb-color5-h),var(--awb-color5-s),var(--awb-color5-l),calc(var(--awb-color5-a) - 50%));--awb-circlebordersize:5px;--awb-font-size:38px;--awb-width:96px;--awb-height:96px;--awb-line-height:86px;--awb-align-self:center;--awb-margin-top:0px;--awb-margin-right:0px;--awb-margin-bottom:25px;--awb-margin-left:0px;\"><\/i><div class=\"fusion-title title fusion-title-3 fusion-sep-none fusion-title-center fusion-title-text fusion-title-size-three\" style=\"--awb-margin-bottom:25px;--awb-margin-top-small:10px;--awb-margin-right-small:0px;--awb-margin-bottom-small:10px;--awb-margin-left-small:0px;\"><h3 class=\"fusion-title-heading title-heading-center\" style=\"margin:0;text-transform:uppercase;\">szolg\u00e1ltat\u00e1s<\/h3><\/div><div class=\"fusion-text fusion-text-3 fusion-text-no-margin\" style=\"--awb-content-alignment:center;--awb-text-color:var(--awb-custom_color_4);--awb-margin-bottom:35px;\"><p>\u00dcgyf\u00e9lszolg\u00e1lati vonal.<\/p>\n<\/div><div style=\"text-align:center;\"><a class=\"fusion-button button-flat fusion-button-default-size button-default fusion-button-default button-2 fusion-button-default-span fusion-button-default-type awb-b-icon-pos-left\" style=\"--button_text_transform:uppercase;\" target=\"_self\" data-hover=\"icon_position\" href=\"https:\/\/luxinternational.com\/hu\/ugyfelszolgalat\/szolgaltatas-utemezese\/\"><i class=\"fa-arrow-right fas awb-button__icon awb-button__icon--default button-icon-left\" aria-hidden=\"true\"><\/i><i class=\"fa-arrow-right fas awb-button__icon awb-button__icon--default button-icon-left\" aria-hidden=\"true\"><\/i><span class=\"fusion-button-text awb-button__text awb-button__text--default\">Ellen\u0151rz\u00e9s<\/span><\/a><\/div><\/div><\/div><\/div><\/div>\n<\/p>\n","protected":false},"excerpt":{"rendered":"","protected":false},"author":1,"featured_media":0,"parent":0,"menu_order":6,"comment_status":"closed","ping_status":"closed","template":"100-width.php","meta":{"_acf_changed":false,"footnotes":""},"class_list":["post-7774","page","type-page","status-publish","hentry"],"acf":[],"_links":{"self":[{"href":"https:\/\/luxinternational.com\/hu\/wp-json\/wp\/v2\/pages\/7774","targetHints":{"allow":["GET"]}}],"collection":[{"href":"https:\/\/luxinternational.com\/hu\/wp-json\/wp\/v2\/pages"}],"about":[{"href":"https:\/\/luxinternational.com\/hu\/wp-json\/wp\/v2\/types\/page"}],"author":[{"embeddable":true,"href":"https:\/\/luxinternational.com\/hu\/wp-json\/wp\/v2\/users\/1"}],"replies":[{"embeddable":true,"href":"https:\/\/luxinternational.com\/hu\/wp-json\/wp\/v2\/comments?post=7774"}],"version-history":[{"count":6,"href":"https:\/\/luxinternational.com\/hu\/wp-json\/wp\/v2\/pages\/7774\/revisions"}],"predecessor-version":[{"id":8096,"href":"https:\/\/luxinternational.com\/hu\/wp-json\/wp\/v2\/pages\/7774\/revisions\/8096"}],"wp:attachment":[{"href":"https:\/\/luxinternational.com\/hu\/wp-json\/wp\/v2\/media?parent=7774"}],"curies":[{"name":"wp","href":"https:\/\/api.w.org\/{rel}","templated":true}]}}