{"id":5883,"date":"2024-03-29T09:45:27","date_gmt":"2024-03-29T08:45:27","guid":{"rendered":"https:\/\/luxinternational.com\/tamogatas\/"},"modified":"2024-06-03T16:33:56","modified_gmt":"2024-06-03T14:33:56","slug":"tamogatas","status":"publish","type":"page","link":"https:\/\/luxinternational.com\/hu\/tamogatas\/","title":{"rendered":"T\u00e1mogat\u00e1s"},"content":{"rendered":"<div class=\"fusion-fullwidth fullwidth-box fusion-builder-row-1 fusion-flex-container has-pattern-background has-mask-background nonhundred-percent-fullwidth non-hundred-percent-height-scrolling\" style=\"--awb-border-radius-top-left:0px;--awb-border-radius-top-right:0px;--awb-border-radius-bottom-right:0px;--awb-border-radius-bottom-left:0px;--awb-flex-wrap:wrap;\" ><div class=\"fusion-builder-row fusion-row fusion-flex-align-items-flex-start fusion-flex-content-wrap\" style=\"max-width:1372.8px;margin-left: calc(-4% \/ 2 );margin-right: calc(-4% \/ 2 );\"><div class=\"fusion-layout-column fusion_builder_column fusion-builder-column-0 fusion_builder_column_1_1 1_1 fusion-flex-column\" style=\"--awb-bg-size:cover;--awb-width-large:100%;--awb-margin-top-large:0px;--awb-spacing-right-large:1.92%;--awb-margin-bottom-large:20px;--awb-spacing-left-large:1.92%;--awb-width-medium:100%;--awb-order-medium:0;--awb-spacing-right-medium:1.92%;--awb-spacing-left-medium:1.92%;--awb-width-small:100%;--awb-order-small:0;--awb-spacing-right-small:1.92%;--awb-spacing-left-small:1.92%;\"><div class=\"fusion-column-wrapper fusion-column-has-shadow fusion-flex-justify-content-flex-start fusion-content-layout-column\"><div class=\"fusion-post-cards fusion-post-cards-1 fusion-grid-archive fusion-grid-columns-1 fusion-grid-flex-grow\" style=\"--awb-column-spacing:0px;--awb-dots-align:center;--awb-columns:1;--awb-active-filter-border-size:3px;--awb-filters-height:36px;--awb-columns-medium:100%;--awb-columns-small:100%;\" data-post-type-label=\"faqs\"><ul class=\"fusion-grid fusion-grid-1 fusion-flex-align-items-flex-start fusion-grid-posts-cards\"><li class=\"fusion-layout-column fusion_builder_column fusion-builder-column-1 fusion-flex-column post-card fusion-grid-column fusion-post-cards-grid-column\" style=\"--awb-padding-top:30px;--awb-bg-blend:overlay;--awb-bg-size:cover;--awb-flex-grow:0;--awb-flex-shrink:0;--awb-flex-grow-medium:0;--awb-flex-shrink-medium:0;--awb-flex-grow-small:0;--awb-flex-shrink-small:0;\" data-scroll-devices=\"small-visibility,medium-visibility,large-visibility\"><div class=\"fusion-column-wrapper fusion-column-has-shadow fusion-flex-justify-content-flex-start fusion-content-layout-column\"><div class=\"fusion-builder-row fusion-builder-row-inner fusion-row fusion-flex-align-items-flex-start fusion-flex-content-wrap\" style=\"--awb-flex-grow:0;--awb-flex-grow-medium:0;--awb-flex-grow-small:0;--awb-flex-shrink:0;--awb-flex-shrink-medium:0;--awb-flex-shrink-small:0;width:104% !important;max-width:104% !important;margin-left: calc(-4% \/ 2 );margin-right: calc(-4% \/ 2 );\"><div class=\"fusion-layout-column fusion_builder_column_inner fusion-builder-nested-column-0 fusion_builder_column_inner_1_4 1_4 fusion-flex-column\" style=\"--awb-bg-size:cover;--awb-width-large:25%;--awb-margin-top-large:0px;--awb-spacing-right-large:7.68%;--awb-margin-bottom-large:20px;--awb-spacing-left-large:7.68%;--awb-width-medium:25%;--awb-order-medium:0;--awb-spacing-right-medium:7.68%;--awb-spacing-left-medium:7.68%;--awb-width-small:100%;--awb-order-small:0;--awb-spacing-right-small:1.92%;--awb-spacing-left-small:1.92%;\"><div class=\"fusion-column-wrapper fusion-column-has-shadow fusion-flex-justify-content-flex-start fusion-content-layout-column\"><div class=\"fusion-classic-product-image-wrapper fusion-woo-product-image fusion-post-card-image fusion-post-card-image-1 has-aspect-ratio\" data-layout=\"static\" style=\"--awb-aspect-ratio:1 \/ 1;\"><div  class=\"fusion-image-wrapper\" aria-haspopup=\"true\">\n\t\t\t\t<img decoding=\"async\" width=\"260\" height=\"196\" src=\"https:\/\/luxinternational.com\/wp-content\/uploads\/2024\/03\/faq-other-questions.jpg\" class=\"attachment-full size-full lazyload wp-post-image\" alt=\"\" srcset=\"data:image\/svg+xml,%3Csvg%20xmlns%3D%27http%3A%2F%2Fwww.w3.org%2F2000%2Fsvg%27%20width%3D%27260%27%20height%3D%27196%27%20viewBox%3D%270%200%20260%20196%27%3E%3Crect%20width%3D%27260%27%20height%3D%27196%27%20fill-opacity%3D%220%22%2F%3E%3C%2Fsvg%3E\" data-orig-src=\"https:\/\/luxinternational.com\/wp-content\/uploads\/2024\/03\/faq-other-questions.jpg\" data-srcset=\"https:\/\/luxinternational.com\/wp-content\/uploads\/2024\/03\/faq-other-questions-200x151.jpg 200w, https:\/\/luxinternational.com\/wp-content\/uploads\/2024\/03\/faq-other-questions.jpg 260w\" data-sizes=\"auto\" \/><\/div>\n<\/div><\/div><\/div><div class=\"fusion-layout-column fusion_builder_column_inner fusion-builder-nested-column-1 fusion_builder_column_inner_3_4 3_4 fusion-flex-column\" style=\"--awb-bg-size:cover;--awb-width-large:75%;--awb-margin-top-large:0px;--awb-spacing-right-large:2.56%;--awb-margin-bottom-large:20px;--awb-spacing-left-large:2.56%;--awb-width-medium:75%;--awb-order-medium:0;--awb-spacing-right-medium:2.56%;--awb-spacing-left-medium:2.56%;--awb-width-small:100%;--awb-order-small:0;--awb-spacing-right-small:1.92%;--awb-spacing-left-small:1.92%;\" data-scroll-devices=\"small-visibility,medium-visibility,large-visibility\"><div class=\"fusion-column-wrapper fusion-column-has-shadow fusion-flex-justify-content-flex-start fusion-content-layout-column\"><div class=\"fusion-content-tb fusion-content-tb-1\" style=\"--awb-text-color:var(--awb-custom_color_4);--awb-text-transform:none;\"><div class=\"fusion-fullwidth fullwidth-box fusion-builder-row-1-1 fusion-flex-container has-pattern-background has-mask-background nonhundred-percent-fullwidth non-hundred-percent-height-scrolling\" style=\"--link_hover_color: var(--awb-custom_color_5);--awb-border-radius-top-left:0px;--awb-border-radius-top-right:0px;--awb-border-radius-bottom-right:0px;--awb-border-radius-bottom-left:0px;--awb-flex-wrap:wrap;\" ><div class=\"fusion-builder-row fusion-row fusion-flex-align-items-flex-start fusion-flex-content-wrap\" style=\"width:104% !important;max-width:104% !important;margin-left: calc(-4% \/ 2 );margin-right: calc(-4% \/ 2 );\"><div class=\"fusion-layout-column fusion_builder_column fusion-builder-column-2 fusion_builder_column_1_1 1_1 fusion-flex-column\" style=\"--awb-bg-size:cover;--awb-width-large:100%;--awb-flex-grow:0;--awb-flex-shrink:0;--awb-margin-top-large:0px;--awb-spacing-right-large:1.92%;--awb-margin-bottom-large:20px;--awb-spacing-left-large:1.92%;--awb-width-medium:100%;--awb-order-medium:0;--awb-flex-grow-medium:0;--awb-flex-shrink-medium:0;--awb-spacing-right-medium:1.92%;--awb-spacing-left-medium:1.92%;--awb-width-small:100%;--awb-order-small:0;--awb-flex-grow-small:0;--awb-flex-shrink-small:0;--awb-spacing-right-small:1.92%;--awb-spacing-left-small:1.92%;\"><div class=\"fusion-column-wrapper fusion-column-has-shadow fusion-flex-justify-content-flex-start fusion-content-layout-column\"><div class=\"accordian fusion-accordian\" style=\"--awb-border-size:1px;--awb-icon-size:16px;--awb-content-font-size:18px;--awb-icon-alignment:left;--awb-hover-color:var(--awb-color2);--awb-border-color:var(--awb-color3);--awb-background-color:var(--awb-color1);--awb-divider-color:var(--awb-color3);--awb-divider-hover-color:var(--awb-color3);--awb-icon-color:var(--awb-color5);--awb-title-color:var(--awb-custom_color_4);--awb-content-color:var(--awb-custom_color_4);--awb-icon-box-color:var(--awb-color5);--awb-toggle-hover-accent-color:var(--awb-color5);--awb-title-font-family:&quot;Lato&quot;;--awb-title-font-weight:var(--awb-typography1);--awb-title-font-style:normal;--awb-title-font-size:24px;--awb-title-text-transform:none;--awb-content-font-family:&quot;Lato&quot;;--awb-content-font-style:normal;--awb-content-font-weight:var(--awb-typography4);\"><div class=\"panel-group fusion-toggle-icon-unboxed\" id=\"accordion-5740-1\"><div class=\"fusion-panel panel-default panel-6e7dd57e85b8c2df9 fusion-toggle-no-divider\"><div class=\"panel-heading\"><h3 class=\"panel-title toggle\" id=\"toggle_6e7dd57e85b8c2df9\"><a aria-expanded=\"false\" aria-controls=\"6e7dd57e85b8c2df9\" role=\"button\" data-toggle=\"collapse\" data-parent=\"#accordion-5740-1\" data-target=\"#6e7dd57e85b8c2df9\" href=\"#6e7dd57e85b8c2df9\"><span class=\"fusion-toggle-icon-wrapper\" aria-hidden=\"true\"><i class=\"fa-fusion-box active-icon fa-minus fas\" aria-hidden=\"true\"><\/i><i class=\"fa-fusion-box inactive-icon fa-plus fas\" aria-hidden=\"true\"><\/i><\/span><span class=\"fusion-toggle-heading\">Mi a Lux ORIGINAL?<\/span><\/a><\/h3><\/div><div id=\"6e7dd57e85b8c2df9\" class=\"panel-collapse collapse \" aria-labelledby=\"toggle_6e7dd57e85b8c2df9\"><div class=\"panel-body toggle-content fusion-clearfix\">\n<p>A Lux ORIGINAL a Lux fogy\u00f3eszk\u00f6zcsal\u00e1d. A Lux minden term\u00e9khez kiv\u00e1l\u00f3 min\u0151s\u00e9g\u0171 portart\u00e1lyokat \u00e9s sz\u0171r\u0151ket fejlesztett ki, hogy biztos\u00edtsa a legmagasabb szint\u0171 sz\u0171r\u00e9st \u00e9s teljes\u00edtm\u00e9nyt. A Lux ORIGINAL porzs\u00e1kok \u00e9s sz\u0171r\u0151k minden <a href=\"https:\/\/luxinternational.com\/contact-us\/\">Lux \u00fcgyf\u00e9lszolg\u00e1laton<\/a> \u00e9s a helyi Lux online boltokban kaphat\u00f3k.<\/p>\n<\/div><\/div><\/div><div class=\"fusion-panel panel-default panel-3007fce06c269e214 fusion-toggle-no-divider\"><div class=\"panel-heading\"><h3 class=\"panel-title toggle\" id=\"toggle_3007fce06c269e214\"><a aria-expanded=\"false\" aria-controls=\"3007fce06c269e214\" role=\"button\" data-toggle=\"collapse\" data-parent=\"#accordion-5740-1\" data-target=\"#3007fce06c269e214\" href=\"#3007fce06c269e214\"><span class=\"fusion-toggle-icon-wrapper\" aria-hidden=\"true\"><i class=\"fa-fusion-box active-icon fa-minus fas\" aria-hidden=\"true\"><\/i><i class=\"fa-fusion-box inactive-icon fa-plus fas\" aria-hidden=\"true\"><\/i><\/span><span class=\"fusion-toggle-heading\">Hol kaphatok p\u00f3talkatr\u00e9szeket a Lux term\u00e9kekhez?<\/span><\/a><\/h3><\/div><div id=\"3007fce06c269e214\" class=\"panel-collapse collapse \" aria-labelledby=\"toggle_3007fce06c269e214\"><div class=\"panel-body toggle-content fusion-clearfix\">\n<p>Biztons\u00e1gi \u00e9s garanci\u00e1lis okokb\u00f3l a Lux term\u00e9kek jav\u00edt\u00e1s\u00e1t kiz\u00e1r\u00f3lag a Lux szerviz k\u00e9pzett szem\u00e9lyzete v\u00e9gezheti el. A p\u00f3talkatr\u00e9szek illet\u00e9ktelenek sz\u00e1m\u00e1ra nem \u00e1llnak rendelkez\u00e9sre. A Lux szerviz egy \u00e1ltal\u00e1nos k\u00e9sz\u00fcl\u00e9kellen\u0151rz\u00e9st, valamint a k\u00e9sz\u00fcl\u00e9k eredeti Lux alkatr\u00e9szekkel t\u00f6rt\u00e9n\u0151 szakszer\u0171 jav\u00edt\u00e1s\u00e1t k\u00edn\u00e1lja \u00d6nnek.<\/p>\n<\/div><\/div><\/div><div class=\"fusion-panel panel-default panel-d8172b694cd6ac901 fusion-toggle-no-divider\"><div class=\"panel-heading\"><h3 class=\"panel-title toggle\" id=\"toggle_d8172b694cd6ac901\"><a aria-expanded=\"false\" aria-controls=\"d8172b694cd6ac901\" role=\"button\" data-toggle=\"collapse\" data-parent=\"#accordion-5740-1\" data-target=\"#d8172b694cd6ac901\" href=\"#d8172b694cd6ac901\"><span class=\"fusion-toggle-icon-wrapper\" aria-hidden=\"true\"><i class=\"fa-fusion-box active-icon fa-minus fas\" aria-hidden=\"true\"><\/i><i class=\"fa-fusion-box inactive-icon fa-plus fas\" aria-hidden=\"true\"><\/i><\/span><span class=\"fusion-toggle-heading\">Hogyan l\u00e9phetek kapcsolatba a Lux k\u00e9pvisel\u0151j\u00e9vel?<\/span><\/a><\/h3><\/div><div id=\"d8172b694cd6ac901\" class=\"panel-collapse collapse \" aria-labelledby=\"toggle_d8172b694cd6ac901\"><div class=\"panel-body toggle-content fusion-clearfix\">\n<p>A Lux k\u00e9pvisel\u0151j\u00e9vel az online \u0171rlap seg\u00edts\u00e9g\u00e9vel vagy a helyi \u00fcgyf\u00e9lszolg\u00e1lati telefonsz\u00e1mon k\u00e9rhet id\u0151pontot.<\/p>\n<\/div><\/div><\/div><div class=\"fusion-panel panel-default panel-8f348fb0d27301255 fusion-toggle-no-divider\"><div class=\"panel-heading\"><h3 class=\"panel-title toggle\" id=\"toggle_8f348fb0d27301255\"><a aria-expanded=\"false\" aria-controls=\"8f348fb0d27301255\" role=\"button\" data-toggle=\"collapse\" data-parent=\"#accordion-5740-1\" data-target=\"#8f348fb0d27301255\" href=\"#8f348fb0d27301255\"><span class=\"fusion-toggle-icon-wrapper\" aria-hidden=\"true\"><i class=\"fa-fusion-box active-icon fa-minus fas\" aria-hidden=\"true\"><\/i><i class=\"fa-fusion-box inactive-icon fa-plus fas\" aria-hidden=\"true\"><\/i><\/span><span class=\"fusion-toggle-heading\">Honnan tudom, hogy az engem megl\u00e1togat\u00f3 szem\u00e9ly Lux k\u00e9pvisel\u0151-e?<\/span><\/a><\/h3><\/div><div id=\"8f348fb0d27301255\" class=\"panel-collapse collapse \" aria-labelledby=\"toggle_8f348fb0d27301255\"><div class=\"panel-body toggle-content fusion-clearfix\">\n<p>Minden Lux-k\u00e9pvisel\u0151 Lux-azonos\u00edt\u00f3 jelv\u00e9nyt visel, amelyet b\u00fcszk\u00e9n mutat meg \u00d6nnek.<\/p>\n<\/div><\/div><\/div><\/div><\/div><\/div><\/div><\/div><\/div>\n<\/div><\/div><\/div><\/div><\/div><\/li>\n<\/ul><\/div><\/div><\/div><\/div><\/div>\n","protected":false},"excerpt":{"rendered":"","protected":false},"author":1,"featured_media":0,"parent":0,"menu_order":5,"comment_status":"closed","ping_status":"closed","template":"100-width.php","meta":{"_acf_changed":false,"footnotes":""},"class_list":["post-5883","page","type-page","status-publish","hentry"],"acf":[],"_links":{"self":[{"href":"https:\/\/luxinternational.com\/hu\/wp-json\/wp\/v2\/pages\/5883","targetHints":{"allow":["GET"]}}],"collection":[{"href":"https:\/\/luxinternational.com\/hu\/wp-json\/wp\/v2\/pages"}],"about":[{"href":"https:\/\/luxinternational.com\/hu\/wp-json\/wp\/v2\/types\/page"}],"author":[{"embeddable":true,"href":"https:\/\/luxinternational.com\/hu\/wp-json\/wp\/v2\/users\/1"}],"replies":[{"embeddable":true,"href":"https:\/\/luxinternational.com\/hu\/wp-json\/wp\/v2\/comments?post=5883"}],"version-history":[{"count":0,"href":"https:\/\/luxinternational.com\/hu\/wp-json\/wp\/v2\/pages\/5883\/revisions"}],"wp:attachment":[{"href":"https:\/\/luxinternational.com\/hu\/wp-json\/wp\/v2\/media?parent=5883"}],"curies":[{"name":"wp","href":"https:\/\/api.w.org\/{rel}","templated":true}]}}