{"id":8843,"date":"2024-03-26T19:42:42","date_gmt":"2024-03-26T18:42:42","guid":{"rendered":"https:\/\/luxinternational.com\/product\/oreiller-welity\/"},"modified":"2025-06-26T10:36:37","modified_gmt":"2025-06-26T08:36:37","slug":"oreiller-welity","status":"publish","type":"product","link":"https:\/\/luxinternational.com\/fr\/product\/oreiller-welity\/","title":{"rendered":"Oreiller Welity"},"content":{"rendered":"<div class=\"fusion-fullwidth fullwidth-box fusion-builder-row-1 fusion-flex-container has-pattern-background has-mask-background nonhundred-percent-fullwidth non-hundred-percent-height-scrolling\" style=\"--awb-border-radius-top-left:0px;--awb-border-radius-top-right:0px;--awb-border-radius-bottom-right:0px;--awb-border-radius-bottom-left:0px;--awb-padding-right:0px;--awb-padding-left:0px;--awb-margin-top:30px;--awb-margin-top-medium:15px;--awb-flex-wrap:wrap;\" id=\"product-tabs\" ><div class=\"fusion-builder-row fusion-row fusion-flex-align-items-flex-start fusion-flex-content-wrap\" style=\"max-width:1372.8px;margin-left: calc(-4% \/ 2 );margin-right: calc(-4% \/ 2 );\"><div class=\"fusion-layout-column fusion_builder_column fusion-builder-column-0 fusion_builder_column_1_1 1_1 fusion-flex-column\" style=\"--awb-bg-size:cover;--awb-width-large:100%;--awb-margin-top-large:0px;--awb-spacing-right-large:1.92%;--awb-margin-bottom-large:20px;--awb-spacing-left-large:1.92%;--awb-width-medium:100%;--awb-order-medium:0;--awb-spacing-right-medium:1.92%;--awb-spacing-left-medium:1.92%;--awb-width-small:100%;--awb-order-small:0;--awb-spacing-right-small:1.92%;--awb-spacing-left-small:1.92%;\" data-scroll-devices=\"small-visibility,medium-visibility,large-visibility\"><div class=\"fusion-column-wrapper fusion-column-has-shadow fusion-flex-justify-content-flex-start fusion-content-layout-column\"><div class=\"fusion-tabs fusion-tabs-1 classic nav-is-justified horizontal-tabs icon-position-left mobile-mode-accordion\" style=\"--awb-title-border-radius-top-left:0px;--awb-title-border-radius-top-right:0px;--awb-title-border-radius-bottom-right:0px;--awb-title-border-radius-bottom-left:0px;--awb-alignment:start;--awb-inactive-color:var(--awb-custom_color_6);--awb-background-color:var(--awb-color1);--awb-border-color:var(--awb-custom_color_6);--awb-active-border-color:var(--awb-color5);\"><div class=\"nav\"><ul class=\"nav-tabs nav-justified\" role=\"tablist\"><li class=\"active\" role=\"presentation\"><a class=\"tab-link\" data-toggle=\"tab\" role=\"tab\" aria-controls=\"tab-3c996b738ffd93dff70\" aria-selected=\"true\" id=\"fusion-tab-sp\u00e9cifications\" href=\"#tab-3c996b738ffd93dff70\"><h4 class=\"fusion-tab-heading\">Sp\u00e9cifications<\/h4><\/a><\/li><li role=\"presentation\"><a class=\"tab-link\" data-toggle=\"tab\" role=\"tab\" aria-controls=\"tab-926d1a9e0a8e79b37aa\" aria-selected=\"false\" tabindex=\"-1\" id=\"fusion-tab-caract\u00e9ristiques\" href=\"#tab-926d1a9e0a8e79b37aa\"><h4 class=\"fusion-tab-heading\">Caract\u00e9ristiques<\/h4><\/a><\/li><li role=\"presentation\"><a class=\"tab-link\" data-toggle=\"tab\" role=\"tab\" aria-controls=\"tab-9c3fa0910a7dcd6a18e\" aria-selected=\"false\" tabindex=\"-1\" id=\"fusion-tab-certificatsetr\u00e9compenses\" href=\"#tab-9c3fa0910a7dcd6a18e\"><h4 class=\"fusion-tab-heading\">Certificats et r\u00e9compenses<\/h4><\/a><\/li><li role=\"presentation\"><a class=\"tab-link\" data-toggle=\"tab\" role=\"tab\" aria-controls=\"tab-ef46706a6c7d098f4ba\" aria-selected=\"false\" tabindex=\"-1\" id=\"fusion-tab-soutien\" href=\"#tab-ef46706a6c7d098f4ba\"><h4 class=\"fusion-tab-heading\">Soutien<\/h4><\/a><\/li><\/ul><\/div><div class=\"tab-content\"><div class=\"nav fusion-mobile-tab-nav\"><ul class=\"nav-tabs nav-justified\" role=\"tablist\"><li class=\"active\" role=\"presentation\"><a class=\"tab-link\" data-toggle=\"tab\" role=\"tab\" aria-controls=\"tab-3c996b738ffd93dff70\" aria-selected=\"true\" id=\"mobile-fusion-tab-sp\u00e9cifications\" href=\"#tab-3c996b738ffd93dff70\"><h4 class=\"fusion-tab-heading\">Sp\u00e9cifications<\/h4><\/a><\/li><\/ul><\/div><div class=\"tab-pane fade fusion-clearfix in active\" role=\"tabpanel\" tabindex=\"0\" aria-labelledby=\"fusion-tab-sp\u00e9cifications\" id=\"tab-3c996b738ffd93dff70\">\n<table>\n<tbody>\n<tr>\n<td>Dimension Unit\u00e9 seule (H x P)<\/td>\n<td>610 x \u00d8 400 mm<\/td>\n<\/tr>\n<tr>\n<td>Poids<\/td>\n<td>11 kg<\/td>\n<\/tr>\n<tr>\n<td>Interrupteur d&rsquo;alimentation<\/td>\n<td>Bouton<\/td>\n<\/tr>\n<tr>\n<td>Affichage<\/td>\n<td>Non<\/td>\n<\/tr>\n<tr>\n<td>Surface applicable<\/td>\n<td>65<sup>m2<\/sup><\/td>\n<\/tr>\n<tr>\n<td>CADR<\/td>\n<td>765<sup>m3\/h<\/sup><\/td>\n<\/tr>\n<tr>\n<td>Compteur de particules<\/td>\n<td>Non<\/td>\n<\/tr>\n<tr>\n<td>Mode automatique<\/td>\n<td>Non<\/td>\n<\/tr>\n<tr>\n<td>Minuterie de remplacement du filtre<\/td>\n<td>Non<\/td>\n<\/tr>\n<tr>\n<td>LED UV-A<\/td>\n<td>Oui<\/td>\n<\/tr>\n<tr>\n<td>Roues<\/td>\n<td>uniquement en tant qu&rsquo;accessoire<\/td>\n<\/tr>\n<tr>\n<td>Tissu de pr\u00e9-filtre<\/td>\n<td>Noir (gris et rouge en accessoire)<\/td>\n<\/tr>\n<tr>\n<td>Caract\u00e9ristiques sp\u00e9ciales<\/td>\n<td>LED UV-A<\/td>\n<\/tr>\n<\/tbody>\n<\/table>\n<\/div><div class=\"nav fusion-mobile-tab-nav\"><ul class=\"nav-tabs nav-justified\" role=\"tablist\"><li role=\"presentation\"><a class=\"tab-link\" data-toggle=\"tab\" role=\"tab\" aria-controls=\"tab-926d1a9e0a8e79b37aa\" aria-selected=\"false\" tabindex=\"-1\" id=\"mobile-fusion-tab-caract\u00e9ristiques\" href=\"#tab-926d1a9e0a8e79b37aa\"><h4 class=\"fusion-tab-heading\">Caract\u00e9ristiques<\/h4><\/a><\/li><\/ul><\/div><div class=\"tab-pane fade fusion-clearfix\" role=\"tabpanel\" tabindex=\"0\" aria-labelledby=\"fusion-tab-caract\u00e9ristiques\" id=\"tab-926d1a9e0a8e79b37aa\">\n<p><strong>PR\u00c9FILTRE<\/strong><br \/>\nLe pr\u00e9filtre \u00e9limine les grosses particules telles que les cheveux et les fibres. Il est lavable et facile \u00e0 monter. <\/p>\n<p><strong>HEPALUX<\/strong><br \/>\nLa technologie de filtration HEPALUX assure un taux de filtration de 99,95 % et l&rsquo;oxydation photocatalytique avec une LED UV qui combat les bact\u00e9ries et les virus garantit que chaque respiration est saine !<\/p>\n<p><strong>FILTRE \u00c0 CARBONE ACTIVATIF<\/strong><br \/>\nLe filtre \u00e0 charbon actif r\u00e9duit les gaz ainsi que les odeurs naturelles et chimiques telles que les odeurs de tabac et de nourriture.<\/p>\n<p><strong>IONISATEUR<\/strong><br \/>\nL&rsquo;ionisateur lib\u00e8re des ions charg\u00e9s n\u00e9gativement qui adh\u00e8rent aux particules nocives charg\u00e9es positivement. Ainsi, les particules de salet\u00e9 dans l&rsquo;air deviennent plus lourdes et tombent sur le sol.<\/p>\n<\/div><div class=\"nav fusion-mobile-tab-nav\"><ul class=\"nav-tabs nav-justified\" role=\"tablist\"><li role=\"presentation\"><a class=\"tab-link\" data-toggle=\"tab\" role=\"tab\" aria-controls=\"tab-9c3fa0910a7dcd6a18e\" aria-selected=\"false\" tabindex=\"-1\" id=\"mobile-fusion-tab-certificatsetr\u00e9compenses\" href=\"#tab-9c3fa0910a7dcd6a18e\"><h4 class=\"fusion-tab-heading\">Certificats et r\u00e9compenses<\/h4><\/a><\/li><\/ul><\/div><div class=\"tab-pane fade fusion-clearfix\" role=\"tabpanel\" tabindex=\"0\" aria-labelledby=\"fusion-tab-certificatsetr\u00e9compenses\" id=\"tab-9c3fa0910a7dcd6a18e\">\n<p><img decoding=\"async\" class=\"lazyload alignnone wp-image-3965\" src=\"data:image\/svg+xml,%3Csvg%20xmlns%3D%27http%3A%2F%2Fwww.w3.org%2F2000%2Fsvg%27%20width%3D%27155%27%20height%3D%27155%27%20viewBox%3D%270%200%20155%20155%27%3E%3Crect%20width%3D%27155%27%20height%3D%27155%27%20fill-opacity%3D%220%22%2F%3E%3C%2Fsvg%3E\" data-orig-src=\"https:\/\/luxinternational.com\/wp-content\/uploads\/2024\/03\/1786_gui_lab_label_effectively_reduces_bacterias_viruses_560_en.jpg\" alt=\"\" width=\"155\" height=\"155\"><\/p>\n<p><strong>CERTIFICATION GUI<\/strong><br \/>\nR\u00e9duit efficacement les bact\u00e9ries, les poussi\u00e8res fines, les moisissures, les microorganismes et les virus dans l&rsquo;air int\u00e9rieur.<\/p>\n<\/div><div class=\"nav fusion-mobile-tab-nav\"><ul class=\"nav-tabs nav-justified\" role=\"tablist\"><li role=\"presentation\"><a class=\"tab-link\" data-toggle=\"tab\" role=\"tab\" aria-controls=\"tab-ef46706a6c7d098f4ba\" aria-selected=\"false\" tabindex=\"-1\" id=\"mobile-fusion-tab-soutien\" href=\"#tab-ef46706a6c7d098f4ba\"><h4 class=\"fusion-tab-heading\">Soutien<\/h4><\/a><\/li><\/ul><\/div><div class=\"tab-pane fade fusion-clearfix\" role=\"tabpanel\" tabindex=\"0\" aria-labelledby=\"fusion-tab-soutien\" id=\"tab-ef46706a6c7d098f4ba\">\n<p><a href=\"https:\/\/luxinternational.com\/wp-content\/uploads\/2024\/03\/ag-s_sense-manual-eng-web.pdf\" target=\"_blank\" rel=\"noopener\">Manuel du produit<\/a><br \/>\n<a href=\"https:\/\/luxinternational.com\/wp-content\/uploads\/2024\/03\/en_ags_-brochure_web.pdf\" target=\"_blank\" rel=\"noopener\">Brochure<\/a><br \/>\n<a href=\"https:\/\/luxinternational.com\/wp-content\/uploads\/2024\/03\/1813_en_ags_1799_zertifikat-gui-mo-2020_01_560.pdf\" target=\"_blank\" rel=\"noopener\">Certification Gui<\/a><\/p>\n<\/div><\/div><\/div><\/div><\/div><\/div><\/div>\n","protected":false},"excerpt":{"rendered":"","protected":false},"author":1,"featured_media":0,"template":"","product-category":[149],"product-keyword":[],"class_list":["post-8843","product","type-product","status-publish","hentry","product-category-good-sleep"],"acf":[],"_links":{"self":[{"href":"https:\/\/luxinternational.com\/fr\/wp-json\/wp\/v2\/product\/8843","targetHints":{"allow":["GET"]}}],"collection":[{"href":"https:\/\/luxinternational.com\/fr\/wp-json\/wp\/v2\/product"}],"about":[{"href":"https:\/\/luxinternational.com\/fr\/wp-json\/wp\/v2\/types\/product"}],"author":[{"embeddable":true,"href":"https:\/\/luxinternational.com\/fr\/wp-json\/wp\/v2\/users\/1"}],"version-history":[{"count":1,"href":"https:\/\/luxinternational.com\/fr\/wp-json\/wp\/v2\/product\/8843\/revisions"}],"predecessor-version":[{"id":8845,"href":"https:\/\/luxinternational.com\/fr\/wp-json\/wp\/v2\/product\/8843\/revisions\/8845"}],"wp:attachment":[{"href":"https:\/\/luxinternational.com\/fr\/wp-json\/wp\/v2\/media?parent=8843"}],"wp:term":[{"taxonomy":"product-category","embeddable":true,"href":"https:\/\/luxinternational.com\/fr\/wp-json\/wp\/v2\/product-category?post=8843"},{"taxonomy":"product-keyword","embeddable":true,"href":"https:\/\/luxinternational.com\/fr\/wp-json\/wp\/v2\/product-keyword?post=8843"}],"curies":[{"name":"wp","href":"https:\/\/api.w.org\/{rel}","templated":true}]}}