{"id":8369,"date":"2024-02-29T07:54:26","date_gmt":"2024-02-29T06:54:26","guid":{"rendered":"https:\/\/luxinternational.com\/politique-de-confidentialite\/"},"modified":"2025-07-02T13:51:54","modified_gmt":"2025-07-02T11:51:54","slug":"politique-de-confidentialite","status":"publish","type":"page","link":"https:\/\/luxinternational.com\/fr\/politique-de-confidentialite\/","title":{"rendered":"Politique de confidentialit\u00e9"},"content":{"rendered":"<div class=\"fusion-fullwidth fullwidth-box fusion-builder-row-1 fusion-flex-container nonhundred-percent-fullwidth non-hundred-percent-height-scrolling\" style=\"--awb-border-radius-top-left:0px;--awb-border-radius-top-right:0px;--awb-border-radius-bottom-right:0px;--awb-border-radius-bottom-left:0px;--awb-flex-wrap:wrap;\" ><div class=\"fusion-builder-row fusion-row fusion-flex-align-items-flex-start fusion-flex-content-wrap\" style=\"max-width:1372.8px;margin-left: calc(-4% \/ 2 );margin-right: calc(-4% \/ 2 );\"><div class=\"fusion-layout-column fusion_builder_column fusion-builder-column-0 fusion_builder_column_1_1 1_1 fusion-flex-column\" style=\"--awb-bg-size:cover;--awb-width-large:100%;--awb-margin-top-large:0px;--awb-spacing-right-large:1.92%;--awb-margin-bottom-large:0px;--awb-spacing-left-large:1.92%;--awb-width-medium:100%;--awb-spacing-right-medium:1.92%;--awb-spacing-left-medium:1.92%;--awb-width-small:100%;--awb-spacing-right-small:1.92%;--awb-spacing-left-small:1.92%;\"><div class=\"fusion-column-wrapper fusion-flex-justify-content-flex-start fusion-content-layout-column\"><div class=\"fusion-text fusion-text-1\"><p>This is a translation from the English site.<\/p>\n<p><a href=\"https:\/\/luxinternational.com\/fr\/politique-de-confidentialite\/\">https:\/\/luxinternational.com\/privacy-policy\/<\/a><\/p>\n<\/div><div class=\"fusion-text fusion-text-2\"><h1>Politique de confidentialit\u00e9<\/h1>\n<h2>1. Aper\u00e7u de la protection des donn\u00e9es<\/h2>\n<h3>Informations g\u00e9n\u00e9rales<\/h3>\n<p>Les informations suivantes vous offrent une vue claire et simplifi\u00e9e de ce qui arrive \u00e0 vos donn\u00e9es personnelles lorsque vous visitez ce site. Le terme \u00ab\u202fdonn\u00e9es personnelles\u202f\u00bb couvre toute information permettant de vous identifier personnellement. Pour des d\u00e9tails plus complets, consultez notre D\u00e9claration de protection des donn\u00e9es figurant ci\u2011dessous.<\/p>\n<h3>Collecte de donn\u00e9es sur ce site<\/h3>\n<h4>Qui est responsable de la collecte des donn\u00e9es sur ce site (le \u00ab\u202fresponsable\u202f\u00bb)?<\/h4>\n<p>Les donn\u00e9es sur ce site sont trait\u00e9es par l\u2019exploitant du site, dont les coordonn\u00e9es figurent dans la section \u00ab\u202fInformations sur le responsable (conform\u00e9ment au RGPD)\u202f\u00bb de cette Politique de confidentialit\u00e9.<\/p>\n<h4>Comment recueillons\u2011nous vos donn\u00e9es\u202f?<\/h4>\n<p>Nous collectons les donn\u00e9es que vous nous communiquez directement, par exemple via notre formulaire de contact.<\/p>\n<p>D\u2019autres donn\u00e9es sont enregistr\u00e9es automatiquement par nos syst\u00e8mes informatiques ou avec votre consentement lors de votre visite. Il s\u2019agit principalement de donn\u00e9es techniques (navigateur, syst\u00e8me d\u2019exploitation, date\/heure d\u2019acc\u00e8s), collect\u00e9es automatiquement \u00e0 chaque visite.<\/p>\n<h4>\u00c0 quelles fins vos donn\u00e9es sont\u2011elles utilis\u00e9es\u202f?<\/h4>\n<p>Certaines donn\u00e9es sont n\u00e9cessaires au bon fonctionnement technique du site. D\u2019autres servent \u00e0 analyser les usages. Si des contrats peuvent \u00eatre conclus ou engag\u00e9s via ce site, les donn\u00e9es transmises seront \u00e9galement utilis\u00e9es pour les offres, commandes ou demandes associ\u00e9es.<\/p>\n<h4>Quels sont vos droits\u202f?<\/h4>\n<p>Vous avez le droit d\u2019obtenir, gratuitement et \u00e0 tout moment, des informations sur l\u2019origine, les destinataires et les finalit\u00e9s de vos donn\u00e9es personnelles. Vous pouvez exiger la rectification ou la suppression de vos donn\u00e9es. Si vous avez donn\u00e9 votre consentement, vous pouvez le retirer \u00e0 tout moment, pour les traitements futurs. Vous pouvez \u00e9galement demander la limitation de leur traitement dans certaines situations et adresser une r\u00e9clamation \u00e0 l\u2019autorit\u00e9 comp\u00e9tente de protection des donn\u00e9es.<\/p>\n<p>N\u2019h\u00e9sitez pas \u00e0 nous contacter pour toute question relative \u00e0 la protection des donn\u00e9es.<\/p>\n<h3>Outils d\u2019analyse et outils tiers<\/h3>\n<p>Vos habitudes de navigation peuvent \u00eatre analys\u00e9es statistiquement via des outils tiers pendant votre visite de ce site.<\/p>\n<p>Pour des informations d\u00e9taill\u00e9es \u00e0 ce sujet, consultez notre D\u00e9claration de protection des donn\u00e9es ci\u2011dessous.<\/p>\n<h2>2. H\u00e9bergement<\/h2>\n<p>Le contenu de ce site est h\u00e9berg\u00e9 par un prestataire externe\u202f:<\/p>\n<h3>H\u00e9bergement externe<\/h3>\n<p>Ce site est h\u00e9berg\u00e9 \u00e0 l\u2019ext\u00e9rieur. Les donn\u00e9es personnelles recueillies (adresses IP, demandes de contact, m\u00e9tadonn\u00e9es, communications, informations contractuelles, noms, journaux d\u2019acc\u00e8s, etc.) sont stock\u00e9es sur les serveurs du fournisseur.<\/p>\n<p>L\u2019h\u00e9bergement externe permet de remplir nos obligations contractuelles (art.\u202f6, \u00a7\u202f1, b) RGPD) et assure un service s\u00e9curis\u00e9, rapide et efficace (art.\u202f6, \u00a7\u202f1, f). Si vous avez donn\u00e9 votre consentement, le traitement repose sur l\u2019art.\u202f6, \u00a7\u202f1, a) RGPD et le \u00a7\u202f25, \u00a7\u202f1 TDDDG, notamment pour les cookies ou dispositifs de suivi. Le consentement peut \u00eatre retir\u00e9 \u00e0 tout moment.<\/p>\n<p>Nos prestataires n\u2019utilisent vos donn\u00e9es que dans la limite n\u00e9cessaire et selon nos instructions.<\/p>\n<p>Prestataire\u202f:<\/p>\n<p>Keyweb AG<br \/>\nNeuwerkstra\u00dfe 45\/46<br \/>\nD\u201199084 Erfurt<\/p>\n<h4>Contrat de traitement des donn\u00e9es<\/h4>\n<p>Un contrat de traitement des donn\u00e9es (DPA) est en place avec le prestataire, garantissant que les donn\u00e9es ne sont trait\u00e9es que selon nos instructions et conform\u00e9ment au RGPD.<\/p>\n<h2>3. Informations g\u00e9n\u00e9rales et obligations l\u00e9gales<\/h2>\n<h3>Protection des donn\u00e9es<\/h3>\n<p>Nous prenons la protection de vos donn\u00e9es tr\u00e8s au s\u00e9rieux. Elles sont trait\u00e9es de mani\u00e8re confidentielle, conform\u00e9ment \u00e0 la l\u00e9gislation et \u00e0 cette Politique de confidentialit\u00e9.<\/p>\n<p>Lorsque vous utilisez ce site, nous collectons des donn\u00e9es personnelles permettant votre identification. Cette politique explique quelles donn\u00e9es sont collect\u00e9es, pourquoi, et comment elles sont trait\u00e9es.<\/p>\n<p>La transmission de donn\u00e9es sur Internet (ex. emails) peut pr\u00e9senter des risques\u202f: une protection \u00e0 100\u202f% contre l\u2019acc\u00e8s de tiers ne peut \u00eatre garantie.<\/p>\n<h3>Informations sur le responsable (RGPD)<\/h3>\n<p>Le responsable du traitement est\u202f:<\/p>\n<p>Lux International GmbH<br \/>\nSteinbergstra\u00dfe 3<br \/>\n04288 Leipzig<\/p>\n<p>T\u00e9l\u00e9phone\u202f: +49\u202f(0)34297\u202f609610<br \/>\nEmail\u202f: info@luxinternational.com<\/p>\n<p>Le responsable d\u00e9cide seul ou conjointement des finalit\u00e9s et des moyens du traitement des donn\u00e9es personnelles (noms, adresses e\u2011mail\u2026).<\/p>\n<h3>Dur\u00e9e de conservation<\/h3>\n<p>Sauf indication contraire, les donn\u00e9es sont conserv\u00e9es jusqu\u2019\u00e0 la fin de la finalit\u00e9 pour laquelle elles ont \u00e9t\u00e9 collect\u00e9es. Si vous demandez leur suppression ou retirez votre consentement, elles seront effac\u00e9es, sauf obligation l\u00e9gale (ex. fiscales ou commerciales)\u202f; dans ce cas, elles seront supprim\u00e9es d\u00e8s la fin de l\u2019obligation.<\/p>\n<h3>Base juridique du traitement<\/h3>\n<p>Si vous avez consenti, le traitement repose sur l&rsquo;art.\u202f6, \u00a7\u202f1, a) RGPD ou l\u2019art.\u202f9, \u00a7\u202f2, a) RGPD pour donn\u00e9es sensibles. Les transferts vers des pays tiers reposent sur l\u2019art.\u202f49, \u00a7\u202f1, a). Pour les cookies ou suivi, le \u00a7\u202f25, \u00a7\u202f1 TDDDG s\u2019applique. Le traitement contractuel se base sur l\u2019art.\u202f6, \u00a7\u202f1, b), l\u00e9gal sur l\u2019art.\u202f6, \u00a7\u202f1, c), et le l\u00e9gitime int\u00e9r\u00eat sur l\u2019art.\u202f6, \u00a7\u202f1, f). Les bases sp\u00e9cifiques sont mentionn\u00e9es au fil des sections de cette politique.<\/p>\n<h3>D\u00e9l\u00e9gu\u00e9 \u00e0 la protection des donn\u00e9es (DPO)<\/h3>\n<p>Notre DPO est\u202f:<\/p>\n<p>Michaelo Walter<br \/>\nLux International GmbH<br \/>\nSteinbergstra\u00dfe 3<br \/>\n04288 Leipzig<\/p>\n<p>T\u00e9l\u00e9phone\u202f: +49\u202f(0)34297\u202f609610<br \/>\nEmail\u202f: info@luxinternational.com<\/p>\n<h3>Destinataires des donn\u00e9es<\/h3>\n<p>Nous collaborons avec des tiers, \u00e0 qui nous communiquons vos donn\u00e9es au besoin\u202f: contrat, obligation l\u00e9gale, int\u00e9r\u00eat l\u00e9gitime ou disposition juridique. Nous avons des contrats de traitement avec eux, et des accords de co\u2011traitance si applicable.<\/p>\n<h3>Retrait du consentement<\/h3>\n<p>Vous pouvez retirer votre consentement \u00e0 tout moment, sans que cela n\u2019affecte la validit\u00e9 des traitements ant\u00e9rieurs.<\/p>\n<h3>Droit d\u2019opposition (art.\u202f21 RGPD)<\/h3>\n<p>Si vos donn\u00e9es sont trait\u00e9es selon l\u2019art.\u202f6, \u00a7\u202f1, e) ou f), vous pouvez vous y opposer pour des motifs particuliers, y compris pour le profilage. \u00c0 d\u00e9faut de motifs l\u00e9gitimes sup\u00e9rieurs, le traitement cesse. Pour le marketing direct, l\u2019opposition entra\u00eene l\u2019arr\u00eat imm\u00e9diat du traitement (art.\u202f21, \u00a7\u202f2).<\/p>\n<h3>R\u00e9clamation aupr\u00e8s de l\u2019autorit\u00e9<\/h3>\n<p>En cas de violation du RGPD, vous pouvez d\u00e9poser plainte aupr\u00e8s de l\u2019autorit\u00e9 de contr\u00f4le de votre pays de r\u00e9sidence, de travail ou du lieu de violation. Ce droit est ind\u00e9pendant de toute autre proc\u00e9dure.<\/p>\n<h3>Droit \u00e0 la portabilit\u00e9<\/h3>\n<p>Vous avez le droit de recevoir vos donn\u00e9es trait\u00e9es automatiquement sur la base de consentement ou de contrat dans un format structur\u00e9, lisible par machine, ou de les transf\u00e9rer \u00e0 un autre responsable, si techniquement faisable.<\/p>\n<h3>Information, rectification et suppression<\/h3>\n<p>Vous pouvez demander des informations sur vos donn\u00e9es, leurs sources, destinataires et finalit\u00e9s, ainsi que leur rectification ou suppression. Contactez-nous pour exercer ces droits.<\/p>\n<h3>Droit de limitation du traitement<\/h3>\n<p>Vous pouvez demander la limitation du traitement si\u202f:<\/p>\n<ul>\n<li>Vous contestez l\u2019exactitude des donn\u00e9es\u202f;<\/li>\n<li>Le traitement est ill\u00e9gal, mais vous pr\u00e9f\u00e9rez la limitation \u00e0 la suppression\u202f;<\/li>\n<li>Les donn\u00e9es ne sont plus n\u00e9cessaires, mais vous en avez besoin pour une r\u00e9clamation\u202f;<\/li>\n<li>Vous vous \u00eates oppos\u00e9 (art.\u202f21, \u00a7\u202f1) et l\u2019arbitre des int\u00e9r\u00eats n\u2019est pas \u00e9tabli.<\/li>\n<\/ul>\n<p>Les donn\u00e9es ainsi limit\u00e9es ne peuvent \u00eatre trait\u00e9es qu\u2019avec votre consentement, pour des finalit\u00e9s l\u00e9gales ou pour prot\u00e9ger des droits l\u00e9gitimes.<\/p>\n<h3>Chiffrement SSL\/TLS<\/h3>\n<p>Ce site utilise un chiffrement SSL ou TLS pour prot\u00e9ger les donn\u00e9es sensibles (commandes, demandes). Une connexion s\u00e9curis\u00e9e est visible via \u00ab\u202fhttps:\/\/\u202f\u00bb et une ic\u00f4ne de cadenas dans le navigateur.<\/p>\n<h3>Refus des emails ind\u00e9sirables<\/h3>\n<p>Nous refusons l&rsquo;utilisation de nos coordonn\u00e9es \u00e0 des fins publicitaires non sollicit\u00e9es. Nous nous r\u00e9servons le droit de prendre des mesures l\u00e9gales contre le SPAM.<\/p>\n<h2>4. Collecte de donn\u00e9es sur ce site<\/h2>\n<h3>Cookies<\/h3>\n<p>Le site utilise des cookies \u2013 de petits fichiers textuels inoffensifs. Ils peuvent \u00eatre temporaires (session) ou permanents (stock\u00e9s jusqu\u2019\u00e0 suppression).<\/p>\n<p>Les cookies peuvent \u00eatre internes (1re partie) ou externes (3e partie), utiles \u00e0 des fonctionnalit\u00e9s, l\u2019analyse ou la publicit\u00e9.<\/p>\n<p>Les cookies n\u00e9cessaires \u00e0 la communication \u00e9lectronique, aux fonctionnalit\u00e9s sollicit\u00e9es (panier, vid\u00e9o) ou \u00e0 l\u2019optimisation sont bas\u00e9s sur un int\u00e9r\u00eat l\u00e9gitime (art.\u202f6, \u00a7\u202f1, f). Si le consentement est requis, le traitement repose sur l\u2019art.\u202f6, \u00a7\u202f1, a et \u00a7\u202f25, \u00a7\u202f1 TDDDG. Le consentement peut \u00eatre retir\u00e9.<\/p>\n<p>Vous pouvez configurer votre navigateur pour recevoir des alertes cookies, les accepter partiellement, ou les refuser enti\u00e8rement. Vous pouvez \u00e9galement supprimer automatiquement les cookies \u00e0 la fermeture. Cela peut limiter certaines fonctionnalit\u00e9s.<\/p>\n<p>Les d\u00e9tails des cookies et services utilis\u00e9s figurent dans cette politique.<\/p>\n<h3>Consentement via Borlabs Cookie<\/h3>\n<p>Nous utilisons la technologie Borlabs Cookie pour obtenir et documenter votre consentement \u00e0 l\u2019usage de cookies. Le fournisseur est Borlabs GmbH (R\u00fcbenkamp 32, 22305 Hambourg, Allemagne).<\/p>\n<p>Lors de la visite, un cookie Borlabs est d\u00e9pos\u00e9 pour enregistrer vos choix de consentement. Ces donn\u00e9es ne sont pas transmises au fournisseur.<\/p>\n<p>Elles sont conserv\u00e9es jusqu\u2019\u00e0 votre demande de suppression, la suppression du cookie ou la disparition du but l\u00e9gal, sauf obligation l\u00e9gale. Consultez la politique Borlabs pour plus d\u2019informations.<\/p>\n<p>La base l\u00e9gale est l\u2019art.\u202f6, \u00a7\u202f1, c) RGPD.<\/p>\n<h3>Fichiers journaux du serveur<\/h3>\n<p>Le prestataire g\u00e9n\u00e8re automatiquement des logs incluant :<\/p>\n<ul>\n<li>Type et version du navigateur\u202f;<\/li>\n<li>Syst\u00e8me d\u2019exploitation\u202f;<\/li>\n<li>URL de provenance (referrer)\u202f;<\/li>\n<li>Nom d\u2019h\u00f4te de l\u2019appareil\u202f;<\/li>\n<li>Horodatage de la demande\u202f;<\/li>\n<li>Adresse IP.<\/li>\n<\/ul>\n<p>Ces donn\u00e9es ne sont pas fusionn\u00e9es avec d\u2019autres sources et sont trait\u00e9es selon un int\u00e9r\u00eat l\u00e9gitime (art.\u202f6, \u00a7\u202f1, f) pour assurer le fonctionnement et l\u2019optimisation technique du site.<\/p>\n<h3>Formulaire de contact<\/h3>\n<p>Si vous envoyez une demande via le formulaire, nous stockons les donn\u00e9es saisies pour traiter votre requ\u00eate. Nous ne les partageons pas sans votre consentement.<\/p>\n<p>Le traitement repose sur l\u2019art.\u202f6, \u00a7\u202f1, b) RGPD si li\u00e9 \u00e0 un contrat ou pr\u00e9contrat; sinon sur notre int\u00e9r\u00eat l\u00e9gitime (art.\u202f6, \u00a7\u202f1, f) ou votre consentement (art.\u202f6, \u00a7\u202f1, a). Le consentement peut \u00eatre retir\u00e9.<\/p>\n<p>Les donn\u00e9es sont conserv\u00e9es jusqu\u2019\u00e0 suppression \u00e0 votre demande, retrait du consentement ou fin du but, sous r\u00e9serve des obligations l\u00e9gales.<\/p>\n<h3>Demandes par email, t\u00e9l\u00e9phone ou fax<\/h3>\n<p>Si vous nous contactez par email, t\u00e9l\u00e9phone ou fax, vos donn\u00e9es et message sont conserv\u00e9s pour traitement. Nous ne les partageons pas sans consentement.<\/p>\n<p>Le traitement repose sur l\u2019art.\u202f6, \u00a7\u202f1, b) RGPD si li\u00e9 \u00e0 un contrat; sinon sur l\u2019int\u00e9r\u00eat l\u00e9gitime ou le consentement. Le consentement peut \u00eatre retir\u00e9.<\/p>\n<p>Les donn\u00e9es sont conserv\u00e9es jusqu\u2019\u00e0 votre demande de suppression, retrait du consentement ou fin du but, selon la l\u00e9gislation applicable.<\/p>\n<h2>5. R\u00e9seaux sociaux<\/h2>\n<h3>LinkedIn<\/h3>\n<p>Ce site int\u00e8gre des \u00e9l\u00e9ments de LinkedIn fournits par LinkedIn Ireland Unlimited Company (Wilton Plaza, Dublin\u202f2, Irlande).<\/p>\n<p>Lorsque vous visitez une page contenant un plug\u2011in LinkedIn, une connexion est \u00e9tablie avec leurs serveurs qui enregistrent votre adresse IP. Si vous cliquez sur \u00ab\u202fRecommend\u202f\u00bb en \u00e9tant connect\u00e9, LinkedIn peut associer cette action \u00e0 votre profil. Nous n\u2019avons aucun contr\u00f4le sur ces donn\u00e9es ou leur usage.<\/p>\n<p>L\u2019usage se base sur votre consentement (art.\u202f6, \u00a7\u202f1, a) RGPD et \u00a7\u202f25, \u00a7\u202f1 TDDDG). Vous pouvez le retirer \u00e0 tout moment.<\/p>\n<p>Les transferts vers les \u00c9tats\u2011Unis reposent sur les clauses contractuelles types de l\u2019UE. Consultez LinkedIn pour en savoir plus.<\/p>\n<p>LinkedIn est certifi\u00e9 dans le cadre du EU\u2011US Data Privacy Framework, assurant la conformit\u00e9 aux normes europ\u00e9ennes de protection des donn\u00e9es.<\/p>\n<h2>6. Plugins et outils<\/h2>\n<h3>YouTube en mode protection renforc\u00e9e<\/h3>\n<p>Nous int\u00e9grons des vid\u00e9os YouTube fournies par Google Ireland Limited (Gordon House, Dublin\u202f4, Irlande).<\/p>\n<p>Lorsque vous visitez une page contenant une vid\u00e9o, une connexion est \u00e9tablie avec YouTube, qui re\u00e7oit des infos sur la page visionn\u00e9e. Si vous \u00eates connect\u00e9, YouTube peut associer l\u2019activit\u00e9 \u00e0 votre compte. Pour \u00e9viter cela, d\u00e9connectez\u2011vous.<\/p>\n<p>Nous utilisons le mode \u00ab\u202fProtection renforc\u00e9e\u202f\u00bb de YouTube\u202f: les vid\u00e9os ne sont pas personnalis\u00e9es, les publicit\u00e9s ne le sont pas et aucun cookie de suivi n\u2019est utilis\u00e9. \u00c0 la place, un stockage local est employ\u00e9. Voir les sources officielles pour d\u00e9tails.<\/p>\n<p>En lan\u00e7ant une vid\u00e9o, d\u2019autres processus de traitement peuvent d\u00e9marrer, dont nous n\u2019avons pas la ma\u00eetrise.<\/p>\n<p>L\u2019usage est motiv\u00e9 par un int\u00e9r\u00eat l\u00e9gitime \u00e0 enrichir visuellement notre contenu (art.\u202f6, \u00a7\u202f1, f). Si vous avez consenti, le traitement repose sur l\u2019art.\u202f6, \u00a7\u202f1, a) RGPD et \u00a7\u202f25, \u00a7\u202f1 TDDDG. Vous pouvez retirer votre consentement.<\/p>\n<p>Pour plus d\u2019informations, consultez la politique de confidentialit\u00e9 de YouTube. Google est certifi\u00e9 EU\u2011US Data Privacy Framework.<\/p>\n<h3>Google\u202fFonts (int\u00e9gration locale)<\/h3>\n<p>Nous utilisons Google\u202fFonts en mode int\u00e9gr\u00e9 localement, garantissant une typographie uniforme sans appel aux serveurs Google.<\/p>\n<p>Pour en savoir plus, r\u00e9f\u00e9rez\u2011vous aux sources officielles.<\/p>\n<h2>7. Services personnalis\u00e9s<\/h2>\n<h3>Gestion des donn\u00e9es des candidats<\/h3>\n<p>Vous pouvez postuler \u00e0 nos offres (par email, courrier ou formulaire). Voici les d\u00e9tails sur la collecte, l\u2019usage et le traitement de vos donn\u00e9es\u202f: nous garantissons leur confidentialit\u00e9 et le respect des normes applicables.<\/p>\n<h4>\u00c9tendue et finalit\u00e9 de la collecte<\/h4>\n<p>Lors d\u2019une candidature, nous traitons les donn\u00e9es associ\u00e9es (coordonn\u00e9es, documents, notes d\u2019entretien\u2026) n\u00e9cessaires \u00e0 la d\u00e9cision d&#8217;embauche. Les bases l\u00e9gales sont\u202f: \u00a7\u202f26 BDSG (droit allemand \u2013 n\u00e9gociation de contrat de travail), art.\u202f6, \u00a7\u202f1, b) RGPD (pr\u00e9paration de contrat) et \u2013 avec votre accord \u2013 art.\u202f6, \u00a7\u202f1, a) RGPD. En cas d\u2019embauche, les donn\u00e9es sont conserv\u00e9es selon \u00a7\u202f26 BDSG et art.\u202f6, \u00a7\u202f1, b) RGPD pour ex\u00e9cuter le contrat. Les informations sont partag\u00e9es uniquement avec les personnes impliqu\u00e9es.<\/p>\n<h4>Dur\u00e9e de conservation<\/h4>\n<p>Si votre candidature n\u2019aboutit pas, est rejet\u00e9e ou retir\u00e9e, nous pouvons conserver vos donn\u00e9es jusqu\u2019\u00e0 6\u00a0mois apr\u00e8s la fin du processus (int\u00e9r\u00eat l\u00e9gitime, art.\u202f6, \u00a7\u202f1, f). Elles seront ensuite supprim\u00e9es et les documents d\u00e9truits, \u00e0 moins qu\u2019une action juridique ne n\u00e9cessite leur conservation. En cas de litige, les donn\u00e9es resteront tant que n\u00e9cessaire.<\/p>\n<p>Une conservation prolong\u00e9e est possible si vous avez consenti ou si la loi l&rsquo;impose.<\/p>\n<h4>Admission dans notre vivier de talents<\/h4>\n<p>Si vous n\u2019\u00eates pas retenu, vous pouvez rejoindre notre vivier pour de futures opportunit\u00e9s. Cette participation est volontaire et repose sur votre consentement (art.\u202f6, \u00a7\u202f1, a) RGPD), ind\u00e9pendamment du processus en cours. <strong>Vous pouvez retirer votre consentement \u00e0 tout moment.<\/strong> Les donn\u00e9es seront alors supprim\u00e9es, sauf obligation l\u00e9gale.<\/p>\n<p>Les donn\u00e9es seront effac\u00e9es au plus tard deux ans apr\u00e8s le consentement.<\/p>\n<\/div><\/div><\/div><\/div><\/div>\n","protected":false},"excerpt":{"rendered":"","protected":false},"author":1,"featured_media":0,"parent":0,"menu_order":9,"comment_status":"closed","ping_status":"closed","template":"","meta":{"_acf_changed":false,"footnotes":""},"class_list":["post-8369","page","type-page","status-publish","hentry"],"acf":[],"_links":{"self":[{"href":"https:\/\/luxinternational.com\/fr\/wp-json\/wp\/v2\/pages\/8369","targetHints":{"allow":["GET"]}}],"collection":[{"href":"https:\/\/luxinternational.com\/fr\/wp-json\/wp\/v2\/pages"}],"about":[{"href":"https:\/\/luxinternational.com\/fr\/wp-json\/wp\/v2\/types\/page"}],"author":[{"embeddable":true,"href":"https:\/\/luxinternational.com\/fr\/wp-json\/wp\/v2\/users\/1"}],"replies":[{"embeddable":true,"href":"https:\/\/luxinternational.com\/fr\/wp-json\/wp\/v2\/comments?post=8369"}],"version-history":[{"count":4,"href":"https:\/\/luxinternational.com\/fr\/wp-json\/wp\/v2\/pages\/8369\/revisions"}],"predecessor-version":[{"id":13064,"href":"https:\/\/luxinternational.com\/fr\/wp-json\/wp\/v2\/pages\/8369\/revisions\/13064"}],"wp:attachment":[{"href":"https:\/\/luxinternational.com\/fr\/wp-json\/wp\/v2\/media?parent=8369"}],"curies":[{"name":"wp","href":"https:\/\/api.w.org\/{rel}","templated":true}]}}