{"id":11759,"date":"2024-03-26T19:42:42","date_gmt":"2024-03-26T18:42:42","guid":{"rendered":"https:\/\/luxinternational.com\/product\/welity-tyyny\/"},"modified":"2025-06-26T11:13:52","modified_gmt":"2025-06-26T09:13:52","slug":"welity-tyyny","status":"publish","type":"product","link":"https:\/\/luxinternational.com\/fi\/product\/welity-tyyny\/","title":{"rendered":"Welity tyyny"},"content":{"rendered":"<div class=\"fusion-fullwidth fullwidth-box fusion-builder-row-1 fusion-flex-container has-pattern-background has-mask-background nonhundred-percent-fullwidth non-hundred-percent-height-scrolling\" style=\"--awb-border-radius-top-left:0px;--awb-border-radius-top-right:0px;--awb-border-radius-bottom-right:0px;--awb-border-radius-bottom-left:0px;--awb-padding-right:0px;--awb-padding-left:0px;--awb-margin-top:30px;--awb-margin-top-medium:15px;--awb-flex-wrap:wrap;\" id=\"product-tabs\" ><div class=\"fusion-builder-row fusion-row fusion-flex-align-items-flex-start fusion-flex-content-wrap\" style=\"max-width:1372.8px;margin-left: calc(-4% \/ 2 );margin-right: calc(-4% \/ 2 );\"><div class=\"fusion-layout-column fusion_builder_column fusion-builder-column-0 fusion_builder_column_1_1 1_1 fusion-flex-column\" style=\"--awb-bg-size:cover;--awb-width-large:100%;--awb-margin-top-large:0px;--awb-spacing-right-large:1.92%;--awb-margin-bottom-large:20px;--awb-spacing-left-large:1.92%;--awb-width-medium:100%;--awb-order-medium:0;--awb-spacing-right-medium:1.92%;--awb-spacing-left-medium:1.92%;--awb-width-small:100%;--awb-order-small:0;--awb-spacing-right-small:1.92%;--awb-spacing-left-small:1.92%;\" data-scroll-devices=\"small-visibility,medium-visibility,large-visibility\"><div class=\"fusion-column-wrapper fusion-column-has-shadow fusion-flex-justify-content-flex-start fusion-content-layout-column\"><div class=\"fusion-tabs fusion-tabs-1 classic nav-is-justified horizontal-tabs icon-position-left mobile-mode-accordion\" style=\"--awb-title-border-radius-top-left:0px;--awb-title-border-radius-top-right:0px;--awb-title-border-radius-bottom-right:0px;--awb-title-border-radius-bottom-left:0px;--awb-alignment:start;--awb-inactive-color:var(--awb-custom_color_6);--awb-background-color:var(--awb-color1);--awb-border-color:var(--awb-custom_color_6);--awb-active-border-color:var(--awb-color5);\"><div class=\"nav\"><ul class=\"nav-tabs nav-justified\" role=\"tablist\"><li class=\"active\" role=\"presentation\"><a class=\"tab-link\" data-toggle=\"tab\" role=\"tab\" aria-controls=\"tab-c2f0e4804fef97f9b23\" aria-selected=\"true\" id=\"fusion-tab-teknisettiedot\" href=\"#tab-c2f0e4804fef97f9b23\"><h4 class=\"fusion-tab-heading\">Tekniset tiedot<\/h4><\/a><\/li><li role=\"presentation\"><a class=\"tab-link\" data-toggle=\"tab\" role=\"tab\" aria-controls=\"tab-58786bf0b2e334c4327\" aria-selected=\"false\" tabindex=\"-1\" id=\"fusion-tab-ominaisuudet\" href=\"#tab-58786bf0b2e334c4327\"><h4 class=\"fusion-tab-heading\">Ominaisuudet<\/h4><\/a><\/li><li role=\"presentation\"><a class=\"tab-link\" data-toggle=\"tab\" role=\"tab\" aria-controls=\"tab-ba01605f4c31c57709b\" aria-selected=\"false\" tabindex=\"-1\" id=\"fusion-tab-todistuksetjapalkinnot\" href=\"#tab-ba01605f4c31c57709b\"><h4 class=\"fusion-tab-heading\">Todistukset ja palkinnot<\/h4><\/a><\/li><li role=\"presentation\"><a class=\"tab-link\" data-toggle=\"tab\" role=\"tab\" aria-controls=\"tab-50dacfd9ad7ee1369d8\" aria-selected=\"false\" tabindex=\"-1\" id=\"fusion-tab-tuki\" href=\"#tab-50dacfd9ad7ee1369d8\"><h4 class=\"fusion-tab-heading\">Tuki<\/h4><\/a><\/li><\/ul><\/div><div class=\"tab-content\"><div class=\"nav fusion-mobile-tab-nav\"><ul class=\"nav-tabs nav-justified\" role=\"tablist\"><li class=\"active\" role=\"presentation\"><a class=\"tab-link\" data-toggle=\"tab\" role=\"tab\" aria-controls=\"tab-c2f0e4804fef97f9b23\" aria-selected=\"true\" id=\"mobile-fusion-tab-teknisettiedot\" href=\"#tab-c2f0e4804fef97f9b23\"><h4 class=\"fusion-tab-heading\">Tekniset tiedot<\/h4><\/a><\/li><\/ul><\/div><div class=\"tab-pane fade fusion-clearfix in active\" role=\"tabpanel\" tabindex=\"0\" aria-labelledby=\"fusion-tab-teknisettiedot\" id=\"tab-c2f0e4804fef97f9b23\">\n<table>\n<tbody>\n<tr>\n<td>Mitat Vain yksikk\u00f6 (K x S)<\/td>\n<td>610 x \u00d8 400 mm<\/td>\n<\/tr>\n<tr>\n<td>Paino<\/td>\n<td>11 kg<\/td>\n<\/tr>\n<tr>\n<td>Virtakytkin<\/td>\n<td>Nuppi<\/td>\n<\/tr>\n<tr>\n<td>N\u00e4ytt\u00f6<\/td>\n<td>Ei<\/td>\n<\/tr>\n<tr>\n<td>Sovellettava alue<\/td>\n<td>65<sup>m2<\/sup><\/td>\n<\/tr>\n<tr>\n<td>CADR<\/td>\n<td>765<sup>m3\/h<\/sup><\/td>\n<\/tr>\n<tr>\n<td>Hiukkaslaskuri<\/td>\n<td>Ei<\/td>\n<\/tr>\n<tr>\n<td>Automaattinen tila<\/td>\n<td>Ei<\/td>\n<\/tr>\n<tr>\n<td>Suodattimen vaihdon ajastin<\/td>\n<td>Ei<\/td>\n<\/tr>\n<tr>\n<td>UV-A LED<\/td>\n<td>Kyll\u00e4<\/td>\n<\/tr>\n<tr>\n<td>Py\u00f6r\u00e4t<\/td>\n<td>vain lis\u00e4varusteena<\/td>\n<\/tr>\n<tr>\n<td>Esisuodatinkangas<\/td>\n<td>Musta (harmaa ja punainen lis\u00e4varusteena)<\/td>\n<\/tr>\n<tr>\n<td>Erityisominaisuudet<\/td>\n<td>UV-A LED<\/td>\n<\/tr>\n<\/tbody>\n<\/table>\n<\/div><div class=\"nav fusion-mobile-tab-nav\"><ul class=\"nav-tabs nav-justified\" role=\"tablist\"><li role=\"presentation\"><a class=\"tab-link\" data-toggle=\"tab\" role=\"tab\" aria-controls=\"tab-58786bf0b2e334c4327\" aria-selected=\"false\" tabindex=\"-1\" id=\"mobile-fusion-tab-ominaisuudet\" href=\"#tab-58786bf0b2e334c4327\"><h4 class=\"fusion-tab-heading\">Ominaisuudet<\/h4><\/a><\/li><\/ul><\/div><div class=\"tab-pane fade fusion-clearfix\" role=\"tabpanel\" tabindex=\"0\" aria-labelledby=\"fusion-tab-ominaisuudet\" id=\"tab-58786bf0b2e334c4327\">\n<p><strong>ESISUODATIN<\/strong><br \/>\nEsisuodatin poistaa suuret hiukkaset, kuten hiukset ja kuidut. Se on pest\u00e4v\u00e4 ja helppo asentaa. <\/p>\n<p><strong>HEPALUX<\/strong><br \/>\nHEPALUX-suodatustekniikka takaa 99,95 % suodatusasteen ja UV-LED-valokatalyyttinen hapetus, joka torjuu bakteereja ja viruksia, takaa, ett\u00e4 jokainen hengitys on terveellinen!<\/p>\n<p><strong>AKTIIVIHIILISUODATIN<\/strong><br \/>\nAktiivihiilisuodatin v\u00e4hent\u00e4\u00e4 kaasuja sek\u00e4 luonnollisia ja kemiallisia hajuja, kuten tupakan ja ruoan hajuja.<\/p>\n<p><strong>IONISAATTORI<\/strong><br \/>\nIonisaattori vapauttaa negatiivisesti varautuneita ioneja, jotka tarttuvat positiivisesti varautuneisiin haitallisiin hiukkasiin. N\u00e4in ilmassa olevat likahiukkaset muuttuvat raskaammiksi ja putoavat lattialle.<\/p>\n<\/div><div class=\"nav fusion-mobile-tab-nav\"><ul class=\"nav-tabs nav-justified\" role=\"tablist\"><li role=\"presentation\"><a class=\"tab-link\" data-toggle=\"tab\" role=\"tab\" aria-controls=\"tab-ba01605f4c31c57709b\" aria-selected=\"false\" tabindex=\"-1\" id=\"mobile-fusion-tab-todistuksetjapalkinnot\" href=\"#tab-ba01605f4c31c57709b\"><h4 class=\"fusion-tab-heading\">Todistukset ja palkinnot<\/h4><\/a><\/li><\/ul><\/div><div class=\"tab-pane fade fusion-clearfix\" role=\"tabpanel\" tabindex=\"0\" aria-labelledby=\"fusion-tab-todistuksetjapalkinnot\" id=\"tab-ba01605f4c31c57709b\">\n<p><img decoding=\"async\" class=\"lazyload alignnone wp-image-3965\" src=\"data:image\/svg+xml,%3Csvg%20xmlns%3D%27http%3A%2F%2Fwww.w3.org%2F2000%2Fsvg%27%20width%3D%27155%27%20height%3D%27155%27%20viewBox%3D%270%200%20155%20155%27%3E%3Crect%20width%3D%27155%27%20height%3D%27155%27%20fill-opacity%3D%220%22%2F%3E%3C%2Fsvg%3E\" data-orig-src=\"https:\/\/luxinternational.com\/wp-content\/uploads\/2024\/03\/1786_gui_lab_label_effectively_reduces_bacterias_viruses_560_en.jpg\" alt=\"\" width=\"155\" height=\"155\"><\/p>\n<p><strong>GUI SERTIFIOINTI<\/strong><br \/>\nV\u00e4hent\u00e4\u00e4 tehokkaasti bakteereja, p\u00f6ly\u00e4, hometta, mikroganismia ja viruksia sis\u00e4ilmassa.<\/p>\n<\/div><div class=\"nav fusion-mobile-tab-nav\"><ul class=\"nav-tabs nav-justified\" role=\"tablist\"><li role=\"presentation\"><a class=\"tab-link\" data-toggle=\"tab\" role=\"tab\" aria-controls=\"tab-50dacfd9ad7ee1369d8\" aria-selected=\"false\" tabindex=\"-1\" id=\"mobile-fusion-tab-tuki\" href=\"#tab-50dacfd9ad7ee1369d8\"><h4 class=\"fusion-tab-heading\">Tuki<\/h4><\/a><\/li><\/ul><\/div><div class=\"tab-pane fade fusion-clearfix\" role=\"tabpanel\" tabindex=\"0\" aria-labelledby=\"fusion-tab-tuki\" id=\"tab-50dacfd9ad7ee1369d8\">\n<p><a href=\"https:\/\/luxinternational.com\/wp-content\/uploads\/2024\/03\/ag-s_sense-manual-eng-web.pdf\" target=\"_blank\" rel=\"noopener\">Tuotteen k\u00e4ytt\u00f6ohje<\/a><br \/>\n<a href=\"https:\/\/luxinternational.com\/wp-content\/uploads\/2024\/03\/en_ags_-brochure_web.pdf\" target=\"_blank\" rel=\"noopener\">Esite<\/a><br \/>\n<a href=\"https:\/\/luxinternational.com\/wp-content\/uploads\/2024\/03\/1813_en_ags_1799_zertifikat-gui-mo-2020_01_560.pdf\" target=\"_blank\" rel=\"noopener\">Gui-sertifiointi<\/a><\/p>\n<\/div><\/div><\/div><\/div><\/div><\/div><\/div>\n","protected":false},"excerpt":{"rendered":"","protected":false},"author":1,"featured_media":11761,"template":"","product-category":[149],"product-keyword":[],"class_list":["post-11759","product","type-product","status-publish","has-post-thumbnail","hentry","product-category-good-sleep"],"acf":[],"_links":{"self":[{"href":"https:\/\/luxinternational.com\/fi\/wp-json\/wp\/v2\/product\/11759","targetHints":{"allow":["GET"]}}],"collection":[{"href":"https:\/\/luxinternational.com\/fi\/wp-json\/wp\/v2\/product"}],"about":[{"href":"https:\/\/luxinternational.com\/fi\/wp-json\/wp\/v2\/types\/product"}],"author":[{"embeddable":true,"href":"https:\/\/luxinternational.com\/fi\/wp-json\/wp\/v2\/users\/1"}],"version-history":[{"count":6,"href":"https:\/\/luxinternational.com\/fi\/wp-json\/wp\/v2\/product\/11759\/revisions"}],"predecessor-version":[{"id":11816,"href":"https:\/\/luxinternational.com\/fi\/wp-json\/wp\/v2\/product\/11759\/revisions\/11816"}],"wp:featuredmedia":[{"embeddable":true,"href":"https:\/\/luxinternational.com\/fi\/wp-json\/wp\/v2\/media\/11761"}],"wp:attachment":[{"href":"https:\/\/luxinternational.com\/fi\/wp-json\/wp\/v2\/media?parent=11759"}],"wp:term":[{"taxonomy":"product-category","embeddable":true,"href":"https:\/\/luxinternational.com\/fi\/wp-json\/wp\/v2\/product-category?post=11759"},{"taxonomy":"product-keyword","embeddable":true,"href":"https:\/\/luxinternational.com\/fi\/wp-json\/wp\/v2\/product-keyword?post=11759"}],"curies":[{"name":"wp","href":"https:\/\/api.w.org\/{rel}","templated":true}]}}