{"id":12520,"date":"2024-03-26T19:42:42","date_gmt":"2024-03-26T18:42:42","guid":{"rendered":"https:\/\/luxinternational.com\/product\/almohada-welity\/"},"modified":"2025-06-26T12:07:51","modified_gmt":"2025-06-26T10:07:51","slug":"almohada-welity","status":"publish","type":"product","link":"https:\/\/luxinternational.com\/es\/product\/almohada-welity\/","title":{"rendered":"Almohada Welity"},"content":{"rendered":"<div class=\"fusion-fullwidth fullwidth-box fusion-builder-row-1 fusion-flex-container has-pattern-background has-mask-background nonhundred-percent-fullwidth non-hundred-percent-height-scrolling\" style=\"--awb-border-radius-top-left:0px;--awb-border-radius-top-right:0px;--awb-border-radius-bottom-right:0px;--awb-border-radius-bottom-left:0px;--awb-padding-right:0px;--awb-padding-left:0px;--awb-margin-top:30px;--awb-margin-top-medium:15px;--awb-flex-wrap:wrap;\" id=\"product-tabs\" ><div class=\"fusion-builder-row fusion-row fusion-flex-align-items-flex-start fusion-flex-content-wrap\" style=\"max-width:1372.8px;margin-left: calc(-4% \/ 2 );margin-right: calc(-4% \/ 2 );\"><div class=\"fusion-layout-column fusion_builder_column fusion-builder-column-0 fusion_builder_column_1_1 1_1 fusion-flex-column\" style=\"--awb-bg-size:cover;--awb-width-large:100%;--awb-margin-top-large:0px;--awb-spacing-right-large:1.92%;--awb-margin-bottom-large:20px;--awb-spacing-left-large:1.92%;--awb-width-medium:100%;--awb-order-medium:0;--awb-spacing-right-medium:1.92%;--awb-spacing-left-medium:1.92%;--awb-width-small:100%;--awb-order-small:0;--awb-spacing-right-small:1.92%;--awb-spacing-left-small:1.92%;\" data-scroll-devices=\"small-visibility,medium-visibility,large-visibility\"><div class=\"fusion-column-wrapper fusion-column-has-shadow fusion-flex-justify-content-flex-start fusion-content-layout-column\"><div class=\"fusion-tabs fusion-tabs-1 classic nav-is-justified horizontal-tabs icon-position-left mobile-mode-accordion\" style=\"--awb-title-border-radius-top-left:0px;--awb-title-border-radius-top-right:0px;--awb-title-border-radius-bottom-right:0px;--awb-title-border-radius-bottom-left:0px;--awb-alignment:start;--awb-inactive-color:var(--awb-custom_color_6);--awb-background-color:var(--awb-color1);--awb-border-color:var(--awb-custom_color_6);--awb-active-border-color:var(--awb-color5);\"><div class=\"nav\"><ul class=\"nav-tabs nav-justified\" role=\"tablist\"><li class=\"active\" role=\"presentation\"><a class=\"tab-link\" data-toggle=\"tab\" role=\"tab\" aria-controls=\"tab-849f7f110790d8a80a1\" aria-selected=\"true\" id=\"fusion-tab-especificaci\u00f3n\" href=\"#tab-849f7f110790d8a80a1\"><h4 class=\"fusion-tab-heading\">Especificaci\u00f3n<\/h4><\/a><\/li><li role=\"presentation\"><a class=\"tab-link\" data-toggle=\"tab\" role=\"tab\" aria-controls=\"tab-3f429c00950f6646eed\" aria-selected=\"false\" tabindex=\"-1\" id=\"fusion-tab-caracter\u00edsticas\" href=\"#tab-3f429c00950f6646eed\"><h4 class=\"fusion-tab-heading\">Caracter\u00edsticas<\/h4><\/a><\/li><li role=\"presentation\"><a class=\"tab-link\" data-toggle=\"tab\" role=\"tab\" aria-controls=\"tab-8fcd843d2e6757f3f7c\" aria-selected=\"false\" tabindex=\"-1\" id=\"fusion-tab-certificadosypremios\" href=\"#tab-8fcd843d2e6757f3f7c\"><h4 class=\"fusion-tab-heading\">Certificados y premios<\/h4><\/a><\/li><li role=\"presentation\"><a class=\"tab-link\" data-toggle=\"tab\" role=\"tab\" aria-controls=\"tab-d2146fe34b07120ba60\" aria-selected=\"false\" tabindex=\"-1\" id=\"fusion-tab-ayuda\" href=\"#tab-d2146fe34b07120ba60\"><h4 class=\"fusion-tab-heading\">Ayuda<\/h4><\/a><\/li><\/ul><\/div><div class=\"tab-content\"><div class=\"nav fusion-mobile-tab-nav\"><ul class=\"nav-tabs nav-justified\" role=\"tablist\"><li class=\"active\" role=\"presentation\"><a class=\"tab-link\" data-toggle=\"tab\" role=\"tab\" aria-controls=\"tab-849f7f110790d8a80a1\" aria-selected=\"true\" id=\"mobile-fusion-tab-especificaci\u00f3n\" href=\"#tab-849f7f110790d8a80a1\"><h4 class=\"fusion-tab-heading\">Especificaci\u00f3n<\/h4><\/a><\/li><\/ul><\/div><div class=\"tab-pane fade fusion-clearfix in active\" role=\"tabpanel\" tabindex=\"0\" aria-labelledby=\"fusion-tab-especificaci\u00f3n\" id=\"tab-849f7f110790d8a80a1\">\n<table>\n<tbody>\n<tr>\n<td>Dimensi\u00f3n S\u00f3lo unidad (Al x P)<\/td>\n<td>610 x \u00d8 400 mm<\/td>\n<\/tr>\n<tr>\n<td>Peso<\/td>\n<td>11 kg<\/td>\n<\/tr>\n<tr>\n<td>Interruptor de encendido<\/td>\n<td>Pomo<\/td>\n<\/tr>\n<tr>\n<td>Mostrar<\/td>\n<td>No<\/td>\n<\/tr>\n<tr>\n<td>Superficie aplicable<\/td>\n<td>65<sup>m2<\/sup><\/td>\n<\/tr>\n<tr>\n<td>CADR<\/td>\n<td>765<sup>m3\/h<\/sup><\/td>\n<\/tr>\n<tr>\n<td>Contador de part\u00edculas<\/td>\n<td>No<\/td>\n<\/tr>\n<tr>\n<td>Modo autom\u00e1tico<\/td>\n<td>No<\/td>\n<\/tr>\n<tr>\n<td>Temporizador de sustituci\u00f3n del filtro<\/td>\n<td>No<\/td>\n<\/tr>\n<tr>\n<td>LED UV-A<\/td>\n<td>S\u00ed<\/td>\n<\/tr>\n<tr>\n<td>Ruedas<\/td>\n<td>s\u00f3lo como accesorio<\/td>\n<\/tr>\n<tr>\n<td>Pa\u00f1o Prefiltro<\/td>\n<td>Negro (gris y rojo como accesorio)<\/td>\n<\/tr>\n<tr>\n<td>Caracter\u00edsticas especiales<\/td>\n<td>LED UV-A<\/td>\n<\/tr>\n<\/tbody>\n<\/table>\n<\/div><div class=\"nav fusion-mobile-tab-nav\"><ul class=\"nav-tabs nav-justified\" role=\"tablist\"><li role=\"presentation\"><a class=\"tab-link\" data-toggle=\"tab\" role=\"tab\" aria-controls=\"tab-3f429c00950f6646eed\" aria-selected=\"false\" tabindex=\"-1\" id=\"mobile-fusion-tab-caracter\u00edsticas\" href=\"#tab-3f429c00950f6646eed\"><h4 class=\"fusion-tab-heading\">Caracter\u00edsticas<\/h4><\/a><\/li><\/ul><\/div><div class=\"tab-pane fade fusion-clearfix\" role=\"tabpanel\" tabindex=\"0\" aria-labelledby=\"fusion-tab-caracter\u00edsticas\" id=\"tab-3f429c00950f6646eed\">\n<p><strong>PREFILTRO<\/strong><br \/>\nEl prefiltro elimina las part\u00edculas grandes, como pelos y fibras. Es lavable y f\u00e1cil de montar. <\/p>\n<p><strong>HEPALUX<\/strong><br \/>\nLa tecnolog\u00eda de filtraci\u00f3n HEPALUX garantiza un \u00edndice de filtraci\u00f3n del 99,95% y la oxidaci\u00f3n fotocatal\u00edtica con un LED UV que combate las bacterias y los virus garantiza que cada respiraci\u00f3n que hagas sea saludable.<\/p>\n<p><strong>FILTRO<\/strong> DE CARB\u00d3N ACTIVADO<br \/>\nEl filtro de carb\u00f3n activado reduce los gases y los olores naturales y qu\u00edmicos, como los del tabaco y los alimentos.<\/p>\n<p><strong>IONIZADOR<\/strong><br \/>\nEl ionizador libera iones cargados negativamente que se adhieren a las part\u00edculas nocivas cargadas positivamente. As\u00ed, las part\u00edculas de suciedad del aire se hacen m\u00e1s pesadas y caen al suelo.<\/p>\n<\/div><div class=\"nav fusion-mobile-tab-nav\"><ul class=\"nav-tabs nav-justified\" role=\"tablist\"><li role=\"presentation\"><a class=\"tab-link\" data-toggle=\"tab\" role=\"tab\" aria-controls=\"tab-8fcd843d2e6757f3f7c\" aria-selected=\"false\" tabindex=\"-1\" id=\"mobile-fusion-tab-certificadosypremios\" href=\"#tab-8fcd843d2e6757f3f7c\"><h4 class=\"fusion-tab-heading\">Certificados y premios<\/h4><\/a><\/li><\/ul><\/div><div class=\"tab-pane fade fusion-clearfix\" role=\"tabpanel\" tabindex=\"0\" aria-labelledby=\"fusion-tab-certificadosypremios\" id=\"tab-8fcd843d2e6757f3f7c\">\n<p><img decoding=\"async\" class=\"lazyload alignnone wp-image-3965\" src=\"data:image\/svg+xml,%3Csvg%20xmlns%3D%27http%3A%2F%2Fwww.w3.org%2F2000%2Fsvg%27%20width%3D%27155%27%20height%3D%27155%27%20viewBox%3D%270%200%20155%20155%27%3E%3Crect%20width%3D%27155%27%20height%3D%27155%27%20fill-opacity%3D%220%22%2F%3E%3C%2Fsvg%3E\" data-orig-src=\"https:\/\/luxinternational.com\/wp-content\/uploads\/2024\/03\/1786_gui_lab_label_effectively_reduces_bacterias_viruses_560_en.jpg\" alt=\"\" width=\"155\" height=\"155\"><\/p>\n<p><strong>CERTIFICACI\u00d3N GUI<\/strong><br \/>\nReduce eficazmente las bacterias, el polvo fino, el moho, los microrganismos y los virus del aire interior.<\/p>\n<\/div><div class=\"nav fusion-mobile-tab-nav\"><ul class=\"nav-tabs nav-justified\" role=\"tablist\"><li role=\"presentation\"><a class=\"tab-link\" data-toggle=\"tab\" role=\"tab\" aria-controls=\"tab-d2146fe34b07120ba60\" aria-selected=\"false\" tabindex=\"-1\" id=\"mobile-fusion-tab-ayuda\" href=\"#tab-d2146fe34b07120ba60\"><h4 class=\"fusion-tab-heading\">Ayuda<\/h4><\/a><\/li><\/ul><\/div><div class=\"tab-pane fade fusion-clearfix\" role=\"tabpanel\" tabindex=\"0\" aria-labelledby=\"fusion-tab-ayuda\" id=\"tab-d2146fe34b07120ba60\">\n<p><a href=\"https:\/\/luxinternational.com\/wp-content\/uploads\/2024\/03\/ag-s_sense-manual-eng-web.pdf\" target=\"_blank\" rel=\"noopener\">Manual del producto<\/a><br \/>\n<a href=\"https:\/\/luxinternational.com\/wp-content\/uploads\/2024\/03\/en_ags_-brochure_web.pdf\" target=\"_blank\" rel=\"noopener\">Folleto<\/a><br \/>\n<a href=\"https:\/\/luxinternational.com\/wp-content\/uploads\/2024\/03\/1813_en_ags_1799_zertifikat-gui-mo-2020_01_560.pdf\" target=\"_blank\" rel=\"noopener\">Certificaci\u00f3n Gui<\/a><\/p>\n<\/div><\/div><\/div><\/div><\/div><\/div><\/div>\n","protected":false},"excerpt":{"rendered":"","protected":false},"author":1,"featured_media":12521,"template":"","product-category":[149],"product-keyword":[],"class_list":["post-12520","product","type-product","status-publish","has-post-thumbnail","hentry","product-category-good-sleep"],"acf":[],"_links":{"self":[{"href":"https:\/\/luxinternational.com\/es\/wp-json\/wp\/v2\/product\/12520","targetHints":{"allow":["GET"]}}],"collection":[{"href":"https:\/\/luxinternational.com\/es\/wp-json\/wp\/v2\/product"}],"about":[{"href":"https:\/\/luxinternational.com\/es\/wp-json\/wp\/v2\/types\/product"}],"author":[{"embeddable":true,"href":"https:\/\/luxinternational.com\/es\/wp-json\/wp\/v2\/users\/1"}],"version-history":[{"count":1,"href":"https:\/\/luxinternational.com\/es\/wp-json\/wp\/v2\/product\/12520\/revisions"}],"predecessor-version":[{"id":12526,"href":"https:\/\/luxinternational.com\/es\/wp-json\/wp\/v2\/product\/12520\/revisions\/12526"}],"wp:featuredmedia":[{"embeddable":true,"href":"https:\/\/luxinternational.com\/es\/wp-json\/wp\/v2\/media\/12521"}],"wp:attachment":[{"href":"https:\/\/luxinternational.com\/es\/wp-json\/wp\/v2\/media?parent=12520"}],"wp:term":[{"taxonomy":"product-category","embeddable":true,"href":"https:\/\/luxinternational.com\/es\/wp-json\/wp\/v2\/product-category?post=12520"},{"taxonomy":"product-keyword","embeddable":true,"href":"https:\/\/luxinternational.com\/es\/wp-json\/wp\/v2\/product-keyword?post=12520"}],"curies":[{"name":"wp","href":"https:\/\/api.w.org\/{rel}","templated":true}]}}