{"id":6630,"date":"2024-03-26T19:42:42","date_gmt":"2024-03-26T18:42:42","guid":{"rendered":"https:\/\/luxinternational.com\/product\/welity-kissen\/"},"modified":"2025-06-26T10:36:37","modified_gmt":"2025-06-26T08:36:37","slug":"welity-kissen","status":"publish","type":"product","link":"https:\/\/luxinternational.com\/de\/product\/welity-kissen\/","title":{"rendered":"Welity-Kissen"},"content":{"rendered":"<div class=\"fusion-fullwidth fullwidth-box fusion-builder-row-1 fusion-flex-container has-pattern-background has-mask-background nonhundred-percent-fullwidth non-hundred-percent-height-scrolling\" style=\"--awb-border-radius-top-left:0px;--awb-border-radius-top-right:0px;--awb-border-radius-bottom-right:0px;--awb-border-radius-bottom-left:0px;--awb-padding-right:0px;--awb-padding-left:0px;--awb-margin-top:30px;--awb-margin-top-medium:15px;--awb-flex-wrap:wrap;\" id=\"product-tabs\" ><div class=\"fusion-builder-row fusion-row fusion-flex-align-items-flex-start fusion-flex-content-wrap\" style=\"max-width:1372.8px;margin-left: calc(-4% \/ 2 );margin-right: calc(-4% \/ 2 );\"><div class=\"fusion-layout-column fusion_builder_column fusion-builder-column-0 fusion_builder_column_1_1 1_1 fusion-flex-column\" style=\"--awb-bg-size:cover;--awb-width-large:100%;--awb-margin-top-large:0px;--awb-spacing-right-large:1.92%;--awb-margin-bottom-large:20px;--awb-spacing-left-large:1.92%;--awb-width-medium:100%;--awb-order-medium:0;--awb-spacing-right-medium:1.92%;--awb-spacing-left-medium:1.92%;--awb-width-small:100%;--awb-order-small:0;--awb-spacing-right-small:1.92%;--awb-spacing-left-small:1.92%;\" data-scroll-devices=\"small-visibility,medium-visibility,large-visibility\"><div class=\"fusion-column-wrapper fusion-column-has-shadow fusion-flex-justify-content-flex-start fusion-content-layout-column\"><div class=\"fusion-tabs fusion-tabs-1 classic nav-is-justified horizontal-tabs icon-position-left mobile-mode-accordion\" style=\"--awb-title-border-radius-top-left:0px;--awb-title-border-radius-top-right:0px;--awb-title-border-radius-bottom-right:0px;--awb-title-border-radius-bottom-left:0px;--awb-alignment:start;--awb-inactive-color:var(--awb-custom_color_6);--awb-background-color:var(--awb-color1);--awb-border-color:var(--awb-custom_color_6);--awb-active-border-color:var(--awb-color5);\"><div class=\"nav\"><ul class=\"nav-tabs nav-justified\" role=\"tablist\"><li class=\"active\" role=\"presentation\"><a class=\"tab-link\" data-toggle=\"tab\" role=\"tab\" aria-controls=\"tab-d510a22f7c27d03ed0d\" aria-selected=\"true\" id=\"fusion-tab-spezifikation\" href=\"#tab-d510a22f7c27d03ed0d\"><h4 class=\"fusion-tab-heading\">Spezifikation<\/h4><\/a><\/li><li role=\"presentation\"><a class=\"tab-link\" data-toggle=\"tab\" role=\"tab\" aria-controls=\"tab-55d70701075c9aea7db\" aria-selected=\"false\" tabindex=\"-1\" id=\"fusion-tab-eigenschaften\" href=\"#tab-55d70701075c9aea7db\"><h4 class=\"fusion-tab-heading\">Eigenschaften<\/h4><\/a><\/li><li role=\"presentation\"><a class=\"tab-link\" data-toggle=\"tab\" role=\"tab\" aria-controls=\"tab-9bfd9aee8408dbc2a20\" aria-selected=\"false\" tabindex=\"-1\" id=\"fusion-tab-urkunden&amp;auszeichnungen\" href=\"#tab-9bfd9aee8408dbc2a20\"><h4 class=\"fusion-tab-heading\">Urkunden &amp; Auszeichnungen<\/h4><\/a><\/li><li role=\"presentation\"><a class=\"tab-link\" data-toggle=\"tab\" role=\"tab\" aria-controls=\"tab-5899fae56268c4fef2f\" aria-selected=\"false\" tabindex=\"-1\" id=\"fusion-tab-unterst\u00fctzensie\" href=\"#tab-5899fae56268c4fef2f\"><h4 class=\"fusion-tab-heading\">Unterst\u00fctzen Sie<\/h4><\/a><\/li><\/ul><\/div><div class=\"tab-content\"><div class=\"nav fusion-mobile-tab-nav\"><ul class=\"nav-tabs nav-justified\" role=\"tablist\"><li class=\"active\" role=\"presentation\"><a class=\"tab-link\" data-toggle=\"tab\" role=\"tab\" aria-controls=\"tab-d510a22f7c27d03ed0d\" aria-selected=\"true\" id=\"mobile-fusion-tab-spezifikation\" href=\"#tab-d510a22f7c27d03ed0d\"><h4 class=\"fusion-tab-heading\">Spezifikation<\/h4><\/a><\/li><\/ul><\/div><div class=\"tab-pane fade fusion-clearfix in active\" role=\"tabpanel\" tabindex=\"0\" aria-labelledby=\"fusion-tab-spezifikation\" id=\"tab-d510a22f7c27d03ed0d\">\n<table>\n<tbody>\n<tr>\n<td>Abmessung Nur Ger\u00e4t (H x T)<\/td>\n<td>610 x \u00d8 400 mm<\/td>\n<\/tr>\n<tr>\n<td>Gewicht<\/td>\n<td>11 kg<\/td>\n<\/tr>\n<tr>\n<td>Netzschalter<\/td>\n<td>Knopf<\/td>\n<\/tr>\n<tr>\n<td>Anzeige<\/td>\n<td>Nein<\/td>\n<\/tr>\n<tr>\n<td>Anwendbare Fl\u00e4che<\/td>\n<td>65<sup>m2<\/sup><\/td>\n<\/tr>\n<tr>\n<td>CADR<\/td>\n<td>765<sup>m3\/h<\/sup><\/td>\n<\/tr>\n<tr>\n<td>Partikelz\u00e4hler<\/td>\n<td>Nein<\/td>\n<\/tr>\n<tr>\n<td>Automatischer Modus<\/td>\n<td>Keine<\/td>\n<\/tr>\n<tr>\n<td>Timer f\u00fcr den Filterwechsel<\/td>\n<td>Nein<\/td>\n<\/tr>\n<tr>\n<td>UV-A LED<\/td>\n<td>Ja<\/td>\n<\/tr>\n<tr>\n<td>R\u00e4der<\/td>\n<td>nur als Zubeh\u00f6r<\/td>\n<\/tr>\n<tr>\n<td>Vorfiltertuch<\/td>\n<td>Schwarz (Grau und Rot als Zubeh\u00f6r)<\/td>\n<\/tr>\n<tr>\n<td>Besondere Merkmale<\/td>\n<td>UV-A-LED<\/td>\n<\/tr>\n<\/tbody>\n<\/table>\n<\/div><div class=\"nav fusion-mobile-tab-nav\"><ul class=\"nav-tabs nav-justified\" role=\"tablist\"><li role=\"presentation\"><a class=\"tab-link\" data-toggle=\"tab\" role=\"tab\" aria-controls=\"tab-55d70701075c9aea7db\" aria-selected=\"false\" tabindex=\"-1\" id=\"mobile-fusion-tab-eigenschaften\" href=\"#tab-55d70701075c9aea7db\"><h4 class=\"fusion-tab-heading\">Eigenschaften<\/h4><\/a><\/li><\/ul><\/div><div class=\"tab-pane fade fusion-clearfix\" role=\"tabpanel\" tabindex=\"0\" aria-labelledby=\"fusion-tab-eigenschaften\" id=\"tab-55d70701075c9aea7db\">\n<p><strong>VORFILTER<\/strong><br \/>\nDer Vorfilter entfernt gro\u00dfe Partikel wie Haare und Fasern. Es ist abwaschbar und leicht zu montieren.<\/p>\n<p><strong>HEPALUX<\/strong><br \/>\nDie HEPALUX-Filtertechnologie gew\u00e4hrleistet eine Filtrationsrate von 99,95 % und die photokatalytische Oxidation mit einer UV-LED, die Bakterien und Viren bek\u00e4mpft, sorgt daf\u00fcr, dass jeder Atemzug, den Sie nehmen, gesund ist!<\/p>\n<p><strong>AKTIVKOHLENFILTER<\/strong><br \/>\nDer Aktivkohlefilter reduziert Gase sowie nat\u00fcrliche und chemische Ger\u00fcche wie Tabak- und Lebensmittelger\u00fcche.<\/p>\n<p><strong>IONIZER<\/strong><br \/>\nDer Ionisator setzt negativ geladene Ionen frei, die an den positiv geladenen sch\u00e4dlichen Partikeln haften. Dadurch werden die Schmutzpartikel in der Luft schwerer und fallen auf den Boden.<\/p>\n<\/div><div class=\"nav fusion-mobile-tab-nav\"><ul class=\"nav-tabs nav-justified\" role=\"tablist\"><li role=\"presentation\"><a class=\"tab-link\" data-toggle=\"tab\" role=\"tab\" aria-controls=\"tab-9bfd9aee8408dbc2a20\" aria-selected=\"false\" tabindex=\"-1\" id=\"mobile-fusion-tab-urkunden&amp;auszeichnungen\" href=\"#tab-9bfd9aee8408dbc2a20\"><h4 class=\"fusion-tab-heading\">Urkunden &amp; Auszeichnungen<\/h4><\/a><\/li><\/ul><\/div><div class=\"tab-pane fade fusion-clearfix\" role=\"tabpanel\" tabindex=\"0\" aria-labelledby=\"fusion-tab-urkunden&amp;auszeichnungen\" id=\"tab-9bfd9aee8408dbc2a20\">\n<p><img decoding=\"async\" class=\"lazyload alignnone wp-image-3965\" src=\"data:image\/svg+xml,%3Csvg%20xmlns%3D%27http%3A%2F%2Fwww.w3.org%2F2000%2Fsvg%27%20width%3D%27155%27%20height%3D%27155%27%20viewBox%3D%270%200%20155%20155%27%3E%3Crect%20width%3D%27155%27%20height%3D%27155%27%20fill-opacity%3D%220%22%2F%3E%3C%2Fsvg%3E\" data-orig-src=\"https:\/\/luxinternational.com\/wp-content\/uploads\/2024\/03\/1786_gui_lab_label_effectively_reduces_bacterias_viruses_560_en.jpg\" alt=\"\" width=\"155\" height=\"155\"><\/p>\n<p><strong>GUI-ZERTIFIZIERUNG<\/strong><br \/>\nReduziert effektiv Bakterien, Feinstaub, Schimmel, Mikrorganismen und Viren in der Raumluft.<\/p>\n<\/div><div class=\"nav fusion-mobile-tab-nav\"><ul class=\"nav-tabs nav-justified\" role=\"tablist\"><li role=\"presentation\"><a class=\"tab-link\" data-toggle=\"tab\" role=\"tab\" aria-controls=\"tab-5899fae56268c4fef2f\" aria-selected=\"false\" tabindex=\"-1\" id=\"mobile-fusion-tab-unterst\u00fctzensie\" href=\"#tab-5899fae56268c4fef2f\"><h4 class=\"fusion-tab-heading\">Unterst\u00fctzen Sie<\/h4><\/a><\/li><\/ul><\/div><div class=\"tab-pane fade fusion-clearfix\" role=\"tabpanel\" tabindex=\"0\" aria-labelledby=\"fusion-tab-unterst\u00fctzensie\" id=\"tab-5899fae56268c4fef2f\">\n<p><a href=\"https:\/\/luxinternational.com\/wp-content\/uploads\/2024\/03\/ag-s_sense-manual-eng-web.pdf\" target=\"_blank\" rel=\"noopener\">Handbuch zum Produkt<\/a><br \/>\n<a href=\"https:\/\/luxinternational.com\/wp-content\/uploads\/2024\/03\/en_ags_-brochure_web.pdf\" target=\"_blank\" rel=\"noopener\">Brosch\u00fcre<\/a><br \/>\n<a href=\"https:\/\/luxinternational.com\/wp-content\/uploads\/2024\/03\/1813_en_ags_1799_zertifikat-gui-mo-2020_01_560.pdf\" target=\"_blank\" rel=\"noopener\">Gui Zertifizierung<\/a><\/p>\n<\/div><\/div><\/div><\/div><\/div><\/div><\/div>\n","protected":false},"excerpt":{"rendered":"","protected":false},"author":1,"featured_media":6631,"template":"","product-category":[149],"product-keyword":[],"class_list":["post-6630","product","type-product","status-publish","has-post-thumbnail","hentry","product-category-good-sleep"],"acf":[],"_links":{"self":[{"href":"https:\/\/luxinternational.com\/de\/wp-json\/wp\/v2\/product\/6630","targetHints":{"allow":["GET"]}}],"collection":[{"href":"https:\/\/luxinternational.com\/de\/wp-json\/wp\/v2\/product"}],"about":[{"href":"https:\/\/luxinternational.com\/de\/wp-json\/wp\/v2\/types\/product"}],"author":[{"embeddable":true,"href":"https:\/\/luxinternational.com\/de\/wp-json\/wp\/v2\/users\/1"}],"version-history":[{"count":2,"href":"https:\/\/luxinternational.com\/de\/wp-json\/wp\/v2\/product\/6630\/revisions"}],"predecessor-version":[{"id":8848,"href":"https:\/\/luxinternational.com\/de\/wp-json\/wp\/v2\/product\/6630\/revisions\/8848"}],"wp:featuredmedia":[{"embeddable":true,"href":"https:\/\/luxinternational.com\/de\/wp-json\/wp\/v2\/media\/6631"}],"wp:attachment":[{"href":"https:\/\/luxinternational.com\/de\/wp-json\/wp\/v2\/media?parent=6630"}],"wp:term":[{"taxonomy":"product-category","embeddable":true,"href":"https:\/\/luxinternational.com\/de\/wp-json\/wp\/v2\/product-category?post=6630"},{"taxonomy":"product-keyword","embeddable":true,"href":"https:\/\/luxinternational.com\/de\/wp-json\/wp\/v2\/product-keyword?post=6630"}],"curies":[{"name":"wp","href":"https:\/\/api.w.org\/{rel}","templated":true}]}}