{"id":6164,"date":"2024-03-04T17:43:44","date_gmt":"2024-03-04T16:43:44","guid":{"rendered":"https:\/\/luxinternational.com\/faq\/"},"modified":"2024-06-05T09:35:27","modified_gmt":"2024-06-05T07:35:27","slug":"faq","status":"publish","type":"page","link":"https:\/\/luxinternational.com\/de\/unterstuetzen-sie\/faq\/","title":{"rendered":"FAQ"},"content":{"rendered":"<div class=\"fusion-fullwidth fullwidth-box fusion-builder-row-1 fusion-flex-container has-pattern-background has-mask-background nonhundred-percent-fullwidth non-hundred-percent-height-scrolling\" style=\"--awb-border-radius-top-left:0px;--awb-border-radius-top-right:0px;--awb-border-radius-bottom-right:0px;--awb-border-radius-bottom-left:0px;--awb-flex-wrap:wrap;\" ><div class=\"fusion-builder-row fusion-row fusion-flex-align-items-flex-start fusion-flex-content-wrap\" style=\"max-width:1372.8px;margin-left: calc(-4% \/ 2 );margin-right: calc(-4% \/ 2 );\"><div class=\"fusion-layout-column fusion_builder_column fusion-builder-column-0 fusion_builder_column_1_1 1_1 fusion-flex-column\" style=\"--awb-bg-size:cover;--awb-width-large:100%;--awb-margin-top-large:0px;--awb-spacing-right-large:1.92%;--awb-margin-bottom-large:20px;--awb-spacing-left-large:1.92%;--awb-width-medium:100%;--awb-order-medium:0;--awb-spacing-right-medium:1.92%;--awb-spacing-left-medium:1.92%;--awb-width-small:100%;--awb-order-small:0;--awb-spacing-right-small:1.92%;--awb-spacing-left-small:1.92%;\"><div class=\"fusion-column-wrapper fusion-column-has-shadow fusion-flex-justify-content-flex-start fusion-content-layout-column\"><div class=\"fusion-post-cards fusion-post-cards-1 fusion-grid-archive fusion-grid-columns-1 fusion-grid-flex-grow\" style=\"--awb-column-spacing:0px;--awb-dots-align:center;--awb-columns:1;--awb-active-filter-border-size:3px;--awb-filters-height:36px;--awb-columns-medium:100%;--awb-columns-small:100%;\" data-post-type-label=\"faqs\"><ul class=\"fusion-grid fusion-grid-1 fusion-flex-align-items-flex-start fusion-grid-posts-cards\"><li class=\"fusion-layout-column fusion_builder_column fusion-builder-column-1 fusion-flex-column post-card fusion-grid-column fusion-post-cards-grid-column\" style=\"--awb-padding-top:30px;--awb-bg-blend:overlay;--awb-bg-size:cover;--awb-flex-grow:0;--awb-flex-shrink:0;--awb-flex-grow-medium:0;--awb-flex-shrink-medium:0;--awb-flex-grow-small:0;--awb-flex-shrink-small:0;\" data-scroll-devices=\"small-visibility,medium-visibility,large-visibility\"><div class=\"fusion-column-wrapper fusion-column-has-shadow fusion-flex-justify-content-flex-start fusion-content-layout-column\"><div class=\"fusion-builder-row fusion-builder-row-inner fusion-row fusion-flex-align-items-flex-start fusion-flex-content-wrap\" style=\"--awb-flex-grow:0;--awb-flex-grow-medium:0;--awb-flex-grow-small:0;--awb-flex-shrink:0;--awb-flex-shrink-medium:0;--awb-flex-shrink-small:0;width:104% !important;max-width:104% !important;margin-left: calc(-4% \/ 2 );margin-right: calc(-4% \/ 2 );\"><div class=\"fusion-layout-column fusion_builder_column_inner fusion-builder-nested-column-0 fusion_builder_column_inner_1_4 1_4 fusion-flex-column\" style=\"--awb-bg-size:cover;--awb-width-large:25%;--awb-margin-top-large:0px;--awb-spacing-right-large:7.68%;--awb-margin-bottom-large:20px;--awb-spacing-left-large:7.68%;--awb-width-medium:25%;--awb-order-medium:0;--awb-spacing-right-medium:7.68%;--awb-spacing-left-medium:7.68%;--awb-width-small:100%;--awb-order-small:0;--awb-spacing-right-small:1.92%;--awb-spacing-left-small:1.92%;\"><div class=\"fusion-column-wrapper fusion-column-has-shadow fusion-flex-justify-content-flex-start fusion-content-layout-column\"><div class=\"fusion-classic-product-image-wrapper fusion-woo-product-image fusion-post-card-image fusion-post-card-image-1 has-aspect-ratio\" data-layout=\"static\" style=\"--awb-aspect-ratio:1 \/ 1;\"><div  class=\"fusion-image-wrapper\" aria-haspopup=\"true\">\n\t\t\t\t<img decoding=\"async\" width=\"260\" height=\"196\" src=\"https:\/\/luxinternational.com\/wp-content\/uploads\/2024\/03\/faq-other-questions.jpg\" class=\"attachment-full size-full lazyload wp-post-image\" alt=\"\" srcset=\"data:image\/svg+xml,%3Csvg%20xmlns%3D%27http%3A%2F%2Fwww.w3.org%2F2000%2Fsvg%27%20width%3D%27260%27%20height%3D%27196%27%20viewBox%3D%270%200%20260%20196%27%3E%3Crect%20width%3D%27260%27%20height%3D%27196%27%20fill-opacity%3D%220%22%2F%3E%3C%2Fsvg%3E\" data-orig-src=\"https:\/\/luxinternational.com\/wp-content\/uploads\/2024\/03\/faq-other-questions.jpg\" data-srcset=\"https:\/\/luxinternational.com\/wp-content\/uploads\/2024\/03\/faq-other-questions-200x151.jpg 200w, https:\/\/luxinternational.com\/wp-content\/uploads\/2024\/03\/faq-other-questions.jpg 260w\" data-sizes=\"auto\" \/><\/div>\n<\/div><\/div><\/div><div class=\"fusion-layout-column fusion_builder_column_inner fusion-builder-nested-column-1 fusion_builder_column_inner_3_4 3_4 fusion-flex-column\" style=\"--awb-bg-size:cover;--awb-width-large:75%;--awb-margin-top-large:0px;--awb-spacing-right-large:2.56%;--awb-margin-bottom-large:20px;--awb-spacing-left-large:2.56%;--awb-width-medium:75%;--awb-order-medium:0;--awb-spacing-right-medium:2.56%;--awb-spacing-left-medium:2.56%;--awb-width-small:100%;--awb-order-small:0;--awb-spacing-right-small:1.92%;--awb-spacing-left-small:1.92%;\" data-scroll-devices=\"small-visibility,medium-visibility,large-visibility\"><div class=\"fusion-column-wrapper fusion-column-has-shadow fusion-flex-justify-content-flex-start fusion-content-layout-column\"><div class=\"fusion-content-tb fusion-content-tb-1\" style=\"--awb-text-color:var(--awb-custom_color_4);--awb-text-transform:none;\"><div class=\"fusion-fullwidth fullwidth-box fusion-builder-row-1-1 fusion-flex-container has-pattern-background has-mask-background nonhundred-percent-fullwidth non-hundred-percent-height-scrolling\" style=\"--link_hover_color: var(--awb-custom_color_5);--awb-border-radius-top-left:0px;--awb-border-radius-top-right:0px;--awb-border-radius-bottom-right:0px;--awb-border-radius-bottom-left:0px;--awb-flex-wrap:wrap;\" ><div class=\"fusion-builder-row fusion-row fusion-flex-align-items-flex-start fusion-flex-content-wrap\" style=\"width:104% !important;max-width:104% !important;margin-left: calc(-4% \/ 2 );margin-right: calc(-4% \/ 2 );\"><div class=\"fusion-layout-column fusion_builder_column fusion-builder-column-2 fusion_builder_column_1_1 1_1 fusion-flex-column\" style=\"--awb-bg-size:cover;--awb-width-large:100%;--awb-flex-grow:0;--awb-flex-shrink:0;--awb-margin-top-large:0px;--awb-spacing-right-large:1.92%;--awb-margin-bottom-large:20px;--awb-spacing-left-large:1.92%;--awb-width-medium:100%;--awb-order-medium:0;--awb-flex-grow-medium:0;--awb-flex-shrink-medium:0;--awb-spacing-right-medium:1.92%;--awb-spacing-left-medium:1.92%;--awb-width-small:100%;--awb-order-small:0;--awb-flex-grow-small:0;--awb-flex-shrink-small:0;--awb-spacing-right-small:1.92%;--awb-spacing-left-small:1.92%;\"><div class=\"fusion-column-wrapper fusion-column-has-shadow fusion-flex-justify-content-flex-start fusion-content-layout-column\"><div class=\"accordian fusion-accordian\" style=\"--awb-border-size:1px;--awb-icon-size:16px;--awb-content-font-size:18px;--awb-icon-alignment:left;--awb-hover-color:var(--awb-color2);--awb-border-color:var(--awb-color3);--awb-background-color:var(--awb-color1);--awb-divider-color:var(--awb-color3);--awb-divider-hover-color:var(--awb-color3);--awb-icon-color:var(--awb-color5);--awb-title-color:var(--awb-custom_color_4);--awb-content-color:var(--awb-custom_color_4);--awb-icon-box-color:var(--awb-color5);--awb-toggle-hover-accent-color:var(--awb-color5);--awb-title-font-family:&quot;Lato&quot;;--awb-title-font-weight:var(--awb-typography1);--awb-title-font-style:normal;--awb-title-font-size:24px;--awb-title-text-transform:none;--awb-content-font-family:&quot;Lato&quot;;--awb-content-font-style:normal;--awb-content-font-weight:var(--awb-typography4);\"><div class=\"panel-group fusion-toggle-icon-unboxed\" id=\"accordion-6567-1\"><div class=\"fusion-panel panel-default panel-88c9c0d3060473186 fusion-toggle-no-divider\"><div class=\"panel-heading\"><h3 class=\"panel-title toggle\" id=\"toggle_88c9c0d3060473186\"><a aria-expanded=\"false\" aria-controls=\"88c9c0d3060473186\" role=\"button\" data-toggle=\"collapse\" data-parent=\"#accordion-6567-1\" data-target=\"#88c9c0d3060473186\" href=\"#88c9c0d3060473186\"><span class=\"fusion-toggle-icon-wrapper\" aria-hidden=\"true\"><i class=\"fa-fusion-box active-icon fa-minus fas\" aria-hidden=\"true\"><\/i><i class=\"fa-fusion-box inactive-icon fa-plus fas\" aria-hidden=\"true\"><\/i><\/span><span class=\"fusion-toggle-heading\">Was ist Lux ORIGINAL?<\/span><\/a><\/h3><\/div><div id=\"88c9c0d3060473186\" class=\"panel-collapse collapse \" aria-labelledby=\"toggle_88c9c0d3060473186\"><div class=\"panel-body toggle-content fusion-clearfix\">\n<p>Lux ORIGINAL ist die Lux-Verbrauchsmateriallinie. F\u00fcr jedes Produkt hat Lux hochwertige Staubbeh\u00e4lter und Filter entwickelt, um die h\u00f6chste Filterleistung zu gew\u00e4hrleisten. Lux ORIGINAL Staubsaugerbeutel und -filter sind bei jedem <a href=\"https:\/\/luxinternational.com\/contact-us\/\">Lux-Kundendienst<\/a> und den lokalen Lux-Online-Shops erh\u00e4ltlich.<\/p>\n<\/div><\/div><\/div><div class=\"fusion-panel panel-default panel-1583eb0aeb485c4f0 fusion-toggle-no-divider\"><div class=\"panel-heading\"><h3 class=\"panel-title toggle\" id=\"toggle_1583eb0aeb485c4f0\"><a aria-expanded=\"false\" aria-controls=\"1583eb0aeb485c4f0\" role=\"button\" data-toggle=\"collapse\" data-parent=\"#accordion-6567-1\" data-target=\"#1583eb0aeb485c4f0\" href=\"#1583eb0aeb485c4f0\"><span class=\"fusion-toggle-icon-wrapper\" aria-hidden=\"true\"><i class=\"fa-fusion-box active-icon fa-minus fas\" aria-hidden=\"true\"><\/i><i class=\"fa-fusion-box inactive-icon fa-plus fas\" aria-hidden=\"true\"><\/i><\/span><span class=\"fusion-toggle-heading\">Wo erhalte ich Ersatzteile f\u00fcr die Lux-Produkte?<\/span><\/a><\/h3><\/div><div id=\"1583eb0aeb485c4f0\" class=\"panel-collapse collapse \" aria-labelledby=\"toggle_1583eb0aeb485c4f0\"><div class=\"panel-body toggle-content fusion-clearfix\">\n<p>Aus Sicherheits- und Garantiegr\u00fcnden sollten Reparaturen an den Lux-Produkten nur von geschultem Lux-Servicepersonal durchgef\u00fchrt werden. Ersatzteile sind f\u00fcr Unbefugte nicht erh\u00e4ltlich. Der Lux Service bietet Ihnen einen allgemeinen Ger\u00e4techeck sowie eine professionelle Reparatur Ihres Ger\u00e4ts mit den originalen Lux-Ersatzteilen.<\/p>\n<\/div><\/div><\/div><div class=\"fusion-panel panel-default panel-c2d86d344b0553d34 fusion-toggle-no-divider\"><div class=\"panel-heading\"><h3 class=\"panel-title toggle\" id=\"toggle_c2d86d344b0553d34\"><a aria-expanded=\"false\" aria-controls=\"c2d86d344b0553d34\" role=\"button\" data-toggle=\"collapse\" data-parent=\"#accordion-6567-1\" data-target=\"#c2d86d344b0553d34\" href=\"#c2d86d344b0553d34\"><span class=\"fusion-toggle-icon-wrapper\" aria-hidden=\"true\"><i class=\"fa-fusion-box active-icon fa-minus fas\" aria-hidden=\"true\"><\/i><i class=\"fa-fusion-box inactive-icon fa-plus fas\" aria-hidden=\"true\"><\/i><\/span><span class=\"fusion-toggle-heading\">Wie kann ich mit einem Lux-Vertreter Kontakt aufnehmen?<\/span><\/a><\/h3><\/div><div id=\"c2d86d344b0553d34\" class=\"panel-collapse collapse \" aria-labelledby=\"toggle_c2d86d344b0553d34\"><div class=\"panel-body toggle-content fusion-clearfix\">\n<p>Sie k\u00f6nnen einen Termin mit einem Lux-Vertreter vereinbaren, indem Sie das Online-Formular verwenden oder die Telefonnummer des \u00f6rtlichen Kundendienstes anrufen.<\/p>\n<\/div><\/div><\/div><div class=\"fusion-panel panel-default panel-0b0c8331129197c81 fusion-toggle-no-divider\"><div class=\"panel-heading\"><h3 class=\"panel-title toggle\" id=\"toggle_0b0c8331129197c81\"><a aria-expanded=\"false\" aria-controls=\"0b0c8331129197c81\" role=\"button\" data-toggle=\"collapse\" data-parent=\"#accordion-6567-1\" data-target=\"#0b0c8331129197c81\" href=\"#0b0c8331129197c81\"><span class=\"fusion-toggle-icon-wrapper\" aria-hidden=\"true\"><i class=\"fa-fusion-box active-icon fa-minus fas\" aria-hidden=\"true\"><\/i><i class=\"fa-fusion-box inactive-icon fa-plus fas\" aria-hidden=\"true\"><\/i><\/span><span class=\"fusion-toggle-heading\">Woher wei\u00df ich, ob die Person, die mich besucht, ein Lux-Vertreter ist?<\/span><\/a><\/h3><\/div><div id=\"0b0c8331129197c81\" class=\"panel-collapse collapse \" aria-labelledby=\"toggle_0b0c8331129197c81\"><div class=\"panel-body toggle-content fusion-clearfix\">\n<p>Jeder Lux-Vertreter hat einen Lux-Ausweis, den er Ihnen mit Stolz zeigen wird.<\/p>\n<\/div><\/div><\/div><\/div><\/div><\/div><\/div><\/div><\/div>\n<\/div><\/div><\/div><\/div><\/div><\/li>\n<\/ul><\/div><\/div><\/div><\/div><\/div>\n","protected":false},"excerpt":{"rendered":"","protected":false},"author":1,"featured_media":0,"parent":6335,"menu_order":0,"comment_status":"closed","ping_status":"closed","template":"100-width.php","meta":{"_acf_changed":false,"footnotes":""},"class_list":["post-6164","page","type-page","status-publish","hentry"],"acf":[],"_links":{"self":[{"href":"https:\/\/luxinternational.com\/de\/wp-json\/wp\/v2\/pages\/6164","targetHints":{"allow":["GET"]}}],"collection":[{"href":"https:\/\/luxinternational.com\/de\/wp-json\/wp\/v2\/pages"}],"about":[{"href":"https:\/\/luxinternational.com\/de\/wp-json\/wp\/v2\/types\/page"}],"author":[{"embeddable":true,"href":"https:\/\/luxinternational.com\/de\/wp-json\/wp\/v2\/users\/1"}],"replies":[{"embeddable":true,"href":"https:\/\/luxinternational.com\/de\/wp-json\/wp\/v2\/comments?post=6164"}],"version-history":[{"count":0,"href":"https:\/\/luxinternational.com\/de\/wp-json\/wp\/v2\/pages\/6164\/revisions"}],"up":[{"embeddable":true,"href":"https:\/\/luxinternational.com\/de\/wp-json\/wp\/v2\/pages\/6335"}],"wp:attachment":[{"href":"https:\/\/luxinternational.com\/de\/wp-json\/wp\/v2\/media?parent=6164"}],"curies":[{"name":"wp","href":"https:\/\/api.w.org\/{rel}","templated":true}]}}