{"id":11793,"date":"2024-03-07T17:06:07","date_gmt":"2024-03-07T16:06:07","guid":{"rendered":"https:\/\/luxinternational.com\/product\/matrace-welity\/"},"modified":"2026-03-05T13:30:47","modified_gmt":"2026-03-05T12:30:47","slug":"matrace-welity","status":"publish","type":"product","link":"https:\/\/luxinternational.com\/cs\/product\/matrace-welity\/","title":{"rendered":"Matrace Welity"},"content":{"rendered":"<div class=\"fusion-fullwidth fullwidth-box fusion-builder-row-1 fusion-flex-container has-pattern-background has-mask-background nonhundred-percent-fullwidth non-hundred-percent-height-scrolling\" style=\"--awb-border-radius-top-left:0px;--awb-border-radius-top-right:0px;--awb-border-radius-bottom-right:0px;--awb-border-radius-bottom-left:0px;--awb-padding-right:0px;--awb-padding-left:0px;--awb-margin-top:30px;--awb-margin-top-medium:15px;--awb-flex-wrap:wrap;\" id=\"product-tabs\" ><div class=\"fusion-builder-row fusion-row fusion-flex-align-items-flex-start fusion-flex-content-wrap\" style=\"max-width:1372.8px;margin-left: calc(-4% \/ 2 );margin-right: calc(-4% \/ 2 );\"><div class=\"fusion-layout-column fusion_builder_column fusion-builder-column-0 fusion_builder_column_1_1 1_1 fusion-flex-column\" style=\"--awb-bg-size:cover;--awb-width-large:100%;--awb-margin-top-large:0px;--awb-spacing-right-large:1.92%;--awb-margin-bottom-large:20px;--awb-spacing-left-large:1.92%;--awb-width-medium:100%;--awb-order-medium:0;--awb-spacing-right-medium:1.92%;--awb-spacing-left-medium:1.92%;--awb-width-small:100%;--awb-order-small:0;--awb-spacing-right-small:1.92%;--awb-spacing-left-small:1.92%;\"><div class=\"fusion-column-wrapper fusion-column-has-shadow fusion-flex-justify-content-flex-start fusion-content-layout-column\"><div class=\"fusion-image-carousel fusion-image-carousel-fixed fusion-image-carousel-1 lightbox-enabled fusion-carousel-border\"><div class=\"awb-carousel awb-swiper awb-swiper-carousel awb-carousel--carousel awb-swiper-dots-position-bottom\" data-layout=\"carousel\" data-autoplay=\"no\" data-autoplayspeed=\"2500\" data-autoplaypause=\"no\" data-columns=\"5\" data-columnsmedium=\"1\" data-columnssmall=\"1\" data-itemmargin=\"10\" data-itemwidth=\"180\" data-touchscroll=\"no\" data-freemode=\"no\" data-imagesize=\"fixed\" data-scrollitems=\"0\" data-centeredslides=\"no\" data-rotationangle=\"50\" data-depth=\"100\" data-speed=\"500\" data-shadow=\"no\" data-pagination=\"bullets\" style=\"--awb-column-spacing:10px;--awb-border-width:1px;--awb-border-color:#e9eaee;\"><div class=\"swiper-wrapper awb-image-carousel-wrapper fusion-flex-align-items-center\"><div class=\"swiper-slide\"><div class=\"fusion-carousel-item-wrapper\"><div class=\"fusion-image-wrapper hover-type-none\"><a data-rel=\"iLightbox[image_carousel_1]\" data-title=\"236_pic2_o\" aria-label=\"236_pic2_o\" href=\"https:\/\/luxinternational.com\/wp-content\/uploads\/2024\/04\/236_pic2_o.jpeg\" target=\"_self\"><img decoding=\"async\" width=\"320\" height=\"202\" src=\"data:image\/svg+xml,%3Csvg%20xmlns%3D%27http%3A%2F%2Fwww.w3.org%2F2000%2Fsvg%27%20width%3D%271024%27%20height%3D%27576%27%20viewBox%3D%270%200%201024%20576%27%3E%3Crect%20width%3D%271024%27%20height%3D%27576%27%20fill-opacity%3D%220%22%2F%3E%3C%2Fsvg%3E\" class=\"attachment-blog-medium size-blog-medium lazyload\" alt=\"\" data-orig-src=\"https:\/\/luxinternational.com\/wp-content\/uploads\/2024\/04\/236_pic2_o-320x202.jpeg\" \/><\/a><\/div><\/div><\/div><div class=\"swiper-slide\"><div class=\"fusion-carousel-item-wrapper\"><div class=\"fusion-image-wrapper hover-type-none\"><a data-rel=\"iLightbox[image_carousel_1]\" data-title=\"236_pic3_o\" aria-label=\"236_pic3_o\" href=\"https:\/\/luxinternational.com\/wp-content\/uploads\/2024\/04\/236_pic3_o.jpeg\" target=\"_self\"><img decoding=\"async\" width=\"320\" height=\"202\" src=\"data:image\/svg+xml,%3Csvg%20xmlns%3D%27http%3A%2F%2Fwww.w3.org%2F2000%2Fsvg%27%20width%3D%271024%27%20height%3D%27576%27%20viewBox%3D%270%200%201024%20576%27%3E%3Crect%20width%3D%271024%27%20height%3D%27576%27%20fill-opacity%3D%220%22%2F%3E%3C%2Fsvg%3E\" class=\"attachment-blog-medium size-blog-medium lazyload\" alt=\"\" data-orig-src=\"https:\/\/luxinternational.com\/wp-content\/uploads\/2024\/04\/236_pic3_o-320x202.jpeg\" \/><\/a><\/div><\/div><\/div><div class=\"swiper-slide\"><div class=\"fusion-carousel-item-wrapper\"><div class=\"fusion-image-wrapper hover-type-none\"><a data-rel=\"iLightbox[image_carousel_1]\" data-title=\"236_pic4_o\" aria-label=\"236_pic4_o\" href=\"https:\/\/luxinternational.com\/wp-content\/uploads\/2024\/04\/236_pic4_o.jpeg\" target=\"_self\"><img decoding=\"async\" width=\"320\" height=\"202\" src=\"data:image\/svg+xml,%3Csvg%20xmlns%3D%27http%3A%2F%2Fwww.w3.org%2F2000%2Fsvg%27%20width%3D%271024%27%20height%3D%27576%27%20viewBox%3D%270%200%201024%20576%27%3E%3Crect%20width%3D%271024%27%20height%3D%27576%27%20fill-opacity%3D%220%22%2F%3E%3C%2Fsvg%3E\" class=\"attachment-blog-medium size-blog-medium lazyload\" alt=\"\" data-orig-src=\"https:\/\/luxinternational.com\/wp-content\/uploads\/2024\/04\/236_pic4_o-320x202.jpeg\" \/><\/a><\/div><\/div><\/div><div class=\"swiper-slide\"><div class=\"fusion-carousel-item-wrapper\"><div class=\"fusion-image-wrapper hover-type-none\"><a data-rel=\"iLightbox[image_carousel_1]\" data-title=\"236_pic5_o\" aria-label=\"236_pic5_o\" href=\"https:\/\/luxinternational.com\/wp-content\/uploads\/2024\/04\/236_pic5_o.jpeg\" target=\"_self\"><img decoding=\"async\" width=\"320\" height=\"202\" src=\"data:image\/svg+xml,%3Csvg%20xmlns%3D%27http%3A%2F%2Fwww.w3.org%2F2000%2Fsvg%27%20width%3D%271024%27%20height%3D%27576%27%20viewBox%3D%270%200%201024%20576%27%3E%3Crect%20width%3D%271024%27%20height%3D%27576%27%20fill-opacity%3D%220%22%2F%3E%3C%2Fsvg%3E\" class=\"attachment-blog-medium size-blog-medium lazyload\" alt=\"\" data-orig-src=\"https:\/\/luxinternational.com\/wp-content\/uploads\/2024\/04\/236_pic5_o-320x202.jpeg\" \/><\/a><\/div><\/div><\/div><div class=\"swiper-slide\"><div class=\"fusion-carousel-item-wrapper\"><div class=\"fusion-image-wrapper hover-type-none\"><a data-rel=\"iLightbox[image_carousel_1]\" data-title=\"236_pic6_o\" aria-label=\"236_pic6_o\" href=\"https:\/\/luxinternational.com\/wp-content\/uploads\/2024\/04\/236_pic6_o.jpeg\" target=\"_self\"><img decoding=\"async\" width=\"320\" height=\"202\" src=\"data:image\/svg+xml,%3Csvg%20xmlns%3D%27http%3A%2F%2Fwww.w3.org%2F2000%2Fsvg%27%20width%3D%271024%27%20height%3D%27576%27%20viewBox%3D%270%200%201024%20576%27%3E%3Crect%20width%3D%271024%27%20height%3D%27576%27%20fill-opacity%3D%220%22%2F%3E%3C%2Fsvg%3E\" class=\"attachment-blog-medium size-blog-medium lazyload\" alt=\"\" data-orig-src=\"https:\/\/luxinternational.com\/wp-content\/uploads\/2024\/04\/236_pic6_o-320x202.jpeg\" \/><\/a><\/div><\/div><\/div><div class=\"swiper-slide\"><div class=\"fusion-carousel-item-wrapper\"><div class=\"fusion-image-wrapper hover-type-none\"><a data-rel=\"iLightbox[image_carousel_1]\" data-title=\"236_pic7_o\" aria-label=\"236_pic7_o\" href=\"https:\/\/luxinternational.com\/wp-content\/uploads\/2024\/04\/236_pic7_o.jpeg\" target=\"_self\"><img decoding=\"async\" width=\"320\" height=\"202\" src=\"data:image\/svg+xml,%3Csvg%20xmlns%3D%27http%3A%2F%2Fwww.w3.org%2F2000%2Fsvg%27%20width%3D%271024%27%20height%3D%27576%27%20viewBox%3D%270%200%201024%20576%27%3E%3Crect%20width%3D%271024%27%20height%3D%27576%27%20fill-opacity%3D%220%22%2F%3E%3C%2Fsvg%3E\" class=\"attachment-blog-medium size-blog-medium lazyload\" alt=\"\" data-orig-src=\"https:\/\/luxinternational.com\/wp-content\/uploads\/2024\/04\/236_pic7_o-320x202.jpeg\" \/><\/a><\/div><\/div><\/div><div class=\"swiper-slide\"><div class=\"fusion-carousel-item-wrapper\"><div class=\"fusion-image-wrapper hover-type-none\"><a data-rel=\"iLightbox[image_carousel_1]\" data-title=\"372_pic2_n\" aria-label=\"372_pic2_n\" href=\"https:\/\/luxinternational.com\/wp-content\/uploads\/2024\/04\/372_pic2_n.jpeg\" target=\"_self\"><img decoding=\"async\" width=\"320\" height=\"202\" src=\"data:image\/svg+xml,%3Csvg%20xmlns%3D%27http%3A%2F%2Fwww.w3.org%2F2000%2Fsvg%27%20width%3D%271024%27%20height%3D%27576%27%20viewBox%3D%270%200%201024%20576%27%3E%3Crect%20width%3D%271024%27%20height%3D%27576%27%20fill-opacity%3D%220%22%2F%3E%3C%2Fsvg%3E\" class=\"attachment-blog-medium size-blog-medium lazyload\" alt=\"\" data-orig-src=\"https:\/\/luxinternational.com\/wp-content\/uploads\/2024\/04\/372_pic2_n-320x202.jpeg\" \/><\/a><\/div><\/div><\/div><\/div><div class=\"awb-swiper-button awb-swiper-button-prev\"><i class=\"awb-icon-angle-left\" aria-hidden=\"true\"><\/i><\/div><div class=\"awb-swiper-button awb-swiper-button-next\"><i class=\"awb-icon-angle-right\" aria-hidden=\"true\"><\/i><\/div><\/div><\/div><\/div><\/div><div class=\"fusion-layout-column fusion_builder_column fusion-builder-column-1 fusion_builder_column_1_1 1_1 fusion-flex-column\" style=\"--awb-bg-size:cover;--awb-width-large:100%;--awb-margin-top-large:0px;--awb-spacing-right-large:1.92%;--awb-margin-bottom-large:20px;--awb-spacing-left-large:1.92%;--awb-width-medium:100%;--awb-order-medium:0;--awb-spacing-right-medium:1.92%;--awb-spacing-left-medium:1.92%;--awb-width-small:100%;--awb-order-small:0;--awb-spacing-right-small:1.92%;--awb-spacing-left-small:1.92%;\" data-scroll-devices=\"small-visibility,medium-visibility,large-visibility\"><div class=\"fusion-column-wrapper fusion-column-has-shadow fusion-flex-justify-content-flex-start fusion-content-layout-column\"><div class=\"fusion-tabs fusion-tabs-1 classic nav-is-justified horizontal-tabs icon-position-left mobile-mode-accordion\" style=\"--awb-title-border-radius-top-left:0px;--awb-title-border-radius-top-right:0px;--awb-title-border-radius-bottom-right:0px;--awb-title-border-radius-bottom-left:0px;--awb-alignment:start;--awb-inactive-color:var(--awb-custom_color_6);--awb-background-color:var(--awb-color1);--awb-border-color:var(--awb-custom_color_6);--awb-active-border-color:var(--awb-color5);\"><div class=\"nav\"><ul class=\"nav-tabs nav-justified\" role=\"tablist\"><li class=\"active\" role=\"presentation\"><a class=\"tab-link\" data-toggle=\"tab\" role=\"tab\" aria-controls=\"tab-23df0ffcc979f9dbd11\" aria-selected=\"true\" id=\"fusion-tab-specifikace\" href=\"#tab-23df0ffcc979f9dbd11\"><h4 class=\"fusion-tab-heading\">Specifikace<\/h4><\/a><\/li><li role=\"presentation\"><a class=\"tab-link\" data-toggle=\"tab\" role=\"tab\" aria-controls=\"tab-1bbfa0de61b39f894e3\" aria-selected=\"false\" tabindex=\"-1\" id=\"fusion-tab-funkce\" href=\"#tab-1bbfa0de61b39f894e3\"><h4 class=\"fusion-tab-heading\">Funkce<\/h4><\/a><\/li><li role=\"presentation\"><a class=\"tab-link\" data-toggle=\"tab\" role=\"tab\" aria-controls=\"tab-9dd566ac148ed5963ca\" aria-selected=\"false\" tabindex=\"-1\" id=\"fusion-tab-certifik\u00e1tyaocen\u011bn\u00ed\" href=\"#tab-9dd566ac148ed5963ca\"><h4 class=\"fusion-tab-heading\">Certifik\u00e1ty a ocen\u011bn\u00ed<\/h4><\/a><\/li><\/ul><\/div><div class=\"tab-content\"><div class=\"nav fusion-mobile-tab-nav\"><ul class=\"nav-tabs nav-justified\" role=\"tablist\"><li class=\"active\" role=\"presentation\"><a class=\"tab-link\" data-toggle=\"tab\" role=\"tab\" aria-controls=\"tab-23df0ffcc979f9dbd11\" aria-selected=\"true\" id=\"mobile-fusion-tab-specifikace\" href=\"#tab-23df0ffcc979f9dbd11\"><h4 class=\"fusion-tab-heading\">Specifikace<\/h4><\/a><\/li><\/ul><\/div><div class=\"tab-pane fade fusion-clearfix in active\" role=\"tabpanel\" tabindex=\"0\" aria-labelledby=\"fusion-tab-specifikace\" id=\"tab-23df0ffcc979f9dbd11\">\n<table>\n<tbody>\n<tr>\n<td>Vrstva lamel s 5 z\u00f3nami<\/td>\n<td>17 cm<\/td>\n<\/tr>\n<tr>\n<td>Vrstva pam\u011b\u0165ov\u00e9 p\u011bny Visco<\/td>\n<td>3 cm<\/td>\n<\/tr>\n<tr>\n<td>Kryt 1 Visco knofl\u00edkov\u00e1 struktura<\/td>\n<td>2,5 cm<\/td>\n<\/tr>\n<tr>\n<td>Ob\u00e1lka 2 Outlast<\/td>\n<td>0,5 cm<\/td>\n<\/tr>\n<tr>\n<td>Barvy<\/td>\n<td>b\u00edl\u00e1 \/ hn\u011bd\u00e1<\/td>\n<\/tr>\n<tr>\n<td>Z\u00e1ruka<\/td>\n<td>3 roky<\/td>\n<\/tr>\n<tr>\n<td>Rozm\u011bry (\u0161 x v x h)<\/td>\n<td>80 x 200 x 23 cm<\/td>\n<\/tr>\n<tr>\n<td><\/td>\n<td>90 x 190 x 23 cm<\/td>\n<\/tr>\n<tr>\n<td><\/td>\n<td>100 x 190 x 23 cm<\/td>\n<\/tr>\n<tr>\n<td><\/td>\n<td>100 x 200 x 23 cm<\/td>\n<\/tr>\n<tr>\n<td><\/td>\n<td>120 x 200 x 23 cm<\/td>\n<\/tr>\n<tr>\n<td><\/td>\n<td>140 x 200 x 23 cm<\/td>\n<\/tr>\n<tr>\n<td>Mno\u017estv\u00ed\/balen\u00ed<\/td>\n<td>1<\/td>\n<\/tr>\n<\/tbody>\n<\/table>\n<\/div><div class=\"nav fusion-mobile-tab-nav\"><ul class=\"nav-tabs nav-justified\" role=\"tablist\"><li role=\"presentation\"><a class=\"tab-link\" data-toggle=\"tab\" role=\"tab\" aria-controls=\"tab-1bbfa0de61b39f894e3\" aria-selected=\"false\" tabindex=\"-1\" id=\"mobile-fusion-tab-funkce\" href=\"#tab-1bbfa0de61b39f894e3\"><h4 class=\"fusion-tab-heading\">Funkce<\/h4><\/a><\/li><\/ul><\/div><div class=\"tab-pane fade fusion-clearfix\" role=\"tabpanel\" tabindex=\"0\" aria-labelledby=\"fusion-tab-funkce\" id=\"tab-1bbfa0de61b39f894e3\">\n<p><img decoding=\"async\" class=\"lazyload alignnone wp-image-4058 size-thumbnail\" src=\"https:\/\/luxinternational.com\/wp-content\/uploads\/2024\/03\/outlast-logo-150x150.jpg\" data-orig-src=\"https:\/\/luxinternational.com\/wp-content\/uploads\/2024\/03\/outlast-logo-150x150.jpg\" alt=\"\" width=\"150\" height=\"150\" srcset=\"data:image\/svg+xml,%3Csvg%20xmlns%3D%27http%3A%2F%2Fwww.w3.org%2F2000%2Fsvg%27%20width%3D%27150%27%20height%3D%27150%27%20viewBox%3D%270%200%20150%20150%27%3E%3Crect%20width%3D%27150%27%20height%3D%27150%27%20fill-opacity%3D%220%22%2F%3E%3C%2Fsvg%3E\" data-srcset=\"https:\/\/luxinternational.com\/wp-content\/uploads\/2024\/03\/outlast-logo-66x66.jpg 66w, https:\/\/luxinternational.com\/wp-content\/uploads\/2024\/03\/outlast-logo-150x150.jpg 150w, https:\/\/luxinternational.com\/wp-content\/uploads\/2024\/03\/outlast-logo-200x200.jpg 200w, https:\/\/luxinternational.com\/wp-content\/uploads\/2024\/03\/outlast-logo-300x300.jpg 300w, https:\/\/luxinternational.com\/wp-content\/uploads\/2024\/03\/outlast-logo-400x400.jpg 400w, https:\/\/luxinternational.com\/wp-content\/uploads\/2024\/03\/outlast-logo-600x600.jpg 600w, https:\/\/luxinternational.com\/wp-content\/uploads\/2024\/03\/outlast-logo-768x768.jpg 768w, https:\/\/luxinternational.com\/wp-content\/uploads\/2024\/03\/outlast-logo-800x800.jpg 800w, https:\/\/luxinternational.com\/wp-content\/uploads\/2024\/03\/outlast-logo-1024x1024.jpg 1024w, https:\/\/luxinternational.com\/wp-content\/uploads\/2024\/03\/outlast-logo.jpg 1200w\" data-sizes=\"auto\" data-orig-sizes=\"(max-width: 150px) 100vw, 150px\" \/><\/p>\n<p><strong>OUTLAST<\/strong><br \/>\nMateri\u00e1l Outlast nab\u00edz\u00ed zn\u00e1mou termoregulaci, kter\u00e1 spolu s pro\u0161\u00edvan\u00fdm klimatick\u00fdm vl\u00e1knem vytv\u00e1\u0159\u00ed optim\u00e1ln\u00ed teplotn\u00ed rovnov\u00e1hu a reguluje vlhkost &#8211; nakonec se probud\u00edte zotaven\u00ed. Ani p\u0159\u00edli\u0161 horko, ani p\u0159\u00edli\u0161 zima &#8211; prost\u011b tak akor\u00e1t. <\/p>\n<p><img decoding=\"async\" class=\"lazyload alignnone size-full wp-image-4054\" src=\"data:image\/svg+xml,%3Csvg%20xmlns%3D%27http%3A%2F%2Fwww.w3.org%2F2000%2Fsvg%27%20width%3D%27158%27%20height%3D%27114%27%20viewBox%3D%270%200%20158%20114%27%3E%3Crect%20width%3D%27158%27%20height%3D%27114%27%20fill-opacity%3D%220%22%2F%3E%3C%2Fsvg%3E\" data-orig-src=\"https:\/\/luxinternational.com\/wp-content\/uploads\/2024\/03\/knobbed.png\" alt=\"\" width=\"158\" height=\"114\"><\/p>\n<p><strong>MAS\u00c1\u017dN\u00cd EFEKT<\/strong><br \/>\nMatrace Welity s potahem z pam\u011b\u0165ov\u00e9 p\u011bny s d\u016flky podporuje krevn\u00ed ob\u011bh. Tento proces regeneruje mikrocirkulaci t\u011bla a z\u016fst\u00e1v\u00e1 konstantn\u00ed po celou dobu odpo\u010dinku. <\/p>\n<p><img decoding=\"async\" class=\"lazyload alignnone wp-image-4055 size-thumbnail\" src=\"https:\/\/luxinternational.com\/wp-content\/uploads\/2024\/03\/mattress-150x150.png\" data-orig-src=\"https:\/\/luxinternational.com\/wp-content\/uploads\/2024\/03\/mattress-150x150.png\" alt=\"\" width=\"150\" height=\"150\" srcset=\"data:image\/svg+xml,%3Csvg%20xmlns%3D%27http%3A%2F%2Fwww.w3.org%2F2000%2Fsvg%27%20width%3D%27150%27%20height%3D%27150%27%20viewBox%3D%270%200%20150%20150%27%3E%3Crect%20width%3D%27150%27%20height%3D%27150%27%20fill-opacity%3D%220%22%2F%3E%3C%2Fsvg%3E\" data-srcset=\"https:\/\/luxinternational.com\/wp-content\/uploads\/2024\/03\/mattress-66x66.png 66w, https:\/\/luxinternational.com\/wp-content\/uploads\/2024\/03\/mattress-150x150.png 150w\" data-sizes=\"auto\" data-orig-sizes=\"(max-width: 150px) 100vw, 150px\" \/><\/p>\n<p><strong>4 MO\u017dNOSTI LE\u017dEN\u00cd, 1 MATRACE<\/strong><br \/>\nMatraci, speci\u00e1ln\u011b vyvinutou t\u00fdmem odborn\u00edk\u016f, lze d\u00edky oboustrann\u00e9mu podkladu a potahu individu\u00e1ln\u011b p\u0159izp\u016fsobit \u010dty\u0159em r\u016fzn\u00fdm kombinac\u00edm matrac\u00ed. Tyto speci\u00e1ln\u00ed materi\u00e1ly v kombinaci s jedine\u010dn\u00fdm zpracov\u00e1n\u00edm vytv\u00e1\u0159ej\u00ed nev\u00eddan\u00fd pocit z le\u017een\u00ed. <\/p>\n<p><img decoding=\"async\" class=\"lazyload alignnone wp-image-4052 size-thumbnail\" src=\"https:\/\/luxinternational.com\/wp-content\/uploads\/2024\/03\/mg_0410-150x150.jpg\" data-orig-src=\"https:\/\/luxinternational.com\/wp-content\/uploads\/2024\/03\/mg_0410-150x150.jpg\" alt=\"\" width=\"150\" height=\"150\" srcset=\"data:image\/svg+xml,%3Csvg%20xmlns%3D%27http%3A%2F%2Fwww.w3.org%2F2000%2Fsvg%27%20width%3D%27150%27%20height%3D%27150%27%20viewBox%3D%270%200%20150%20150%27%3E%3Crect%20width%3D%27150%27%20height%3D%27150%27%20fill-opacity%3D%220%22%2F%3E%3C%2Fsvg%3E\" data-srcset=\"https:\/\/luxinternational.com\/wp-content\/uploads\/2024\/03\/mg_0410-66x66.jpg 66w, https:\/\/luxinternational.com\/wp-content\/uploads\/2024\/03\/mg_0410-150x150.jpg 150w\" data-sizes=\"auto\" data-orig-sizes=\"(max-width: 150px) 100vw, 150px\" \/><\/p>\n<p><strong>REGENERA\u010cN\u00cd LAMELLAE<\/strong><br \/>\nNa\u0161e jedine\u010dn\u00e1 lamelov\u00e1 vrstva podporuje pohyb p\u00e1te\u0159e b\u011bhem sp\u00e1nku a zaji\u0161\u0165uje optim\u00e1ln\u00ed relaxaci. Lamely nav\u00edc napom\u00e1haj\u00ed optim\u00e1ln\u00edmu odv\u011btr\u00e1v\u00e1n\u00ed pro dobr\u00fd pocit p\u0159i le\u017een\u00ed. V\u00fd\u0159ezy p\u011bny byly navr\u017eeny tak, aby optim\u00e1ln\u011b podporovaly 5 t\u011blesn\u00fdch z\u00f3n. Skl\u00e1d\u00e1 se z vysoce elastick\u00e9 a odoln\u00e9 p\u011bny s vysokou pru\u017enost\u00ed. Jej\u00ed regenera\u010dn\u00ed \u00fa\u010dinek je d\u00e1n odvozen\u00edm od Dornovy terapie. Progresivn\u00ed 5z\u00f3nov\u00e9 lamelov\u00e9 v\u00fd\u0159ezy zaji\u0161\u0165uj\u00ed optim\u00e1ln\u00ed regeneraci zad p\u0159es noc.     <\/p>\n<p><img decoding=\"async\" class=\"lazyload alignnone wp-image-4051 size-thumbnail\" src=\"https:\/\/luxinternational.com\/wp-content\/uploads\/2024\/03\/mg_0242_bycs-150x150.jpg\" data-orig-src=\"https:\/\/luxinternational.com\/wp-content\/uploads\/2024\/03\/mg_0242_bycs-150x150.jpg\" alt=\"\" width=\"150\" height=\"150\" srcset=\"data:image\/svg+xml,%3Csvg%20xmlns%3D%27http%3A%2F%2Fwww.w3.org%2F2000%2Fsvg%27%20width%3D%27150%27%20height%3D%27150%27%20viewBox%3D%270%200%20150%20150%27%3E%3Crect%20width%3D%27150%27%20height%3D%27150%27%20fill-opacity%3D%220%22%2F%3E%3C%2Fsvg%3E\" data-srcset=\"https:\/\/luxinternational.com\/wp-content\/uploads\/2024\/03\/mg_0242_bycs-66x66.jpg 66w, https:\/\/luxinternational.com\/wp-content\/uploads\/2024\/03\/mg_0242_bycs-150x150.jpg 150w\" data-sizes=\"auto\" data-orig-sizes=\"(max-width: 150px) 100vw, 150px\" \/><\/p>\n<p><strong>SN\u00cdMATELN\u00dd POTAH<\/strong><br \/>\nPotahy matrace Welity jsou sn\u00edmateln\u00e9 a lze je rozd\u011blit na dv\u011b poloviny, tak\u017ee je lze snadno pr\u00e1t p\u0159i maxim\u00e1ln\u00ed teplot\u011b 60 stup\u0148\u016f Celsia &#8211; pro dlouhou \u017eivotnost a hygienu.<\/p>\n<p><img decoding=\"async\" class=\"lazyload alignnone wp-image-4056 size-thumbnail\" src=\"data:image\/svg+xml,%3Csvg%20xmlns%3D%27http%3A%2F%2Fwww.w3.org%2F2000%2Fsvg%27%20width%3D%27150%27%20height%3D%27123%27%20viewBox%3D%270%200%20150%20123%27%3E%3Crect%20width%3D%27150%27%20height%3D%27123%27%20fill-opacity%3D%220%22%2F%3E%3C%2Fsvg%3E\" data-orig-src=\"https:\/\/luxinternational.com\/wp-content\/uploads\/2024\/03\/memory-massage-150x123.png\" alt=\"\" width=\"150\" height=\"123\"><\/p>\n<p><strong>Pam\u011b\u0165ov\u00e1 p\u011bna<\/strong><br \/>\nDruh\u00e1 vrstva je vyrobena z vysoce kvalitn\u00ed pam\u011b\u0165ov\u00e9 p\u011bny Visco. Tato vrstva je m\u011bk\u010d\u00ed z obou a poskytuje velmi p\u0159\u00edjemn\u00e9 pohodl\u00ed p\u0159i le\u017een\u00ed. Otev\u0159en\u00e9 p\u00f3ry t\u00e9to vrstvy zaji\u0161\u0165uj\u00ed nejlep\u0161\u00ed cirkulaci vzduchu a d\u00edky vysok\u00e9 bodov\u00e9 elasticit\u011b pam\u011b\u0165ov\u00e9 p\u011bny se dokonale p\u0159izp\u016fsob\u00ed va\u0161emu t\u011blu.<\/p>\n<\/div><div class=\"nav fusion-mobile-tab-nav\"><ul class=\"nav-tabs nav-justified\" role=\"tablist\"><li role=\"presentation\"><a class=\"tab-link\" data-toggle=\"tab\" role=\"tab\" aria-controls=\"tab-9dd566ac148ed5963ca\" aria-selected=\"false\" tabindex=\"-1\" id=\"mobile-fusion-tab-certifik\u00e1tyaocen\u011bn\u00ed\" href=\"#tab-9dd566ac148ed5963ca\"><h4 class=\"fusion-tab-heading\">Certifik\u00e1ty a ocen\u011bn\u00ed<\/h4><\/a><\/li><\/ul><\/div><div class=\"tab-pane fade fusion-clearfix\" role=\"tabpanel\" tabindex=\"0\" aria-labelledby=\"fusion-tab-certifik\u00e1tyaocen\u011bn\u00ed\" id=\"tab-9dd566ac148ed5963ca\"><img decoding=\"async\" class=\"lazyload alignnone wp-image-4057 size-full\" src=\"https:\/\/luxinternational.com\/wp-content\/uploads\/2024\/03\/oeko-tex.png\" data-orig-src=\"https:\/\/luxinternational.com\/wp-content\/uploads\/2024\/03\/oeko-tex.png\" alt=\"\" width=\"312\" height=\"162\" srcset=\"data:image\/svg+xml,%3Csvg%20xmlns%3D%27http%3A%2F%2Fwww.w3.org%2F2000%2Fsvg%27%20width%3D%27312%27%20height%3D%27162%27%20viewBox%3D%270%200%20312%20162%27%3E%3Crect%20width%3D%27312%27%20height%3D%27162%27%20fill-opacity%3D%220%22%2F%3E%3C%2Fsvg%3E\" data-srcset=\"https:\/\/luxinternational.com\/wp-content\/uploads\/2024\/03\/oeko-tex-200x104.png 200w, https:\/\/luxinternational.com\/wp-content\/uploads\/2024\/03\/oeko-tex-300x156.png 300w, https:\/\/luxinternational.com\/wp-content\/uploads\/2024\/03\/oeko-tex.png 312w\" data-sizes=\"auto\" data-orig-sizes=\"(max-width: 312px) 100vw, 312px\" \/><\/p>\n<p><strong>\u00d6KOTEX 100<\/strong><br \/>\nTkanina pou\u017eit\u00e1 v na\u0161em spac\u00edm syst\u00e9mu Welity je certifikov\u00e1na pe\u010det\u00ed \u00d6KOTEX 100. To znamen\u00e1, \u017ee byla testov\u00e1na na p\u0159\u00edtomnost \u0161kodliv\u00fdch l\u00e1tek a \u017ee je tedy v\u00fdrobek zdravotn\u011b nez\u00e1vadn\u00fd.<\/div><\/div><\/div><\/div><\/div><\/div><\/div>\n","protected":false},"excerpt":{"rendered":"","protected":false},"author":1,"featured_media":11804,"template":"","product-category":[149],"product-keyword":[152],"class_list":["post-11793","product","type-product","status-publish","has-post-thumbnail","hentry","product-category-good-sleep","product-keyword-good-sleep"],"acf":[],"_links":{"self":[{"href":"https:\/\/luxinternational.com\/cs\/wp-json\/wp\/v2\/product\/11793","targetHints":{"allow":["GET"]}}],"collection":[{"href":"https:\/\/luxinternational.com\/cs\/wp-json\/wp\/v2\/product"}],"about":[{"href":"https:\/\/luxinternational.com\/cs\/wp-json\/wp\/v2\/types\/product"}],"author":[{"embeddable":true,"href":"https:\/\/luxinternational.com\/cs\/wp-json\/wp\/v2\/users\/1"}],"version-history":[{"count":2,"href":"https:\/\/luxinternational.com\/cs\/wp-json\/wp\/v2\/product\/11793\/revisions"}],"predecessor-version":[{"id":13587,"href":"https:\/\/luxinternational.com\/cs\/wp-json\/wp\/v2\/product\/11793\/revisions\/13587"}],"wp:featuredmedia":[{"embeddable":true,"href":"https:\/\/luxinternational.com\/cs\/wp-json\/wp\/v2\/media\/11804"}],"wp:attachment":[{"href":"https:\/\/luxinternational.com\/cs\/wp-json\/wp\/v2\/media?parent=11793"}],"wp:term":[{"taxonomy":"product-category","embeddable":true,"href":"https:\/\/luxinternational.com\/cs\/wp-json\/wp\/v2\/product-category?post=11793"},{"taxonomy":"product-keyword","embeddable":true,"href":"https:\/\/luxinternational.com\/cs\/wp-json\/wp\/v2\/product-keyword?post=11793"}],"curies":[{"name":"wp","href":"https:\/\/api.w.org\/{rel}","templated":true}]}}