{"id":11790,"date":"2024-03-07T17:03:00","date_gmt":"2024-03-07T16:03:00","guid":{"rendered":"https:\/\/luxinternational.com\/product\/parni-cistic-ecolux-neo\/"},"modified":"2025-06-26T11:13:54","modified_gmt":"2025-06-26T09:13:54","slug":"parni-cistic-ecolux-neo","status":"publish","type":"product","link":"https:\/\/luxinternational.com\/cs\/product\/parni-cistic-ecolux-neo\/","title":{"rendered":"Parn\u00ed \u010disti\u010d Ecolux Neo"},"content":{"rendered":"<p><div class=\"fusion-fullwidth fullwidth-box fusion-builder-row-1 fusion-flex-container has-pattern-background has-mask-background nonhundred-percent-fullwidth non-hundred-percent-height-scrolling\" style=\"--awb-border-radius-top-left:0px;--awb-border-radius-top-right:0px;--awb-border-radius-bottom-right:0px;--awb-border-radius-bottom-left:0px;--awb-padding-right:0px;--awb-padding-left:0px;--awb-margin-top:30px;--awb-margin-top-medium:15px;--awb-flex-wrap:wrap;\" id=\"product-tabs\" ><div class=\"fusion-builder-row fusion-row fusion-flex-align-items-flex-start fusion-flex-content-wrap\" style=\"max-width:1372.8px;margin-left: calc(-4% \/ 2 );margin-right: calc(-4% \/ 2 );\"><div class=\"fusion-layout-column fusion_builder_column fusion-builder-column-0 fusion_builder_column_1_1 1_1 fusion-flex-column\" style=\"--awb-bg-size:cover;--awb-width-large:100%;--awb-margin-top-large:0px;--awb-spacing-right-large:1.92%;--awb-margin-bottom-large:20px;--awb-spacing-left-large:1.92%;--awb-width-medium:100%;--awb-order-medium:0;--awb-spacing-right-medium:1.92%;--awb-spacing-left-medium:1.92%;--awb-width-small:100%;--awb-order-small:0;--awb-spacing-right-small:1.92%;--awb-spacing-left-small:1.92%;\"><div class=\"fusion-column-wrapper fusion-column-has-shadow fusion-flex-justify-content-flex-start fusion-content-layout-column\"><div class=\"fusion-image-carousel fusion-image-carousel-fixed fusion-image-carousel-1 lightbox-enabled fusion-carousel-border\"><div class=\"awb-carousel awb-swiper awb-swiper-carousel awb-carousel--carousel awb-swiper-dots-position-bottom\" data-layout=\"carousel\" data-autoplay=\"no\" data-autoplayspeed=\"2500\" data-autoplaypause=\"no\" data-columns=\"5\" data-columnsmedium=\"1\" data-columnssmall=\"1\" data-itemmargin=\"10\" data-itemwidth=\"180\" data-touchscroll=\"no\" data-freemode=\"no\" data-imagesize=\"fixed\" data-scrollitems=\"0\" data-centeredslides=\"no\" data-rotationangle=\"50\" data-depth=\"100\" data-speed=\"500\" data-shadow=\"no\" data-pagination=\"bullets\" style=\"--awb-column-spacing:10px;--awb-border-width:1px;--awb-border-color:#e9eaee;\"><div class=\"swiper-wrapper awb-image-carousel-wrapper fusion-flex-align-items-center\"><div class=\"swiper-slide\"><div class=\"fusion-carousel-item-wrapper\"><div class=\"fusion-image-wrapper hover-type-none\"><a data-rel=\"iLightbox[image_carousel_1]\" data-title=\"95_pic2_o\" aria-label=\"95_pic2_o\" href=\"https:\/\/luxinternational.com\/wp-content\/uploads\/2024\/04\/95_pic2_o.png\" target=\"_self\"><img decoding=\"async\" width=\"320\" height=\"202\" src=\"data:image\/svg+xml,%3Csvg%20xmlns%3D%27http%3A%2F%2Fwww.w3.org%2F2000%2Fsvg%27%20width%3D%271007%27%20height%3D%27768%27%20viewBox%3D%270%200%201007%20768%27%3E%3Crect%20width%3D%271007%27%20height%3D%27768%27%20fill-opacity%3D%220%22%2F%3E%3C%2Fsvg%3E\" class=\"attachment-blog-medium size-blog-medium lazyload\" alt=\"\" data-orig-src=\"https:\/\/luxinternational.com\/wp-content\/uploads\/2024\/04\/95_pic2_o-320x202.png\" \/><\/a><\/div><\/div><\/div><div class=\"swiper-slide\"><div class=\"fusion-carousel-item-wrapper\"><div class=\"fusion-image-wrapper hover-type-none\"><a data-rel=\"iLightbox[image_carousel_1]\" data-title=\"95_pic3_o\" aria-label=\"95_pic3_o\" href=\"https:\/\/luxinternational.com\/wp-content\/uploads\/2024\/04\/95_pic3_o.jpeg\" target=\"_self\"><img decoding=\"async\" width=\"320\" height=\"202\" src=\"data:image\/svg+xml,%3Csvg%20xmlns%3D%27http%3A%2F%2Fwww.w3.org%2F2000%2Fsvg%27%20width%3D%271024%27%20height%3D%27632%27%20viewBox%3D%270%200%201024%20632%27%3E%3Crect%20width%3D%271024%27%20height%3D%27632%27%20fill-opacity%3D%220%22%2F%3E%3C%2Fsvg%3E\" class=\"attachment-blog-medium size-blog-medium lazyload\" alt=\"\" data-orig-src=\"https:\/\/luxinternational.com\/wp-content\/uploads\/2024\/04\/95_pic3_o-320x202.jpeg\" \/><\/a><\/div><\/div><\/div><div class=\"swiper-slide\"><div class=\"fusion-carousel-item-wrapper\"><div class=\"fusion-image-wrapper hover-type-none\"><a data-rel=\"iLightbox[image_carousel_1]\" data-title=\"95_pic4_o\" aria-label=\"95_pic4_o\" href=\"https:\/\/luxinternational.com\/wp-content\/uploads\/2024\/04\/95_pic4_o.jpeg\" target=\"_self\"><img decoding=\"async\" width=\"320\" height=\"202\" src=\"data:image\/svg+xml,%3Csvg%20xmlns%3D%27http%3A%2F%2Fwww.w3.org%2F2000%2Fsvg%27%20width%3D%271280%27%20height%3D%271920%27%20viewBox%3D%270%200%201280%201920%27%3E%3Crect%20width%3D%271280%27%20height%3D%271920%27%20fill-opacity%3D%220%22%2F%3E%3C%2Fsvg%3E\" class=\"attachment-blog-medium size-blog-medium lazyload\" alt=\"\" data-orig-src=\"https:\/\/luxinternational.com\/wp-content\/uploads\/2024\/04\/95_pic4_o-320x202.jpeg\" \/><\/a><\/div><\/div><\/div><div class=\"swiper-slide\"><div class=\"fusion-carousel-item-wrapper\"><div class=\"fusion-image-wrapper hover-type-none\"><a data-rel=\"iLightbox[image_carousel_1]\" data-title=\"95_pic6_o\" aria-label=\"95_pic6_o\" href=\"https:\/\/luxinternational.com\/wp-content\/uploads\/2024\/04\/95_pic6_o.jpeg\" target=\"_self\"><img decoding=\"async\" width=\"320\" height=\"202\" src=\"data:image\/svg+xml,%3Csvg%20xmlns%3D%27http%3A%2F%2Fwww.w3.org%2F2000%2Fsvg%27%20width%3D%271920%27%20height%3D%271251%27%20viewBox%3D%270%200%201920%201251%27%3E%3Crect%20width%3D%271920%27%20height%3D%271251%27%20fill-opacity%3D%220%22%2F%3E%3C%2Fsvg%3E\" class=\"attachment-blog-medium size-blog-medium lazyload\" alt=\"\" data-orig-src=\"https:\/\/luxinternational.com\/wp-content\/uploads\/2024\/04\/95_pic6_o-320x202.jpeg\" \/><\/a><\/div><\/div><\/div><div class=\"swiper-slide\"><div class=\"fusion-carousel-item-wrapper\"><div class=\"fusion-image-wrapper hover-type-none\"><a data-rel=\"iLightbox[image_carousel_1]\" data-title=\"95_pic7_o\" aria-label=\"95_pic7_o\" href=\"https:\/\/luxinternational.com\/wp-content\/uploads\/2024\/04\/95_pic7_o.jpeg\" target=\"_self\"><img decoding=\"async\" width=\"320\" height=\"202\" src=\"data:image\/svg+xml,%3Csvg%20xmlns%3D%27http%3A%2F%2Fwww.w3.org%2F2000%2Fsvg%27%20width%3D%271920%27%20height%3D%271280%27%20viewBox%3D%270%200%201920%201280%27%3E%3Crect%20width%3D%271920%27%20height%3D%271280%27%20fill-opacity%3D%220%22%2F%3E%3C%2Fsvg%3E\" class=\"attachment-blog-medium size-blog-medium lazyload\" alt=\"\" data-orig-src=\"https:\/\/luxinternational.com\/wp-content\/uploads\/2024\/04\/95_pic7_o-320x202.jpeg\" \/><\/a><\/div><\/div><\/div><div class=\"swiper-slide\"><div class=\"fusion-carousel-item-wrapper\"><div class=\"fusion-image-wrapper hover-type-none\"><a data-rel=\"iLightbox[image_carousel_1]\" data-title=\"95_pic10_o\" aria-label=\"95_pic10_o\" href=\"https:\/\/luxinternational.com\/wp-content\/uploads\/2024\/04\/95_pic10_o.jpeg\" target=\"_self\"><img decoding=\"async\" width=\"320\" height=\"202\" src=\"data:image\/svg+xml,%3Csvg%20xmlns%3D%27http%3A%2F%2Fwww.w3.org%2F2000%2Fsvg%27%20width%3D%271920%27%20height%3D%271286%27%20viewBox%3D%270%200%201920%201286%27%3E%3Crect%20width%3D%271920%27%20height%3D%271286%27%20fill-opacity%3D%220%22%2F%3E%3C%2Fsvg%3E\" class=\"attachment-blog-medium size-blog-medium lazyload\" alt=\"\" data-orig-src=\"https:\/\/luxinternational.com\/wp-content\/uploads\/2024\/04\/95_pic10_o-320x202.jpeg\" \/><\/a><\/div><\/div><\/div><div class=\"swiper-slide\"><div class=\"fusion-carousel-item-wrapper\"><div class=\"fusion-image-wrapper hover-type-none\"><a data-rel=\"iLightbox[image_carousel_1]\" data-title=\"95_pic11_o\" aria-label=\"95_pic11_o\" href=\"https:\/\/luxinternational.com\/wp-content\/uploads\/2024\/04\/95_pic11_o.jpeg\" target=\"_self\"><img decoding=\"async\" width=\"320\" height=\"202\" src=\"data:image\/svg+xml,%3Csvg%20xmlns%3D%27http%3A%2F%2Fwww.w3.org%2F2000%2Fsvg%27%20width%3D%271920%27%20height%3D%271280%27%20viewBox%3D%270%200%201920%201280%27%3E%3Crect%20width%3D%271920%27%20height%3D%271280%27%20fill-opacity%3D%220%22%2F%3E%3C%2Fsvg%3E\" class=\"attachment-blog-medium size-blog-medium lazyload\" alt=\"\" data-orig-src=\"https:\/\/luxinternational.com\/wp-content\/uploads\/2024\/04\/95_pic11_o-320x202.jpeg\" \/><\/a><\/div><\/div><\/div><div class=\"swiper-slide\"><div class=\"fusion-carousel-item-wrapper\"><div class=\"fusion-image-wrapper hover-type-none\"><a data-rel=\"iLightbox[image_carousel_1]\" data-title=\"95_pic14_o\" aria-label=\"95_pic14_o\" href=\"https:\/\/luxinternational.com\/wp-content\/uploads\/2024\/04\/95_pic14_o.jpeg\" target=\"_self\"><img decoding=\"async\" width=\"320\" height=\"202\" src=\"data:image\/svg+xml,%3Csvg%20xmlns%3D%27http%3A%2F%2Fwww.w3.org%2F2000%2Fsvg%27%20width%3D%271920%27%20height%3D%271280%27%20viewBox%3D%270%200%201920%201280%27%3E%3Crect%20width%3D%271920%27%20height%3D%271280%27%20fill-opacity%3D%220%22%2F%3E%3C%2Fsvg%3E\" class=\"attachment-blog-medium size-blog-medium lazyload\" alt=\"\" data-orig-src=\"https:\/\/luxinternational.com\/wp-content\/uploads\/2024\/04\/95_pic14_o-320x202.jpeg\" \/><\/a><\/div><\/div><\/div><\/div><div class=\"awb-swiper-button awb-swiper-button-prev\"><i class=\"awb-icon-angle-left\" aria-hidden=\"true\"><\/i><\/div><div class=\"awb-swiper-button awb-swiper-button-next\"><i class=\"awb-icon-angle-right\" aria-hidden=\"true\"><\/i><\/div><\/div><\/div><\/div><\/div><div class=\"fusion-layout-column fusion_builder_column fusion-builder-column-1 fusion_builder_column_1_1 1_1 fusion-flex-column\" style=\"--awb-bg-size:cover;--awb-width-large:100%;--awb-margin-top-large:0px;--awb-spacing-right-large:1.92%;--awb-margin-bottom-large:70px;--awb-spacing-left-large:1.92%;--awb-width-medium:100%;--awb-order-medium:0;--awb-spacing-right-medium:1.92%;--awb-spacing-left-medium:1.92%;--awb-width-small:100%;--awb-order-small:0;--awb-spacing-right-small:1.92%;--awb-spacing-left-small:1.92%;\" data-scroll-devices=\"small-visibility,medium-visibility,large-visibility\"><div class=\"fusion-column-wrapper fusion-column-has-shadow fusion-flex-justify-content-flex-start fusion-content-layout-column\"><div class=\"fusion-video fusion-youtube\" style=\"--awb-max-width:600px;--awb-max-height:360px;--awb-align-self:center;--awb-width:100%;\"><div class=\"video-shortcode\"><div class=\"fluid-width-video-wrapper\" style=\"padding-top:60%;\" > <div class=\"brlbs-cmpnt-container brlbs-cmpnt-content-blocker brlbs-cmpnt-with-individual-styles\" data-borlabs-cookie-content-blocker-id=\"youtube-content-blocker\" data-borlabs-cookie-content=\"PGlmcmFtZSB0aXRsZT0iWW91VHViZSB2aWRlbyBwbGF5ZXIgMSIgc3JjPSJodHRwczovL3d3dy55b3V0dWJlLW5vY29va2llLmNvbS9lbWJlZC9sZ1NJVllmQnlvTT93bW9kZT10cmFuc3BhcmVudCZhdXRvcGxheT0wIiB3aWR0aD0iNjAwIiBoZWlnaHQ9IjM2MCIgYWxsb3dmdWxsc2NyZWVuIGFsbG93PSJhdXRvcGxheTsgY2xpcGJvYXJkLXdyaXRlOyBlbmNyeXB0ZWQtbWVkaWE7IGd5cm9zY29wZTsgcGljdHVyZS1pbi1waWN0dXJlOyI+PC9pZnJhbWU+PHNjcmlwdCBkYXRhLWJvcmxhYnMtY29va2llLXNjcmlwdC1ibG9ja2VyLWlnbm9yZT4KKGZ1bmN0aW9uKCkgewogICAgY29uc3QgZnVzaW9uVmlkZW8gPSBkb2N1bWVudC5jdXJyZW50U2NyaXB0LmNsb3Nlc3QoJy5mdXNpb24tdmlkZW8nKTsKICAgIGlmICghZnVzaW9uVmlkZW8gfHwgdHlwZW9mIGpRdWVyeSA9PT0gJ3VuZGVmaW5lZCcpIHsKICAgICAgICByZXR1cm47CiAgICB9CiAgICAhalF1ZXJ5KGZ1c2lvblZpZGVvKS5wYXJlbnRzKCIuZnVzaW9uLW1vZGFsIikubGVuZ3RoICYmIDEgPT0galF1ZXJ5KGZ1c2lvblZpZGVvKS5kYXRhKCJhdXRvcGxheSIpICYmIGpRdWVyeShmdXNpb25WaWRlbykuaXMoIjp2aXNpYmxlIikgJiYgalF1ZXJ5KGZ1c2lvblZpZGVvKS5maW5kKCJpZnJhbWUiKS5lYWNoKChmdW5jdGlvbiAoKSB7CiAgICAgIGpRdWVyeSh0aGlzKS5oYXNDbGFzcygibGF6eWxvYWQiKSA\/IGpRdWVyeSh0aGlzKS5vbigibGF6eWxvYWRlZCIsIChmdW5jdGlvbiAoKSB7CiAgICAgICAgdGhpcy5jb250ZW50V2luZG93LmxvY2F0aW9uLnJlcGxhY2UoalF1ZXJ5KHRoaXMpLmF0dHIoImRhdGEtb3JpZy1zcmMiKS5yZXBsYWNlKCJhdXRvcGxheT0wIiwgImF1dG9wbGF5PTEiKSkKICAgICAgfSkpIDogalF1ZXJ5KHRoaXMpLmF0dHIoInNyYyIsIGpRdWVyeSh0aGlzKS5hdHRyKCJzcmMiKS5yZXBsYWNlKCJhdXRvcGxheT0wIiwgImF1dG9wbGF5PTEiKSkKICAgIH0pKQp9KSgpOwo8L3NjcmlwdD4=\"><div class=\"brlbs-cmpnt-cb-preset-c brlbs-cmpnt-cb-youtube\"> <div class=\"brlbs-cmpnt-cb-thumbnail\" style=\"background-image: url('https:\/\/luxinternational.com\/wp-content\/uploads\/borlabs-cookie\/1\/yt_lgSIVYfByoM_hqdefault.jpg')\"><\/div> <div class=\"brlbs-cmpnt-cb-main\"> <div class=\"brlbs-cmpnt-cb-play-button\"><\/div> <div class=\"brlbs-cmpnt-cb-content\"> <p class=\"brlbs-cmpnt-cb-description\">You are currently viewing a placeholder content from <strong>YouTube<\/strong>. To access the actual content, click the button below. Please note that doing so will share data with third-party providers.<\/p> <a class=\"brlbs-cmpnt-cb-provider-toggle\" href=\"#\" data-borlabs-cookie-show-provider-information role=\"button\">More Information<\/a> <\/div> <div class=\"brlbs-cmpnt-cb-buttons\"> <a class=\"brlbs-cmpnt-cb-btn\" href=\"#\" data-borlabs-cookie-unblock role=\"button\">Unblock content<\/a> <a class=\"brlbs-cmpnt-cb-btn\" href=\"#\" data-borlabs-cookie-accept-service role=\"button\" style=\"display: none\">Accept required service and unblock content<\/a> <\/div> <\/div> <\/div><\/div><\/div><\/div><\/div><\/div><\/div><div class=\"fusion-layout-column fusion_builder_column fusion-builder-column-2 fusion_builder_column_1_1 1_1 fusion-flex-column\" style=\"--awb-bg-size:cover;--awb-width-large:100%;--awb-margin-top-large:0px;--awb-spacing-right-large:1.92%;--awb-margin-bottom-large:20px;--awb-spacing-left-large:1.92%;--awb-width-medium:100%;--awb-order-medium:0;--awb-spacing-right-medium:1.92%;--awb-spacing-left-medium:1.92%;--awb-width-small:100%;--awb-order-small:0;--awb-spacing-right-small:1.92%;--awb-spacing-left-small:1.92%;\" data-scroll-devices=\"small-visibility,medium-visibility,large-visibility\"><div class=\"fusion-column-wrapper fusion-column-has-shadow fusion-flex-justify-content-flex-start fusion-content-layout-column\"><div class=\"fusion-tabs fusion-tabs-1 classic nav-is-justified horizontal-tabs icon-position-left mobile-mode-accordion\" style=\"--awb-title-border-radius-top-left:0px;--awb-title-border-radius-top-right:0px;--awb-title-border-radius-bottom-right:0px;--awb-title-border-radius-bottom-left:0px;--awb-alignment:start;--awb-inactive-color:var(--awb-custom_color_6);--awb-background-color:var(--awb-color1);--awb-border-color:var(--awb-custom_color_6);--awb-active-border-color:var(--awb-color5);\"><div class=\"nav\"><ul class=\"nav-tabs nav-justified\" role=\"tablist\"><li class=\"active\" role=\"presentation\"><a class=\"tab-link\" data-toggle=\"tab\" role=\"tab\" aria-controls=\"tab-996ebae98b23baba316\" aria-selected=\"true\" id=\"fusion-tab-specifikace\" href=\"#tab-996ebae98b23baba316\"><h4 class=\"fusion-tab-heading\">Specifikace<\/h4><\/a><\/li><li role=\"presentation\"><a class=\"tab-link\" data-toggle=\"tab\" role=\"tab\" aria-controls=\"tab-ef6f77896f97a91f274\" aria-selected=\"false\" tabindex=\"-1\" id=\"fusion-tab-funkce\" href=\"#tab-ef6f77896f97a91f274\"><h4 class=\"fusion-tab-heading\">Funkce<\/h4><\/a><\/li><li role=\"presentation\"><a class=\"tab-link\" data-toggle=\"tab\" role=\"tab\" aria-controls=\"tab-f49063090519f8803f4\" aria-selected=\"false\" tabindex=\"-1\" id=\"fusion-tab-certifik\u00e1tyaocen\u011bn\u00ed\" href=\"#tab-f49063090519f8803f4\"><h4 class=\"fusion-tab-heading\">Certifik\u00e1ty a ocen\u011bn\u00ed<\/h4><\/a><\/li><li role=\"presentation\"><a class=\"tab-link\" data-toggle=\"tab\" role=\"tab\" aria-controls=\"tab-d5227caf93443e8df58\" aria-selected=\"false\" tabindex=\"-1\" id=\"fusion-tab-podpora\" href=\"#tab-d5227caf93443e8df58\"><h4 class=\"fusion-tab-heading\">Podpora<\/h4><\/a><\/li><\/ul><\/div><div class=\"tab-content\"><div class=\"nav fusion-mobile-tab-nav\"><ul class=\"nav-tabs nav-justified\" role=\"tablist\"><li class=\"active\" role=\"presentation\"><a class=\"tab-link\" data-toggle=\"tab\" role=\"tab\" aria-controls=\"tab-996ebae98b23baba316\" aria-selected=\"true\" id=\"mobile-fusion-tab-specifikace\" href=\"#tab-996ebae98b23baba316\"><h4 class=\"fusion-tab-heading\">Specifikace<\/h4><\/a><\/li><\/ul><\/div><div class=\"tab-pane fade fusion-clearfix in active\" role=\"tabpanel\" tabindex=\"0\" aria-labelledby=\"fusion-tab-specifikace\" id=\"tab-996ebae98b23baba316\">\n<table>\n<tbody>\n<tr>\n<td>Hladiny p\u00e1ry<\/td>\n<td>3<\/td>\n<\/tr>\n<tr>\n<td>Maxim\u00e1ln\u00ed topn\u00fd v\u00fdkon<\/td>\n<td>2200 W<\/td>\n<\/tr>\n<tr>\n<td>Vyu\u017eiteln\u00fd v\u00fdkon kotle<\/td>\n<td>1,2 l<\/td>\n<\/tr>\n<tr>\n<td>Maxim\u00e1ln\u00ed tlak v kotli<\/td>\n<td>5 bar\u016f<\/td>\n<\/tr>\n<tr>\n<td>Materi\u00e1l kotle<\/td>\n<td>Inoxov\u00e1 ocel<\/td>\n<\/tr>\n<tr>\n<td>P\u0159\u00edslu\u0161enstv\u00ed<\/td>\n<td>Trubi\u010dky (2 kusy)<\/td>\n<\/tr>\n<tr>\n<td><\/td>\n<td>Parn\u00ed hadice<\/td>\n<\/tr>\n<tr>\n<td><\/td>\n<td>Podlahov\u00e1 tryska<\/td>\n<\/tr>\n<tr>\n<td><\/td>\n<td>Diamantov\u00e1 tryska<\/td>\n<\/tr>\n<tr>\n<td><\/td>\n<td>\u0160pi\u010dat\u00e1 tryska, rovn\u00e1<\/td>\n<\/tr>\n<tr>\n<td><\/td>\n<td>\u0160pi\u010dat\u00e1 tryska, zak\u0159iven\u00e1<\/td>\n<\/tr>\n<tr>\n<td><\/td>\n<td>Mal\u00fd nylonov\u00fd kart\u00e1\u010d, rovn\u00fd (2 kusy)<\/td>\n<\/tr>\n<tr>\n<td><\/td>\n<td>Mal\u00fd m\u011bd\u011bn\u00fd kart\u00e1\u010d, rovn\u00fd<\/td>\n<\/tr>\n<tr>\n<td><\/td>\n<td>Velk\u00fd nylonov\u00fd kart\u00e1\u010d<\/td>\n<\/tr>\n<tr>\n<td><\/td>\n<td>Velk\u00fd kart\u00e1\u010d z p\u0159\u00edrodn\u00edch vl\u00e1ken<\/td>\n<\/tr>\n<tr>\n<td><\/td>\n<td>Plnic\u00ed l\u00e1hev<\/td>\n<\/tr>\n<tr>\n<td><\/td>\n<td>\u010cisti\u010d kanalizace<\/td>\n<\/tr>\n<tr>\n<td><\/td>\n<td>2 ut\u011brky z mikrovl\u00e1kna pro podlahovou hubici<\/td>\n<\/tr>\n<tr>\n<td><\/td>\n<td>2 ut\u011brky z mikrovl\u00e1kna pro diamantovou trysku<\/td>\n<\/tr>\n<tr>\n<td>Rozm\u011bry hlavn\u00ed jednotky (V x \u0160 x H)<\/td>\n<td>420 x 300 x 275 mm<\/td>\n<\/tr>\n<tr>\n<td>Hmotnost polo\u017eky<\/td>\n<td>5,4 kg<\/td>\n<\/tr>\n<tr>\n<td>Mno\u017estv\u00ed\/balen\u00ed<\/td>\n<td>1<\/td>\n<\/tr>\n<\/tbody>\n<\/table>\n<\/div><div class=\"nav fusion-mobile-tab-nav\"><ul class=\"nav-tabs nav-justified\" role=\"tablist\"><li role=\"presentation\"><a class=\"tab-link\" data-toggle=\"tab\" role=\"tab\" aria-controls=\"tab-ef6f77896f97a91f274\" aria-selected=\"false\" tabindex=\"-1\" id=\"mobile-fusion-tab-funkce\" href=\"#tab-ef6f77896f97a91f274\"><h4 class=\"fusion-tab-heading\">Funkce<\/h4><\/a><\/li><\/ul><\/div><div class=\"tab-pane fade fusion-clearfix\" role=\"tabpanel\" tabindex=\"0\" aria-labelledby=\"fusion-tab-funkce\" id=\"tab-ef6f77896f97a91f274\"><strong>UNIK\u00c1TN\u00cd HYBRIDN\u00cd SYST\u00c9M N\u00c1PLN\u011a A SUCH\u00c9 P\u00c1RY<\/strong><br \/>\nN\u00e1\u0161 inovativn\u00ed syst\u00e9m n\u00e1pln\u011b umo\u017e\u0148uje pou\u017e\u00edvat p\u0159\u00edstroj a d\u00e1vat suchou p\u00e1ru tak dlouho, jak si p\u0159ejete, aby byl v\u00e1\u0161 domov zcela hygienick\u00fd a \u010dist\u00fd.<br \/>\nV\u00fdhody such\u00e9 p\u00e1ry lze proto snadno kvalifikovat a vy\u010d\u00edslit.<\/p>\n<p><strong>\u00da\u010cINN\u011a ODSTRA\u0147UJE VIRY, BAKTERIE A PL\u00cdSN\u011a<\/strong><br \/>\nParn\u00ed \u010disti\u010de jsou vhodn\u00e9 pro dom\u00e1cnosti s d\u011btmi a dom\u00e1c\u00edmi mazl\u00ed\u010dky, kte\u0159\u00ed mohou b\u00fdt citliv\u00ed na potenci\u00e1ln\u011b \u0161kodliv\u00e9 \u010distic\u00ed prost\u0159edky. Ecolux Neo vy\u017eaduje k d\u016fkladn\u00e9mu vy\u010di\u0161t\u011bn\u00ed pouze vodu, co\u017e omezuje pot\u0159ebu pou\u017e\u00edvat toxick\u00e9 chemik\u00e1lie. <\/p>\n<p><strong>TESTOV\u00c1NO A CERTIFIKOV\u00c1NO: BEZPE\u010cNOST PRO VA\u0160I RODINU<\/strong><br \/>\nEcolux Neo byl navr\u017een s ohledem na nejnov\u011bj\u0161\u00ed bezpe\u010dnostn\u00ed normy, aby v\u00e1s co nejl\u00e9pe chr\u00e1nil.<br \/>\nSnadno tak\u00e9 odstra\u0148uje nebezpe\u010dn\u00e9 mikroorg\u00e1ny. Spln\u011bny po\u017eadavky testu Gui-Lab, kter\u00fd potvrzuje vysok\u00fd \u010distic\u00ed v\u00fdkon proti bakteri\u00edm, pl\u00edsn\u00edm a vir\u016fm.<\/div><div class=\"nav fusion-mobile-tab-nav\"><ul class=\"nav-tabs nav-justified\" role=\"tablist\"><li role=\"presentation\"><a class=\"tab-link\" data-toggle=\"tab\" role=\"tab\" aria-controls=\"tab-f49063090519f8803f4\" aria-selected=\"false\" tabindex=\"-1\" id=\"mobile-fusion-tab-certifik\u00e1tyaocen\u011bn\u00ed\" href=\"#tab-f49063090519f8803f4\"><h4 class=\"fusion-tab-heading\">Certifik\u00e1ty a ocen\u011bn\u00ed<\/h4><\/a><\/li><\/ul><\/div><div class=\"tab-pane fade fusion-clearfix\" role=\"tabpanel\" tabindex=\"0\" aria-labelledby=\"fusion-tab-certifik\u00e1tyaocen\u011bn\u00ed\" id=\"tab-f49063090519f8803f4\">\n<p><img decoding=\"async\" class=\"lazyload alignnone wp-image-4043 size-thumbnail\" src=\"data:image\/svg+xml,%3Csvg%20xmlns%3D%27http%3A%2F%2Fwww.w3.org%2F2000%2Fsvg%27%20width%3D%27150%27%20height%3D%27150%27%20viewBox%3D%270%200%20150%20150%27%3E%3Crect%20width%3D%27150%27%20height%3D%27150%27%20fill-opacity%3D%220%22%2F%3E%3C%2Fsvg%3E\" data-orig-src=\"https:\/\/luxinternational.com\/wp-content\/uploads\/2024\/03\/2073_pruefzeichen-mikroorganismen_560_en-150x150.jpg\" alt=\"\" width=\"150\" height=\"150\"><\/p>\n<p><strong>GUI TESTED HYGIENE<\/strong><br \/>\nPo\u017eadavky testu Gui-Lab spln\u011bny. Potvrzuje vysok\u00fd \u010distic\u00ed v\u00fdkon proti bakteri\u00edm, pl\u00edsn\u00edm, mikroorganism\u016fm a vir\u016fm.<\/p>\n<\/div><div class=\"nav fusion-mobile-tab-nav\"><ul class=\"nav-tabs nav-justified\" role=\"tablist\"><li role=\"presentation\"><a class=\"tab-link\" data-toggle=\"tab\" role=\"tab\" aria-controls=\"tab-d5227caf93443e8df58\" aria-selected=\"false\" tabindex=\"-1\" id=\"mobile-fusion-tab-podpora\" href=\"#tab-d5227caf93443e8df58\"><h4 class=\"fusion-tab-heading\">Podpora<\/h4><\/a><\/li><\/ul><\/div><div class=\"tab-pane fade fusion-clearfix\" role=\"tabpanel\" tabindex=\"0\" aria-labelledby=\"fusion-tab-podpora\" id=\"tab-d5227caf93443e8df58\"><a href=\"https:\/\/luxinternational.com\/wp-content\/uploads\/2024\/03\/en_ecolux_neo_manul_web.pdf\" target=\"_blank\" rel=\"noopener\">P\u0159\u00edru\u010dka k v\u00fdrobku<\/a><br \/>\n<a href=\"https:\/\/luxinternational.com\/wp-content\/uploads\/2024\/03\/brochure_ecolux_neo_en_web.pdf\" target=\"_blank\" rel=\"noopener\">Bro\u017eura produktu<\/a><br \/>\n<a href=\"https:\/\/luxinternational.com\/wp-content\/uploads\/2024\/03\/2070_zertifikat-gui-lux-ecolux-neo-en-2020_04.pdf\" target=\"_blank\" rel=\"noopener\">Certifikace Gui<\/a><\/div><\/div><\/div><\/div><\/div><\/div><\/div><div class=\"fusion-fullwidth fullwidth-box fusion-builder-row-2 fusion-flex-container has-pattern-background has-mask-background nonhundred-percent-fullwidth non-hundred-percent-height-scrolling\" style=\"--awb-border-radius-top-left:0px;--awb-border-radius-top-right:0px;--awb-border-radius-bottom-right:0px;--awb-border-radius-bottom-left:0px;--awb-margin-top:0px;--awb-margin-bottom:70px;--awb-margin-top-medium:0px;--awb-margin-bottom-medium:50px;--awb-margin-top-small:0px;--awb-margin-bottom-small:15px;--awb-flex-wrap:wrap;\" ><div class=\"fusion-builder-row fusion-row fusion-flex-align-items-flex-start fusion-flex-content-wrap\" style=\"max-width:1372.8px;margin-left: calc(-4% \/ 2 );margin-right: calc(-4% \/ 2 );\"><div class=\"fusion-layout-column fusion_builder_column fusion-builder-column-3 fusion_builder_column_1_1 1_1 fusion-flex-column\" style=\"--awb-bg-size:cover;--awb-width-large:100%;--awb-margin-top-large:0px;--awb-spacing-right-large:1.92%;--awb-margin-bottom-large:0px;--awb-spacing-left-large:1.92%;--awb-width-medium:100%;--awb-order-medium:0;--awb-spacing-right-medium:1.92%;--awb-spacing-left-medium:1.92%;--awb-width-small:100%;--awb-order-small:0;--awb-spacing-right-small:1.92%;--awb-spacing-left-small:1.92%;\"><div class=\"fusion-column-wrapper fusion-column-has-shadow fusion-flex-justify-content-flex-start fusion-content-layout-column\"><div class=\"fusion-title title fusion-title-1 fusion-sep-none fusion-title-center fusion-title-text fusion-title-size-two\" style=\"--awb-text-color:var(--awb-custom_color_4);--awb-margin-top:0px;--awb-margin-bottom:60px;--awb-margin-top-small:0px;--awb-margin-right-small:0px;--awb-margin-bottom-small:40px;--awb-margin-left-small:0px;\"><h2 class=\"fusion-title-heading title-heading-center\" style=\"margin:0;text-transform:capitalize;\">p\u0159\u00edslu\u0161enstv\u00ed<\/h2><\/div><\/div><\/div><\/div><\/div><\/p>\n","protected":false},"excerpt":{"rendered":"","protected":false},"author":1,"featured_media":11792,"template":"","product-category":[148],"product-keyword":[],"class_list":["post-11790","product","type-product","status-publish","has-post-thumbnail","hentry","product-category-better-living"],"acf":[],"_links":{"self":[{"href":"https:\/\/luxinternational.com\/cs\/wp-json\/wp\/v2\/product\/11790","targetHints":{"allow":["GET"]}}],"collection":[{"href":"https:\/\/luxinternational.com\/cs\/wp-json\/wp\/v2\/product"}],"about":[{"href":"https:\/\/luxinternational.com\/cs\/wp-json\/wp\/v2\/types\/product"}],"author":[{"embeddable":true,"href":"https:\/\/luxinternational.com\/cs\/wp-json\/wp\/v2\/users\/1"}],"version-history":[{"count":4,"href":"https:\/\/luxinternational.com\/cs\/wp-json\/wp\/v2\/product\/11790\/revisions"}],"predecessor-version":[{"id":11828,"href":"https:\/\/luxinternational.com\/cs\/wp-json\/wp\/v2\/product\/11790\/revisions\/11828"}],"wp:featuredmedia":[{"embeddable":true,"href":"https:\/\/luxinternational.com\/cs\/wp-json\/wp\/v2\/media\/11792"}],"wp:attachment":[{"href":"https:\/\/luxinternational.com\/cs\/wp-json\/wp\/v2\/media?parent=11790"}],"wp:term":[{"taxonomy":"product-category","embeddable":true,"href":"https:\/\/luxinternational.com\/cs\/wp-json\/wp\/v2\/product-category?post=11790"},{"taxonomy":"product-keyword","embeddable":true,"href":"https:\/\/luxinternational.com\/cs\/wp-json\/wp\/v2\/product-keyword?post=11790"}],"curies":[{"name":"wp","href":"https:\/\/api.w.org\/{rel}","templated":true}]}}