{"id":11773,"date":"2024-03-26T19:42:42","date_gmt":"2024-03-26T18:42:42","guid":{"rendered":"https:\/\/luxinternational.com\/product\/polstar-welity\/"},"modified":"2025-06-26T11:13:52","modified_gmt":"2025-06-26T09:13:52","slug":"polstar-welity","status":"publish","type":"product","link":"https:\/\/luxinternational.com\/cs\/product\/polstar-welity\/","title":{"rendered":"Pol\u0161t\u00e1\u0159 Welity"},"content":{"rendered":"<div class=\"fusion-fullwidth fullwidth-box fusion-builder-row-1 fusion-flex-container has-pattern-background has-mask-background nonhundred-percent-fullwidth non-hundred-percent-height-scrolling\" style=\"--awb-border-radius-top-left:0px;--awb-border-radius-top-right:0px;--awb-border-radius-bottom-right:0px;--awb-border-radius-bottom-left:0px;--awb-padding-right:0px;--awb-padding-left:0px;--awb-margin-top:30px;--awb-margin-top-medium:15px;--awb-flex-wrap:wrap;\" id=\"product-tabs\" ><div class=\"fusion-builder-row fusion-row fusion-flex-align-items-flex-start fusion-flex-content-wrap\" style=\"max-width:1372.8px;margin-left: calc(-4% \/ 2 );margin-right: calc(-4% \/ 2 );\"><div class=\"fusion-layout-column fusion_builder_column fusion-builder-column-0 fusion_builder_column_1_1 1_1 fusion-flex-column\" style=\"--awb-bg-size:cover;--awb-width-large:100%;--awb-margin-top-large:0px;--awb-spacing-right-large:1.92%;--awb-margin-bottom-large:20px;--awb-spacing-left-large:1.92%;--awb-width-medium:100%;--awb-order-medium:0;--awb-spacing-right-medium:1.92%;--awb-spacing-left-medium:1.92%;--awb-width-small:100%;--awb-order-small:0;--awb-spacing-right-small:1.92%;--awb-spacing-left-small:1.92%;\" data-scroll-devices=\"small-visibility,medium-visibility,large-visibility\"><div class=\"fusion-column-wrapper fusion-column-has-shadow fusion-flex-justify-content-flex-start fusion-content-layout-column\"><div class=\"fusion-tabs fusion-tabs-1 classic nav-is-justified horizontal-tabs icon-position-left mobile-mode-accordion\" style=\"--awb-title-border-radius-top-left:0px;--awb-title-border-radius-top-right:0px;--awb-title-border-radius-bottom-right:0px;--awb-title-border-radius-bottom-left:0px;--awb-alignment:start;--awb-inactive-color:var(--awb-custom_color_6);--awb-background-color:var(--awb-color1);--awb-border-color:var(--awb-custom_color_6);--awb-active-border-color:var(--awb-color5);\"><div class=\"nav\"><ul class=\"nav-tabs nav-justified\" role=\"tablist\"><li class=\"active\" role=\"presentation\"><a class=\"tab-link\" data-toggle=\"tab\" role=\"tab\" aria-controls=\"tab-6c8fa2d1222278d1b17\" aria-selected=\"true\" id=\"fusion-tab-specifikace\" href=\"#tab-6c8fa2d1222278d1b17\"><h4 class=\"fusion-tab-heading\">Specifikace<\/h4><\/a><\/li><li role=\"presentation\"><a class=\"tab-link\" data-toggle=\"tab\" role=\"tab\" aria-controls=\"tab-25cdde45126e0b3da68\" aria-selected=\"false\" tabindex=\"-1\" id=\"fusion-tab-funkce\" href=\"#tab-25cdde45126e0b3da68\"><h4 class=\"fusion-tab-heading\">Funkce<\/h4><\/a><\/li><li role=\"presentation\"><a class=\"tab-link\" data-toggle=\"tab\" role=\"tab\" aria-controls=\"tab-99e359fe6e1fd80450b\" aria-selected=\"false\" tabindex=\"-1\" id=\"fusion-tab-certifik\u00e1tyaocen\u011bn\u00ed\" href=\"#tab-99e359fe6e1fd80450b\"><h4 class=\"fusion-tab-heading\">Certifik\u00e1ty a ocen\u011bn\u00ed<\/h4><\/a><\/li><li role=\"presentation\"><a class=\"tab-link\" data-toggle=\"tab\" role=\"tab\" aria-controls=\"tab-945f03a468285ddac90\" aria-selected=\"false\" tabindex=\"-1\" id=\"fusion-tab-podpora\" href=\"#tab-945f03a468285ddac90\"><h4 class=\"fusion-tab-heading\">Podpora<\/h4><\/a><\/li><\/ul><\/div><div class=\"tab-content\"><div class=\"nav fusion-mobile-tab-nav\"><ul class=\"nav-tabs nav-justified\" role=\"tablist\"><li class=\"active\" role=\"presentation\"><a class=\"tab-link\" data-toggle=\"tab\" role=\"tab\" aria-controls=\"tab-6c8fa2d1222278d1b17\" aria-selected=\"true\" id=\"mobile-fusion-tab-specifikace\" href=\"#tab-6c8fa2d1222278d1b17\"><h4 class=\"fusion-tab-heading\">Specifikace<\/h4><\/a><\/li><\/ul><\/div><div class=\"tab-pane fade fusion-clearfix in active\" role=\"tabpanel\" tabindex=\"0\" aria-labelledby=\"fusion-tab-specifikace\" id=\"tab-6c8fa2d1222278d1b17\">\n<table>\n<tbody>\n<tr>\n<td>Rozm\u011bry Pouze jednotka (V x H)<\/td>\n<td>610 x \u00d8 400 mm<\/td>\n<\/tr>\n<tr>\n<td>Hmotnost<\/td>\n<td>11 kg<\/td>\n<\/tr>\n<tr>\n<td>Vyp\u00edna\u010d nap\u00e1jen\u00ed<\/td>\n<td>Knofl\u00edk<\/td>\n<\/tr>\n<tr>\n<td>Zobrazit<\/td>\n<td>Ne<\/td>\n<\/tr>\n<tr>\n<td>P\u0159\u00edslu\u0161n\u00e1 oblast<\/td>\n<td>65<sup>m2<\/sup><\/td>\n<\/tr>\n<tr>\n<td>CADR<\/td>\n<td>765<sup>m3\/h<\/sup><\/td>\n<\/tr>\n<tr>\n<td>Po\u010d\u00edtadlo \u010d\u00e1stic<\/td>\n<td>Ne<\/td>\n<\/tr>\n<tr>\n<td>Automatick\u00fd re\u017eim<\/td>\n<td>Ne<\/td>\n<\/tr>\n<tr>\n<td>\u010casova\u010d v\u00fdm\u011bny filtru<\/td>\n<td>Ne<\/td>\n<\/tr>\n<tr>\n<td>LED DIODA UV-A<\/td>\n<td>Ano<\/td>\n<\/tr>\n<tr>\n<td>Kola<\/td>\n<td>pouze jako p\u0159\u00edslu\u0161enstv\u00ed<\/td>\n<\/tr>\n<tr>\n<td>P\u0159edfiltra\u010dn\u00ed tkanina<\/td>\n<td>\u010cern\u00e1 (\u0161ed\u00e1 a \u010derven\u00e1 jako p\u0159\u00edslu\u0161enstv\u00ed)<\/td>\n<\/tr>\n<tr>\n<td>Speci\u00e1ln\u00ed funkce<\/td>\n<td>LED DIODA UV-A<\/td>\n<\/tr>\n<\/tbody>\n<\/table>\n<\/div><div class=\"nav fusion-mobile-tab-nav\"><ul class=\"nav-tabs nav-justified\" role=\"tablist\"><li role=\"presentation\"><a class=\"tab-link\" data-toggle=\"tab\" role=\"tab\" aria-controls=\"tab-25cdde45126e0b3da68\" aria-selected=\"false\" tabindex=\"-1\" id=\"mobile-fusion-tab-funkce\" href=\"#tab-25cdde45126e0b3da68\"><h4 class=\"fusion-tab-heading\">Funkce<\/h4><\/a><\/li><\/ul><\/div><div class=\"tab-pane fade fusion-clearfix\" role=\"tabpanel\" tabindex=\"0\" aria-labelledby=\"fusion-tab-funkce\" id=\"tab-25cdde45126e0b3da68\">\n<p><strong>P\u0158EDFILTR<\/strong><br \/>\nP\u0159edfiltr odstra\u0148uje velk\u00e9 \u010d\u00e1stice, jako jsou vlasy a vl\u00e1kna. Je omyvateln\u00fd a snadno se montuje. <\/p>\n<p><strong>HEPALUX<\/strong><br \/>\nFiltra\u010dn\u00ed technologie HEPALUX zaji\u0161\u0165uje 99,95% m\u00edru filtrace a fotokatalytick\u00e1 oxidace s UV-LED diodou, kter\u00e1 bojuje proti bakteri\u00edm a vir\u016fm, zaji\u0161\u0165uje, \u017ee ka\u017ed\u00fd v\u00e1\u0161 n\u00e1dech je zdrav\u00fd!<\/p>\n<p><strong>FILTR S AKTIVN\u00cdM UHL\u00cdM<\/strong><br \/>\nFiltr s aktivn\u00edm uhl\u00edm redukuje plyny a p\u0159\u00edrodn\u00ed a chemick\u00e9 pachy, jako jsou pachy tab\u00e1ku a potravin.<\/p>\n<p><strong>IONIZ\u00c1TOR<\/strong><br \/>\nIoniz\u00e1tor uvol\u0148uje z\u00e1porn\u011b nabit\u00e9 ionty, kter\u00e9 ulp\u00edvaj\u00ed na kladn\u011b nabit\u00fdch \u0161kodliv\u00fdch \u010d\u00e1stic\u00edch. \u010c\u00e1stice ne\u010distot ve vzduchu se tak st\u00e1vaj\u00ed t\u011b\u017e\u0161\u00edmi a padaj\u00ed na podlahu.<\/p>\n<\/div><div class=\"nav fusion-mobile-tab-nav\"><ul class=\"nav-tabs nav-justified\" role=\"tablist\"><li role=\"presentation\"><a class=\"tab-link\" data-toggle=\"tab\" role=\"tab\" aria-controls=\"tab-99e359fe6e1fd80450b\" aria-selected=\"false\" tabindex=\"-1\" id=\"mobile-fusion-tab-certifik\u00e1tyaocen\u011bn\u00ed\" href=\"#tab-99e359fe6e1fd80450b\"><h4 class=\"fusion-tab-heading\">Certifik\u00e1ty a ocen\u011bn\u00ed<\/h4><\/a><\/li><\/ul><\/div><div class=\"tab-pane fade fusion-clearfix\" role=\"tabpanel\" tabindex=\"0\" aria-labelledby=\"fusion-tab-certifik\u00e1tyaocen\u011bn\u00ed\" id=\"tab-99e359fe6e1fd80450b\">\n<p><img decoding=\"async\" class=\"lazyload alignnone wp-image-3965\" src=\"data:image\/svg+xml,%3Csvg%20xmlns%3D%27http%3A%2F%2Fwww.w3.org%2F2000%2Fsvg%27%20width%3D%27155%27%20height%3D%27155%27%20viewBox%3D%270%200%20155%20155%27%3E%3Crect%20width%3D%27155%27%20height%3D%27155%27%20fill-opacity%3D%220%22%2F%3E%3C%2Fsvg%3E\" data-orig-src=\"https:\/\/luxinternational.com\/wp-content\/uploads\/2024\/03\/1786_gui_lab_label_effectively_reduces_bacterias_viruses_560_en.jpg\" alt=\"\" width=\"155\" height=\"155\"><\/p>\n<p><strong>CERTIFIK\u00c1T GUI<\/strong><br \/>\n\u00da\u010dinn\u011b redukuje bakterie, jemn\u00fd prach, pl\u00edsn\u011b, mikroorganismy a viry ve vnit\u0159n\u00edm ovzdu\u0161\u00ed.<\/p>\n<\/div><div class=\"nav fusion-mobile-tab-nav\"><ul class=\"nav-tabs nav-justified\" role=\"tablist\"><li role=\"presentation\"><a class=\"tab-link\" data-toggle=\"tab\" role=\"tab\" aria-controls=\"tab-945f03a468285ddac90\" aria-selected=\"false\" tabindex=\"-1\" id=\"mobile-fusion-tab-podpora\" href=\"#tab-945f03a468285ddac90\"><h4 class=\"fusion-tab-heading\">Podpora<\/h4><\/a><\/li><\/ul><\/div><div class=\"tab-pane fade fusion-clearfix\" role=\"tabpanel\" tabindex=\"0\" aria-labelledby=\"fusion-tab-podpora\" id=\"tab-945f03a468285ddac90\">\n<p><a href=\"https:\/\/luxinternational.com\/wp-content\/uploads\/2024\/03\/ag-s_sense-manual-eng-web.pdf\" target=\"_blank\" rel=\"noopener\">P\u0159\u00edru\u010dka k v\u00fdrobku<\/a><br \/>\n<a href=\"https:\/\/luxinternational.com\/wp-content\/uploads\/2024\/03\/en_ags_-brochure_web.pdf\" target=\"_blank\" rel=\"noopener\">Bro\u017eura<\/a><br \/>\n<a href=\"https:\/\/luxinternational.com\/wp-content\/uploads\/2024\/03\/1813_en_ags_1799_zertifikat-gui-mo-2020_01_560.pdf\" target=\"_blank\" rel=\"noopener\">Certifikace Gui<\/a><\/p>\n<\/div><\/div><\/div><\/div><\/div><\/div><\/div>\n","protected":false},"excerpt":{"rendered":"","protected":false},"author":1,"featured_media":11775,"template":"","product-category":[149],"product-keyword":[],"class_list":["post-11773","product","type-product","status-publish","has-post-thumbnail","hentry","product-category-good-sleep"],"acf":[],"_links":{"self":[{"href":"https:\/\/luxinternational.com\/cs\/wp-json\/wp\/v2\/product\/11773","targetHints":{"allow":["GET"]}}],"collection":[{"href":"https:\/\/luxinternational.com\/cs\/wp-json\/wp\/v2\/product"}],"about":[{"href":"https:\/\/luxinternational.com\/cs\/wp-json\/wp\/v2\/types\/product"}],"author":[{"embeddable":true,"href":"https:\/\/luxinternational.com\/cs\/wp-json\/wp\/v2\/users\/1"}],"version-history":[{"count":4,"href":"https:\/\/luxinternational.com\/cs\/wp-json\/wp\/v2\/product\/11773\/revisions"}],"predecessor-version":[{"id":11817,"href":"https:\/\/luxinternational.com\/cs\/wp-json\/wp\/v2\/product\/11773\/revisions\/11817"}],"wp:featuredmedia":[{"embeddable":true,"href":"https:\/\/luxinternational.com\/cs\/wp-json\/wp\/v2\/media\/11775"}],"wp:attachment":[{"href":"https:\/\/luxinternational.com\/cs\/wp-json\/wp\/v2\/media?parent=11773"}],"wp:term":[{"taxonomy":"product-category","embeddable":true,"href":"https:\/\/luxinternational.com\/cs\/wp-json\/wp\/v2\/product-category?post=11773"},{"taxonomy":"product-keyword","embeddable":true,"href":"https:\/\/luxinternational.com\/cs\/wp-json\/wp\/v2\/product-keyword?post=11773"}],"curies":[{"name":"wp","href":"https:\/\/api.w.org\/{rel}","templated":true}]}}