{"id":9846,"date":"2024-03-29T09:45:27","date_gmt":"2024-03-29T08:45:27","guid":{"rendered":"https:\/\/luxinternational.com\/podpora\/"},"modified":"2025-06-26T11:06:13","modified_gmt":"2025-06-26T09:06:13","slug":"podpora","status":"publish","type":"page","link":"https:\/\/luxinternational.com\/cs\/podpora\/","title":{"rendered":"Podpora"},"content":{"rendered":"<div class=\"fusion-fullwidth fullwidth-box fusion-builder-row-1 fusion-flex-container has-pattern-background has-mask-background nonhundred-percent-fullwidth non-hundred-percent-height-scrolling\" style=\"--awb-border-radius-top-left:0px;--awb-border-radius-top-right:0px;--awb-border-radius-bottom-right:0px;--awb-border-radius-bottom-left:0px;--awb-flex-wrap:wrap;\" ><div class=\"fusion-builder-row fusion-row fusion-flex-align-items-flex-start fusion-flex-content-wrap\" style=\"max-width:1372.8px;margin-left: calc(-4% \/ 2 );margin-right: calc(-4% \/ 2 );\"><div class=\"fusion-layout-column fusion_builder_column fusion-builder-column-0 fusion_builder_column_1_1 1_1 fusion-flex-column\" style=\"--awb-bg-size:cover;--awb-width-large:100%;--awb-margin-top-large:0px;--awb-spacing-right-large:1.92%;--awb-margin-bottom-large:20px;--awb-spacing-left-large:1.92%;--awb-width-medium:100%;--awb-order-medium:0;--awb-spacing-right-medium:1.92%;--awb-spacing-left-medium:1.92%;--awb-width-small:100%;--awb-order-small:0;--awb-spacing-right-small:1.92%;--awb-spacing-left-small:1.92%;\"><div class=\"fusion-column-wrapper fusion-column-has-shadow fusion-flex-justify-content-flex-start fusion-content-layout-column\"><div class=\"fusion-post-cards fusion-post-cards-1 fusion-grid-archive fusion-grid-columns-1 fusion-grid-flex-grow\" style=\"--awb-column-spacing:0px;--awb-dots-align:center;--awb-columns:1;--awb-active-filter-border-size:3px;--awb-filters-height:36px;--awb-columns-medium:100%;--awb-columns-small:100%;\" data-post-type-label=\"faqs\"><ul class=\"fusion-grid fusion-grid-1 fusion-flex-align-items-flex-start fusion-grid-posts-cards\"><li class=\"fusion-layout-column fusion_builder_column fusion-builder-column-1 fusion-flex-column post-card fusion-grid-column fusion-post-cards-grid-column\" style=\"--awb-padding-top:30px;--awb-bg-blend:overlay;--awb-bg-size:cover;--awb-flex-grow:0;--awb-flex-shrink:0;--awb-flex-grow-medium:0;--awb-flex-shrink-medium:0;--awb-flex-grow-small:0;--awb-flex-shrink-small:0;\" data-scroll-devices=\"small-visibility,medium-visibility,large-visibility\"><div class=\"fusion-column-wrapper fusion-column-has-shadow fusion-flex-justify-content-flex-start fusion-content-layout-column\"><div class=\"fusion-builder-row fusion-builder-row-inner fusion-row fusion-flex-align-items-flex-start fusion-flex-content-wrap\" style=\"--awb-flex-grow:0;--awb-flex-grow-medium:0;--awb-flex-grow-small:0;--awb-flex-shrink:0;--awb-flex-shrink-medium:0;--awb-flex-shrink-small:0;width:104% !important;max-width:104% !important;margin-left: calc(-4% \/ 2 );margin-right: calc(-4% \/ 2 );\"><div class=\"fusion-layout-column fusion_builder_column_inner fusion-builder-nested-column-0 fusion_builder_column_inner_1_4 1_4 fusion-flex-column\" style=\"--awb-bg-size:cover;--awb-width-large:25%;--awb-margin-top-large:0px;--awb-spacing-right-large:7.68%;--awb-margin-bottom-large:20px;--awb-spacing-left-large:7.68%;--awb-width-medium:25%;--awb-order-medium:0;--awb-spacing-right-medium:7.68%;--awb-spacing-left-medium:7.68%;--awb-width-small:100%;--awb-order-small:0;--awb-spacing-right-small:1.92%;--awb-spacing-left-small:1.92%;\"><div class=\"fusion-column-wrapper fusion-column-has-shadow fusion-flex-justify-content-flex-start fusion-content-layout-column\"><div class=\"fusion-classic-product-image-wrapper fusion-woo-product-image fusion-post-card-image fusion-post-card-image-1 has-aspect-ratio\" data-layout=\"static\" style=\"--awb-aspect-ratio:1 \/ 1;\"><div  class=\"fusion-image-wrapper\" aria-haspopup=\"true\">\n\t\t\t\t<img decoding=\"async\" width=\"260\" height=\"196\" src=\"https:\/\/luxinternational.com\/wp-content\/uploads\/2024\/03\/faq-other-questions.jpg\" class=\"attachment-full size-full lazyload wp-post-image\" alt=\"\" srcset=\"data:image\/svg+xml,%3Csvg%20xmlns%3D%27http%3A%2F%2Fwww.w3.org%2F2000%2Fsvg%27%20width%3D%27260%27%20height%3D%27196%27%20viewBox%3D%270%200%20260%20196%27%3E%3Crect%20width%3D%27260%27%20height%3D%27196%27%20fill-opacity%3D%220%22%2F%3E%3C%2Fsvg%3E\" data-orig-src=\"https:\/\/luxinternational.com\/wp-content\/uploads\/2024\/03\/faq-other-questions.jpg\" data-srcset=\"https:\/\/luxinternational.com\/wp-content\/uploads\/2024\/03\/faq-other-questions-200x151.jpg 200w, https:\/\/luxinternational.com\/wp-content\/uploads\/2024\/03\/faq-other-questions.jpg 260w\" data-sizes=\"auto\" \/><\/div>\n<\/div><\/div><\/div><div class=\"fusion-layout-column fusion_builder_column_inner fusion-builder-nested-column-1 fusion_builder_column_inner_3_4 3_4 fusion-flex-column\" style=\"--awb-bg-size:cover;--awb-width-large:75%;--awb-margin-top-large:0px;--awb-spacing-right-large:2.56%;--awb-margin-bottom-large:20px;--awb-spacing-left-large:2.56%;--awb-width-medium:75%;--awb-order-medium:0;--awb-spacing-right-medium:2.56%;--awb-spacing-left-medium:2.56%;--awb-width-small:100%;--awb-order-small:0;--awb-spacing-right-small:1.92%;--awb-spacing-left-small:1.92%;\" data-scroll-devices=\"small-visibility,medium-visibility,large-visibility\"><div class=\"fusion-column-wrapper fusion-column-has-shadow fusion-flex-justify-content-flex-start fusion-content-layout-column\"><div class=\"fusion-content-tb fusion-content-tb-1\" style=\"--awb-text-color:var(--awb-custom_color_4);--awb-text-transform:none;\"><div class=\"fusion-fullwidth fullwidth-box fusion-builder-row-1-1 fusion-flex-container has-pattern-background has-mask-background nonhundred-percent-fullwidth non-hundred-percent-height-scrolling\" style=\"--link_hover_color: var(--awb-custom_color_5);--awb-border-radius-top-left:0px;--awb-border-radius-top-right:0px;--awb-border-radius-bottom-right:0px;--awb-border-radius-bottom-left:0px;--awb-flex-wrap:wrap;\" ><div class=\"fusion-builder-row fusion-row fusion-flex-align-items-flex-start fusion-flex-content-wrap\" style=\"width:104% !important;max-width:104% !important;margin-left: calc(-4% \/ 2 );margin-right: calc(-4% \/ 2 );\"><div class=\"fusion-layout-column fusion_builder_column fusion-builder-column-2 fusion_builder_column_1_1 1_1 fusion-flex-column\" style=\"--awb-bg-size:cover;--awb-width-large:100%;--awb-flex-grow:0;--awb-flex-shrink:0;--awb-margin-top-large:0px;--awb-spacing-right-large:1.92%;--awb-margin-bottom-large:20px;--awb-spacing-left-large:1.92%;--awb-width-medium:100%;--awb-order-medium:0;--awb-flex-grow-medium:0;--awb-flex-shrink-medium:0;--awb-spacing-right-medium:1.92%;--awb-spacing-left-medium:1.92%;--awb-width-small:100%;--awb-order-small:0;--awb-flex-grow-small:0;--awb-flex-shrink-small:0;--awb-spacing-right-small:1.92%;--awb-spacing-left-small:1.92%;\"><div class=\"fusion-column-wrapper fusion-column-has-shadow fusion-flex-justify-content-flex-start fusion-content-layout-column\"><div class=\"accordian fusion-accordian\" style=\"--awb-border-size:1px;--awb-icon-size:16px;--awb-content-font-size:18px;--awb-icon-alignment:left;--awb-hover-color:var(--awb-color2);--awb-border-color:var(--awb-color3);--awb-background-color:var(--awb-color1);--awb-divider-color:var(--awb-color3);--awb-divider-hover-color:var(--awb-color3);--awb-icon-color:var(--awb-color5);--awb-title-color:var(--awb-custom_color_4);--awb-content-color:var(--awb-custom_color_4);--awb-icon-box-color:var(--awb-color5);--awb-toggle-hover-accent-color:var(--awb-color5);--awb-title-font-family:&quot;Lato&quot;;--awb-title-font-weight:var(--awb-typography1);--awb-title-font-style:normal;--awb-title-font-size:24px;--awb-title-text-transform:none;--awb-content-font-family:&quot;Lato&quot;;--awb-content-font-style:normal;--awb-content-font-weight:var(--awb-typography4);\"><div class=\"panel-group fusion-toggle-icon-unboxed\" id=\"accordion-11514-1\"><div class=\"fusion-panel panel-default panel-2a901cf982f68a30c fusion-toggle-no-divider\"><div class=\"panel-heading\"><h3 class=\"panel-title toggle\" id=\"toggle_2a901cf982f68a30c\"><a aria-expanded=\"false\" aria-controls=\"2a901cf982f68a30c\" role=\"button\" data-toggle=\"collapse\" data-parent=\"#accordion-11514-1\" data-target=\"#2a901cf982f68a30c\" href=\"#2a901cf982f68a30c\"><span class=\"fusion-toggle-icon-wrapper\" aria-hidden=\"true\"><i class=\"fa-fusion-box active-icon fa-minus fas\" aria-hidden=\"true\"><\/i><i class=\"fa-fusion-box inactive-icon fa-plus fas\" aria-hidden=\"true\"><\/i><\/span><span class=\"fusion-toggle-heading\">Co je Lux ORIGINAL?<\/span><\/a><\/h3><\/div><div id=\"2a901cf982f68a30c\" class=\"panel-collapse collapse \" aria-labelledby=\"toggle_2a901cf982f68a30c\"><div class=\"panel-body toggle-content fusion-clearfix\">\n<p>Lux ORIGINAL je \u0159ada spot\u0159ebn\u00edho materi\u00e1lu Lux. Pro ka\u017ed\u00fd v\u00fdrobek Lux vyvinul vysoce kvalitn\u00ed n\u00e1doby na prach a filtry, kter\u00e9 zaji\u0161\u0165uj\u00ed nejvy\u0161\u0161\u00ed filtraci a v\u00fdkon. Prachov\u00e9 n\u00e1doby a filtry Lux ORIGINAL jsou k dispozici v ka\u017ed\u00e9m <a href=\"https:\/\/luxinternational.com\/contact-us\/\">z\u00e1kaznick\u00e9m servisu Lux<\/a> a v m\u00edstn\u00edch internetov\u00fdch obchodech Lux.<\/p>\n<\/div><\/div><\/div><div class=\"fusion-panel panel-default panel-95d7113ceffd78ac9 fusion-toggle-no-divider\"><div class=\"panel-heading\"><h3 class=\"panel-title toggle\" id=\"toggle_95d7113ceffd78ac9\"><a aria-expanded=\"false\" aria-controls=\"95d7113ceffd78ac9\" role=\"button\" data-toggle=\"collapse\" data-parent=\"#accordion-11514-1\" data-target=\"#95d7113ceffd78ac9\" href=\"#95d7113ceffd78ac9\"><span class=\"fusion-toggle-icon-wrapper\" aria-hidden=\"true\"><i class=\"fa-fusion-box active-icon fa-minus fas\" aria-hidden=\"true\"><\/i><i class=\"fa-fusion-box inactive-icon fa-plus fas\" aria-hidden=\"true\"><\/i><\/span><span class=\"fusion-toggle-heading\">Kde lze z\u00edskat n\u00e1hradn\u00ed d\u00edly pro v\u00fdrobky Lux?<\/span><\/a><\/h3><\/div><div id=\"95d7113ceffd78ac9\" class=\"panel-collapse collapse \" aria-labelledby=\"toggle_95d7113ceffd78ac9\"><div class=\"panel-body toggle-content fusion-clearfix\">\n<p>Z bezpe\u010dnostn\u00edch a z\u00e1ru\u010dn\u00edch d\u016fvod\u016f sm\u00ed opravy v\u00fdrobk\u016f Lux prov\u00e1d\u011bt pouze vy\u0161kolen\u00fd servisn\u00ed person\u00e1l Lux. N\u00e1hradn\u00ed d\u00edly nejsou pro neautorizovan\u00e9 osoby k dispozici. Servis Lux v\u00e1m nab\u00edz\u00ed celkovou kontrolu p\u0159\u00edstroje i odbornou opravu p\u0159\u00edstroje s pou\u017eit\u00edm origin\u00e1ln\u00edch n\u00e1hradn\u00edch d\u00edl\u016f Lux.<\/p>\n<\/div><\/div><\/div><div class=\"fusion-panel panel-default panel-df54f6c58912925f0 fusion-toggle-no-divider\"><div class=\"panel-heading\"><h3 class=\"panel-title toggle\" id=\"toggle_df54f6c58912925f0\"><a aria-expanded=\"false\" aria-controls=\"df54f6c58912925f0\" role=\"button\" data-toggle=\"collapse\" data-parent=\"#accordion-11514-1\" data-target=\"#df54f6c58912925f0\" href=\"#df54f6c58912925f0\"><span class=\"fusion-toggle-icon-wrapper\" aria-hidden=\"true\"><i class=\"fa-fusion-box active-icon fa-minus fas\" aria-hidden=\"true\"><\/i><i class=\"fa-fusion-box inactive-icon fa-plus fas\" aria-hidden=\"true\"><\/i><\/span><span class=\"fusion-toggle-heading\">Jak se spoj\u00edm se z\u00e1stupcem spole\u010dnosti Lux?<\/span><\/a><\/h3><\/div><div id=\"df54f6c58912925f0\" class=\"panel-collapse collapse \" aria-labelledby=\"toggle_df54f6c58912925f0\"><div class=\"panel-body toggle-content fusion-clearfix\">\n<p>O sch\u016fzku se z\u00e1stupcem spole\u010dnosti Lux m\u016f\u017eete po\u017e\u00e1dat pomoc\u00ed online formul\u00e1\u0159e nebo zavol\u00e1n\u00edm na m\u00edstn\u00ed telefonn\u00ed \u010d\u00edslo z\u00e1kaznick\u00e9ho servisu.<\/p>\n<\/div><\/div><\/div><div class=\"fusion-panel panel-default panel-790b2fb9cd97a80b3 fusion-toggle-no-divider\"><div class=\"panel-heading\"><h3 class=\"panel-title toggle\" id=\"toggle_790b2fb9cd97a80b3\"><a aria-expanded=\"false\" aria-controls=\"790b2fb9cd97a80b3\" role=\"button\" data-toggle=\"collapse\" data-parent=\"#accordion-11514-1\" data-target=\"#790b2fb9cd97a80b3\" href=\"#790b2fb9cd97a80b3\"><span class=\"fusion-toggle-icon-wrapper\" aria-hidden=\"true\"><i class=\"fa-fusion-box active-icon fa-minus fas\" aria-hidden=\"true\"><\/i><i class=\"fa-fusion-box inactive-icon fa-plus fas\" aria-hidden=\"true\"><\/i><\/span><span class=\"fusion-toggle-heading\">Jak pozn\u00e1m, \u017ee osoba, kter\u00e1 m\u011b nav\u0161t\u00edv\u00ed, je z\u00e1stupcem spole\u010dnosti Lux?<\/span><\/a><\/h3><\/div><div id=\"790b2fb9cd97a80b3\" class=\"panel-collapse collapse \" aria-labelledby=\"toggle_790b2fb9cd97a80b3\"><div class=\"panel-body toggle-content fusion-clearfix\">\n<p>Ka\u017ed\u00fd z\u00e1stupce spole\u010dnosti Lux m\u00e1 identifika\u010dn\u00ed odznak Lux, kter\u00fdm se v\u00e1m s hrdost\u00ed pochlub\u00ed.<\/p>\n<\/div><\/div><\/div><\/div><\/div><\/div><\/div><\/div><\/div>\n<\/div><\/div><\/div><\/div><\/div><\/li>\n<\/ul><\/div><\/div><\/div><\/div><\/div>\n","protected":false},"excerpt":{"rendered":"","protected":false},"author":1,"featured_media":0,"parent":0,"menu_order":5,"comment_status":"closed","ping_status":"closed","template":"100-width.php","meta":{"_acf_changed":false,"footnotes":""},"class_list":["post-9846","page","type-page","status-publish","hentry"],"acf":[],"_links":{"self":[{"href":"https:\/\/luxinternational.com\/cs\/wp-json\/wp\/v2\/pages\/9846","targetHints":{"allow":["GET"]}}],"collection":[{"href":"https:\/\/luxinternational.com\/cs\/wp-json\/wp\/v2\/pages"}],"about":[{"href":"https:\/\/luxinternational.com\/cs\/wp-json\/wp\/v2\/types\/page"}],"author":[{"embeddable":true,"href":"https:\/\/luxinternational.com\/cs\/wp-json\/wp\/v2\/users\/1"}],"replies":[{"embeddable":true,"href":"https:\/\/luxinternational.com\/cs\/wp-json\/wp\/v2\/comments?post=9846"}],"version-history":[{"count":1,"href":"https:\/\/luxinternational.com\/cs\/wp-json\/wp\/v2\/pages\/9846\/revisions"}],"predecessor-version":[{"id":9850,"href":"https:\/\/luxinternational.com\/cs\/wp-json\/wp\/v2\/pages\/9846\/revisions\/9850"}],"wp:attachment":[{"href":"https:\/\/luxinternational.com\/cs\/wp-json\/wp\/v2\/media?parent=9846"}],"curies":[{"name":"wp","href":"https:\/\/api.w.org\/{rel}","templated":true}]}}